{"id":855,"date":"2025-08-22T12:48:03","date_gmt":"2025-08-22T09:48:03","guid":{"rendered":"https:\/\/onloi.medicomyazilim.com\/?post_type=product&#038;p=855"},"modified":"2026-03-17T09:58:32","modified_gmt":"2026-03-17T06:58:32","slug":"280-kg-manyetik-miknatisli-kilit-ve-lz-aparati-obg0441","status":"publish","type":"product","link":"https:\/\/onloi.com\/en\/product\/280-kg-manyetik-miknatisli-kilit-ve-lz-aparati-obg0441\/","title":{"rendered":"280 Kg Magnetic Magnet Lock And L&amp;Z Apparatus"},"content":{"rendered":"<p>&nbsp;<\/p>\n<table class=\"spec-table\">\n<tbody>\n<tr>\n<th>Feature<\/th>\n<th>Description<\/th>\n<\/tr>\n<tr>\n<td>Safe Mode<\/td>\n<td>NC - Unlocks when power is cut<\/td>\n<\/tr>\n<tr>\n<td>Holding Force<\/td>\n<td>280 Kg<\/td>\n<\/tr>\n<tr>\n<td>Power Requirement<\/td>\n<td>12V DC 1A<\/td>\n<\/tr>\n<tr>\n<td>Product Size<\/td>\n<td>250 x 45 x 20 mm<\/td>\n<\/tr>\n<tr>\n<td>Locking Technology<\/td>\n<td>Magnetic Induction<\/td>\n<\/tr>\n<tr>\n<td>Body Material<\/td>\n<td>Aluminum<\/td>\n<\/tr>\n<tr>\n<td>Mounting Apparatus<\/td>\n<td>L and Z type mounting brackets included<\/td>\n<\/tr>\n<tr>\n<td>Guarantee<\/td>\n<td>2 Years<\/td>\n<\/tr>\n<\/tbody>\n<\/table>\n\n    <div class=\"xs_social_share_widget xs_share_url after_content \t\tmain_content  wslu-style-1 wslu-share-box-shaped wslu-fill-colored wslu-none wslu-share-horizontal wslu-theme-font-no wslu-main_content\">\n\n\t\t\n        <ul>\n\t\t\t        <\/ul>\n    <\/div>","protected":false},"excerpt":{"rendered":"<div class=\"product-short-description\">\n<h4 class=\"psd-title\">280 kg Magnetic NC Mode Lock - Strong and Durable<\/h4>\n<p class=\"psd-intro\">Offering strong hold and high performance, the NC mode magnetic lock is the ideal security solution for wooden, metal and PVC doors.<\/p>\n<ul class=\"psd-features\">\n<li><strong>High holding power:<\/strong> 280 kg capacity for safe use.<\/li>\n<li><strong>Wide compatibility:<\/strong> Seamless integration with wooden, metal and PVC doors.<\/li>\n<li><strong>Easy assembly:<\/strong> It adapts to different door types with L and Z apparatus.<\/li>\n<li><strong>Durable construction:<\/strong> Impact resistance with hardened aluminum body.<\/li>\n<li><strong>NC mode feature:<\/strong> Locked operating principle when powered on.<\/li>\n<\/ul>\n<p class=\"psd-note\">Note: Provides long-lasting and reliable use in commercial and institutional areas.<\/p>\n<\/div>","protected":false},"featured_media":2824,"template":"","meta":{"postBodyCss":"","postBodyMargin":[],"postBodyPadding":[],"postBodyBackground":{"backgroundType":"classic","gradient":""}},"product_brand":[],"product_cat":[26,41,44],"product_tag":[],"class_list":{"0":"post-855","1":"product","2":"type-product","3":"status-publish","4":"has-post-thumbnail","6":"product_cat-onloi-akilli-teknoloji-urunleri","7":"product_cat-guvenlik-donanimlari","8":"product_cat-manyetik-kilitler","10":"first","11":"instock","12":"shipping-taxable","13":"product-type-simple"},"yoast_head":"<!-- This site is optimized with the Yoast SEO plugin v26.6 - https:\/\/yoast.com\/wordpress\/plugins\/seo\/ -->\n<title>280 Kg Manyetik Kilit LZ Aparatl\u0131 | ONLOI<\/title>\n<meta name=\"description\" content=\"280 Kg manyetik kilit ve L&amp;Z aparat\u0131 ile Onloi sistemlerinde y\u00fcksek dayan\u0131kl\u0131l\u0131k ve g\u00fcvenlik sa\u011flay\u0131n.\" \/>\n<meta name=\"robots\" content=\"index, follow, max-snippet:-1, max-image-preview:large, max-video-preview:-1\" \/>\n<link rel=\"canonical\" href=\"https:\/\/onloi.com\/en\/product\/280-kg-manyetik-miknatisli-kilit-ve-lz-aparati-obg0441\/\" \/>\n<meta property=\"og:locale\" content=\"en_US\" \/>\n<meta property=\"og:type\" content=\"article\" \/>\n<meta property=\"og:title\" content=\"280 Kg Manyetik Kilit LZ Aparatl\u0131 | ONLOI\" \/>\n<meta property=\"og:description\" content=\"280 Kg manyetik kilit ve L&amp;Z aparat\u0131 ile Onloi sistemlerinde y\u00fcksek dayan\u0131kl\u0131l\u0131k ve g\u00fcvenlik sa\u011flay\u0131n.\" \/>\n<meta property=\"og:url\" content=\"https:\/\/onloi.com\/en\/product\/280-kg-manyetik-miknatisli-kilit-ve-lz-aparati-obg0441\/\" \/>\n<meta property=\"og:site_name\" content=\"Onloi\" \/>\n<meta property=\"article:modified_time\" content=\"2026-03-17T06:58:32+00:00\" \/>\n<meta property=\"og:image\" content=\"https:\/\/onloi.com\/wp-content\/uploads\/2025\/08\/ASMA-KILIT-6-e1765437868298.png\" \/>\n\t<meta property=\"og:image:width\" content=\"1553\" \/>\n\t<meta property=\"og:image:height\" content=\"1727\" \/>\n\t<meta property=\"og:image:type\" content=\"image\/png\" \/>\n<meta name=\"twitter:card\" content=\"summary_large_image\" \/>\n<meta name=\"twitter:label1\" content=\"Est. reading time\" \/>\n\t<meta name=\"twitter:data1\" content=\"1 minute\" \/>\n<script type=\"application\/ld+json\" class=\"yoast-schema-graph\">{\"@context\":\"https:\/\/schema.org\",\"@graph\":[{\"@type\":\"WebPage\",\"@id\":\"https:\/\/onloi.com\/urun\/280-kg-manyetik-miknatisli-kilit-ve-lz-aparati-obg0441\/\",\"url\":\"https:\/\/onloi.com\/urun\/280-kg-manyetik-miknatisli-kilit-ve-lz-aparati-obg0441\/\",\"name\":\"280 Kg Manyetik Kilit LZ Aparatl\u0131 | ONLOI\",\"isPartOf\":{\"@id\":\"https:\/\/onloi.com\/#website\"},\"primaryImageOfPage\":{\"@id\":\"https:\/\/onloi.com\/urun\/280-kg-manyetik-miknatisli-kilit-ve-lz-aparati-obg0441\/#primaryimage\"},\"image\":{\"@id\":\"https:\/\/onloi.com\/urun\/280-kg-manyetik-miknatisli-kilit-ve-lz-aparati-obg0441\/#primaryimage\"},\"thumbnailUrl\":\"https:\/\/onloi.com\/wp-content\/uploads\/2025\/08\/ASMA-KILIT-6-e1765437868298.png\",\"datePublished\":\"2025-08-22T09:48:03+00:00\",\"dateModified\":\"2026-03-17T06:58:32+00:00\",\"description\":\"280 Kg manyetik kilit ve L&Z aparat\u0131 ile Onloi sistemlerinde y\u00fcksek dayan\u0131kl\u0131l\u0131k ve g\u00fcvenlik sa\u011flay\u0131n.\",\"breadcrumb\":{\"@id\":\"https:\/\/onloi.com\/urun\/280-kg-manyetik-miknatisli-kilit-ve-lz-aparati-obg0441\/#breadcrumb\"},\"inLanguage\":\"en-US\",\"potentialAction\":[{\"@type\":\"ReadAction\",\"target\":[\"https:\/\/onloi.com\/urun\/280-kg-manyetik-miknatisli-kilit-ve-lz-aparati-obg0441\/\"]}]},{\"@type\":\"ImageObject\",\"inLanguage\":\"en-US\",\"@id\":\"https:\/\/onloi.com\/urun\/280-kg-manyetik-miknatisli-kilit-ve-lz-aparati-obg0441\/#primaryimage\",\"url\":\"https:\/\/onloi.com\/wp-content\/uploads\/2025\/08\/ASMA-KILIT-6-e1765437868298.png\",\"contentUrl\":\"https:\/\/onloi.com\/wp-content\/uploads\/2025\/08\/ASMA-KILIT-6-e1765437868298.png\",\"width\":1553,\"height\":1727},{\"@type\":\"BreadcrumbList\",\"@id\":\"https:\/\/onloi.com\/urun\/280-kg-manyetik-miknatisli-kilit-ve-lz-aparati-obg0441\/#breadcrumb\",\"itemListElement\":[{\"@type\":\"ListItem\",\"position\":1,\"name\":\"Anasayfa\",\"item\":\"https:\/\/onloi.com\/\"},{\"@type\":\"ListItem\",\"position\":2,\"name\":\"Ma\u011faza\",\"item\":\"https:\/\/onloi.com\/magaza\/\"},{\"@type\":\"ListItem\",\"position\":3,\"name\":\"280 Kg Manyetik M\u0131knat\u0131sl\u0131 Kilit Ve L&#038;Z Aparat\u0131\"}]},{\"@type\":\"WebSite\",\"@id\":\"https:\/\/onloi.com\/#website\",\"url\":\"https:\/\/onloi.com\/\",\"name\":\"Onloi\",\"description\":\"Onloi ile Ak\u0131ll\u0131 Ya\u015fam\u0131n Kilidini A\u00e7\u0131n\",\"potentialAction\":[{\"@type\":\"SearchAction\",\"target\":{\"@type\":\"EntryPoint\",\"urlTemplate\":\"https:\/\/onloi.com\/?s={search_term_string}\"},\"query-input\":{\"@type\":\"PropertyValueSpecification\",\"valueRequired\":true,\"valueName\":\"search_term_string\"}}],\"inLanguage\":\"en-US\"}]}<\/script>\n<!-- \/ Yoast SEO plugin. -->","yoast_head_json":{"title":"280 Kg Manyetik Kilit LZ Aparatl\u0131 | ONLOI","description":"280 Kg manyetik kilit ve L&Z aparat\u0131 ile Onloi sistemlerinde y\u00fcksek dayan\u0131kl\u0131l\u0131k ve g\u00fcvenlik sa\u011flay\u0131n.","robots":{"index":"index","follow":"follow","max-snippet":"max-snippet:-1","max-image-preview":"max-image-preview:large","max-video-preview":"max-video-preview:-1"},"canonical":"https:\/\/onloi.com\/en\/product\/280-kg-manyetik-miknatisli-kilit-ve-lz-aparati-obg0441\/","og_locale":"en_US","og_type":"article","og_title":"280 Kg Manyetik Kilit LZ Aparatl\u0131 | ONLOI","og_description":"280 Kg manyetik kilit ve L&Z aparat\u0131 ile Onloi sistemlerinde y\u00fcksek dayan\u0131kl\u0131l\u0131k ve g\u00fcvenlik sa\u011flay\u0131n.","og_url":"https:\/\/onloi.com\/en\/product\/280-kg-manyetik-miknatisli-kilit-ve-lz-aparati-obg0441\/","og_site_name":"Onloi","article_modified_time":"2026-03-17T06:58:32+00:00","og_image":[{"width":1553,"height":1727,"url":"https:\/\/onloi.com\/wp-content\/uploads\/2025\/08\/ASMA-KILIT-6-e1765437868298.png","type":"image\/png"}],"twitter_card":"summary_large_image","twitter_misc":{"Est. reading time":"1 minute"},"schema":{"@context":"https:\/\/schema.org","@graph":[{"@type":"WebPage","@id":"https:\/\/onloi.com\/urun\/280-kg-manyetik-miknatisli-kilit-ve-lz-aparati-obg0441\/","url":"https:\/\/onloi.com\/urun\/280-kg-manyetik-miknatisli-kilit-ve-lz-aparati-obg0441\/","name":"280 Kg Manyetik Kilit LZ Aparatl\u0131 | ONLOI","isPartOf":{"@id":"https:\/\/onloi.com\/#website"},"primaryImageOfPage":{"@id":"https:\/\/onloi.com\/urun\/280-kg-manyetik-miknatisli-kilit-ve-lz-aparati-obg0441\/#primaryimage"},"image":{"@id":"https:\/\/onloi.com\/urun\/280-kg-manyetik-miknatisli-kilit-ve-lz-aparati-obg0441\/#primaryimage"},"thumbnailUrl":"https:\/\/onloi.com\/wp-content\/uploads\/2025\/08\/ASMA-KILIT-6-e1765437868298.png","datePublished":"2025-08-22T09:48:03+00:00","dateModified":"2026-03-17T06:58:32+00:00","description":"280 Kg manyetik kilit ve L&Z aparat\u0131 ile Onloi sistemlerinde y\u00fcksek dayan\u0131kl\u0131l\u0131k ve g\u00fcvenlik sa\u011flay\u0131n.","breadcrumb":{"@id":"https:\/\/onloi.com\/urun\/280-kg-manyetik-miknatisli-kilit-ve-lz-aparati-obg0441\/#breadcrumb"},"inLanguage":"en-US","potentialAction":[{"@type":"ReadAction","target":["https:\/\/onloi.com\/urun\/280-kg-manyetik-miknatisli-kilit-ve-lz-aparati-obg0441\/"]}]},{"@type":"ImageObject","inLanguage":"en-US","@id":"https:\/\/onloi.com\/urun\/280-kg-manyetik-miknatisli-kilit-ve-lz-aparati-obg0441\/#primaryimage","url":"https:\/\/onloi.com\/wp-content\/uploads\/2025\/08\/ASMA-KILIT-6-e1765437868298.png","contentUrl":"https:\/\/onloi.com\/wp-content\/uploads\/2025\/08\/ASMA-KILIT-6-e1765437868298.png","width":1553,"height":1727},{"@type":"BreadcrumbList","@id":"https:\/\/onloi.com\/urun\/280-kg-manyetik-miknatisli-kilit-ve-lz-aparati-obg0441\/#breadcrumb","itemListElement":[{"@type":"ListItem","position":1,"name":"Anasayfa","item":"https:\/\/onloi.com\/"},{"@type":"ListItem","position":2,"name":"Ma\u011faza","item":"https:\/\/onloi.com\/magaza\/"},{"@type":"ListItem","position":3,"name":"280 Kg Manyetik M\u0131knat\u0131sl\u0131 Kilit Ve L&#038;Z Aparat\u0131"}]},{"@type":"WebSite","@id":"https:\/\/onloi.com\/#website","url":"https:\/\/onloi.com\/","name":"Onloi","description":"Unlock Smart Living with Onloi","potentialAction":[{"@type":"SearchAction","target":{"@type":"EntryPoint","urlTemplate":"https:\/\/onloi.com\/?s={search_term_string}"},"query-input":{"@type":"PropertyValueSpecification","valueRequired":true,"valueName":"search_term_string"}}],"inLanguage":"en-US"}]}},"_links":{"self":[{"href":"https:\/\/onloi.com\/en\/wp-json\/wp\/v2\/product\/855","targetHints":{"allow":["GET"]}}],"collection":[{"href":"https:\/\/onloi.com\/en\/wp-json\/wp\/v2\/product"}],"about":[{"href":"https:\/\/onloi.com\/en\/wp-json\/wp\/v2\/types\/product"}],"wp:featuredmedia":[{"embeddable":true,"href":"https:\/\/onloi.com\/en\/wp-json\/wp\/v2\/media\/2824"}],"wp:attachment":[{"href":"https:\/\/onloi.com\/en\/wp-json\/wp\/v2\/media?parent=855"}],"wp:term":[{"taxonomy":"product_brand","embeddable":true,"href":"https:\/\/onloi.com\/en\/wp-json\/wp\/v2\/product_brand?post=855"},{"taxonomy":"product_cat","embeddable":true,"href":"https:\/\/onloi.com\/en\/wp-json\/wp\/v2\/product_cat?post=855"},{"taxonomy":"product_tag","embeddable":true,"href":"https:\/\/onloi.com\/en\/wp-json\/wp\/v2\/product_tag?post=855"}],"curies":[{"name":"wp","href":"https:\/\/api.w.org\/{rel}","templated":true}]}}