{"id":851,"date":"2025-08-22T12:46:56","date_gmt":"2025-08-22T09:46:56","guid":{"rendered":"https:\/\/onloi.medicomyazilim.com\/?post_type=product&#038;p=851"},"modified":"2026-01-23T10:23:21","modified_gmt":"2026-01-23T07:23:21","slug":"180-kg-manyetik-miknatisli-kapi-kilidi-obg0420","status":"publish","type":"product","link":"https:\/\/onloi.com\/en\/product\/180-kg-manyetik-miknatisli-kapi-kilidi-obg0420\/","title":{"rendered":"180 Kg. Magnetic Magnet Door Lock"},"content":{"rendered":"<p>&nbsp;<\/p>\n<table class=\"spec-table\">\n<tbody>\n<tr>\n<th>Feature<\/th>\n<th>Description<\/th>\n<\/tr>\n<tr>\n<td>Safe NC Mode<\/td>\n<td>Lock opens when power is removed and closes when power is restored<\/td>\n<\/tr>\n<tr>\n<td>Power Supply<\/td>\n<td>12V DC \/ 1A<\/td>\n<\/tr>\n<tr>\n<td>Holding Force<\/td>\n<td>180 KG<\/td>\n<\/tr>\n<tr>\n<td>Product Size<\/td>\n<td>170 x 40 x 21 mm<\/td>\n<\/tr>\n<tr>\n<td>Locking Mode<\/td>\n<td>Magnetic Induction<\/td>\n<\/tr>\n<tr>\n<td>Material<\/td>\n<td>Aluminum Alloy<\/td>\n<\/tr>\n<tr>\n<td>Guarantee<\/td>\n<td>2 Years<\/td>\n<\/tr>\n<\/tbody>\n<\/table>\n\n    <div class=\"xs_social_share_widget xs_share_url after_content \t\tmain_content  wslu-style-1 wslu-share-box-shaped wslu-fill-colored wslu-none wslu-share-horizontal wslu-theme-font-no wslu-main_content\">\n\n\t\t\n        <ul>\n\t\t\t        <\/ul>\n    <\/div>","protected":false},"excerpt":{"rendered":"<div class=\"product-short-description\">\n<h4 class=\"psd-title\">180 kg Magnetic Lock - Suitable for Glass and Wooden Doors<\/h4>\n<ul data-start=\"117\" data-end=\"475\">\n<li data-start=\"117\" data-end=\"252\">\n<p data-start=\"119\" data-end=\"252\">Designed with fail safe technology, the magnetic lock ensures that doors can be opened safely in the event of a power failure.<\/p>\n<\/li>\n<li data-start=\"253\" data-end=\"382\">\n<p data-start=\"255\" data-end=\"382\">Thanks to its easy installation and integration features, it can work in harmony with different electric door lock systems.<\/p>\n<\/li>\n<li data-start=\"383\" data-end=\"475\">\n<p data-start=\"385\" data-end=\"475\">Made of high quality and durable materials, it offers long-lasting use.<\/p>\n<\/li>\n<\/ul>\n<p data-start=\"477\" data-end=\"501\"><strong data-start=\"477\" data-end=\"499\">Areas of Use:<\/strong><\/p>\n<ul data-start=\"502\" data-end=\"614\">\n<li data-start=\"502\" data-end=\"517\">\n<p data-start=\"504\" data-end=\"517\">PVC doors<\/p>\n<\/li>\n<li data-start=\"518\" data-end=\"535\">\n<p data-start=\"520\" data-end=\"535\">Wooden doors<\/p>\n<\/li>\n<li data-start=\"536\" data-end=\"553\">\n<p data-start=\"538\" data-end=\"553\">Metal doors<\/p>\n<\/li>\n<li data-start=\"554\" data-end=\"614\">\n<p data-start=\"556\" data-end=\"614\">Glass doors (for use <strong data-start=\"583\" data-end=\"598\">U bracket<\/strong> is needed)<\/p>\n<\/li>\n<\/ul>\n<\/div>","protected":false},"featured_media":3285,"template":"","meta":{"postBodyCss":"","postBodyMargin":[],"postBodyPadding":[],"postBodyBackground":{"backgroundType":"classic","gradient":""}},"product_brand":[],"product_cat":[26,41,44],"product_tag":[],"class_list":{"0":"post-851","1":"product","2":"type-product","3":"status-publish","4":"has-post-thumbnail","6":"product_cat-onloi-akilli-teknoloji-urunleri","7":"product_cat-guvenlik-donanimlari","8":"product_cat-manyetik-kilitler","10":"first","11":"instock","12":"shipping-taxable","13":"product-type-simple"},"yoast_head":"<!-- This site is optimized with the Yoast SEO plugin v26.6 - https:\/\/yoast.com\/wordpress\/plugins\/seo\/ -->\n<title>180 Kg Manyetik Kap\u0131 Kilidi | G\u00fc\u00e7l\u00fc G\u00fcvenlik<\/title>\n<meta name=\"description\" content=\"180 Kg kap\u0131 kilidi ile g\u00fc\u00e7l\u00fc Manyetik M\u0131knat\u0131sl\u0131 Onloi g\u00fcvenli\u011fi sa\u011flay\u0131n. \u0130\u015f yeriniz veya eviniz i\u00e7in ideal \u00e7\u00f6z\u00fcm.\" \/>\n<meta name=\"robots\" content=\"index, follow, max-snippet:-1, max-image-preview:large, max-video-preview:-1\" \/>\n<link rel=\"canonical\" href=\"https:\/\/onloi.com\/en\/product\/180-kg-manyetik-miknatisli-kapi-kilidi-obg0420\/\" \/>\n<meta property=\"og:locale\" content=\"en_US\" \/>\n<meta property=\"og:type\" content=\"article\" \/>\n<meta property=\"og:title\" content=\"180 Kg Manyetik Kap\u0131 Kilidi | G\u00fc\u00e7l\u00fc G\u00fcvenlik\" \/>\n<meta property=\"og:description\" content=\"180 Kg kap\u0131 kilidi ile g\u00fc\u00e7l\u00fc Manyetik M\u0131knat\u0131sl\u0131 Onloi g\u00fcvenli\u011fi sa\u011flay\u0131n. \u0130\u015f yeriniz veya eviniz i\u00e7in ideal \u00e7\u00f6z\u00fcm.\" \/>\n<meta property=\"og:url\" content=\"https:\/\/onloi.com\/en\/product\/180-kg-manyetik-miknatisli-kapi-kilidi-obg0420\/\" \/>\n<meta property=\"og:site_name\" content=\"Onloi\" \/>\n<meta property=\"article:modified_time\" content=\"2026-01-23T07:23:21+00:00\" \/>\n<meta property=\"og:image\" content=\"https:\/\/onloi.com\/wp-content\/uploads\/2025\/08\/obg0420-e1769152995700.png\" \/>\n\t<meta property=\"og:image:width\" content=\"897\" \/>\n\t<meta property=\"og:image:height\" content=\"768\" \/>\n\t<meta property=\"og:image:type\" content=\"image\/png\" \/>\n<meta name=\"twitter:card\" content=\"summary_large_image\" \/>\n<meta name=\"twitter:label1\" content=\"Est. reading time\" \/>\n\t<meta name=\"twitter:data1\" content=\"1 minute\" \/>\n<script type=\"application\/ld+json\" class=\"yoast-schema-graph\">{\"@context\":\"https:\/\/schema.org\",\"@graph\":[{\"@type\":\"WebPage\",\"@id\":\"https:\/\/onloi.com\/urun\/180-kg-manyetik-miknatisli-kapi-kilidi-obg0420\/\",\"url\":\"https:\/\/onloi.com\/urun\/180-kg-manyetik-miknatisli-kapi-kilidi-obg0420\/\",\"name\":\"180 Kg Manyetik Kap\u0131 Kilidi | G\u00fc\u00e7l\u00fc G\u00fcvenlik\",\"isPartOf\":{\"@id\":\"https:\/\/onloi.com\/#website\"},\"primaryImageOfPage\":{\"@id\":\"https:\/\/onloi.com\/urun\/180-kg-manyetik-miknatisli-kapi-kilidi-obg0420\/#primaryimage\"},\"image\":{\"@id\":\"https:\/\/onloi.com\/urun\/180-kg-manyetik-miknatisli-kapi-kilidi-obg0420\/#primaryimage\"},\"thumbnailUrl\":\"https:\/\/onloi.com\/wp-content\/uploads\/2025\/08\/obg0420-e1769152995700.png\",\"datePublished\":\"2025-08-22T09:46:56+00:00\",\"dateModified\":\"2026-01-23T07:23:21+00:00\",\"description\":\"180 Kg kap\u0131 kilidi ile g\u00fc\u00e7l\u00fc Manyetik M\u0131knat\u0131sl\u0131 Onloi g\u00fcvenli\u011fi sa\u011flay\u0131n. \u0130\u015f yeriniz veya eviniz i\u00e7in ideal \u00e7\u00f6z\u00fcm.\",\"breadcrumb\":{\"@id\":\"https:\/\/onloi.com\/urun\/180-kg-manyetik-miknatisli-kapi-kilidi-obg0420\/#breadcrumb\"},\"inLanguage\":\"en-US\",\"potentialAction\":[{\"@type\":\"ReadAction\",\"target\":[\"https:\/\/onloi.com\/urun\/180-kg-manyetik-miknatisli-kapi-kilidi-obg0420\/\"]}]},{\"@type\":\"ImageObject\",\"inLanguage\":\"en-US\",\"@id\":\"https:\/\/onloi.com\/urun\/180-kg-manyetik-miknatisli-kapi-kilidi-obg0420\/#primaryimage\",\"url\":\"https:\/\/onloi.com\/wp-content\/uploads\/2025\/08\/obg0420-e1769152995700.png\",\"contentUrl\":\"https:\/\/onloi.com\/wp-content\/uploads\/2025\/08\/obg0420-e1769152995700.png\",\"width\":897,\"height\":768},{\"@type\":\"BreadcrumbList\",\"@id\":\"https:\/\/onloi.com\/urun\/180-kg-manyetik-miknatisli-kapi-kilidi-obg0420\/#breadcrumb\",\"itemListElement\":[{\"@type\":\"ListItem\",\"position\":1,\"name\":\"Anasayfa\",\"item\":\"https:\/\/onloi.com\/\"},{\"@type\":\"ListItem\",\"position\":2,\"name\":\"Ma\u011faza\",\"item\":\"https:\/\/onloi.com\/magaza\/\"},{\"@type\":\"ListItem\",\"position\":3,\"name\":\"180 Kg. Manyetik M\u0131knat\u0131sl\u0131 Kap\u0131 Kilidi\"}]},{\"@type\":\"WebSite\",\"@id\":\"https:\/\/onloi.com\/#website\",\"url\":\"https:\/\/onloi.com\/\",\"name\":\"Onloi\",\"description\":\"Onloi ile Ak\u0131ll\u0131 Ya\u015fam\u0131n Kilidini A\u00e7\u0131n\",\"potentialAction\":[{\"@type\":\"SearchAction\",\"target\":{\"@type\":\"EntryPoint\",\"urlTemplate\":\"https:\/\/onloi.com\/?s={search_term_string}\"},\"query-input\":{\"@type\":\"PropertyValueSpecification\",\"valueRequired\":true,\"valueName\":\"search_term_string\"}}],\"inLanguage\":\"en-US\"}]}<\/script>\n<!-- \/ Yoast SEO plugin. -->","yoast_head_json":{"title":"180 Kg Manyetik Kap\u0131 Kilidi | G\u00fc\u00e7l\u00fc G\u00fcvenlik","description":"180 Kg kap\u0131 kilidi ile g\u00fc\u00e7l\u00fc Manyetik M\u0131knat\u0131sl\u0131 Onloi g\u00fcvenli\u011fi sa\u011flay\u0131n. \u0130\u015f yeriniz veya eviniz i\u00e7in ideal \u00e7\u00f6z\u00fcm.","robots":{"index":"index","follow":"follow","max-snippet":"max-snippet:-1","max-image-preview":"max-image-preview:large","max-video-preview":"max-video-preview:-1"},"canonical":"https:\/\/onloi.com\/en\/product\/180-kg-manyetik-miknatisli-kapi-kilidi-obg0420\/","og_locale":"en_US","og_type":"article","og_title":"180 Kg Manyetik Kap\u0131 Kilidi | G\u00fc\u00e7l\u00fc G\u00fcvenlik","og_description":"180 Kg kap\u0131 kilidi ile g\u00fc\u00e7l\u00fc Manyetik M\u0131knat\u0131sl\u0131 Onloi g\u00fcvenli\u011fi sa\u011flay\u0131n. \u0130\u015f yeriniz veya eviniz i\u00e7in ideal \u00e7\u00f6z\u00fcm.","og_url":"https:\/\/onloi.com\/en\/product\/180-kg-manyetik-miknatisli-kapi-kilidi-obg0420\/","og_site_name":"Onloi","article_modified_time":"2026-01-23T07:23:21+00:00","og_image":[{"width":897,"height":768,"url":"https:\/\/onloi.com\/wp-content\/uploads\/2025\/08\/obg0420-e1769152995700.png","type":"image\/png"}],"twitter_card":"summary_large_image","twitter_misc":{"Est. reading time":"1 minute"},"schema":{"@context":"https:\/\/schema.org","@graph":[{"@type":"WebPage","@id":"https:\/\/onloi.com\/urun\/180-kg-manyetik-miknatisli-kapi-kilidi-obg0420\/","url":"https:\/\/onloi.com\/urun\/180-kg-manyetik-miknatisli-kapi-kilidi-obg0420\/","name":"180 Kg Manyetik Kap\u0131 Kilidi | G\u00fc\u00e7l\u00fc G\u00fcvenlik","isPartOf":{"@id":"https:\/\/onloi.com\/#website"},"primaryImageOfPage":{"@id":"https:\/\/onloi.com\/urun\/180-kg-manyetik-miknatisli-kapi-kilidi-obg0420\/#primaryimage"},"image":{"@id":"https:\/\/onloi.com\/urun\/180-kg-manyetik-miknatisli-kapi-kilidi-obg0420\/#primaryimage"},"thumbnailUrl":"https:\/\/onloi.com\/wp-content\/uploads\/2025\/08\/obg0420-e1769152995700.png","datePublished":"2025-08-22T09:46:56+00:00","dateModified":"2026-01-23T07:23:21+00:00","description":"180 Kg kap\u0131 kilidi ile g\u00fc\u00e7l\u00fc Manyetik M\u0131knat\u0131sl\u0131 Onloi g\u00fcvenli\u011fi sa\u011flay\u0131n. \u0130\u015f yeriniz veya eviniz i\u00e7in ideal \u00e7\u00f6z\u00fcm.","breadcrumb":{"@id":"https:\/\/onloi.com\/urun\/180-kg-manyetik-miknatisli-kapi-kilidi-obg0420\/#breadcrumb"},"inLanguage":"en-US","potentialAction":[{"@type":"ReadAction","target":["https:\/\/onloi.com\/urun\/180-kg-manyetik-miknatisli-kapi-kilidi-obg0420\/"]}]},{"@type":"ImageObject","inLanguage":"en-US","@id":"https:\/\/onloi.com\/urun\/180-kg-manyetik-miknatisli-kapi-kilidi-obg0420\/#primaryimage","url":"https:\/\/onloi.com\/wp-content\/uploads\/2025\/08\/obg0420-e1769152995700.png","contentUrl":"https:\/\/onloi.com\/wp-content\/uploads\/2025\/08\/obg0420-e1769152995700.png","width":897,"height":768},{"@type":"BreadcrumbList","@id":"https:\/\/onloi.com\/urun\/180-kg-manyetik-miknatisli-kapi-kilidi-obg0420\/#breadcrumb","itemListElement":[{"@type":"ListItem","position":1,"name":"Anasayfa","item":"https:\/\/onloi.com\/"},{"@type":"ListItem","position":2,"name":"Ma\u011faza","item":"https:\/\/onloi.com\/magaza\/"},{"@type":"ListItem","position":3,"name":"180 Kg. Manyetik M\u0131knat\u0131sl\u0131 Kap\u0131 Kilidi"}]},{"@type":"WebSite","@id":"https:\/\/onloi.com\/#website","url":"https:\/\/onloi.com\/","name":"Onloi","description":"Unlock Smart Living with Onloi","potentialAction":[{"@type":"SearchAction","target":{"@type":"EntryPoint","urlTemplate":"https:\/\/onloi.com\/?s={search_term_string}"},"query-input":{"@type":"PropertyValueSpecification","valueRequired":true,"valueName":"search_term_string"}}],"inLanguage":"en-US"}]}},"_links":{"self":[{"href":"https:\/\/onloi.com\/en\/wp-json\/wp\/v2\/product\/851","targetHints":{"allow":["GET"]}}],"collection":[{"href":"https:\/\/onloi.com\/en\/wp-json\/wp\/v2\/product"}],"about":[{"href":"https:\/\/onloi.com\/en\/wp-json\/wp\/v2\/types\/product"}],"wp:featuredmedia":[{"embeddable":true,"href":"https:\/\/onloi.com\/en\/wp-json\/wp\/v2\/media\/3285"}],"wp:attachment":[{"href":"https:\/\/onloi.com\/en\/wp-json\/wp\/v2\/media?parent=851"}],"wp:term":[{"taxonomy":"product_brand","embeddable":true,"href":"https:\/\/onloi.com\/en\/wp-json\/wp\/v2\/product_brand?post=851"},{"taxonomy":"product_cat","embeddable":true,"href":"https:\/\/onloi.com\/en\/wp-json\/wp\/v2\/product_cat?post=851"},{"taxonomy":"product_tag","embeddable":true,"href":"https:\/\/onloi.com\/en\/wp-json\/wp\/v2\/product_tag?post=851"}],"curies":[{"name":"wp","href":"https:\/\/api.w.org\/{rel}","templated":true}]}}