{"id":846,"date":"2025-08-22T12:45:46","date_gmt":"2025-08-22T09:45:46","guid":{"rendered":"https:\/\/onloi.medicomyazilim.com\/?post_type=product&#038;p=846"},"modified":"2026-01-19T09:52:32","modified_gmt":"2026-01-19T06:52:32","slug":"60-kg-manyetik-miknatisli-kapi-kilidi-obg0410","status":"publish","type":"product","link":"https:\/\/onloi.com\/en\/product\/60-kg-manyetik-miknatisli-kapi-kilidi-obg0410\/","title":{"rendered":"60 Kg. Magnetic Magnet Door Lock"},"content":{"rendered":"<table class=\"spec-table\">\n<tbody>\n<tr>\n<th>Feature<\/th>\n<th>Description<\/th>\n<\/tr>\n<tr>\n<td>Safe NC Mode<\/td>\n<td>Lock opens when power is removed and closes when power is restored<\/td>\n<\/tr>\n<tr>\n<td>Power Supply<\/td>\n<td>12V DC \/ 1A<\/td>\n<\/tr>\n<tr>\n<td>Holding Force<\/td>\n<td>60 KG<\/td>\n<\/tr>\n<tr>\n<td>Product Size<\/td>\n<td>80 x 35 x 25 mm<\/td>\n<\/tr>\n<tr>\n<td>Locking Mode<\/td>\n<td>Magnetic Induction<\/td>\n<\/tr>\n<tr>\n<td>Material<\/td>\n<td>Aluminum<\/td>\n<\/tr>\n<tr>\n<td>Guarantee<\/td>\n<td>2 Years<\/td>\n<\/tr>\n<\/tbody>\n<\/table>\n\n    <div class=\"xs_social_share_widget xs_share_url after_content \t\tmain_content  wslu-style-1 wslu-share-box-shaped wslu-fill-colored wslu-none wslu-share-horizontal wslu-theme-font-no wslu-main_content\">\n\n\t\t\n        <ul>\n\t\t\t        <\/ul>\n    <\/div>","protected":false},"excerpt":{"rendered":"<div class=\"product-short-description\">\n<h4 class=\"psd-title\">Magnetic Door Lock with Magnet - Small Size, Big Security<\/h4>\n<ul>\n<li data-start=\"0\" data-end=\"123\">\n<p data-start=\"2\" data-end=\"123\">Magnetic lock, <strong data-start=\"18\" data-end=\"31\">fail safe<\/strong> technology ensures safe opening of doors in case of power loss.<\/p>\n<\/li>\n<li data-start=\"124\" data-end=\"226\">\n<p data-start=\"126\" data-end=\"226\">Easy to install and integrate, it can work in harmony with various electric door lock systems.<\/p>\n<\/li>\n<li data-start=\"227\" data-end=\"303\">\n<p data-start=\"229\" data-end=\"303\">It is made of high quality materials and is durable and long lasting.<\/p>\n<\/li>\n<li data-start=\"227\" data-end=\"303\">Areas of Use: Compatible with PVC, Wooden, Metal doors. You need to have U apparatus to use on glass doors.<\/li>\n<\/ul>\n<\/div>","protected":false},"featured_media":850,"template":"","meta":{"postBodyCss":"","postBodyMargin":[],"postBodyPadding":[],"postBodyBackground":{"backgroundType":"classic","gradient":""}},"product_brand":[],"product_cat":[26,41,44],"product_tag":[],"class_list":{"0":"post-846","1":"product","2":"type-product","3":"status-publish","4":"has-post-thumbnail","6":"product_cat-onloi-akilli-teknoloji-urunleri","7":"product_cat-guvenlik-donanimlari","8":"product_cat-manyetik-kilitler","10":"first","11":"instock","12":"shipping-taxable","13":"product-type-simple"},"yoast_head":"<!-- This site is optimized with the Yoast SEO plugin v26.6 - https:\/\/yoast.com\/wordpress\/plugins\/seo\/ -->\n<title>60 Kg Manyetik Kap\u0131 Kilidi | Kompakt G\u00fcvenlik<\/title>\n<meta name=\"description\" content=\"60 Kg kap\u0131 kilidi ile ev veya ofis kap\u0131lar\u0131nda g\u00fcvenli\u011fi Onloi sistemleri ile sa\u011flay\u0131n. Dayan\u0131kl\u0131 ve kompakt tasar\u0131m.\" \/>\n<meta name=\"robots\" content=\"index, follow, max-snippet:-1, max-image-preview:large, max-video-preview:-1\" \/>\n<link rel=\"canonical\" href=\"https:\/\/onloi.com\/en\/product\/60-kg-manyetik-miknatisli-kapi-kilidi-obg0410\/\" \/>\n<meta property=\"og:locale\" content=\"en_US\" \/>\n<meta property=\"og:type\" content=\"article\" \/>\n<meta property=\"og:title\" content=\"60 Kg Manyetik Kap\u0131 Kilidi | Kompakt G\u00fcvenlik\" \/>\n<meta property=\"og:description\" content=\"60 Kg kap\u0131 kilidi ile ev veya ofis kap\u0131lar\u0131nda g\u00fcvenli\u011fi Onloi sistemleri ile sa\u011flay\u0131n. Dayan\u0131kl\u0131 ve kompakt tasar\u0131m.\" \/>\n<meta property=\"og:url\" content=\"https:\/\/onloi.com\/en\/product\/60-kg-manyetik-miknatisli-kapi-kilidi-obg0410\/\" \/>\n<meta property=\"og:site_name\" content=\"Onloi\" \/>\n<meta property=\"article:modified_time\" content=\"2026-01-19T06:52:32+00:00\" \/>\n<meta property=\"og:image\" content=\"https:\/\/onloi.com\/wp-content\/uploads\/2025\/08\/5f734ae2b30c9-140.webp\" \/>\n\t<meta property=\"og:image:width\" content=\"1024\" \/>\n\t<meta property=\"og:image:height\" content=\"1024\" \/>\n\t<meta property=\"og:image:type\" content=\"image\/webp\" \/>\n<meta name=\"twitter:card\" content=\"summary_large_image\" \/>\n<meta name=\"twitter:label1\" content=\"Est. reading time\" \/>\n\t<meta name=\"twitter:data1\" content=\"1 minute\" \/>\n<script type=\"application\/ld+json\" class=\"yoast-schema-graph\">{\"@context\":\"https:\/\/schema.org\",\"@graph\":[{\"@type\":\"WebPage\",\"@id\":\"https:\/\/onloi.com\/urun\/60-kg-manyetik-miknatisli-kapi-kilidi-obg0410\/\",\"url\":\"https:\/\/onloi.com\/urun\/60-kg-manyetik-miknatisli-kapi-kilidi-obg0410\/\",\"name\":\"60 Kg Manyetik Kap\u0131 Kilidi | Kompakt G\u00fcvenlik\",\"isPartOf\":{\"@id\":\"https:\/\/onloi.com\/#website\"},\"primaryImageOfPage\":{\"@id\":\"https:\/\/onloi.com\/urun\/60-kg-manyetik-miknatisli-kapi-kilidi-obg0410\/#primaryimage\"},\"image\":{\"@id\":\"https:\/\/onloi.com\/urun\/60-kg-manyetik-miknatisli-kapi-kilidi-obg0410\/#primaryimage\"},\"thumbnailUrl\":\"https:\/\/onloi.com\/wp-content\/uploads\/2025\/08\/5f734ae2b30c9-140.webp\",\"datePublished\":\"2025-08-22T09:45:46+00:00\",\"dateModified\":\"2026-01-19T06:52:32+00:00\",\"description\":\"60 Kg kap\u0131 kilidi ile ev veya ofis kap\u0131lar\u0131nda g\u00fcvenli\u011fi Onloi sistemleri ile sa\u011flay\u0131n. Dayan\u0131kl\u0131 ve kompakt tasar\u0131m.\",\"breadcrumb\":{\"@id\":\"https:\/\/onloi.com\/urun\/60-kg-manyetik-miknatisli-kapi-kilidi-obg0410\/#breadcrumb\"},\"inLanguage\":\"en-US\",\"potentialAction\":[{\"@type\":\"ReadAction\",\"target\":[\"https:\/\/onloi.com\/urun\/60-kg-manyetik-miknatisli-kapi-kilidi-obg0410\/\"]}]},{\"@type\":\"ImageObject\",\"inLanguage\":\"en-US\",\"@id\":\"https:\/\/onloi.com\/urun\/60-kg-manyetik-miknatisli-kapi-kilidi-obg0410\/#primaryimage\",\"url\":\"https:\/\/onloi.com\/wp-content\/uploads\/2025\/08\/5f734ae2b30c9-140.webp\",\"contentUrl\":\"https:\/\/onloi.com\/wp-content\/uploads\/2025\/08\/5f734ae2b30c9-140.webp\",\"width\":1024,\"height\":1024},{\"@type\":\"BreadcrumbList\",\"@id\":\"https:\/\/onloi.com\/urun\/60-kg-manyetik-miknatisli-kapi-kilidi-obg0410\/#breadcrumb\",\"itemListElement\":[{\"@type\":\"ListItem\",\"position\":1,\"name\":\"Anasayfa\",\"item\":\"https:\/\/onloi.com\/\"},{\"@type\":\"ListItem\",\"position\":2,\"name\":\"Ma\u011faza\",\"item\":\"https:\/\/onloi.com\/magaza\/\"},{\"@type\":\"ListItem\",\"position\":3,\"name\":\"60 Kg. Manyetik M\u0131knat\u0131sl\u0131 Kap\u0131 Kilidi\"}]},{\"@type\":\"WebSite\",\"@id\":\"https:\/\/onloi.com\/#website\",\"url\":\"https:\/\/onloi.com\/\",\"name\":\"Onloi\",\"description\":\"Onloi ile Ak\u0131ll\u0131 Ya\u015fam\u0131n Kilidini A\u00e7\u0131n\",\"potentialAction\":[{\"@type\":\"SearchAction\",\"target\":{\"@type\":\"EntryPoint\",\"urlTemplate\":\"https:\/\/onloi.com\/?s={search_term_string}\"},\"query-input\":{\"@type\":\"PropertyValueSpecification\",\"valueRequired\":true,\"valueName\":\"search_term_string\"}}],\"inLanguage\":\"en-US\"}]}<\/script>\n<!-- \/ Yoast SEO plugin. -->","yoast_head_json":{"title":"60 Kg Manyetik Kap\u0131 Kilidi | Kompakt G\u00fcvenlik","description":"60 Kg kap\u0131 kilidi ile ev veya ofis kap\u0131lar\u0131nda g\u00fcvenli\u011fi Onloi sistemleri ile sa\u011flay\u0131n. Dayan\u0131kl\u0131 ve kompakt tasar\u0131m.","robots":{"index":"index","follow":"follow","max-snippet":"max-snippet:-1","max-image-preview":"max-image-preview:large","max-video-preview":"max-video-preview:-1"},"canonical":"https:\/\/onloi.com\/en\/product\/60-kg-manyetik-miknatisli-kapi-kilidi-obg0410\/","og_locale":"en_US","og_type":"article","og_title":"60 Kg Manyetik Kap\u0131 Kilidi | Kompakt G\u00fcvenlik","og_description":"60 Kg kap\u0131 kilidi ile ev veya ofis kap\u0131lar\u0131nda g\u00fcvenli\u011fi Onloi sistemleri ile sa\u011flay\u0131n. Dayan\u0131kl\u0131 ve kompakt tasar\u0131m.","og_url":"https:\/\/onloi.com\/en\/product\/60-kg-manyetik-miknatisli-kapi-kilidi-obg0410\/","og_site_name":"Onloi","article_modified_time":"2026-01-19T06:52:32+00:00","og_image":[{"width":1024,"height":1024,"url":"https:\/\/onloi.com\/wp-content\/uploads\/2025\/08\/5f734ae2b30c9-140.webp","type":"image\/webp"}],"twitter_card":"summary_large_image","twitter_misc":{"Est. reading time":"1 minute"},"schema":{"@context":"https:\/\/schema.org","@graph":[{"@type":"WebPage","@id":"https:\/\/onloi.com\/urun\/60-kg-manyetik-miknatisli-kapi-kilidi-obg0410\/","url":"https:\/\/onloi.com\/urun\/60-kg-manyetik-miknatisli-kapi-kilidi-obg0410\/","name":"60 Kg Manyetik Kap\u0131 Kilidi | Kompakt G\u00fcvenlik","isPartOf":{"@id":"https:\/\/onloi.com\/#website"},"primaryImageOfPage":{"@id":"https:\/\/onloi.com\/urun\/60-kg-manyetik-miknatisli-kapi-kilidi-obg0410\/#primaryimage"},"image":{"@id":"https:\/\/onloi.com\/urun\/60-kg-manyetik-miknatisli-kapi-kilidi-obg0410\/#primaryimage"},"thumbnailUrl":"https:\/\/onloi.com\/wp-content\/uploads\/2025\/08\/5f734ae2b30c9-140.webp","datePublished":"2025-08-22T09:45:46+00:00","dateModified":"2026-01-19T06:52:32+00:00","description":"60 Kg kap\u0131 kilidi ile ev veya ofis kap\u0131lar\u0131nda g\u00fcvenli\u011fi Onloi sistemleri ile sa\u011flay\u0131n. Dayan\u0131kl\u0131 ve kompakt tasar\u0131m.","breadcrumb":{"@id":"https:\/\/onloi.com\/urun\/60-kg-manyetik-miknatisli-kapi-kilidi-obg0410\/#breadcrumb"},"inLanguage":"en-US","potentialAction":[{"@type":"ReadAction","target":["https:\/\/onloi.com\/urun\/60-kg-manyetik-miknatisli-kapi-kilidi-obg0410\/"]}]},{"@type":"ImageObject","inLanguage":"en-US","@id":"https:\/\/onloi.com\/urun\/60-kg-manyetik-miknatisli-kapi-kilidi-obg0410\/#primaryimage","url":"https:\/\/onloi.com\/wp-content\/uploads\/2025\/08\/5f734ae2b30c9-140.webp","contentUrl":"https:\/\/onloi.com\/wp-content\/uploads\/2025\/08\/5f734ae2b30c9-140.webp","width":1024,"height":1024},{"@type":"BreadcrumbList","@id":"https:\/\/onloi.com\/urun\/60-kg-manyetik-miknatisli-kapi-kilidi-obg0410\/#breadcrumb","itemListElement":[{"@type":"ListItem","position":1,"name":"Anasayfa","item":"https:\/\/onloi.com\/"},{"@type":"ListItem","position":2,"name":"Ma\u011faza","item":"https:\/\/onloi.com\/magaza\/"},{"@type":"ListItem","position":3,"name":"60 Kg. Manyetik M\u0131knat\u0131sl\u0131 Kap\u0131 Kilidi"}]},{"@type":"WebSite","@id":"https:\/\/onloi.com\/#website","url":"https:\/\/onloi.com\/","name":"Onloi","description":"Unlock Smart Living with Onloi","potentialAction":[{"@type":"SearchAction","target":{"@type":"EntryPoint","urlTemplate":"https:\/\/onloi.com\/?s={search_term_string}"},"query-input":{"@type":"PropertyValueSpecification","valueRequired":true,"valueName":"search_term_string"}}],"inLanguage":"en-US"}]}},"_links":{"self":[{"href":"https:\/\/onloi.com\/en\/wp-json\/wp\/v2\/product\/846","targetHints":{"allow":["GET"]}}],"collection":[{"href":"https:\/\/onloi.com\/en\/wp-json\/wp\/v2\/product"}],"about":[{"href":"https:\/\/onloi.com\/en\/wp-json\/wp\/v2\/types\/product"}],"wp:featuredmedia":[{"embeddable":true,"href":"https:\/\/onloi.com\/en\/wp-json\/wp\/v2\/media\/850"}],"wp:attachment":[{"href":"https:\/\/onloi.com\/en\/wp-json\/wp\/v2\/media?parent=846"}],"wp:term":[{"taxonomy":"product_brand","embeddable":true,"href":"https:\/\/onloi.com\/en\/wp-json\/wp\/v2\/product_brand?post=846"},{"taxonomy":"product_cat","embeddable":true,"href":"https:\/\/onloi.com\/en\/wp-json\/wp\/v2\/product_cat?post=846"},{"taxonomy":"product_tag","embeddable":true,"href":"https:\/\/onloi.com\/en\/wp-json\/wp\/v2\/product_tag?post=846"}],"curies":[{"name":"wp","href":"https:\/\/api.w.org\/{rel}","templated":true}]}}