{"id":841,"date":"2025-08-22T12:44:41","date_gmt":"2025-08-22T09:44:41","guid":{"rendered":"https:\/\/onloi.medicomyazilim.com\/?post_type=product&#038;p=841"},"modified":"2026-01-21T16:57:46","modified_gmt":"2026-01-21T13:57:46","slug":"180-kg-elektromanyetik-miknatisli-kilit-zl-braket-obg0430","status":"publish","type":"product","link":"https:\/\/onloi.com\/en\/product\/180-kg-elektromanyetik-miknatisli-kilit-zl-braket-obg0430\/","title":{"rendered":"180 Kg Magnetic Magnet Lock ZL Bracket"},"content":{"rendered":"<p>&nbsp;<\/p>\n<table class=\"spec-table\">\n<tbody>\n<tr>\n<th>Feature<\/th>\n<th>Description<\/th>\n<\/tr>\n<tr>\n<td>Product Type<\/td>\n<td>L&amp;Z Bracket Mounting Apparatus<\/td>\n<\/tr>\n<tr>\n<td>Compatible Lock Capacities<\/td>\n<td>180 kg<\/td>\n<\/tr>\n<tr>\n<td>Product Size<\/td>\n<td>L-170 x 41 x 24 mm<br \/>\nZ-130 x 36 x 36 x 36 mm<\/td>\n<\/tr>\n<tr>\n<td>Material<\/td>\n<td>Aluminum<\/td>\n<\/tr>\n<tr>\n<td>Color<\/td>\n<td>Silver<\/td>\n<\/tr>\n<tr>\n<td>Area of Use<\/td>\n<td>Home Warehouse etc. Compatible with Doors<\/td>\n<\/tr>\n<tr>\n<td>Guarantee<\/td>\n<td>2 Years<\/td>\n<\/tr>\n<\/tbody>\n<\/table>\n\n    <div class=\"xs_social_share_widget xs_share_url after_content \t\tmain_content  wslu-style-1 wslu-share-box-shaped wslu-fill-colored wslu-none wslu-share-horizontal wslu-theme-font-no wslu-main_content\">\n\n\t\t\n        <ul>\n\t\t\t        <\/ul>\n    <\/div>","protected":false},"excerpt":{"rendered":"<div class=\"product-short-description\">\n<h4 class=\"psd-title\">L&amp;Z Type Bracket - Compatible for 180 kg Magnetic Locks<\/h4>\n<ul>\n<li data-start=\"112\" data-end=\"304\">\n<p data-start=\"114\" data-end=\"304\">L&amp;Z type bracket solution for securely mounting magnetic locks on wooden or metal surfaces. (For use on glass doors you need to have the U bracket).<\/p>\n<\/li>\n<li data-start=\"305\" data-end=\"412\">\n<p data-start=\"307\" data-end=\"412\">Made of high quality aluminum, it is easy to install and offers long-lasting use.<\/p>\n<\/li>\n<li data-start=\"413\" data-end=\"494\">\n<p data-start=\"415\" data-end=\"494\">It is an ideal solution for professional installations that saves time in projects.<\/p>\n<\/li>\n<li data-start=\"413\" data-end=\"494\">Areas of Use: Compatible with PVC, Wooden, Metal doors. You need to have U apparatus to use on glass doors.<\/li>\n<\/ul>\n<\/div>","protected":false},"featured_media":2775,"template":"","meta":{"postBodyCss":"","postBodyMargin":[],"postBodyPadding":[],"postBodyBackground":{"backgroundType":"classic","gradient":""}},"product_brand":[],"product_cat":[26,41,44],"product_tag":[],"class_list":{"0":"post-841","1":"product","2":"type-product","3":"status-publish","4":"has-post-thumbnail","6":"product_cat-onloi-akilli-teknoloji-urunleri","7":"product_cat-guvenlik-donanimlari","8":"product_cat-manyetik-kilitler","10":"first","11":"instock","12":"shipping-taxable","13":"product-type-simple"},"yoast_head":"<!-- This site is optimized with the Yoast SEO plugin v26.6 - https:\/\/yoast.com\/wordpress\/plugins\/seo\/ -->\n<title>180 Kg Manyetik Kilit ZL Braket | ONLOI<\/title>\n<meta name=\"description\" content=\"180 Kg manyetik kilit ZL braket ile Onloi sistemlerini h\u0131zl\u0131 ve g\u00fcvenli \u015fekilde monte edin. Dayan\u0131kl\u0131 ve sa\u011flam yap\u0131.\" \/>\n<meta name=\"robots\" content=\"index, follow, max-snippet:-1, max-image-preview:large, max-video-preview:-1\" \/>\n<link rel=\"canonical\" href=\"https:\/\/onloi.com\/en\/product\/180-kg-elektromanyetik-miknatisli-kilit-zl-braket-obg0430\/\" \/>\n<meta property=\"og:locale\" content=\"en_US\" \/>\n<meta property=\"og:type\" content=\"article\" \/>\n<meta property=\"og:title\" content=\"180 Kg Manyetik Kilit ZL Braket | ONLOI\" \/>\n<meta property=\"og:description\" content=\"180 Kg manyetik kilit ZL braket ile Onloi sistemlerini h\u0131zl\u0131 ve g\u00fcvenli \u015fekilde monte edin. Dayan\u0131kl\u0131 ve sa\u011flam yap\u0131.\" \/>\n<meta property=\"og:url\" content=\"https:\/\/onloi.com\/en\/product\/180-kg-elektromanyetik-miknatisli-kilit-zl-braket-obg0430\/\" \/>\n<meta property=\"og:site_name\" content=\"Onloi\" \/>\n<meta property=\"article:modified_time\" content=\"2026-01-21T13:57:46+00:00\" \/>\n<meta property=\"og:image\" content=\"https:\/\/onloi.com\/wp-content\/uploads\/2025\/08\/0450-2.webp\" \/>\n\t<meta property=\"og:image:width\" content=\"1080\" \/>\n\t<meta property=\"og:image:height\" content=\"720\" \/>\n\t<meta property=\"og:image:type\" content=\"image\/webp\" \/>\n<meta name=\"twitter:card\" content=\"summary_large_image\" \/>\n<meta name=\"twitter:label1\" content=\"Est. reading time\" \/>\n\t<meta name=\"twitter:data1\" content=\"1 minute\" \/>\n<script type=\"application\/ld+json\" class=\"yoast-schema-graph\">{\"@context\":\"https:\/\/schema.org\",\"@graph\":[{\"@type\":\"WebPage\",\"@id\":\"https:\/\/onloi.com\/urun\/180-kg-elektromanyetik-miknatisli-kilit-zl-braket-obg0430\/\",\"url\":\"https:\/\/onloi.com\/urun\/180-kg-elektromanyetik-miknatisli-kilit-zl-braket-obg0430\/\",\"name\":\"180 Kg Manyetik Kilit ZL Braket | ONLOI\",\"isPartOf\":{\"@id\":\"https:\/\/onloi.com\/#website\"},\"primaryImageOfPage\":{\"@id\":\"https:\/\/onloi.com\/urun\/180-kg-elektromanyetik-miknatisli-kilit-zl-braket-obg0430\/#primaryimage\"},\"image\":{\"@id\":\"https:\/\/onloi.com\/urun\/180-kg-elektromanyetik-miknatisli-kilit-zl-braket-obg0430\/#primaryimage\"},\"thumbnailUrl\":\"https:\/\/onloi.com\/wp-content\/uploads\/2025\/08\/0450-2.webp\",\"datePublished\":\"2025-08-22T09:44:41+00:00\",\"dateModified\":\"2026-01-21T13:57:46+00:00\",\"description\":\"180 Kg manyetik kilit ZL braket ile Onloi sistemlerini h\u0131zl\u0131 ve g\u00fcvenli \u015fekilde monte edin. Dayan\u0131kl\u0131 ve sa\u011flam yap\u0131.\",\"breadcrumb\":{\"@id\":\"https:\/\/onloi.com\/urun\/180-kg-elektromanyetik-miknatisli-kilit-zl-braket-obg0430\/#breadcrumb\"},\"inLanguage\":\"en-US\",\"potentialAction\":[{\"@type\":\"ReadAction\",\"target\":[\"https:\/\/onloi.com\/urun\/180-kg-elektromanyetik-miknatisli-kilit-zl-braket-obg0430\/\"]}]},{\"@type\":\"ImageObject\",\"inLanguage\":\"en-US\",\"@id\":\"https:\/\/onloi.com\/urun\/180-kg-elektromanyetik-miknatisli-kilit-zl-braket-obg0430\/#primaryimage\",\"url\":\"https:\/\/onloi.com\/wp-content\/uploads\/2025\/08\/0450-2.webp\",\"contentUrl\":\"https:\/\/onloi.com\/wp-content\/uploads\/2025\/08\/0450-2.webp\",\"width\":1080,\"height\":720},{\"@type\":\"BreadcrumbList\",\"@id\":\"https:\/\/onloi.com\/urun\/180-kg-elektromanyetik-miknatisli-kilit-zl-braket-obg0430\/#breadcrumb\",\"itemListElement\":[{\"@type\":\"ListItem\",\"position\":1,\"name\":\"Anasayfa\",\"item\":\"https:\/\/onloi.com\/\"},{\"@type\":\"ListItem\",\"position\":2,\"name\":\"Ma\u011faza\",\"item\":\"https:\/\/onloi.com\/magaza\/\"},{\"@type\":\"ListItem\",\"position\":3,\"name\":\"180 Kg Manyetik M\u0131knat\u0131sl\u0131 Kilit ZL Braket\"}]},{\"@type\":\"WebSite\",\"@id\":\"https:\/\/onloi.com\/#website\",\"url\":\"https:\/\/onloi.com\/\",\"name\":\"Onloi\",\"description\":\"Onloi ile Ak\u0131ll\u0131 Ya\u015fam\u0131n Kilidini A\u00e7\u0131n\",\"potentialAction\":[{\"@type\":\"SearchAction\",\"target\":{\"@type\":\"EntryPoint\",\"urlTemplate\":\"https:\/\/onloi.com\/?s={search_term_string}\"},\"query-input\":{\"@type\":\"PropertyValueSpecification\",\"valueRequired\":true,\"valueName\":\"search_term_string\"}}],\"inLanguage\":\"en-US\"}]}<\/script>\n<!-- \/ Yoast SEO plugin. -->","yoast_head_json":{"title":"180 Kg Manyetik Kilit ZL Braket | ONLOI","description":"180 Kg manyetik kilit ZL braket ile Onloi sistemlerini h\u0131zl\u0131 ve g\u00fcvenli \u015fekilde monte edin. Dayan\u0131kl\u0131 ve sa\u011flam yap\u0131.","robots":{"index":"index","follow":"follow","max-snippet":"max-snippet:-1","max-image-preview":"max-image-preview:large","max-video-preview":"max-video-preview:-1"},"canonical":"https:\/\/onloi.com\/en\/product\/180-kg-elektromanyetik-miknatisli-kilit-zl-braket-obg0430\/","og_locale":"en_US","og_type":"article","og_title":"180 Kg Manyetik Kilit ZL Braket | ONLOI","og_description":"180 Kg manyetik kilit ZL braket ile Onloi sistemlerini h\u0131zl\u0131 ve g\u00fcvenli \u015fekilde monte edin. Dayan\u0131kl\u0131 ve sa\u011flam yap\u0131.","og_url":"https:\/\/onloi.com\/en\/product\/180-kg-elektromanyetik-miknatisli-kilit-zl-braket-obg0430\/","og_site_name":"Onloi","article_modified_time":"2026-01-21T13:57:46+00:00","og_image":[{"width":1080,"height":720,"url":"https:\/\/onloi.com\/wp-content\/uploads\/2025\/08\/0450-2.webp","type":"image\/webp"}],"twitter_card":"summary_large_image","twitter_misc":{"Est. reading time":"1 minute"},"schema":{"@context":"https:\/\/schema.org","@graph":[{"@type":"WebPage","@id":"https:\/\/onloi.com\/urun\/180-kg-elektromanyetik-miknatisli-kilit-zl-braket-obg0430\/","url":"https:\/\/onloi.com\/urun\/180-kg-elektromanyetik-miknatisli-kilit-zl-braket-obg0430\/","name":"180 Kg Manyetik Kilit ZL Braket | ONLOI","isPartOf":{"@id":"https:\/\/onloi.com\/#website"},"primaryImageOfPage":{"@id":"https:\/\/onloi.com\/urun\/180-kg-elektromanyetik-miknatisli-kilit-zl-braket-obg0430\/#primaryimage"},"image":{"@id":"https:\/\/onloi.com\/urun\/180-kg-elektromanyetik-miknatisli-kilit-zl-braket-obg0430\/#primaryimage"},"thumbnailUrl":"https:\/\/onloi.com\/wp-content\/uploads\/2025\/08\/0450-2.webp","datePublished":"2025-08-22T09:44:41+00:00","dateModified":"2026-01-21T13:57:46+00:00","description":"180 Kg manyetik kilit ZL braket ile Onloi sistemlerini h\u0131zl\u0131 ve g\u00fcvenli \u015fekilde monte edin. Dayan\u0131kl\u0131 ve sa\u011flam yap\u0131.","breadcrumb":{"@id":"https:\/\/onloi.com\/urun\/180-kg-elektromanyetik-miknatisli-kilit-zl-braket-obg0430\/#breadcrumb"},"inLanguage":"en-US","potentialAction":[{"@type":"ReadAction","target":["https:\/\/onloi.com\/urun\/180-kg-elektromanyetik-miknatisli-kilit-zl-braket-obg0430\/"]}]},{"@type":"ImageObject","inLanguage":"en-US","@id":"https:\/\/onloi.com\/urun\/180-kg-elektromanyetik-miknatisli-kilit-zl-braket-obg0430\/#primaryimage","url":"https:\/\/onloi.com\/wp-content\/uploads\/2025\/08\/0450-2.webp","contentUrl":"https:\/\/onloi.com\/wp-content\/uploads\/2025\/08\/0450-2.webp","width":1080,"height":720},{"@type":"BreadcrumbList","@id":"https:\/\/onloi.com\/urun\/180-kg-elektromanyetik-miknatisli-kilit-zl-braket-obg0430\/#breadcrumb","itemListElement":[{"@type":"ListItem","position":1,"name":"Anasayfa","item":"https:\/\/onloi.com\/"},{"@type":"ListItem","position":2,"name":"Ma\u011faza","item":"https:\/\/onloi.com\/magaza\/"},{"@type":"ListItem","position":3,"name":"180 Kg Manyetik M\u0131knat\u0131sl\u0131 Kilit ZL Braket"}]},{"@type":"WebSite","@id":"https:\/\/onloi.com\/#website","url":"https:\/\/onloi.com\/","name":"Onloi","description":"Unlock Smart Living with Onloi","potentialAction":[{"@type":"SearchAction","target":{"@type":"EntryPoint","urlTemplate":"https:\/\/onloi.com\/?s={search_term_string}"},"query-input":{"@type":"PropertyValueSpecification","valueRequired":true,"valueName":"search_term_string"}}],"inLanguage":"en-US"}]}},"_links":{"self":[{"href":"https:\/\/onloi.com\/en\/wp-json\/wp\/v2\/product\/841","targetHints":{"allow":["GET"]}}],"collection":[{"href":"https:\/\/onloi.com\/en\/wp-json\/wp\/v2\/product"}],"about":[{"href":"https:\/\/onloi.com\/en\/wp-json\/wp\/v2\/types\/product"}],"wp:featuredmedia":[{"embeddable":true,"href":"https:\/\/onloi.com\/en\/wp-json\/wp\/v2\/media\/2775"}],"wp:attachment":[{"href":"https:\/\/onloi.com\/en\/wp-json\/wp\/v2\/media?parent=841"}],"wp:term":[{"taxonomy":"product_brand","embeddable":true,"href":"https:\/\/onloi.com\/en\/wp-json\/wp\/v2\/product_brand?post=841"},{"taxonomy":"product_cat","embeddable":true,"href":"https:\/\/onloi.com\/en\/wp-json\/wp\/v2\/product_cat?post=841"},{"taxonomy":"product_tag","embeddable":true,"href":"https:\/\/onloi.com\/en\/wp-json\/wp\/v2\/product_tag?post=841"}],"curies":[{"name":"wp","href":"https:\/\/api.w.org\/{rel}","templated":true}]}}