{"id":834,"date":"2025-08-22T12:43:28","date_gmt":"2025-08-22T09:43:28","guid":{"rendered":"https:\/\/onloi.medicomyazilim.com\/?post_type=product&#038;p=834"},"modified":"2026-01-21T16:41:09","modified_gmt":"2026-01-21T13:41:09","slug":"280-kg-manyetik-miknatisli-kilit-icin-zl-braket-obg0450","status":"publish","type":"product","link":"https:\/\/onloi.com\/en\/product\/280-kg-manyetik-miknatisli-kilit-icin-zl-braket-obg0450\/","title":{"rendered":"280 Kg ZL Bracket For Magnetic Magnet Lock"},"content":{"rendered":"<p>&nbsp;<\/p>\n<table class=\"spec-table\">\n<tbody>\n<tr>\n<th>Feature<\/th>\n<th>Description<\/th>\n<\/tr>\n<tr>\n<td>Material<\/td>\n<td>Aluminum<\/td>\n<\/tr>\n<tr>\n<td>Product Size<\/td>\n<td>L- 250 x 28 x 46 mm<br \/>\nZ- 180 x 45 x 45 x 45 mm<\/td>\n<\/tr>\n<tr>\n<td>Compatible Lock Type<\/td>\n<td>280 kg Magnetic Locks<\/td>\n<\/tr>\n<tr>\n<td>Compatible Door Types<\/td>\n<td>Wood, Glass, PVC, Metal<\/td>\n<\/tr>\n<tr>\n<td>Guarantee<\/td>\n<td>2 Years<\/td>\n<\/tr>\n<\/tbody>\n<\/table>\n\n    <div class=\"xs_social_share_widget xs_share_url after_content \t\tmain_content  wslu-style-1 wslu-share-box-shaped wslu-fill-colored wslu-none wslu-share-horizontal wslu-theme-font-no wslu-main_content\">\n\n\t\t\n        <ul>\n\t\t\t        <\/ul>\n    <\/div>","protected":false},"excerpt":{"rendered":"<div class=\"product-short-description\">\n<h4 class=\"psd-title\">Magnetic Lock Apparatus Set<\/h4>\n<ul>\n<li data-start=\"70\" data-end=\"217\">\n<p data-start=\"72\" data-end=\"217\">High quality and durable magnetic lock mounts allow for secure installation on any door.<\/p>\n<\/li>\n<li data-start=\"218\" data-end=\"300\">\n<p data-start=\"220\" data-end=\"300\">The aluminum body structure offers a long-lasting, robust and reliable use.<\/p>\n<\/li>\n<\/ul>\n<\/div>","protected":false},"featured_media":838,"template":"","meta":{"postBodyCss":"","postBodyMargin":[],"postBodyPadding":[],"postBodyBackground":{"backgroundType":"classic","gradient":""}},"product_brand":[],"product_cat":[26,41,44],"product_tag":[],"class_list":{"0":"post-834","1":"product","2":"type-product","3":"status-publish","4":"has-post-thumbnail","6":"product_cat-onloi-akilli-teknoloji-urunleri","7":"product_cat-guvenlik-donanimlari","8":"product_cat-manyetik-kilitler","10":"first","11":"instock","12":"shipping-taxable","13":"product-type-simple"},"yoast_head":"<!-- This site is optimized with the Yoast SEO plugin v26.6 - https:\/\/yoast.com\/wordpress\/plugins\/seo\/ -->\n<title>280 Kg Manyetik Kilit ZL Braket | ONLOI<\/title>\n<meta name=\"description\" content=\"280 Kg manyetik kilit i\u00e7in ZL braket. Onloi g\u00fcvenlik sistemleri ile a\u011f\u0131r kap\u0131lar i\u00e7in g\u00fc\u00e7l\u00fc ve g\u00fcvenli montaj.\" \/>\n<meta name=\"robots\" content=\"index, follow, max-snippet:-1, max-image-preview:large, max-video-preview:-1\" \/>\n<link rel=\"canonical\" href=\"https:\/\/onloi.com\/en\/product\/280-kg-manyetik-miknatisli-kilit-icin-zl-braket-obg0450\/\" \/>\n<meta property=\"og:locale\" content=\"en_US\" \/>\n<meta property=\"og:type\" content=\"article\" \/>\n<meta property=\"og:title\" content=\"280 Kg Manyetik Kilit ZL Braket | ONLOI\" \/>\n<meta property=\"og:description\" content=\"280 Kg manyetik kilit i\u00e7in ZL braket. Onloi g\u00fcvenlik sistemleri ile a\u011f\u0131r kap\u0131lar i\u00e7in g\u00fc\u00e7l\u00fc ve g\u00fcvenli montaj.\" \/>\n<meta property=\"og:url\" content=\"https:\/\/onloi.com\/en\/product\/280-kg-manyetik-miknatisli-kilit-icin-zl-braket-obg0450\/\" \/>\n<meta property=\"og:site_name\" content=\"Onloi\" \/>\n<meta property=\"article:modified_time\" content=\"2026-01-21T13:41:09+00:00\" \/>\n<meta property=\"og:image\" content=\"https:\/\/onloi.com\/wp-content\/uploads\/2025\/08\/0450.webp\" \/>\n\t<meta property=\"og:image:width\" content=\"1512\" \/>\n\t<meta property=\"og:image:height\" content=\"1008\" \/>\n\t<meta property=\"og:image:type\" content=\"image\/webp\" \/>\n<meta name=\"twitter:card\" content=\"summary_large_image\" \/>\n<meta name=\"twitter:label1\" content=\"Est. reading time\" \/>\n\t<meta name=\"twitter:data1\" content=\"1 minute\" \/>\n<script type=\"application\/ld+json\" class=\"yoast-schema-graph\">{\"@context\":\"https:\/\/schema.org\",\"@graph\":[{\"@type\":\"WebPage\",\"@id\":\"https:\/\/onloi.com\/urun\/280-kg-manyetik-miknatisli-kilit-icin-zl-braket-obg0450\/\",\"url\":\"https:\/\/onloi.com\/urun\/280-kg-manyetik-miknatisli-kilit-icin-zl-braket-obg0450\/\",\"name\":\"280 Kg Manyetik Kilit ZL Braket | ONLOI\",\"isPartOf\":{\"@id\":\"https:\/\/onloi.com\/#website\"},\"primaryImageOfPage\":{\"@id\":\"https:\/\/onloi.com\/urun\/280-kg-manyetik-miknatisli-kilit-icin-zl-braket-obg0450\/#primaryimage\"},\"image\":{\"@id\":\"https:\/\/onloi.com\/urun\/280-kg-manyetik-miknatisli-kilit-icin-zl-braket-obg0450\/#primaryimage\"},\"thumbnailUrl\":\"https:\/\/onloi.com\/wp-content\/uploads\/2025\/08\/0450.webp\",\"datePublished\":\"2025-08-22T09:43:28+00:00\",\"dateModified\":\"2026-01-21T13:41:09+00:00\",\"description\":\"280 Kg manyetik kilit i\u00e7in ZL braket. Onloi g\u00fcvenlik sistemleri ile a\u011f\u0131r kap\u0131lar i\u00e7in g\u00fc\u00e7l\u00fc ve g\u00fcvenli montaj.\",\"breadcrumb\":{\"@id\":\"https:\/\/onloi.com\/urun\/280-kg-manyetik-miknatisli-kilit-icin-zl-braket-obg0450\/#breadcrumb\"},\"inLanguage\":\"en-US\",\"potentialAction\":[{\"@type\":\"ReadAction\",\"target\":[\"https:\/\/onloi.com\/urun\/280-kg-manyetik-miknatisli-kilit-icin-zl-braket-obg0450\/\"]}]},{\"@type\":\"ImageObject\",\"inLanguage\":\"en-US\",\"@id\":\"https:\/\/onloi.com\/urun\/280-kg-manyetik-miknatisli-kilit-icin-zl-braket-obg0450\/#primaryimage\",\"url\":\"https:\/\/onloi.com\/wp-content\/uploads\/2025\/08\/0450.webp\",\"contentUrl\":\"https:\/\/onloi.com\/wp-content\/uploads\/2025\/08\/0450.webp\",\"width\":1512,\"height\":1008},{\"@type\":\"BreadcrumbList\",\"@id\":\"https:\/\/onloi.com\/urun\/280-kg-manyetik-miknatisli-kilit-icin-zl-braket-obg0450\/#breadcrumb\",\"itemListElement\":[{\"@type\":\"ListItem\",\"position\":1,\"name\":\"Anasayfa\",\"item\":\"https:\/\/onloi.com\/\"},{\"@type\":\"ListItem\",\"position\":2,\"name\":\"Ma\u011faza\",\"item\":\"https:\/\/onloi.com\/magaza\/\"},{\"@type\":\"ListItem\",\"position\":3,\"name\":\"280 Kg Manyetik M\u0131knat\u0131sl\u0131 Kilit \u0130\u00e7in ZL Braket\"}]},{\"@type\":\"WebSite\",\"@id\":\"https:\/\/onloi.com\/#website\",\"url\":\"https:\/\/onloi.com\/\",\"name\":\"Onloi\",\"description\":\"Onloi ile Ak\u0131ll\u0131 Ya\u015fam\u0131n Kilidini A\u00e7\u0131n\",\"potentialAction\":[{\"@type\":\"SearchAction\",\"target\":{\"@type\":\"EntryPoint\",\"urlTemplate\":\"https:\/\/onloi.com\/?s={search_term_string}\"},\"query-input\":{\"@type\":\"PropertyValueSpecification\",\"valueRequired\":true,\"valueName\":\"search_term_string\"}}],\"inLanguage\":\"en-US\"}]}<\/script>\n<!-- \/ Yoast SEO plugin. -->","yoast_head_json":{"title":"280 Kg Manyetik Kilit ZL Braket | ONLOI","description":"280 Kg manyetik kilit i\u00e7in ZL braket. Onloi g\u00fcvenlik sistemleri ile a\u011f\u0131r kap\u0131lar i\u00e7in g\u00fc\u00e7l\u00fc ve g\u00fcvenli montaj.","robots":{"index":"index","follow":"follow","max-snippet":"max-snippet:-1","max-image-preview":"max-image-preview:large","max-video-preview":"max-video-preview:-1"},"canonical":"https:\/\/onloi.com\/en\/product\/280-kg-manyetik-miknatisli-kilit-icin-zl-braket-obg0450\/","og_locale":"en_US","og_type":"article","og_title":"280 Kg Manyetik Kilit ZL Braket | ONLOI","og_description":"280 Kg manyetik kilit i\u00e7in ZL braket. Onloi g\u00fcvenlik sistemleri ile a\u011f\u0131r kap\u0131lar i\u00e7in g\u00fc\u00e7l\u00fc ve g\u00fcvenli montaj.","og_url":"https:\/\/onloi.com\/en\/product\/280-kg-manyetik-miknatisli-kilit-icin-zl-braket-obg0450\/","og_site_name":"Onloi","article_modified_time":"2026-01-21T13:41:09+00:00","og_image":[{"width":1512,"height":1008,"url":"https:\/\/onloi.com\/wp-content\/uploads\/2025\/08\/0450.webp","type":"image\/webp"}],"twitter_card":"summary_large_image","twitter_misc":{"Est. reading time":"1 minute"},"schema":{"@context":"https:\/\/schema.org","@graph":[{"@type":"WebPage","@id":"https:\/\/onloi.com\/urun\/280-kg-manyetik-miknatisli-kilit-icin-zl-braket-obg0450\/","url":"https:\/\/onloi.com\/urun\/280-kg-manyetik-miknatisli-kilit-icin-zl-braket-obg0450\/","name":"280 Kg Manyetik Kilit ZL Braket | ONLOI","isPartOf":{"@id":"https:\/\/onloi.com\/#website"},"primaryImageOfPage":{"@id":"https:\/\/onloi.com\/urun\/280-kg-manyetik-miknatisli-kilit-icin-zl-braket-obg0450\/#primaryimage"},"image":{"@id":"https:\/\/onloi.com\/urun\/280-kg-manyetik-miknatisli-kilit-icin-zl-braket-obg0450\/#primaryimage"},"thumbnailUrl":"https:\/\/onloi.com\/wp-content\/uploads\/2025\/08\/0450.webp","datePublished":"2025-08-22T09:43:28+00:00","dateModified":"2026-01-21T13:41:09+00:00","description":"280 Kg manyetik kilit i\u00e7in ZL braket. Onloi g\u00fcvenlik sistemleri ile a\u011f\u0131r kap\u0131lar i\u00e7in g\u00fc\u00e7l\u00fc ve g\u00fcvenli montaj.","breadcrumb":{"@id":"https:\/\/onloi.com\/urun\/280-kg-manyetik-miknatisli-kilit-icin-zl-braket-obg0450\/#breadcrumb"},"inLanguage":"en-US","potentialAction":[{"@type":"ReadAction","target":["https:\/\/onloi.com\/urun\/280-kg-manyetik-miknatisli-kilit-icin-zl-braket-obg0450\/"]}]},{"@type":"ImageObject","inLanguage":"en-US","@id":"https:\/\/onloi.com\/urun\/280-kg-manyetik-miknatisli-kilit-icin-zl-braket-obg0450\/#primaryimage","url":"https:\/\/onloi.com\/wp-content\/uploads\/2025\/08\/0450.webp","contentUrl":"https:\/\/onloi.com\/wp-content\/uploads\/2025\/08\/0450.webp","width":1512,"height":1008},{"@type":"BreadcrumbList","@id":"https:\/\/onloi.com\/urun\/280-kg-manyetik-miknatisli-kilit-icin-zl-braket-obg0450\/#breadcrumb","itemListElement":[{"@type":"ListItem","position":1,"name":"Anasayfa","item":"https:\/\/onloi.com\/"},{"@type":"ListItem","position":2,"name":"Ma\u011faza","item":"https:\/\/onloi.com\/magaza\/"},{"@type":"ListItem","position":3,"name":"280 Kg Manyetik M\u0131knat\u0131sl\u0131 Kilit \u0130\u00e7in ZL Braket"}]},{"@type":"WebSite","@id":"https:\/\/onloi.com\/#website","url":"https:\/\/onloi.com\/","name":"Onloi","description":"Unlock Smart Living with Onloi","potentialAction":[{"@type":"SearchAction","target":{"@type":"EntryPoint","urlTemplate":"https:\/\/onloi.com\/?s={search_term_string}"},"query-input":{"@type":"PropertyValueSpecification","valueRequired":true,"valueName":"search_term_string"}}],"inLanguage":"en-US"}]}},"_links":{"self":[{"href":"https:\/\/onloi.com\/en\/wp-json\/wp\/v2\/product\/834","targetHints":{"allow":["GET"]}}],"collection":[{"href":"https:\/\/onloi.com\/en\/wp-json\/wp\/v2\/product"}],"about":[{"href":"https:\/\/onloi.com\/en\/wp-json\/wp\/v2\/types\/product"}],"wp:featuredmedia":[{"embeddable":true,"href":"https:\/\/onloi.com\/en\/wp-json\/wp\/v2\/media\/838"}],"wp:attachment":[{"href":"https:\/\/onloi.com\/en\/wp-json\/wp\/v2\/media?parent=834"}],"wp:term":[{"taxonomy":"product_brand","embeddable":true,"href":"https:\/\/onloi.com\/en\/wp-json\/wp\/v2\/product_brand?post=834"},{"taxonomy":"product_cat","embeddable":true,"href":"https:\/\/onloi.com\/en\/wp-json\/wp\/v2\/product_cat?post=834"},{"taxonomy":"product_tag","embeddable":true,"href":"https:\/\/onloi.com\/en\/wp-json\/wp\/v2\/product_tag?post=834"}],"curies":[{"name":"wp","href":"https:\/\/api.w.org\/{rel}","templated":true}]}}