{"id":823,"date":"2025-08-22T12:40:11","date_gmt":"2025-08-22T09:40:11","guid":{"rendered":"https:\/\/onloi.medicomyazilim.com\/?post_type=product&#038;p=823"},"modified":"2026-03-17T09:59:08","modified_gmt":"2026-03-17T06:59:08","slug":"sifreli-kilit-keypad-muhafaza-kutusu-obg0720","status":"publish","type":"product","link":"https:\/\/onloi.com\/en\/product\/sifreli-kilit-keypad-muhafaza-kutusu-obg0720\/","title":{"rendered":"Keypad Enclosure Box"},"content":{"rendered":"<h4><\/h4>\n<p>&nbsp;<\/p>\n<table class=\"spec-table\">\n<tbody>\n<tr>\n<th>Feature<\/th>\n<th>Description<\/th>\n<\/tr>\n<tr>\n<td>External Dimension<\/td>\n<td>150 x 104 x 90 mm<\/td>\n<\/tr>\n<tr>\n<td>Internal Dimension<\/td>\n<td>135 x 89 x 84 mm<\/td>\n<\/tr>\n<tr>\n<td>Material<\/td>\n<td>ABS<\/td>\n<\/tr>\n<tr>\n<td>Protection Class<\/td>\n<td>IP65<\/td>\n<\/tr>\n<tr>\n<td>Color<\/td>\n<td>Black<\/td>\n<\/tr>\n<\/tbody>\n<\/table>\n\n    <div class=\"xs_social_share_widget xs_share_url after_content \t\tmain_content  wslu-style-1 wslu-share-box-shaped wslu-fill-colored wslu-none wslu-share-horizontal wslu-theme-font-no wslu-main_content\">\n\n\t\t\n        <ul>\n\t\t\t        <\/ul>\n    <\/div>","protected":false},"excerpt":{"rendered":"<div class=\"product-short-description\">\n<h4 class=\"psd-title\">Outdoor Security Product - IP65 Protection and Modern Design<\/h4>\n<ul>\n<li data-start=\"78\" data-end=\"170\">\n<p data-start=\"80\" data-end=\"170\">Thanks to its easy assembly feature, it does not waste time and offers a practical installation process.<\/p>\n<\/li>\n<li data-start=\"171\" data-end=\"234\">\n<p data-start=\"173\" data-end=\"234\">Its quality material structure ensures long-lasting use.<\/p>\n<\/li>\n<li data-start=\"235\" data-end=\"310\">\n<p data-start=\"237\" data-end=\"310\">It is suitable for outdoor use with its UV protected surface.<\/p>\n<\/li>\n<\/ul>\n<\/div>","protected":false},"featured_media":827,"template":"","meta":{"postBodyCss":"","postBodyMargin":[],"postBodyPadding":[],"postBodyBackground":{"backgroundType":"classic","gradient":""}},"product_brand":[],"product_cat":[26,41,46],"product_tag":[],"class_list":{"0":"post-823","1":"product","2":"type-product","3":"status-publish","4":"has-post-thumbnail","6":"product_cat-onloi-akilli-teknoloji-urunleri","7":"product_cat-guvenlik-donanimlari","8":"product_cat-yardimci-urunler","10":"first","11":"instock","12":"shipping-taxable","13":"product-type-simple"},"yoast_head":"<!-- This site is optimized with the Yoast SEO plugin v26.6 - https:\/\/yoast.com\/wordpress\/plugins\/seo\/ -->\n<title>Keypad Muhafaza Kutusu | \u015eifreli Kilit | ONLOI<\/title>\n<meta name=\"description\" content=\"Keypad muhafaza kutusu ile Onloi \u015fifreli kilitlerinizi koruyun. Dayan\u0131kl\u0131 tasar\u0131m ile g\u00fcvenli kullan\u0131m sa\u011flar.\" \/>\n<meta name=\"robots\" content=\"index, follow, max-snippet:-1, max-image-preview:large, max-video-preview:-1\" \/>\n<link rel=\"canonical\" href=\"https:\/\/onloi.com\/en\/product\/sifreli-kilit-keypad-muhafaza-kutusu-obg0720\/\" \/>\n<meta property=\"og:locale\" content=\"en_US\" \/>\n<meta property=\"og:type\" content=\"article\" \/>\n<meta property=\"og:title\" content=\"Keypad Muhafaza Kutusu | \u015eifreli Kilit | ONLOI\" \/>\n<meta property=\"og:description\" content=\"Keypad muhafaza kutusu ile Onloi \u015fifreli kilitlerinizi koruyun. Dayan\u0131kl\u0131 tasar\u0131m ile g\u00fcvenli kullan\u0131m sa\u011flar.\" \/>\n<meta property=\"og:url\" content=\"https:\/\/onloi.com\/en\/product\/sifreli-kilit-keypad-muhafaza-kutusu-obg0720\/\" \/>\n<meta property=\"og:site_name\" content=\"Onloi\" \/>\n<meta property=\"article:modified_time\" content=\"2026-03-17T06:59:08+00:00\" \/>\n<meta property=\"og:image\" content=\"https:\/\/onloi.com\/wp-content\/uploads\/2025\/08\/7c3cd2c8-f377-4020-bef9-6bb3d77f7956.webp\" \/>\n\t<meta property=\"og:image:width\" content=\"384\" \/>\n\t<meta property=\"og:image:height\" content=\"430\" \/>\n\t<meta property=\"og:image:type\" content=\"image\/webp\" \/>\n<meta name=\"twitter:card\" content=\"summary_large_image\" \/>\n<meta name=\"twitter:label1\" content=\"Est. reading time\" \/>\n\t<meta name=\"twitter:data1\" content=\"1 minute\" \/>\n<script type=\"application\/ld+json\" class=\"yoast-schema-graph\">{\"@context\":\"https:\/\/schema.org\",\"@graph\":[{\"@type\":\"WebPage\",\"@id\":\"https:\/\/onloi.com\/urun\/sifreli-kilit-keypad-muhafaza-kutusu-obg0720\/\",\"url\":\"https:\/\/onloi.com\/urun\/sifreli-kilit-keypad-muhafaza-kutusu-obg0720\/\",\"name\":\"Keypad Muhafaza Kutusu | \u015eifreli Kilit | ONLOI\",\"isPartOf\":{\"@id\":\"https:\/\/onloi.com\/#website\"},\"primaryImageOfPage\":{\"@id\":\"https:\/\/onloi.com\/urun\/sifreli-kilit-keypad-muhafaza-kutusu-obg0720\/#primaryimage\"},\"image\":{\"@id\":\"https:\/\/onloi.com\/urun\/sifreli-kilit-keypad-muhafaza-kutusu-obg0720\/#primaryimage\"},\"thumbnailUrl\":\"https:\/\/onloi.com\/wp-content\/uploads\/2025\/08\/7c3cd2c8-f377-4020-bef9-6bb3d77f7956.webp\",\"datePublished\":\"2025-08-22T09:40:11+00:00\",\"dateModified\":\"2026-03-17T06:59:08+00:00\",\"description\":\"Keypad muhafaza kutusu ile Onloi \u015fifreli kilitlerinizi koruyun. Dayan\u0131kl\u0131 tasar\u0131m ile g\u00fcvenli kullan\u0131m sa\u011flar.\",\"breadcrumb\":{\"@id\":\"https:\/\/onloi.com\/urun\/sifreli-kilit-keypad-muhafaza-kutusu-obg0720\/#breadcrumb\"},\"inLanguage\":\"en-US\",\"potentialAction\":[{\"@type\":\"ReadAction\",\"target\":[\"https:\/\/onloi.com\/urun\/sifreli-kilit-keypad-muhafaza-kutusu-obg0720\/\"]}]},{\"@type\":\"ImageObject\",\"inLanguage\":\"en-US\",\"@id\":\"https:\/\/onloi.com\/urun\/sifreli-kilit-keypad-muhafaza-kutusu-obg0720\/#primaryimage\",\"url\":\"https:\/\/onloi.com\/wp-content\/uploads\/2025\/08\/7c3cd2c8-f377-4020-bef9-6bb3d77f7956.webp\",\"contentUrl\":\"https:\/\/onloi.com\/wp-content\/uploads\/2025\/08\/7c3cd2c8-f377-4020-bef9-6bb3d77f7956.webp\",\"width\":384,\"height\":430},{\"@type\":\"BreadcrumbList\",\"@id\":\"https:\/\/onloi.com\/urun\/sifreli-kilit-keypad-muhafaza-kutusu-obg0720\/#breadcrumb\",\"itemListElement\":[{\"@type\":\"ListItem\",\"position\":1,\"name\":\"Anasayfa\",\"item\":\"https:\/\/onloi.com\/\"},{\"@type\":\"ListItem\",\"position\":2,\"name\":\"Ma\u011faza\",\"item\":\"https:\/\/onloi.com\/magaza\/\"},{\"@type\":\"ListItem\",\"position\":3,\"name\":\"Keypad Muhafaza Kutusu\"}]},{\"@type\":\"WebSite\",\"@id\":\"https:\/\/onloi.com\/#website\",\"url\":\"https:\/\/onloi.com\/\",\"name\":\"Onloi\",\"description\":\"Onloi ile Ak\u0131ll\u0131 Ya\u015fam\u0131n Kilidini A\u00e7\u0131n\",\"potentialAction\":[{\"@type\":\"SearchAction\",\"target\":{\"@type\":\"EntryPoint\",\"urlTemplate\":\"https:\/\/onloi.com\/?s={search_term_string}\"},\"query-input\":{\"@type\":\"PropertyValueSpecification\",\"valueRequired\":true,\"valueName\":\"search_term_string\"}}],\"inLanguage\":\"en-US\"}]}<\/script>\n<!-- \/ Yoast SEO plugin. -->","yoast_head_json":{"title":"Keypad Muhafaza Kutusu | \u015eifreli Kilit | ONLOI","description":"Keypad muhafaza kutusu ile Onloi \u015fifreli kilitlerinizi koruyun. Dayan\u0131kl\u0131 tasar\u0131m ile g\u00fcvenli kullan\u0131m sa\u011flar.","robots":{"index":"index","follow":"follow","max-snippet":"max-snippet:-1","max-image-preview":"max-image-preview:large","max-video-preview":"max-video-preview:-1"},"canonical":"https:\/\/onloi.com\/en\/product\/sifreli-kilit-keypad-muhafaza-kutusu-obg0720\/","og_locale":"en_US","og_type":"article","og_title":"Keypad Muhafaza Kutusu | \u015eifreli Kilit | ONLOI","og_description":"Keypad muhafaza kutusu ile Onloi \u015fifreli kilitlerinizi koruyun. Dayan\u0131kl\u0131 tasar\u0131m ile g\u00fcvenli kullan\u0131m sa\u011flar.","og_url":"https:\/\/onloi.com\/en\/product\/sifreli-kilit-keypad-muhafaza-kutusu-obg0720\/","og_site_name":"Onloi","article_modified_time":"2026-03-17T06:59:08+00:00","og_image":[{"width":384,"height":430,"url":"https:\/\/onloi.com\/wp-content\/uploads\/2025\/08\/7c3cd2c8-f377-4020-bef9-6bb3d77f7956.webp","type":"image\/webp"}],"twitter_card":"summary_large_image","twitter_misc":{"Est. reading time":"1 minute"},"schema":{"@context":"https:\/\/schema.org","@graph":[{"@type":"WebPage","@id":"https:\/\/onloi.com\/urun\/sifreli-kilit-keypad-muhafaza-kutusu-obg0720\/","url":"https:\/\/onloi.com\/urun\/sifreli-kilit-keypad-muhafaza-kutusu-obg0720\/","name":"Keypad Muhafaza Kutusu | \u015eifreli Kilit | ONLOI","isPartOf":{"@id":"https:\/\/onloi.com\/#website"},"primaryImageOfPage":{"@id":"https:\/\/onloi.com\/urun\/sifreli-kilit-keypad-muhafaza-kutusu-obg0720\/#primaryimage"},"image":{"@id":"https:\/\/onloi.com\/urun\/sifreli-kilit-keypad-muhafaza-kutusu-obg0720\/#primaryimage"},"thumbnailUrl":"https:\/\/onloi.com\/wp-content\/uploads\/2025\/08\/7c3cd2c8-f377-4020-bef9-6bb3d77f7956.webp","datePublished":"2025-08-22T09:40:11+00:00","dateModified":"2026-03-17T06:59:08+00:00","description":"Keypad muhafaza kutusu ile Onloi \u015fifreli kilitlerinizi koruyun. Dayan\u0131kl\u0131 tasar\u0131m ile g\u00fcvenli kullan\u0131m sa\u011flar.","breadcrumb":{"@id":"https:\/\/onloi.com\/urun\/sifreli-kilit-keypad-muhafaza-kutusu-obg0720\/#breadcrumb"},"inLanguage":"en-US","potentialAction":[{"@type":"ReadAction","target":["https:\/\/onloi.com\/urun\/sifreli-kilit-keypad-muhafaza-kutusu-obg0720\/"]}]},{"@type":"ImageObject","inLanguage":"en-US","@id":"https:\/\/onloi.com\/urun\/sifreli-kilit-keypad-muhafaza-kutusu-obg0720\/#primaryimage","url":"https:\/\/onloi.com\/wp-content\/uploads\/2025\/08\/7c3cd2c8-f377-4020-bef9-6bb3d77f7956.webp","contentUrl":"https:\/\/onloi.com\/wp-content\/uploads\/2025\/08\/7c3cd2c8-f377-4020-bef9-6bb3d77f7956.webp","width":384,"height":430},{"@type":"BreadcrumbList","@id":"https:\/\/onloi.com\/urun\/sifreli-kilit-keypad-muhafaza-kutusu-obg0720\/#breadcrumb","itemListElement":[{"@type":"ListItem","position":1,"name":"Anasayfa","item":"https:\/\/onloi.com\/"},{"@type":"ListItem","position":2,"name":"Ma\u011faza","item":"https:\/\/onloi.com\/magaza\/"},{"@type":"ListItem","position":3,"name":"Keypad Muhafaza Kutusu"}]},{"@type":"WebSite","@id":"https:\/\/onloi.com\/#website","url":"https:\/\/onloi.com\/","name":"Onloi","description":"Unlock Smart Living with Onloi","potentialAction":[{"@type":"SearchAction","target":{"@type":"EntryPoint","urlTemplate":"https:\/\/onloi.com\/?s={search_term_string}"},"query-input":{"@type":"PropertyValueSpecification","valueRequired":true,"valueName":"search_term_string"}}],"inLanguage":"en-US"}]}},"_links":{"self":[{"href":"https:\/\/onloi.com\/en\/wp-json\/wp\/v2\/product\/823","targetHints":{"allow":["GET"]}}],"collection":[{"href":"https:\/\/onloi.com\/en\/wp-json\/wp\/v2\/product"}],"about":[{"href":"https:\/\/onloi.com\/en\/wp-json\/wp\/v2\/types\/product"}],"wp:featuredmedia":[{"embeddable":true,"href":"https:\/\/onloi.com\/en\/wp-json\/wp\/v2\/media\/827"}],"wp:attachment":[{"href":"https:\/\/onloi.com\/en\/wp-json\/wp\/v2\/media?parent=823"}],"wp:term":[{"taxonomy":"product_brand","embeddable":true,"href":"https:\/\/onloi.com\/en\/wp-json\/wp\/v2\/product_brand?post=823"},{"taxonomy":"product_cat","embeddable":true,"href":"https:\/\/onloi.com\/en\/wp-json\/wp\/v2\/product_cat?post=823"},{"taxonomy":"product_tag","embeddable":true,"href":"https:\/\/onloi.com\/en\/wp-json\/wp\/v2\/product_tag?post=823"}],"curies":[{"name":"wp","href":"https:\/\/api.w.org\/{rel}","templated":true}]}}