{"id":819,"date":"2025-08-22T12:38:57","date_gmt":"2025-08-22T09:38:57","guid":{"rendered":"https:\/\/onloi.medicomyazilim.com\/?post_type=product&#038;p=819"},"modified":"2026-01-19T09:53:59","modified_gmt":"2026-01-19T06:53:59","slug":"bluetooth-wifi-akilli-tuya-gateway-obg0710","status":"publish","type":"product","link":"https:\/\/onloi.com\/en\/product\/bluetooth-wifi-akilli-tuya-gateway-obg0710\/","title":{"rendered":"Bluetooth\/Wifi Smart Tuya Gateway"},"content":{"rendered":"<p>&nbsp;<\/p>\n<table class=\"spec-table\">\n<tbody>\n<tr>\n<th>Feature<\/th>\n<th>Description<\/th>\n<\/tr>\n<tr>\n<td>Communication Protocols<\/td>\n<td>Bluetooth \/ Wi-Fi (2.4GHz)\/ Zigbee 3.0<\/td>\n<\/tr>\n<tr>\n<td>Number of Devices Supported<\/td>\n<td>Maximum 128 devices<\/td>\n<\/tr>\n<tr>\n<td>Product Size<\/td>\n<td>60 mm \u00d7 60 mm \u00d7 15 mm<\/td>\n<\/tr>\n<tr>\n<td>Working Conditions<\/td>\n<td>-10\u00b0C ~ +50\u00b0C<\/td>\n<\/tr>\n<tr>\n<td>Feeding<\/td>\n<td>5V 1A Type-C input<\/td>\n<\/tr>\n<tr>\n<td>Guarantee<\/td>\n<td>2 Years<\/td>\n<\/tr>\n<\/tbody>\n<\/table>\n\n    <div class=\"xs_social_share_widget xs_share_url after_content \t\tmain_content  wslu-style-1 wslu-share-box-shaped wslu-fill-colored wslu-none wslu-share-horizontal wslu-theme-font-no wslu-main_content\">\n\n\t\t\n        <ul>\n\t\t\t        <\/ul>\n    <\/div>","protected":false},"excerpt":{"rendered":"<div class=\"product-short-description\">\n<h4 class=\"psd-title\">Smart Hub - Control All Your Devices from a Single Point<\/h4>\n<ul>\n<li data-start=\"74\" data-end=\"210\">\n<p data-start=\"76\" data-end=\"210\">It is a compact smart hub that centralizes your home automation system, allowing you to easily control your Tuya-powered devices.<\/p>\n<\/li>\n<li data-start=\"211\" data-end=\"289\">\n<p data-start=\"213\" data-end=\"289\">Bluetooth and Wi-Fi support allows up to 128 devices to connect.<\/p>\n<\/li>\n<li data-start=\"290\" data-end=\"425\">\n<p data-start=\"292\" data-end=\"425\">It works with Google Home, Alexa, Android and iOS platforms, allowing you to manage your smart home anytime, anywhere.<\/p>\n<\/li>\n<li data-start=\"426\" data-end=\"569\">\n<p data-start=\"428\" data-end=\"569\">It provides coverage of up to 70 meters in an unobstructed environment for Zigbee and 7-80 meters for Bluetooth, depending on ambient conditions.<\/p>\n<\/li>\n<li data-start=\"570\" data-end=\"640\">\n<p data-start=\"572\" data-end=\"640\">Wi-Fi range can reach about 50 meters in an unobstructed environment.<\/p>\n<\/li>\n<\/ul>\n<\/div>","protected":false},"featured_media":821,"template":"","meta":{"postBodyCss":"","postBodyMargin":[],"postBodyPadding":[],"postBodyBackground":{"backgroundType":"classic","gradient":""}},"product_brand":[],"product_cat":[26,41,46],"product_tag":[],"class_list":{"0":"post-819","1":"product","2":"type-product","3":"status-publish","4":"has-post-thumbnail","6":"product_cat-onloi-akilli-teknoloji-urunleri","7":"product_cat-guvenlik-donanimlari","8":"product_cat-yardimci-urunler","10":"first","11":"instock","12":"shipping-taxable","13":"product-type-simple"},"yoast_head":"<!-- This site is optimized with the Yoast SEO plugin v26.6 - https:\/\/yoast.com\/wordpress\/plugins\/seo\/ -->\n<title>Tuya Gateway | Bluetooth ve WiFi Ak\u0131ll\u0131 Kontrol | ONLOI<\/title>\n<meta name=\"description\" content=\"Bluetooth\/WiFi destekli Tuya gateway ile Onloi IoT sistemlerinizi kolayca ba\u011flay\u0131n ve y\u00f6netin.\" \/>\n<meta name=\"robots\" content=\"index, follow, max-snippet:-1, max-image-preview:large, max-video-preview:-1\" \/>\n<link rel=\"canonical\" href=\"https:\/\/onloi.com\/en\/product\/bluetooth-wifi-akilli-tuya-gateway-obg0710\/\" \/>\n<meta property=\"og:locale\" content=\"en_US\" \/>\n<meta property=\"og:type\" content=\"article\" \/>\n<meta property=\"og:title\" content=\"Tuya Gateway | Bluetooth ve WiFi Ak\u0131ll\u0131 Kontrol | ONLOI\" \/>\n<meta property=\"og:description\" content=\"Bluetooth\/WiFi destekli Tuya gateway ile Onloi IoT sistemlerinizi kolayca ba\u011flay\u0131n ve y\u00f6netin.\" \/>\n<meta property=\"og:url\" content=\"https:\/\/onloi.com\/en\/product\/bluetooth-wifi-akilli-tuya-gateway-obg0710\/\" \/>\n<meta property=\"og:site_name\" content=\"Onloi\" \/>\n<meta property=\"article:modified_time\" content=\"2026-01-19T06:53:59+00:00\" \/>\n<meta property=\"og:image\" content=\"https:\/\/onloi.com\/wp-content\/uploads\/2025\/08\/product602.webp\" \/>\n\t<meta property=\"og:image:width\" content=\"1080\" \/>\n\t<meta property=\"og:image:height\" content=\"1080\" \/>\n\t<meta property=\"og:image:type\" content=\"image\/webp\" \/>\n<meta name=\"twitter:card\" content=\"summary_large_image\" \/>\n<meta name=\"twitter:label1\" content=\"Est. reading time\" \/>\n\t<meta name=\"twitter:data1\" content=\"1 minute\" \/>\n<script type=\"application\/ld+json\" class=\"yoast-schema-graph\">{\"@context\":\"https:\/\/schema.org\",\"@graph\":[{\"@type\":\"WebPage\",\"@id\":\"https:\/\/onloi.com\/urun\/bluetooth-wifi-akilli-tuya-gateway-obg0710\/\",\"url\":\"https:\/\/onloi.com\/urun\/bluetooth-wifi-akilli-tuya-gateway-obg0710\/\",\"name\":\"Tuya Gateway | Bluetooth ve WiFi Ak\u0131ll\u0131 Kontrol | ONLOI\",\"isPartOf\":{\"@id\":\"https:\/\/onloi.com\/#website\"},\"primaryImageOfPage\":{\"@id\":\"https:\/\/onloi.com\/urun\/bluetooth-wifi-akilli-tuya-gateway-obg0710\/#primaryimage\"},\"image\":{\"@id\":\"https:\/\/onloi.com\/urun\/bluetooth-wifi-akilli-tuya-gateway-obg0710\/#primaryimage\"},\"thumbnailUrl\":\"https:\/\/onloi.com\/wp-content\/uploads\/2025\/08\/product602.webp\",\"datePublished\":\"2025-08-22T09:38:57+00:00\",\"dateModified\":\"2026-01-19T06:53:59+00:00\",\"description\":\"Bluetooth\/WiFi destekli Tuya gateway ile Onloi IoT sistemlerinizi kolayca ba\u011flay\u0131n ve y\u00f6netin.\",\"breadcrumb\":{\"@id\":\"https:\/\/onloi.com\/urun\/bluetooth-wifi-akilli-tuya-gateway-obg0710\/#breadcrumb\"},\"inLanguage\":\"en-US\",\"potentialAction\":[{\"@type\":\"ReadAction\",\"target\":[\"https:\/\/onloi.com\/urun\/bluetooth-wifi-akilli-tuya-gateway-obg0710\/\"]}]},{\"@type\":\"ImageObject\",\"inLanguage\":\"en-US\",\"@id\":\"https:\/\/onloi.com\/urun\/bluetooth-wifi-akilli-tuya-gateway-obg0710\/#primaryimage\",\"url\":\"https:\/\/onloi.com\/wp-content\/uploads\/2025\/08\/product602.webp\",\"contentUrl\":\"https:\/\/onloi.com\/wp-content\/uploads\/2025\/08\/product602.webp\",\"width\":1080,\"height\":1080},{\"@type\":\"BreadcrumbList\",\"@id\":\"https:\/\/onloi.com\/urun\/bluetooth-wifi-akilli-tuya-gateway-obg0710\/#breadcrumb\",\"itemListElement\":[{\"@type\":\"ListItem\",\"position\":1,\"name\":\"Anasayfa\",\"item\":\"https:\/\/onloi.com\/\"},{\"@type\":\"ListItem\",\"position\":2,\"name\":\"Ma\u011faza\",\"item\":\"https:\/\/onloi.com\/magaza\/\"},{\"@type\":\"ListItem\",\"position\":3,\"name\":\"Bluetooth\/Wifi Ak\u0131ll\u0131 Tuya Gateway\"}]},{\"@type\":\"WebSite\",\"@id\":\"https:\/\/onloi.com\/#website\",\"url\":\"https:\/\/onloi.com\/\",\"name\":\"Onloi\",\"description\":\"Onloi ile Ak\u0131ll\u0131 Ya\u015fam\u0131n Kilidini A\u00e7\u0131n\",\"potentialAction\":[{\"@type\":\"SearchAction\",\"target\":{\"@type\":\"EntryPoint\",\"urlTemplate\":\"https:\/\/onloi.com\/?s={search_term_string}\"},\"query-input\":{\"@type\":\"PropertyValueSpecification\",\"valueRequired\":true,\"valueName\":\"search_term_string\"}}],\"inLanguage\":\"en-US\"}]}<\/script>\n<!-- \/ Yoast SEO plugin. -->","yoast_head_json":{"title":"Tuya Gateway | Bluetooth ve WiFi Ak\u0131ll\u0131 Kontrol | ONLOI","description":"Bluetooth\/WiFi destekli Tuya gateway ile Onloi IoT sistemlerinizi kolayca ba\u011flay\u0131n ve y\u00f6netin.","robots":{"index":"index","follow":"follow","max-snippet":"max-snippet:-1","max-image-preview":"max-image-preview:large","max-video-preview":"max-video-preview:-1"},"canonical":"https:\/\/onloi.com\/en\/product\/bluetooth-wifi-akilli-tuya-gateway-obg0710\/","og_locale":"en_US","og_type":"article","og_title":"Tuya Gateway | Bluetooth ve WiFi Ak\u0131ll\u0131 Kontrol | ONLOI","og_description":"Bluetooth\/WiFi destekli Tuya gateway ile Onloi IoT sistemlerinizi kolayca ba\u011flay\u0131n ve y\u00f6netin.","og_url":"https:\/\/onloi.com\/en\/product\/bluetooth-wifi-akilli-tuya-gateway-obg0710\/","og_site_name":"Onloi","article_modified_time":"2026-01-19T06:53:59+00:00","og_image":[{"width":1080,"height":1080,"url":"https:\/\/onloi.com\/wp-content\/uploads\/2025\/08\/product602.webp","type":"image\/webp"}],"twitter_card":"summary_large_image","twitter_misc":{"Est. reading time":"1 minute"},"schema":{"@context":"https:\/\/schema.org","@graph":[{"@type":"WebPage","@id":"https:\/\/onloi.com\/urun\/bluetooth-wifi-akilli-tuya-gateway-obg0710\/","url":"https:\/\/onloi.com\/urun\/bluetooth-wifi-akilli-tuya-gateway-obg0710\/","name":"Tuya Gateway | Bluetooth ve WiFi Ak\u0131ll\u0131 Kontrol | ONLOI","isPartOf":{"@id":"https:\/\/onloi.com\/#website"},"primaryImageOfPage":{"@id":"https:\/\/onloi.com\/urun\/bluetooth-wifi-akilli-tuya-gateway-obg0710\/#primaryimage"},"image":{"@id":"https:\/\/onloi.com\/urun\/bluetooth-wifi-akilli-tuya-gateway-obg0710\/#primaryimage"},"thumbnailUrl":"https:\/\/onloi.com\/wp-content\/uploads\/2025\/08\/product602.webp","datePublished":"2025-08-22T09:38:57+00:00","dateModified":"2026-01-19T06:53:59+00:00","description":"Bluetooth\/WiFi destekli Tuya gateway ile Onloi IoT sistemlerinizi kolayca ba\u011flay\u0131n ve y\u00f6netin.","breadcrumb":{"@id":"https:\/\/onloi.com\/urun\/bluetooth-wifi-akilli-tuya-gateway-obg0710\/#breadcrumb"},"inLanguage":"en-US","potentialAction":[{"@type":"ReadAction","target":["https:\/\/onloi.com\/urun\/bluetooth-wifi-akilli-tuya-gateway-obg0710\/"]}]},{"@type":"ImageObject","inLanguage":"en-US","@id":"https:\/\/onloi.com\/urun\/bluetooth-wifi-akilli-tuya-gateway-obg0710\/#primaryimage","url":"https:\/\/onloi.com\/wp-content\/uploads\/2025\/08\/product602.webp","contentUrl":"https:\/\/onloi.com\/wp-content\/uploads\/2025\/08\/product602.webp","width":1080,"height":1080},{"@type":"BreadcrumbList","@id":"https:\/\/onloi.com\/urun\/bluetooth-wifi-akilli-tuya-gateway-obg0710\/#breadcrumb","itemListElement":[{"@type":"ListItem","position":1,"name":"Anasayfa","item":"https:\/\/onloi.com\/"},{"@type":"ListItem","position":2,"name":"Ma\u011faza","item":"https:\/\/onloi.com\/magaza\/"},{"@type":"ListItem","position":3,"name":"Bluetooth\/Wifi Ak\u0131ll\u0131 Tuya Gateway"}]},{"@type":"WebSite","@id":"https:\/\/onloi.com\/#website","url":"https:\/\/onloi.com\/","name":"Onloi","description":"Unlock Smart Living with Onloi","potentialAction":[{"@type":"SearchAction","target":{"@type":"EntryPoint","urlTemplate":"https:\/\/onloi.com\/?s={search_term_string}"},"query-input":{"@type":"PropertyValueSpecification","valueRequired":true,"valueName":"search_term_string"}}],"inLanguage":"en-US"}]}},"_links":{"self":[{"href":"https:\/\/onloi.com\/en\/wp-json\/wp\/v2\/product\/819","targetHints":{"allow":["GET"]}}],"collection":[{"href":"https:\/\/onloi.com\/en\/wp-json\/wp\/v2\/product"}],"about":[{"href":"https:\/\/onloi.com\/en\/wp-json\/wp\/v2\/types\/product"}],"wp:featuredmedia":[{"embeddable":true,"href":"https:\/\/onloi.com\/en\/wp-json\/wp\/v2\/media\/821"}],"wp:attachment":[{"href":"https:\/\/onloi.com\/en\/wp-json\/wp\/v2\/media?parent=819"}],"wp:term":[{"taxonomy":"product_brand","embeddable":true,"href":"https:\/\/onloi.com\/en\/wp-json\/wp\/v2\/product_brand?post=819"},{"taxonomy":"product_cat","embeddable":true,"href":"https:\/\/onloi.com\/en\/wp-json\/wp\/v2\/product_cat?post=819"},{"taxonomy":"product_tag","embeddable":true,"href":"https:\/\/onloi.com\/en\/wp-json\/wp\/v2\/product_tag?post=819"}],"curies":[{"name":"wp","href":"https:\/\/api.w.org\/{rel}","templated":true}]}}