{"id":806,"date":"2025-08-22T12:31:11","date_gmt":"2025-08-22T09:31:11","guid":{"rendered":"https:\/\/onloi.medicomyazilim.com\/?post_type=product&#038;p=806"},"modified":"2026-02-20T15:36:22","modified_gmt":"2026-02-20T12:36:22","slug":"standalone-parmak-izi-ve-kart-okuyucu-obg0112","status":"publish","type":"product","link":"https:\/\/onloi.com\/en\/product\/standalone-parmak-izi-ve-kart-okuyucu-obg0112\/","title":{"rendered":"Standalone Fingerprint And Card Reader"},"content":{"rendered":"<p>&nbsp;<\/p>\n<table class=\"spec-table\">\n<tbody>\n<tr>\n<th>Feature<\/th>\n<th>Description<\/th>\n<\/tr>\n<tr>\n<td>User Capacity<\/td>\n<td>1000 users<\/td>\n<\/tr>\n<tr>\n<td>Product Size<\/td>\n<td>173 x 129 x 28 mm<\/td>\n<\/tr>\n<tr>\n<td>Relay<\/td>\n<td>No<\/td>\n<\/tr>\n<tr>\n<td>Access Mode<\/td>\n<td>Fingerprint, Password, Card<\/td>\n<\/tr>\n<tr>\n<td>Color<\/td>\n<td>Black<\/td>\n<\/tr>\n<tr>\n<td>Contact<\/td>\n<td>Data transfer via USB<\/td>\n<\/tr>\n<tr>\n<td>Power<\/td>\n<td>12V 2A<\/td>\n<\/tr>\n<tr>\n<td>Guarantee<\/td>\n<td>2 Years<\/td>\n<\/tr>\n<\/tbody>\n<\/table>\n\n    <div class=\"xs_social_share_widget xs_share_url after_content \t\tmain_content  wslu-style-1 wslu-share-box-shaped wslu-fill-colored wslu-none wslu-share-horizontal wslu-theme-font-no wslu-main_content\">\n\n\t\t\n        <ul>\n\t\t\t        <\/ul>\n    <\/div>","protected":false},"excerpt":{"rendered":"<div class=\"product-short-description\">\n<h4 class=\"psd-title\">Fingerprint and Card Access Control - Maximum Independence<\/h4>\n<ul>\n<li data-start=\"61\" data-end=\"197\">\n<p data-start=\"63\" data-end=\"197\">It offers effective solutions in all indoor applications that require security with its independent working structure and high user capacity.<\/p>\n<\/li>\n<li data-start=\"198\" data-end=\"237\">\n<p data-start=\"200\" data-end=\"237\">Provides easy data transfer via USB.<\/p>\n<\/li>\n<li data-start=\"238\" data-end=\"332\">\n<p data-start=\"240\" data-end=\"332\">Diversifies access options with fingerprint reader, password and staff card support.<\/p>\n<\/li>\n<li data-start=\"333\" data-end=\"457\" data-is-last-node=\"\">\n<p data-start=\"335\" data-end=\"457\" data-is-last-node=\"\">Thanks to its compact design, it is a preferred device in areas such as offices, warehouse entrances and personnel tracking systems.<\/p>\n<\/li>\n<\/ul>\n<\/div>","protected":false},"featured_media":810,"template":"","meta":{"postBodyCss":"","postBodyMargin":[],"postBodyPadding":[],"postBodyBackground":{"backgroundType":"classic","gradient":""}},"product_brand":[],"product_cat":[26,38,36],"product_tag":[],"class_list":{"0":"post-806","1":"product","2":"type-product","3":"status-publish","4":"has-post-thumbnail","6":"product_cat-onloi-akilli-teknoloji-urunleri","7":"product_cat-akilli-diafonlar","8":"product_cat-erisim-kontrol-cihazlari","10":"first","11":"instock","12":"shipping-taxable","13":"product-type-simple"},"yoast_head":"<!-- This site is optimized with the Yoast SEO plugin v26.6 - https:\/\/yoast.com\/wordpress\/plugins\/seo\/ -->\n<title>Standalone Parmak \u0130zi ve Kart Okuyucu | ONLOI<\/title>\n<meta name=\"description\" content=\"Parmak izi ve kart okuyucu ile Onloi g\u00fcvenli\u011fini art\u0131r\u0131n. Ba\u011f\u0131ms\u0131z \u00e7al\u0131\u015fan sistem ile h\u0131zl\u0131 ve g\u00fcvenli eri\u015fim sa\u011flay\u0131n.\" \/>\n<meta name=\"robots\" content=\"index, follow, max-snippet:-1, max-image-preview:large, max-video-preview:-1\" \/>\n<link rel=\"canonical\" href=\"https:\/\/onloi.com\/en\/product\/standalone-parmak-izi-ve-kart-okuyucu-obg0112\/\" \/>\n<meta property=\"og:locale\" content=\"en_US\" \/>\n<meta property=\"og:type\" content=\"article\" \/>\n<meta property=\"og:title\" content=\"Standalone Parmak \u0130zi ve Kart Okuyucu | ONLOI\" \/>\n<meta property=\"og:description\" content=\"Parmak izi ve kart okuyucu ile Onloi g\u00fcvenli\u011fini art\u0131r\u0131n. Ba\u011f\u0131ms\u0131z \u00e7al\u0131\u015fan sistem ile h\u0131zl\u0131 ve g\u00fcvenli eri\u015fim sa\u011flay\u0131n.\" \/>\n<meta property=\"og:url\" content=\"https:\/\/onloi.com\/en\/product\/standalone-parmak-izi-ve-kart-okuyucu-obg0112\/\" \/>\n<meta property=\"og:site_name\" content=\"Onloi\" \/>\n<meta property=\"article:modified_time\" content=\"2026-02-20T12:36:22+00:00\" \/>\n<meta property=\"og:image\" content=\"https:\/\/onloi.com\/wp-content\/uploads\/2025\/08\/1-org-zoom.webp\" \/>\n\t<meta property=\"og:image:width\" content=\"613\" \/>\n\t<meta property=\"og:image:height\" content=\"920\" \/>\n\t<meta property=\"og:image:type\" content=\"image\/webp\" \/>\n<meta name=\"twitter:card\" content=\"summary_large_image\" \/>\n<meta name=\"twitter:label1\" content=\"Est. reading time\" \/>\n\t<meta name=\"twitter:data1\" content=\"1 minute\" \/>\n<script type=\"application\/ld+json\" class=\"yoast-schema-graph\">{\"@context\":\"https:\/\/schema.org\",\"@graph\":[{\"@type\":\"WebPage\",\"@id\":\"https:\/\/onloi.com\/urun\/standalone-parmak-izi-ve-kart-okuyucu-obg0112\/\",\"url\":\"https:\/\/onloi.com\/urun\/standalone-parmak-izi-ve-kart-okuyucu-obg0112\/\",\"name\":\"Standalone Parmak \u0130zi ve Kart Okuyucu | ONLOI\",\"isPartOf\":{\"@id\":\"https:\/\/onloi.com\/#website\"},\"primaryImageOfPage\":{\"@id\":\"https:\/\/onloi.com\/urun\/standalone-parmak-izi-ve-kart-okuyucu-obg0112\/#primaryimage\"},\"image\":{\"@id\":\"https:\/\/onloi.com\/urun\/standalone-parmak-izi-ve-kart-okuyucu-obg0112\/#primaryimage\"},\"thumbnailUrl\":\"https:\/\/onloi.com\/wp-content\/uploads\/2025\/08\/1-org-zoom.webp\",\"datePublished\":\"2025-08-22T09:31:11+00:00\",\"dateModified\":\"2026-02-20T12:36:22+00:00\",\"description\":\"Parmak izi ve kart okuyucu ile Onloi g\u00fcvenli\u011fini art\u0131r\u0131n. Ba\u011f\u0131ms\u0131z \u00e7al\u0131\u015fan sistem ile h\u0131zl\u0131 ve g\u00fcvenli eri\u015fim sa\u011flay\u0131n.\",\"breadcrumb\":{\"@id\":\"https:\/\/onloi.com\/urun\/standalone-parmak-izi-ve-kart-okuyucu-obg0112\/#breadcrumb\"},\"inLanguage\":\"en-US\",\"potentialAction\":[{\"@type\":\"ReadAction\",\"target\":[\"https:\/\/onloi.com\/urun\/standalone-parmak-izi-ve-kart-okuyucu-obg0112\/\"]}]},{\"@type\":\"ImageObject\",\"inLanguage\":\"en-US\",\"@id\":\"https:\/\/onloi.com\/urun\/standalone-parmak-izi-ve-kart-okuyucu-obg0112\/#primaryimage\",\"url\":\"https:\/\/onloi.com\/wp-content\/uploads\/2025\/08\/1-org-zoom.webp\",\"contentUrl\":\"https:\/\/onloi.com\/wp-content\/uploads\/2025\/08\/1-org-zoom.webp\",\"width\":613,\"height\":920},{\"@type\":\"BreadcrumbList\",\"@id\":\"https:\/\/onloi.com\/urun\/standalone-parmak-izi-ve-kart-okuyucu-obg0112\/#breadcrumb\",\"itemListElement\":[{\"@type\":\"ListItem\",\"position\":1,\"name\":\"Anasayfa\",\"item\":\"https:\/\/onloi.com\/\"},{\"@type\":\"ListItem\",\"position\":2,\"name\":\"Ma\u011faza\",\"item\":\"https:\/\/onloi.com\/magaza\/\"},{\"@type\":\"ListItem\",\"position\":3,\"name\":\"Standalone Parmak Izi Ve Kart Okuyucu\"}]},{\"@type\":\"WebSite\",\"@id\":\"https:\/\/onloi.com\/#website\",\"url\":\"https:\/\/onloi.com\/\",\"name\":\"Onloi\",\"description\":\"Onloi ile Ak\u0131ll\u0131 Ya\u015fam\u0131n Kilidini A\u00e7\u0131n\",\"potentialAction\":[{\"@type\":\"SearchAction\",\"target\":{\"@type\":\"EntryPoint\",\"urlTemplate\":\"https:\/\/onloi.com\/?s={search_term_string}\"},\"query-input\":{\"@type\":\"PropertyValueSpecification\",\"valueRequired\":true,\"valueName\":\"search_term_string\"}}],\"inLanguage\":\"en-US\"}]}<\/script>\n<!-- \/ Yoast SEO plugin. -->","yoast_head_json":{"title":"Standalone Parmak \u0130zi ve Kart Okuyucu | ONLOI","description":"Parmak izi ve kart okuyucu ile Onloi g\u00fcvenli\u011fini art\u0131r\u0131n. Ba\u011f\u0131ms\u0131z \u00e7al\u0131\u015fan sistem ile h\u0131zl\u0131 ve g\u00fcvenli eri\u015fim sa\u011flay\u0131n.","robots":{"index":"index","follow":"follow","max-snippet":"max-snippet:-1","max-image-preview":"max-image-preview:large","max-video-preview":"max-video-preview:-1"},"canonical":"https:\/\/onloi.com\/en\/product\/standalone-parmak-izi-ve-kart-okuyucu-obg0112\/","og_locale":"en_US","og_type":"article","og_title":"Standalone Parmak \u0130zi ve Kart Okuyucu | ONLOI","og_description":"Parmak izi ve kart okuyucu ile Onloi g\u00fcvenli\u011fini art\u0131r\u0131n. Ba\u011f\u0131ms\u0131z \u00e7al\u0131\u015fan sistem ile h\u0131zl\u0131 ve g\u00fcvenli eri\u015fim sa\u011flay\u0131n.","og_url":"https:\/\/onloi.com\/en\/product\/standalone-parmak-izi-ve-kart-okuyucu-obg0112\/","og_site_name":"Onloi","article_modified_time":"2026-02-20T12:36:22+00:00","og_image":[{"width":613,"height":920,"url":"https:\/\/onloi.com\/wp-content\/uploads\/2025\/08\/1-org-zoom.webp","type":"image\/webp"}],"twitter_card":"summary_large_image","twitter_misc":{"Est. reading time":"1 minute"},"schema":{"@context":"https:\/\/schema.org","@graph":[{"@type":"WebPage","@id":"https:\/\/onloi.com\/urun\/standalone-parmak-izi-ve-kart-okuyucu-obg0112\/","url":"https:\/\/onloi.com\/urun\/standalone-parmak-izi-ve-kart-okuyucu-obg0112\/","name":"Standalone Parmak \u0130zi ve Kart Okuyucu | ONLOI","isPartOf":{"@id":"https:\/\/onloi.com\/#website"},"primaryImageOfPage":{"@id":"https:\/\/onloi.com\/urun\/standalone-parmak-izi-ve-kart-okuyucu-obg0112\/#primaryimage"},"image":{"@id":"https:\/\/onloi.com\/urun\/standalone-parmak-izi-ve-kart-okuyucu-obg0112\/#primaryimage"},"thumbnailUrl":"https:\/\/onloi.com\/wp-content\/uploads\/2025\/08\/1-org-zoom.webp","datePublished":"2025-08-22T09:31:11+00:00","dateModified":"2026-02-20T12:36:22+00:00","description":"Parmak izi ve kart okuyucu ile Onloi g\u00fcvenli\u011fini art\u0131r\u0131n. Ba\u011f\u0131ms\u0131z \u00e7al\u0131\u015fan sistem ile h\u0131zl\u0131 ve g\u00fcvenli eri\u015fim sa\u011flay\u0131n.","breadcrumb":{"@id":"https:\/\/onloi.com\/urun\/standalone-parmak-izi-ve-kart-okuyucu-obg0112\/#breadcrumb"},"inLanguage":"en-US","potentialAction":[{"@type":"ReadAction","target":["https:\/\/onloi.com\/urun\/standalone-parmak-izi-ve-kart-okuyucu-obg0112\/"]}]},{"@type":"ImageObject","inLanguage":"en-US","@id":"https:\/\/onloi.com\/urun\/standalone-parmak-izi-ve-kart-okuyucu-obg0112\/#primaryimage","url":"https:\/\/onloi.com\/wp-content\/uploads\/2025\/08\/1-org-zoom.webp","contentUrl":"https:\/\/onloi.com\/wp-content\/uploads\/2025\/08\/1-org-zoom.webp","width":613,"height":920},{"@type":"BreadcrumbList","@id":"https:\/\/onloi.com\/urun\/standalone-parmak-izi-ve-kart-okuyucu-obg0112\/#breadcrumb","itemListElement":[{"@type":"ListItem","position":1,"name":"Anasayfa","item":"https:\/\/onloi.com\/"},{"@type":"ListItem","position":2,"name":"Ma\u011faza","item":"https:\/\/onloi.com\/magaza\/"},{"@type":"ListItem","position":3,"name":"Standalone Parmak Izi Ve Kart Okuyucu"}]},{"@type":"WebSite","@id":"https:\/\/onloi.com\/#website","url":"https:\/\/onloi.com\/","name":"Onloi","description":"Unlock Smart Living with Onloi","potentialAction":[{"@type":"SearchAction","target":{"@type":"EntryPoint","urlTemplate":"https:\/\/onloi.com\/?s={search_term_string}"},"query-input":{"@type":"PropertyValueSpecification","valueRequired":true,"valueName":"search_term_string"}}],"inLanguage":"en-US"}]}},"_links":{"self":[{"href":"https:\/\/onloi.com\/en\/wp-json\/wp\/v2\/product\/806","targetHints":{"allow":["GET"]}}],"collection":[{"href":"https:\/\/onloi.com\/en\/wp-json\/wp\/v2\/product"}],"about":[{"href":"https:\/\/onloi.com\/en\/wp-json\/wp\/v2\/types\/product"}],"wp:featuredmedia":[{"embeddable":true,"href":"https:\/\/onloi.com\/en\/wp-json\/wp\/v2\/media\/810"}],"wp:attachment":[{"href":"https:\/\/onloi.com\/en\/wp-json\/wp\/v2\/media?parent=806"}],"wp:term":[{"taxonomy":"product_brand","embeddable":true,"href":"https:\/\/onloi.com\/en\/wp-json\/wp\/v2\/product_brand?post=806"},{"taxonomy":"product_cat","embeddable":true,"href":"https:\/\/onloi.com\/en\/wp-json\/wp\/v2\/product_cat?post=806"},{"taxonomy":"product_tag","embeddable":true,"href":"https:\/\/onloi.com\/en\/wp-json\/wp\/v2\/product_tag?post=806"}],"curies":[{"name":"wp","href":"https:\/\/api.w.org\/{rel}","templated":true}]}}