{"id":797,"date":"2025-08-22T12:28:33","date_gmt":"2025-08-22T09:28:33","guid":{"rendered":"https:\/\/onloi.medicomyazilim.com\/?post_type=product&#038;p=797"},"modified":"2026-03-17T10:05:26","modified_gmt":"2026-03-17T07:05:26","slug":"mobil-uygulamali-wifi-pir-hareket-sensoru-obg0611","status":"publish","type":"product","link":"https:\/\/onloi.com\/en\/product\/mobil-uygulamali-wifi-pir-hareket-sensoru-obg0611\/","title":{"rendered":"Wifi PIR Motion Sensor (Mobile App)"},"content":{"rendered":"<h4><\/h4>\n<table class=\"spec-table\">\n<tbody>\n<tr>\n<th>Feature<\/th>\n<th>Description<\/th>\n<\/tr>\n<tr>\n<td>Material<\/td>\n<td>Plastic<\/td>\n<\/tr>\n<tr>\n<td>Product Size<\/td>\n<td>100 x 65 x 35 mm<\/td>\n<\/tr>\n<tr>\n<td>Mobile Application<\/td>\n<td>Tuya Smart<\/td>\n<\/tr>\n<tr>\n<td>Alarm Format<\/td>\n<td>Mobile Notification<\/td>\n<\/tr>\n<tr>\n<td>Communication Preference<\/td>\n<td>Wi-Fi 2.4ghz<\/td>\n<\/tr>\n<tr>\n<td>Battery<\/td>\n<td>2 AAA Batteries<\/td>\n<\/tr>\n<tr>\n<td>PIR Sensitivity<\/td>\n<td>up to 12 meters<\/td>\n<\/tr>\n<tr>\n<td>Guarantee<\/td>\n<td>2 Years<\/td>\n<\/tr>\n<\/tbody>\n<\/table>\n\n    <div class=\"xs_social_share_widget xs_share_url after_content \t\tmain_content  wslu-style-1 wslu-share-box-shaped wslu-fill-colored wslu-none wslu-share-horizontal wslu-theme-font-no wslu-main_content\">\n\n\t\t\n        <ul>\n\t\t\t        <\/ul>\n    <\/div>","protected":false},"excerpt":{"rendered":"<div class=\"product-short-description\">\n<h4 class=\"psd-title\">Smart Motion Sensor - Wide Angle and Animal Friendly Perception<\/h4>\n<ul>\n<li data-start=\"191\" data-end=\"252\">\n<p data-start=\"193\" data-end=\"252\">Thanks to its special design, it offers a wide viewing angle of 110\u00b0.<\/p>\n<\/li>\n<li data-start=\"253\" data-end=\"339\">\n<p data-start=\"255\" data-end=\"339\">With a detection distance of up to 12 meters, it provides early warning of approaching hazards.<\/p>\n<\/li>\n<li data-start=\"340\" data-end=\"411\">\n<p data-start=\"342\" data-end=\"411\">Provides remote control thanks to mobile application support.<\/p>\n<\/li>\n<li data-start=\"412\" data-end=\"539\">\n<p data-start=\"414\" data-end=\"539\">It prevents false alarms by detecting pets such as cats and dogs, thus creating a reliable user experience.<\/p>\n<\/li>\n<li data-start=\"540\" data-end=\"636\">\n<p data-start=\"542\" data-end=\"636\">Thanks to its high environmental awareness, it analyzes its environment more accurately.<\/p>\n<\/li>\n<\/ul>\n<\/div>","protected":false},"featured_media":799,"template":"","meta":{"postBodyCss":"","postBodyMargin":[],"postBodyPadding":[],"postBodyBackground":{"backgroundType":"classic","gradient":""}},"product_brand":[],"product_cat":[26,42,41],"product_tag":[],"class_list":{"0":"post-797","1":"product","2":"type-product","3":"status-publish","4":"has-post-thumbnail","6":"product_cat-onloi-akilli-teknoloji-urunleri","7":"product_cat-alarm-sistemleri","8":"product_cat-guvenlik-donanimlari","10":"first","11":"instock","12":"shipping-taxable","13":"product-type-simple"},"yoast_head":"<!-- This site is optimized with the Yoast SEO plugin v26.6 - https:\/\/yoast.com\/wordpress\/plugins\/seo\/ -->\n<title>WiFi PIR Hareket Sens\u00f6r\u00fc | Mobil Uygulamal\u0131 | ONLOI<\/title>\n<meta name=\"description\" content=\"WiFi PIR hareket sens\u00f6r\u00fc ile Onloi sistemlerinde anl\u0131k hareket takibi yap\u0131n. Mobil uygulama ile g\u00fcvenli\u011fi y\u00f6netin.\" \/>\n<meta name=\"robots\" content=\"index, follow, max-snippet:-1, max-image-preview:large, max-video-preview:-1\" \/>\n<link rel=\"canonical\" href=\"https:\/\/onloi.com\/en\/product\/mobil-uygulamali-wifi-pir-hareket-sensoru-obg0611\/\" \/>\n<meta property=\"og:locale\" content=\"en_US\" \/>\n<meta property=\"og:type\" content=\"article\" \/>\n<meta property=\"og:title\" content=\"WiFi PIR Hareket Sens\u00f6r\u00fc | Mobil Uygulamal\u0131 | ONLOI\" \/>\n<meta property=\"og:description\" content=\"WiFi PIR hareket sens\u00f6r\u00fc ile Onloi sistemlerinde anl\u0131k hareket takibi yap\u0131n. Mobil uygulama ile g\u00fcvenli\u011fi y\u00f6netin.\" \/>\n<meta property=\"og:url\" content=\"https:\/\/onloi.com\/en\/product\/mobil-uygulamali-wifi-pir-hareket-sensoru-obg0611\/\" \/>\n<meta property=\"og:site_name\" content=\"Onloi\" \/>\n<meta property=\"article:modified_time\" content=\"2026-03-17T07:05:26+00:00\" \/>\n<meta property=\"og:image\" content=\"https:\/\/onloi.com\/wp-content\/uploads\/2025\/08\/product19-1.webp\" \/>\n\t<meta property=\"og:image:width\" content=\"920\" \/>\n\t<meta property=\"og:image:height\" content=\"920\" \/>\n\t<meta property=\"og:image:type\" content=\"image\/webp\" \/>\n<meta name=\"twitter:card\" content=\"summary_large_image\" \/>\n<meta name=\"twitter:label1\" content=\"Est. reading time\" \/>\n\t<meta name=\"twitter:data1\" content=\"1 minute\" \/>\n<script type=\"application\/ld+json\" class=\"yoast-schema-graph\">{\"@context\":\"https:\/\/schema.org\",\"@graph\":[{\"@type\":\"WebPage\",\"@id\":\"https:\/\/onloi.com\/urun\/mobil-uygulamali-wifi-pir-hareket-sensoru-obg0611\/\",\"url\":\"https:\/\/onloi.com\/urun\/mobil-uygulamali-wifi-pir-hareket-sensoru-obg0611\/\",\"name\":\"WiFi PIR Hareket Sens\u00f6r\u00fc | Mobil Uygulamal\u0131 | ONLOI\",\"isPartOf\":{\"@id\":\"https:\/\/onloi.com\/#website\"},\"primaryImageOfPage\":{\"@id\":\"https:\/\/onloi.com\/urun\/mobil-uygulamali-wifi-pir-hareket-sensoru-obg0611\/#primaryimage\"},\"image\":{\"@id\":\"https:\/\/onloi.com\/urun\/mobil-uygulamali-wifi-pir-hareket-sensoru-obg0611\/#primaryimage\"},\"thumbnailUrl\":\"https:\/\/onloi.com\/wp-content\/uploads\/2025\/08\/product19-1.webp\",\"datePublished\":\"2025-08-22T09:28:33+00:00\",\"dateModified\":\"2026-03-17T07:05:26+00:00\",\"description\":\"WiFi PIR hareket sens\u00f6r\u00fc ile Onloi sistemlerinde anl\u0131k hareket takibi yap\u0131n. Mobil uygulama ile g\u00fcvenli\u011fi y\u00f6netin.\",\"breadcrumb\":{\"@id\":\"https:\/\/onloi.com\/urun\/mobil-uygulamali-wifi-pir-hareket-sensoru-obg0611\/#breadcrumb\"},\"inLanguage\":\"en-US\",\"potentialAction\":[{\"@type\":\"ReadAction\",\"target\":[\"https:\/\/onloi.com\/urun\/mobil-uygulamali-wifi-pir-hareket-sensoru-obg0611\/\"]}]},{\"@type\":\"ImageObject\",\"inLanguage\":\"en-US\",\"@id\":\"https:\/\/onloi.com\/urun\/mobil-uygulamali-wifi-pir-hareket-sensoru-obg0611\/#primaryimage\",\"url\":\"https:\/\/onloi.com\/wp-content\/uploads\/2025\/08\/product19-1.webp\",\"contentUrl\":\"https:\/\/onloi.com\/wp-content\/uploads\/2025\/08\/product19-1.webp\",\"width\":920,\"height\":920},{\"@type\":\"BreadcrumbList\",\"@id\":\"https:\/\/onloi.com\/urun\/mobil-uygulamali-wifi-pir-hareket-sensoru-obg0611\/#breadcrumb\",\"itemListElement\":[{\"@type\":\"ListItem\",\"position\":1,\"name\":\"Anasayfa\",\"item\":\"https:\/\/onloi.com\/\"},{\"@type\":\"ListItem\",\"position\":2,\"name\":\"Ma\u011faza\",\"item\":\"https:\/\/onloi.com\/magaza\/\"},{\"@type\":\"ListItem\",\"position\":3,\"name\":\"Wifi PIR Hareket Sens\u00f6r\u00fc (Mobil Uygulamal\u0131)\"}]},{\"@type\":\"WebSite\",\"@id\":\"https:\/\/onloi.com\/#website\",\"url\":\"https:\/\/onloi.com\/\",\"name\":\"Onloi\",\"description\":\"Onloi ile Ak\u0131ll\u0131 Ya\u015fam\u0131n Kilidini A\u00e7\u0131n\",\"potentialAction\":[{\"@type\":\"SearchAction\",\"target\":{\"@type\":\"EntryPoint\",\"urlTemplate\":\"https:\/\/onloi.com\/?s={search_term_string}\"},\"query-input\":{\"@type\":\"PropertyValueSpecification\",\"valueRequired\":true,\"valueName\":\"search_term_string\"}}],\"inLanguage\":\"en-US\"}]}<\/script>\n<!-- \/ Yoast SEO plugin. -->","yoast_head_json":{"title":"WiFi PIR Hareket Sens\u00f6r\u00fc | Mobil Uygulamal\u0131 | ONLOI","description":"WiFi PIR hareket sens\u00f6r\u00fc ile Onloi sistemlerinde anl\u0131k hareket takibi yap\u0131n. Mobil uygulama ile g\u00fcvenli\u011fi y\u00f6netin.","robots":{"index":"index","follow":"follow","max-snippet":"max-snippet:-1","max-image-preview":"max-image-preview:large","max-video-preview":"max-video-preview:-1"},"canonical":"https:\/\/onloi.com\/en\/product\/mobil-uygulamali-wifi-pir-hareket-sensoru-obg0611\/","og_locale":"en_US","og_type":"article","og_title":"WiFi PIR Hareket Sens\u00f6r\u00fc | Mobil Uygulamal\u0131 | ONLOI","og_description":"WiFi PIR hareket sens\u00f6r\u00fc ile Onloi sistemlerinde anl\u0131k hareket takibi yap\u0131n. Mobil uygulama ile g\u00fcvenli\u011fi y\u00f6netin.","og_url":"https:\/\/onloi.com\/en\/product\/mobil-uygulamali-wifi-pir-hareket-sensoru-obg0611\/","og_site_name":"Onloi","article_modified_time":"2026-03-17T07:05:26+00:00","og_image":[{"width":920,"height":920,"url":"https:\/\/onloi.com\/wp-content\/uploads\/2025\/08\/product19-1.webp","type":"image\/webp"}],"twitter_card":"summary_large_image","twitter_misc":{"Est. reading time":"1 minute"},"schema":{"@context":"https:\/\/schema.org","@graph":[{"@type":"WebPage","@id":"https:\/\/onloi.com\/urun\/mobil-uygulamali-wifi-pir-hareket-sensoru-obg0611\/","url":"https:\/\/onloi.com\/urun\/mobil-uygulamali-wifi-pir-hareket-sensoru-obg0611\/","name":"WiFi PIR Hareket Sens\u00f6r\u00fc | Mobil Uygulamal\u0131 | ONLOI","isPartOf":{"@id":"https:\/\/onloi.com\/#website"},"primaryImageOfPage":{"@id":"https:\/\/onloi.com\/urun\/mobil-uygulamali-wifi-pir-hareket-sensoru-obg0611\/#primaryimage"},"image":{"@id":"https:\/\/onloi.com\/urun\/mobil-uygulamali-wifi-pir-hareket-sensoru-obg0611\/#primaryimage"},"thumbnailUrl":"https:\/\/onloi.com\/wp-content\/uploads\/2025\/08\/product19-1.webp","datePublished":"2025-08-22T09:28:33+00:00","dateModified":"2026-03-17T07:05:26+00:00","description":"WiFi PIR hareket sens\u00f6r\u00fc ile Onloi sistemlerinde anl\u0131k hareket takibi yap\u0131n. Mobil uygulama ile g\u00fcvenli\u011fi y\u00f6netin.","breadcrumb":{"@id":"https:\/\/onloi.com\/urun\/mobil-uygulamali-wifi-pir-hareket-sensoru-obg0611\/#breadcrumb"},"inLanguage":"en-US","potentialAction":[{"@type":"ReadAction","target":["https:\/\/onloi.com\/urun\/mobil-uygulamali-wifi-pir-hareket-sensoru-obg0611\/"]}]},{"@type":"ImageObject","inLanguage":"en-US","@id":"https:\/\/onloi.com\/urun\/mobil-uygulamali-wifi-pir-hareket-sensoru-obg0611\/#primaryimage","url":"https:\/\/onloi.com\/wp-content\/uploads\/2025\/08\/product19-1.webp","contentUrl":"https:\/\/onloi.com\/wp-content\/uploads\/2025\/08\/product19-1.webp","width":920,"height":920},{"@type":"BreadcrumbList","@id":"https:\/\/onloi.com\/urun\/mobil-uygulamali-wifi-pir-hareket-sensoru-obg0611\/#breadcrumb","itemListElement":[{"@type":"ListItem","position":1,"name":"Anasayfa","item":"https:\/\/onloi.com\/"},{"@type":"ListItem","position":2,"name":"Ma\u011faza","item":"https:\/\/onloi.com\/magaza\/"},{"@type":"ListItem","position":3,"name":"Wifi PIR Hareket Sens\u00f6r\u00fc (Mobil Uygulamal\u0131)"}]},{"@type":"WebSite","@id":"https:\/\/onloi.com\/#website","url":"https:\/\/onloi.com\/","name":"Onloi","description":"Unlock Smart Living with Onloi","potentialAction":[{"@type":"SearchAction","target":{"@type":"EntryPoint","urlTemplate":"https:\/\/onloi.com\/?s={search_term_string}"},"query-input":{"@type":"PropertyValueSpecification","valueRequired":true,"valueName":"search_term_string"}}],"inLanguage":"en-US"}]}},"_links":{"self":[{"href":"https:\/\/onloi.com\/en\/wp-json\/wp\/v2\/product\/797","targetHints":{"allow":["GET"]}}],"collection":[{"href":"https:\/\/onloi.com\/en\/wp-json\/wp\/v2\/product"}],"about":[{"href":"https:\/\/onloi.com\/en\/wp-json\/wp\/v2\/types\/product"}],"wp:featuredmedia":[{"embeddable":true,"href":"https:\/\/onloi.com\/en\/wp-json\/wp\/v2\/media\/799"}],"wp:attachment":[{"href":"https:\/\/onloi.com\/en\/wp-json\/wp\/v2\/media?parent=797"}],"wp:term":[{"taxonomy":"product_brand","embeddable":true,"href":"https:\/\/onloi.com\/en\/wp-json\/wp\/v2\/product_brand?post=797"},{"taxonomy":"product_cat","embeddable":true,"href":"https:\/\/onloi.com\/en\/wp-json\/wp\/v2\/product_cat?post=797"},{"taxonomy":"product_tag","embeddable":true,"href":"https:\/\/onloi.com\/en\/wp-json\/wp\/v2\/product_tag?post=797"}],"curies":[{"name":"wp","href":"https:\/\/api.w.org\/{rel}","templated":true}]}}