{"id":787,"date":"2025-08-22T12:25:38","date_gmt":"2025-08-22T09:25:38","guid":{"rendered":"https:\/\/onloi.medicomyazilim.com\/?post_type=product&#038;p=787"},"modified":"2026-01-19T09:56:05","modified_gmt":"2026-01-19T06:56:05","slug":"otomatik-motorlu-kapi-acma-mekanizmasi-obg0480","status":"publish","type":"product","link":"https:\/\/onloi.com\/en\/product\/otomatik-motorlu-kapi-acma-mekanizmasi-obg0480\/","title":{"rendered":"Automatic Motorized Door Opening Mechanism"},"content":{"rendered":"<p>&nbsp;<\/p>\n<table class=\"spec-table\">\n<tbody>\n<tr>\n<th>Feature<\/th>\n<th>Description<\/th>\n<\/tr>\n<tr>\n<td>Power Supply<\/td>\n<td>220V<\/td>\n<\/tr>\n<tr>\n<td>Power on &amp; Standby Time<\/td>\n<td>1-30 seconds<\/td>\n<\/tr>\n<tr>\n<td>Product Weight<\/td>\n<td>8.5 Kg<\/td>\n<\/tr>\n<tr>\n<td>Transportation Capacity<\/td>\n<td>100 Kg<\/td>\n<\/tr>\n<tr>\n<td>Operating Temperature<\/td>\n<td>-20\u00b0C ~ 55\u00b0C<\/td>\n<\/tr>\n<tr>\n<td>Product Size<\/td>\n<td>516 x 105 x 82 mm<\/td>\n<\/tr>\n<tr>\n<td>Guarantee<\/td>\n<td>2 Years<\/td>\n<\/tr>\n<\/tbody>\n<\/table>\n\n    <div class=\"xs_social_share_widget xs_share_url after_content \t\tmain_content  wslu-style-1 wslu-share-box-shaped wslu-fill-colored wslu-none wslu-share-horizontal wslu-theme-font-no wslu-main_content\">\n\n\t\t\n        <ul>\n\t\t\t        <\/ul>\n    <\/div>","protected":false},"excerpt":{"rendered":"<div class=\"product-short-description\">\n<h4 class=\"psd-title\">Automatic Door Opening System - Low Noise, High Performance and Easy Installation<\/h4>\n<ul>\n<li data-start=\"93\" data-end=\"188\">\n<p data-start=\"95\" data-end=\"188\">It offers an innovative and user-friendly solution that allows you to open and close doors effortlessly.<\/p>\n<\/li>\n<li data-start=\"189\" data-end=\"311\">\n<p data-start=\"191\" data-end=\"311\">Thanks to its high-quality mechanism, it operates with low noise and can be easily integrated into different door systems.<\/p>\n<\/li>\n<li data-start=\"312\" data-end=\"444\">\n<p data-start=\"314\" data-end=\"444\">The integrated construction with slide channel and mounting plate enables quick installation thanks to the \"plug and play\" feature.<\/p>\n<\/li>\n<li data-start=\"445\" data-end=\"554\">\n<p data-start=\"447\" data-end=\"554\">It can be combined with optional pushbutton or electric locking components for fingertip control.<\/p>\n<\/li>\n<li data-start=\"555\" data-end=\"617\">\n<p data-start=\"557\" data-end=\"617\">It can also be easily turned on and off with the remote control.<\/p>\n<\/li>\n<li data-start=\"618\" data-end=\"687\">\n<p data-start=\"620\" data-end=\"687\">It is an affordable, safe and modern automatic door opening system.<\/p>\n<\/li>\n<\/ul>\n<\/div>\n<p><!-- CSS --><\/p>\n<style>\n  .product-short-description { margin-top:20px; line-height: 1.5; }<br \/>  .psd-title { margin: .3em 0; font-size: 1.25rem; }<br \/>  .psd-intro { margin-bottom: .6em; }<br \/>  .psd-features { margin: 0 0 0.6em 1.2em; padding: 0; }<br \/>  .psd-features li { margin: 0.4em 0; }<br \/>  .psd-cta { margin-top: .8em; }<br \/><\/style>","protected":false},"featured_media":791,"template":"","meta":{"postBodyCss":"","postBodyMargin":[],"postBodyPadding":[],"postBodyBackground":{"backgroundType":"classic","gradient":""}},"product_brand":[],"product_cat":[26,41,45],"product_tag":[],"class_list":{"0":"post-787","1":"product","2":"type-product","3":"status-publish","4":"has-post-thumbnail","6":"product_cat-onloi-akilli-teknoloji-urunleri","7":"product_cat-guvenlik-donanimlari","8":"product_cat-otomatik-kapi-motorlari","10":"first","11":"instock","12":"shipping-taxable","13":"product-type-simple"},"yoast_head":"<!-- This site is optimized with the Yoast SEO plugin v26.6 - https:\/\/yoast.com\/wordpress\/plugins\/seo\/ -->\n<title>Otomatik Motorlu Kap\u0131 A\u00e7ma Mekanizmas\u0131 | ONLOI<\/title>\n<meta name=\"description\" content=\"Otomatik motorlu kap\u0131 a\u00e7ma mekanizmas\u0131 ile Onloi kap\u0131 sistemlerinizi uzaktan g\u00fcvenle kontrol edin.\" \/>\n<meta name=\"robots\" content=\"index, follow, max-snippet:-1, max-image-preview:large, max-video-preview:-1\" \/>\n<link rel=\"canonical\" href=\"https:\/\/onloi.com\/en\/product\/otomatik-motorlu-kapi-acma-mekanizmasi-obg0480\/\" \/>\n<meta property=\"og:locale\" content=\"en_US\" \/>\n<meta property=\"og:type\" content=\"article\" \/>\n<meta property=\"og:title\" content=\"Otomatik Motorlu Kap\u0131 A\u00e7ma Mekanizmas\u0131 | ONLOI\" \/>\n<meta property=\"og:description\" content=\"Otomatik motorlu kap\u0131 a\u00e7ma mekanizmas\u0131 ile Onloi kap\u0131 sistemlerinizi uzaktan g\u00fcvenle kontrol edin.\" \/>\n<meta property=\"og:url\" content=\"https:\/\/onloi.com\/en\/product\/otomatik-motorlu-kapi-acma-mekanizmasi-obg0480\/\" \/>\n<meta property=\"og:site_name\" content=\"Onloi\" \/>\n<meta property=\"article:modified_time\" content=\"2026-01-19T06:56:05+00:00\" \/>\n<meta property=\"og:image\" content=\"https:\/\/onloi.com\/wp-content\/uploads\/2025\/08\/f716c2f8-4929-46d5-823d-7c2dcef1c2a5.webp\" \/>\n\t<meta property=\"og:image:width\" content=\"1024\" \/>\n\t<meta property=\"og:image:height\" content=\"1024\" \/>\n\t<meta property=\"og:image:type\" content=\"image\/webp\" \/>\n<meta name=\"twitter:card\" content=\"summary_large_image\" \/>\n<meta name=\"twitter:label1\" content=\"Est. reading time\" \/>\n\t<meta name=\"twitter:data1\" content=\"1 minute\" \/>\n<script type=\"application\/ld+json\" class=\"yoast-schema-graph\">{\"@context\":\"https:\/\/schema.org\",\"@graph\":[{\"@type\":\"WebPage\",\"@id\":\"https:\/\/onloi.com\/urun\/otomatik-motorlu-kapi-acma-mekanizmasi-obg0480\/\",\"url\":\"https:\/\/onloi.com\/urun\/otomatik-motorlu-kapi-acma-mekanizmasi-obg0480\/\",\"name\":\"Otomatik Motorlu Kap\u0131 A\u00e7ma Mekanizmas\u0131 | ONLOI\",\"isPartOf\":{\"@id\":\"https:\/\/onloi.com\/#website\"},\"primaryImageOfPage\":{\"@id\":\"https:\/\/onloi.com\/urun\/otomatik-motorlu-kapi-acma-mekanizmasi-obg0480\/#primaryimage\"},\"image\":{\"@id\":\"https:\/\/onloi.com\/urun\/otomatik-motorlu-kapi-acma-mekanizmasi-obg0480\/#primaryimage\"},\"thumbnailUrl\":\"https:\/\/onloi.com\/wp-content\/uploads\/2025\/08\/f716c2f8-4929-46d5-823d-7c2dcef1c2a5.webp\",\"datePublished\":\"2025-08-22T09:25:38+00:00\",\"dateModified\":\"2026-01-19T06:56:05+00:00\",\"description\":\"Otomatik motorlu kap\u0131 a\u00e7ma mekanizmas\u0131 ile Onloi kap\u0131 sistemlerinizi uzaktan g\u00fcvenle kontrol edin.\",\"breadcrumb\":{\"@id\":\"https:\/\/onloi.com\/urun\/otomatik-motorlu-kapi-acma-mekanizmasi-obg0480\/#breadcrumb\"},\"inLanguage\":\"en-US\",\"potentialAction\":[{\"@type\":\"ReadAction\",\"target\":[\"https:\/\/onloi.com\/urun\/otomatik-motorlu-kapi-acma-mekanizmasi-obg0480\/\"]}]},{\"@type\":\"ImageObject\",\"inLanguage\":\"en-US\",\"@id\":\"https:\/\/onloi.com\/urun\/otomatik-motorlu-kapi-acma-mekanizmasi-obg0480\/#primaryimage\",\"url\":\"https:\/\/onloi.com\/wp-content\/uploads\/2025\/08\/f716c2f8-4929-46d5-823d-7c2dcef1c2a5.webp\",\"contentUrl\":\"https:\/\/onloi.com\/wp-content\/uploads\/2025\/08\/f716c2f8-4929-46d5-823d-7c2dcef1c2a5.webp\",\"width\":1024,\"height\":1024},{\"@type\":\"BreadcrumbList\",\"@id\":\"https:\/\/onloi.com\/urun\/otomatik-motorlu-kapi-acma-mekanizmasi-obg0480\/#breadcrumb\",\"itemListElement\":[{\"@type\":\"ListItem\",\"position\":1,\"name\":\"Anasayfa\",\"item\":\"https:\/\/onloi.com\/\"},{\"@type\":\"ListItem\",\"position\":2,\"name\":\"Ma\u011faza\",\"item\":\"https:\/\/onloi.com\/magaza\/\"},{\"@type\":\"ListItem\",\"position\":3,\"name\":\"Otomatik Motorlu Kap\u0131 A\u00e7ma Mekanizmas\u0131\"}]},{\"@type\":\"WebSite\",\"@id\":\"https:\/\/onloi.com\/#website\",\"url\":\"https:\/\/onloi.com\/\",\"name\":\"Onloi\",\"description\":\"Onloi ile Ak\u0131ll\u0131 Ya\u015fam\u0131n Kilidini A\u00e7\u0131n\",\"potentialAction\":[{\"@type\":\"SearchAction\",\"target\":{\"@type\":\"EntryPoint\",\"urlTemplate\":\"https:\/\/onloi.com\/?s={search_term_string}\"},\"query-input\":{\"@type\":\"PropertyValueSpecification\",\"valueRequired\":true,\"valueName\":\"search_term_string\"}}],\"inLanguage\":\"en-US\"}]}<\/script>\n<!-- \/ Yoast SEO plugin. -->","yoast_head_json":{"title":"Otomatik Motorlu Kap\u0131 A\u00e7ma Mekanizmas\u0131 | ONLOI","description":"Otomatik motorlu kap\u0131 a\u00e7ma mekanizmas\u0131 ile Onloi kap\u0131 sistemlerinizi uzaktan g\u00fcvenle kontrol edin.","robots":{"index":"index","follow":"follow","max-snippet":"max-snippet:-1","max-image-preview":"max-image-preview:large","max-video-preview":"max-video-preview:-1"},"canonical":"https:\/\/onloi.com\/en\/product\/otomatik-motorlu-kapi-acma-mekanizmasi-obg0480\/","og_locale":"en_US","og_type":"article","og_title":"Otomatik Motorlu Kap\u0131 A\u00e7ma Mekanizmas\u0131 | ONLOI","og_description":"Otomatik motorlu kap\u0131 a\u00e7ma mekanizmas\u0131 ile Onloi kap\u0131 sistemlerinizi uzaktan g\u00fcvenle kontrol edin.","og_url":"https:\/\/onloi.com\/en\/product\/otomatik-motorlu-kapi-acma-mekanizmasi-obg0480\/","og_site_name":"Onloi","article_modified_time":"2026-01-19T06:56:05+00:00","og_image":[{"width":1024,"height":1024,"url":"https:\/\/onloi.com\/wp-content\/uploads\/2025\/08\/f716c2f8-4929-46d5-823d-7c2dcef1c2a5.webp","type":"image\/webp"}],"twitter_card":"summary_large_image","twitter_misc":{"Est. reading time":"1 minute"},"schema":{"@context":"https:\/\/schema.org","@graph":[{"@type":"WebPage","@id":"https:\/\/onloi.com\/urun\/otomatik-motorlu-kapi-acma-mekanizmasi-obg0480\/","url":"https:\/\/onloi.com\/urun\/otomatik-motorlu-kapi-acma-mekanizmasi-obg0480\/","name":"Otomatik Motorlu Kap\u0131 A\u00e7ma Mekanizmas\u0131 | ONLOI","isPartOf":{"@id":"https:\/\/onloi.com\/#website"},"primaryImageOfPage":{"@id":"https:\/\/onloi.com\/urun\/otomatik-motorlu-kapi-acma-mekanizmasi-obg0480\/#primaryimage"},"image":{"@id":"https:\/\/onloi.com\/urun\/otomatik-motorlu-kapi-acma-mekanizmasi-obg0480\/#primaryimage"},"thumbnailUrl":"https:\/\/onloi.com\/wp-content\/uploads\/2025\/08\/f716c2f8-4929-46d5-823d-7c2dcef1c2a5.webp","datePublished":"2025-08-22T09:25:38+00:00","dateModified":"2026-01-19T06:56:05+00:00","description":"Otomatik motorlu kap\u0131 a\u00e7ma mekanizmas\u0131 ile Onloi kap\u0131 sistemlerinizi uzaktan g\u00fcvenle kontrol edin.","breadcrumb":{"@id":"https:\/\/onloi.com\/urun\/otomatik-motorlu-kapi-acma-mekanizmasi-obg0480\/#breadcrumb"},"inLanguage":"en-US","potentialAction":[{"@type":"ReadAction","target":["https:\/\/onloi.com\/urun\/otomatik-motorlu-kapi-acma-mekanizmasi-obg0480\/"]}]},{"@type":"ImageObject","inLanguage":"en-US","@id":"https:\/\/onloi.com\/urun\/otomatik-motorlu-kapi-acma-mekanizmasi-obg0480\/#primaryimage","url":"https:\/\/onloi.com\/wp-content\/uploads\/2025\/08\/f716c2f8-4929-46d5-823d-7c2dcef1c2a5.webp","contentUrl":"https:\/\/onloi.com\/wp-content\/uploads\/2025\/08\/f716c2f8-4929-46d5-823d-7c2dcef1c2a5.webp","width":1024,"height":1024},{"@type":"BreadcrumbList","@id":"https:\/\/onloi.com\/urun\/otomatik-motorlu-kapi-acma-mekanizmasi-obg0480\/#breadcrumb","itemListElement":[{"@type":"ListItem","position":1,"name":"Anasayfa","item":"https:\/\/onloi.com\/"},{"@type":"ListItem","position":2,"name":"Ma\u011faza","item":"https:\/\/onloi.com\/magaza\/"},{"@type":"ListItem","position":3,"name":"Otomatik Motorlu Kap\u0131 A\u00e7ma Mekanizmas\u0131"}]},{"@type":"WebSite","@id":"https:\/\/onloi.com\/#website","url":"https:\/\/onloi.com\/","name":"Onloi","description":"Unlock Smart Living with Onloi","potentialAction":[{"@type":"SearchAction","target":{"@type":"EntryPoint","urlTemplate":"https:\/\/onloi.com\/?s={search_term_string}"},"query-input":{"@type":"PropertyValueSpecification","valueRequired":true,"valueName":"search_term_string"}}],"inLanguage":"en-US"}]}},"_links":{"self":[{"href":"https:\/\/onloi.com\/en\/wp-json\/wp\/v2\/product\/787","targetHints":{"allow":["GET"]}}],"collection":[{"href":"https:\/\/onloi.com\/en\/wp-json\/wp\/v2\/product"}],"about":[{"href":"https:\/\/onloi.com\/en\/wp-json\/wp\/v2\/types\/product"}],"wp:featuredmedia":[{"embeddable":true,"href":"https:\/\/onloi.com\/en\/wp-json\/wp\/v2\/media\/791"}],"wp:attachment":[{"href":"https:\/\/onloi.com\/en\/wp-json\/wp\/v2\/media?parent=787"}],"wp:term":[{"taxonomy":"product_brand","embeddable":true,"href":"https:\/\/onloi.com\/en\/wp-json\/wp\/v2\/product_brand?post=787"},{"taxonomy":"product_cat","embeddable":true,"href":"https:\/\/onloi.com\/en\/wp-json\/wp\/v2\/product_cat?post=787"},{"taxonomy":"product_tag","embeddable":true,"href":"https:\/\/onloi.com\/en\/wp-json\/wp\/v2\/product_tag?post=787"}],"curies":[{"name":"wp","href":"https:\/\/api.w.org\/{rel}","templated":true}]}}