{"id":782,"date":"2025-08-22T12:23:21","date_gmt":"2025-08-22T09:23:21","guid":{"rendered":"https:\/\/onloi.medicomyazilim.com\/?post_type=product&#038;p=782"},"modified":"2026-03-17T10:05:41","modified_gmt":"2026-03-17T07:05:41","slug":"ir-kizilotesi-temassiz-cikis-exit-butonu-obg0240","status":"publish","type":"product","link":"https:\/\/onloi.com\/en\/product\/ir-kizilotesi-temassiz-cikis-exit-butonu-obg0240\/","title":{"rendered":"IR Infrared Contactless Exit (EXIT) Button"},"content":{"rendered":"<p>&nbsp;<\/p>\n<table class=\"spec-table\">\n<tbody>\n<tr>\n<th>Feature<\/th>\n<th>Description<\/th>\n<\/tr>\n<tr>\n<td>Product Size<\/td>\n<td>115 \u00d7 70 \u00d7 40 mm<\/td>\n<\/tr>\n<tr>\n<td>Power<\/td>\n<td>12V DC<\/td>\n<\/tr>\n<tr>\n<td>Areas of Use<\/td>\n<td>Hospital, clinic, school, office, shopping center<\/td>\n<\/tr>\n<tr>\n<td>Guarantee<\/td>\n<td>2 Years<\/td>\n<\/tr>\n<\/tbody>\n<\/table>\n\n    <div class=\"xs_social_share_widget xs_share_url after_content \t\tmain_content  wslu-style-1 wslu-share-box-shaped wslu-fill-colored wslu-none wslu-share-horizontal wslu-theme-font-no wslu-main_content\">\n\n\t\t\n        <ul>\n\t\t\t        <\/ul>\n    <\/div>","protected":false},"excerpt":{"rendered":"<div class=\"product-short-description\">\n<h4 class=\"psd-title\">Contactless Access Button - Hygiene, Speed and Easy Integration<\/h4>\n<ul>\n<li data-start=\"65\" data-end=\"173\">\n<p data-start=\"67\" data-end=\"173\">It provides a hygienic solution by enabling users to use the button without physical contact.<\/p>\n<\/li>\n<li data-start=\"174\" data-end=\"262\">\n<p data-start=\"176\" data-end=\"262\">Thanks to its ability to be built into the wall, a stylish and minimalist look is achieved.<\/p>\n<\/li>\n<li data-start=\"263\" data-end=\"354\">\n<p data-start=\"265\" data-end=\"354\">With its small dimensions, it saves space and can be easily used in different spaces.<\/p>\n<\/li>\n<li data-start=\"355\" data-end=\"430\">\n<p data-start=\"357\" data-end=\"430\">Made of quality materials; provides safe use for a long time.<\/p>\n<\/li>\n<li data-start=\"431\" data-end=\"527\">\n<p data-start=\"433\" data-end=\"527\">Thanks to its non-contact structure, it offers safe and easy passage even in areas of intensive use.<\/p>\n<\/li>\n<\/ul>\n<\/div>","protected":false},"featured_media":786,"template":"","meta":{"postBodyCss":"","postBodyMargin":[],"postBodyPadding":[],"postBodyBackground":{"backgroundType":"classic","gradient":""}},"product_brand":[],"product_cat":[26,41,43],"product_tag":[],"class_list":{"0":"post-782","1":"product","2":"type-product","3":"status-publish","4":"has-post-thumbnail","6":"product_cat-onloi-akilli-teknoloji-urunleri","7":"product_cat-guvenlik-donanimlari","8":"product_cat-kumanda-ve-sensorler","10":"first","11":"instock","12":"shipping-taxable","13":"product-type-simple"},"yoast_head":"<!-- This site is optimized with the Yoast SEO plugin v26.6 - https:\/\/yoast.com\/wordpress\/plugins\/seo\/ -->\n<title>IR Temass\u0131z \u00c7\u0131k\u0131\u015f Butonu | K\u0131z\u0131l\u00f6tesi EXIT Sistemi | ONLOI<\/title>\n<meta name=\"description\" content=\"IR k\u0131z\u0131l\u00f6tesi temass\u0131z \u00e7\u0131k\u0131\u015f butonu ile Onloi g\u00fcvenlik sistemlerinde temass\u0131z ve g\u00fcvenli \u00e7\u0131k\u0131\u015f sa\u011flay\u0131n.\" \/>\n<meta name=\"robots\" content=\"index, follow, max-snippet:-1, max-image-preview:large, max-video-preview:-1\" \/>\n<link rel=\"canonical\" href=\"https:\/\/onloi.com\/en\/product\/ir-kizilotesi-temassiz-cikis-exit-butonu-obg0240\/\" \/>\n<meta property=\"og:locale\" content=\"en_US\" \/>\n<meta property=\"og:type\" content=\"article\" \/>\n<meta property=\"og:title\" content=\"IR Temass\u0131z \u00c7\u0131k\u0131\u015f Butonu | K\u0131z\u0131l\u00f6tesi EXIT Sistemi | ONLOI\" \/>\n<meta property=\"og:description\" content=\"IR k\u0131z\u0131l\u00f6tesi temass\u0131z \u00e7\u0131k\u0131\u015f butonu ile Onloi g\u00fcvenlik sistemlerinde temass\u0131z ve g\u00fcvenli \u00e7\u0131k\u0131\u015f sa\u011flay\u0131n.\" \/>\n<meta property=\"og:url\" content=\"https:\/\/onloi.com\/en\/product\/ir-kizilotesi-temassiz-cikis-exit-butonu-obg0240\/\" \/>\n<meta property=\"og:site_name\" content=\"Onloi\" \/>\n<meta property=\"article:modified_time\" content=\"2026-03-17T07:05:41+00:00\" \/>\n<meta property=\"og:image\" content=\"https:\/\/onloi.com\/wp-content\/uploads\/2025\/08\/product36-1.webp\" \/>\n\t<meta property=\"og:image:width\" content=\"920\" \/>\n\t<meta property=\"og:image:height\" content=\"920\" \/>\n\t<meta property=\"og:image:type\" content=\"image\/webp\" \/>\n<meta name=\"twitter:card\" content=\"summary_large_image\" \/>\n<meta name=\"twitter:label1\" content=\"Est. reading time\" \/>\n\t<meta name=\"twitter:data1\" content=\"1 minute\" \/>\n<script type=\"application\/ld+json\" class=\"yoast-schema-graph\">{\"@context\":\"https:\/\/schema.org\",\"@graph\":[{\"@type\":\"WebPage\",\"@id\":\"https:\/\/onloi.com\/urun\/ir-kizilotesi-temassiz-cikis-exit-butonu-obg0240\/\",\"url\":\"https:\/\/onloi.com\/urun\/ir-kizilotesi-temassiz-cikis-exit-butonu-obg0240\/\",\"name\":\"IR Temass\u0131z \u00c7\u0131k\u0131\u015f Butonu | K\u0131z\u0131l\u00f6tesi EXIT Sistemi | ONLOI\",\"isPartOf\":{\"@id\":\"https:\/\/onloi.com\/#website\"},\"primaryImageOfPage\":{\"@id\":\"https:\/\/onloi.com\/urun\/ir-kizilotesi-temassiz-cikis-exit-butonu-obg0240\/#primaryimage\"},\"image\":{\"@id\":\"https:\/\/onloi.com\/urun\/ir-kizilotesi-temassiz-cikis-exit-butonu-obg0240\/#primaryimage\"},\"thumbnailUrl\":\"https:\/\/onloi.com\/wp-content\/uploads\/2025\/08\/product36-1.webp\",\"datePublished\":\"2025-08-22T09:23:21+00:00\",\"dateModified\":\"2026-03-17T07:05:41+00:00\",\"description\":\"IR k\u0131z\u0131l\u00f6tesi temass\u0131z \u00e7\u0131k\u0131\u015f butonu ile Onloi g\u00fcvenlik sistemlerinde temass\u0131z ve g\u00fcvenli \u00e7\u0131k\u0131\u015f sa\u011flay\u0131n.\",\"breadcrumb\":{\"@id\":\"https:\/\/onloi.com\/urun\/ir-kizilotesi-temassiz-cikis-exit-butonu-obg0240\/#breadcrumb\"},\"inLanguage\":\"en-US\",\"potentialAction\":[{\"@type\":\"ReadAction\",\"target\":[\"https:\/\/onloi.com\/urun\/ir-kizilotesi-temassiz-cikis-exit-butonu-obg0240\/\"]}]},{\"@type\":\"ImageObject\",\"inLanguage\":\"en-US\",\"@id\":\"https:\/\/onloi.com\/urun\/ir-kizilotesi-temassiz-cikis-exit-butonu-obg0240\/#primaryimage\",\"url\":\"https:\/\/onloi.com\/wp-content\/uploads\/2025\/08\/product36-1.webp\",\"contentUrl\":\"https:\/\/onloi.com\/wp-content\/uploads\/2025\/08\/product36-1.webp\",\"width\":920,\"height\":920},{\"@type\":\"BreadcrumbList\",\"@id\":\"https:\/\/onloi.com\/urun\/ir-kizilotesi-temassiz-cikis-exit-butonu-obg0240\/#breadcrumb\",\"itemListElement\":[{\"@type\":\"ListItem\",\"position\":1,\"name\":\"Anasayfa\",\"item\":\"https:\/\/onloi.com\/\"},{\"@type\":\"ListItem\",\"position\":2,\"name\":\"Ma\u011faza\",\"item\":\"https:\/\/onloi.com\/magaza\/\"},{\"@type\":\"ListItem\",\"position\":3,\"name\":\"IR K\u0131z\u0131l\u00f6tesi Temass\u0131z \u00c7\u0131k\u0131\u015f (EXIT) Butonu\"}]},{\"@type\":\"WebSite\",\"@id\":\"https:\/\/onloi.com\/#website\",\"url\":\"https:\/\/onloi.com\/\",\"name\":\"Onloi\",\"description\":\"Onloi ile Ak\u0131ll\u0131 Ya\u015fam\u0131n Kilidini A\u00e7\u0131n\",\"potentialAction\":[{\"@type\":\"SearchAction\",\"target\":{\"@type\":\"EntryPoint\",\"urlTemplate\":\"https:\/\/onloi.com\/?s={search_term_string}\"},\"query-input\":{\"@type\":\"PropertyValueSpecification\",\"valueRequired\":true,\"valueName\":\"search_term_string\"}}],\"inLanguage\":\"en-US\"}]}<\/script>\n<!-- \/ Yoast SEO plugin. -->","yoast_head_json":{"title":"IR Temass\u0131z \u00c7\u0131k\u0131\u015f Butonu | K\u0131z\u0131l\u00f6tesi EXIT Sistemi | ONLOI","description":"IR k\u0131z\u0131l\u00f6tesi temass\u0131z \u00e7\u0131k\u0131\u015f butonu ile Onloi g\u00fcvenlik sistemlerinde temass\u0131z ve g\u00fcvenli \u00e7\u0131k\u0131\u015f sa\u011flay\u0131n.","robots":{"index":"index","follow":"follow","max-snippet":"max-snippet:-1","max-image-preview":"max-image-preview:large","max-video-preview":"max-video-preview:-1"},"canonical":"https:\/\/onloi.com\/en\/product\/ir-kizilotesi-temassiz-cikis-exit-butonu-obg0240\/","og_locale":"en_US","og_type":"article","og_title":"IR Temass\u0131z \u00c7\u0131k\u0131\u015f Butonu | K\u0131z\u0131l\u00f6tesi EXIT Sistemi | ONLOI","og_description":"IR k\u0131z\u0131l\u00f6tesi temass\u0131z \u00e7\u0131k\u0131\u015f butonu ile Onloi g\u00fcvenlik sistemlerinde temass\u0131z ve g\u00fcvenli \u00e7\u0131k\u0131\u015f sa\u011flay\u0131n.","og_url":"https:\/\/onloi.com\/en\/product\/ir-kizilotesi-temassiz-cikis-exit-butonu-obg0240\/","og_site_name":"Onloi","article_modified_time":"2026-03-17T07:05:41+00:00","og_image":[{"width":920,"height":920,"url":"https:\/\/onloi.com\/wp-content\/uploads\/2025\/08\/product36-1.webp","type":"image\/webp"}],"twitter_card":"summary_large_image","twitter_misc":{"Est. reading time":"1 minute"},"schema":{"@context":"https:\/\/schema.org","@graph":[{"@type":"WebPage","@id":"https:\/\/onloi.com\/urun\/ir-kizilotesi-temassiz-cikis-exit-butonu-obg0240\/","url":"https:\/\/onloi.com\/urun\/ir-kizilotesi-temassiz-cikis-exit-butonu-obg0240\/","name":"IR Temass\u0131z \u00c7\u0131k\u0131\u015f Butonu | K\u0131z\u0131l\u00f6tesi EXIT Sistemi | ONLOI","isPartOf":{"@id":"https:\/\/onloi.com\/#website"},"primaryImageOfPage":{"@id":"https:\/\/onloi.com\/urun\/ir-kizilotesi-temassiz-cikis-exit-butonu-obg0240\/#primaryimage"},"image":{"@id":"https:\/\/onloi.com\/urun\/ir-kizilotesi-temassiz-cikis-exit-butonu-obg0240\/#primaryimage"},"thumbnailUrl":"https:\/\/onloi.com\/wp-content\/uploads\/2025\/08\/product36-1.webp","datePublished":"2025-08-22T09:23:21+00:00","dateModified":"2026-03-17T07:05:41+00:00","description":"IR k\u0131z\u0131l\u00f6tesi temass\u0131z \u00e7\u0131k\u0131\u015f butonu ile Onloi g\u00fcvenlik sistemlerinde temass\u0131z ve g\u00fcvenli \u00e7\u0131k\u0131\u015f sa\u011flay\u0131n.","breadcrumb":{"@id":"https:\/\/onloi.com\/urun\/ir-kizilotesi-temassiz-cikis-exit-butonu-obg0240\/#breadcrumb"},"inLanguage":"en-US","potentialAction":[{"@type":"ReadAction","target":["https:\/\/onloi.com\/urun\/ir-kizilotesi-temassiz-cikis-exit-butonu-obg0240\/"]}]},{"@type":"ImageObject","inLanguage":"en-US","@id":"https:\/\/onloi.com\/urun\/ir-kizilotesi-temassiz-cikis-exit-butonu-obg0240\/#primaryimage","url":"https:\/\/onloi.com\/wp-content\/uploads\/2025\/08\/product36-1.webp","contentUrl":"https:\/\/onloi.com\/wp-content\/uploads\/2025\/08\/product36-1.webp","width":920,"height":920},{"@type":"BreadcrumbList","@id":"https:\/\/onloi.com\/urun\/ir-kizilotesi-temassiz-cikis-exit-butonu-obg0240\/#breadcrumb","itemListElement":[{"@type":"ListItem","position":1,"name":"Anasayfa","item":"https:\/\/onloi.com\/"},{"@type":"ListItem","position":2,"name":"Ma\u011faza","item":"https:\/\/onloi.com\/magaza\/"},{"@type":"ListItem","position":3,"name":"IR K\u0131z\u0131l\u00f6tesi Temass\u0131z \u00c7\u0131k\u0131\u015f (EXIT) Butonu"}]},{"@type":"WebSite","@id":"https:\/\/onloi.com\/#website","url":"https:\/\/onloi.com\/","name":"Onloi","description":"Unlock Smart Living with Onloi","potentialAction":[{"@type":"SearchAction","target":{"@type":"EntryPoint","urlTemplate":"https:\/\/onloi.com\/?s={search_term_string}"},"query-input":{"@type":"PropertyValueSpecification","valueRequired":true,"valueName":"search_term_string"}}],"inLanguage":"en-US"}]}},"_links":{"self":[{"href":"https:\/\/onloi.com\/en\/wp-json\/wp\/v2\/product\/782","targetHints":{"allow":["GET"]}}],"collection":[{"href":"https:\/\/onloi.com\/en\/wp-json\/wp\/v2\/product"}],"about":[{"href":"https:\/\/onloi.com\/en\/wp-json\/wp\/v2\/types\/product"}],"wp:featuredmedia":[{"embeddable":true,"href":"https:\/\/onloi.com\/en\/wp-json\/wp\/v2\/media\/786"}],"wp:attachment":[{"href":"https:\/\/onloi.com\/en\/wp-json\/wp\/v2\/media?parent=782"}],"wp:term":[{"taxonomy":"product_brand","embeddable":true,"href":"https:\/\/onloi.com\/en\/wp-json\/wp\/v2\/product_brand?post=782"},{"taxonomy":"product_cat","embeddable":true,"href":"https:\/\/onloi.com\/en\/wp-json\/wp\/v2\/product_cat?post=782"},{"taxonomy":"product_tag","embeddable":true,"href":"https:\/\/onloi.com\/en\/wp-json\/wp\/v2\/product_tag?post=782"}],"curies":[{"name":"wp","href":"https:\/\/api.w.org\/{rel}","templated":true}]}}