{"id":777,"date":"2025-08-22T12:20:04","date_gmt":"2025-08-22T09:20:04","guid":{"rendered":"https:\/\/onloi.medicomyazilim.com\/?post_type=product&#038;p=777"},"modified":"2026-03-17T10:05:46","modified_gmt":"2026-03-17T07:05:46","slug":"gunes-panelli-bireysel-park-kilit-bariyeri-obg0512","status":"publish","type":"product","link":"https:\/\/onloi.com\/en\/product\/gunes-panelli-bireysel-park-kilit-bariyeri-obg0512\/","title":{"rendered":"Individual Parking Lock Barrier with Solar Panel"},"content":{"rendered":"<h4><\/h4>\n<table class=\"spec-table\">\n<tbody>\n<tr>\n<th>Feature<\/th>\n<th>Description<\/th>\n<\/tr>\n<tr>\n<td>Weight<\/td>\n<td>7.7 kg<\/td>\n<\/tr>\n<tr>\n<td>Product Size<\/td>\n<td>450 x 450 x 80 mm<\/td>\n<\/tr>\n<tr>\n<td>Parking Lock Body Height<\/td>\n<td>75mm<\/td>\n<\/tr>\n<tr>\n<td>Remote Control Distance<\/td>\n<td>&lt; 15 m<\/td>\n<\/tr>\n<tr>\n<td>Blocker Height<\/td>\n<td>390 mm<\/td>\n<\/tr>\n<tr>\n<td>Operating Temperature<\/td>\n<td>-20\u00b0C ~ 55\u00b0C<\/td>\n<\/tr>\n<tr>\n<td>Power<\/td>\n<td>USB, Solar Energy<\/td>\n<\/tr>\n<tr>\n<td>Guarantee<\/td>\n<td>2 Years<\/td>\n<\/tr>\n<\/tbody>\n<\/table>\n\n    <div class=\"xs_social_share_widget xs_share_url after_content \t\tmain_content  wslu-style-1 wslu-share-box-shaped wslu-fill-colored wslu-none wslu-share-horizontal wslu-theme-font-no wslu-main_content\">\n\n\t\t\n        <ul>\n\t\t\t        <\/ul>\n    <\/div>","protected":false},"excerpt":{"rendered":"<div class=\"product-short-description\">\n<h4 class=\"psd-title\">Remote Control Parking Barrier - Solar Energy, Alarm System and IP67 Protection<\/h4>\n<ul>\n<li data-start=\"49\" data-end=\"161\">\n<p data-start=\"51\" data-end=\"161\">With its innovative design and remote control feature, it allows easy control of personal parking spaces.<\/p>\n<\/li>\n<li data-start=\"162\" data-end=\"242\">\n<p data-start=\"164\" data-end=\"242\">Thanks to its solar panel, it offers long-term use without recharging.<\/p>\n<\/li>\n<li data-start=\"243\" data-end=\"331\">\n<p data-start=\"245\" data-end=\"331\">In the vertical position, it warns the user with a high decibel alarm in case of violation.<\/p>\n<\/li>\n<li data-start=\"332\" data-end=\"382\">\n<p data-start=\"334\" data-end=\"382\">Fully waterproof with IP67 protection class.<\/p>\n<\/li>\n<li data-start=\"383\" data-end=\"461\" data-is-last-node=\"\">\n<p data-start=\"385\" data-end=\"461\" data-is-last-node=\"\"><strong data-start=\"385\" data-end=\"393\">Note<\/strong> It can also be used by charging with an adapter in sun-free environments.<\/p>\n<\/li>\n<\/ul>\n<\/div>\n<p><!-- Basit CSS (iste\u011fe ba\u011fl\u0131, tema CSS'inize ekleyin) --><\/p>\n<style>\n  .product-short-description { margin-top:20px; line-height: 1.5; }<br \/>  .psd-title { margin: .3em 0; font-size: 1.25rem; }<br \/>  .psd-intro { margin-bottom: .6em; }<br \/>  .psd-features { margin: 0 0 0.6em 1.2em; padding: 0; }<br \/>  .psd-features li { margin: 0.4em 0; }<br \/>  .psd-cta { margin-top: .8em; }<br \/><\/style>","protected":false},"featured_media":2485,"template":"","meta":{"postBodyCss":"","postBodyMargin":[],"postBodyPadding":[],"postBodyBackground":{"backgroundType":"classic","gradient":""}},"product_brand":[],"product_cat":[26,36,40],"product_tag":[],"class_list":{"0":"post-777","1":"product","2":"type-product","3":"status-publish","4":"has-post-thumbnail","6":"product_cat-onloi-akilli-teknoloji-urunleri","7":"product_cat-erisim-kontrol-cihazlari","8":"product_cat-otopark-donanimlari","10":"first","11":"instock","12":"shipping-taxable","13":"product-type-simple"},"yoast_head":"<!-- This site is optimized with the Yoast SEO plugin v26.6 - https:\/\/yoast.com\/wordpress\/plugins\/seo\/ -->\n<title>G\u00fcne\u015f Panelli Park Kilidi | Bireysel Bariyer Sistemi | ONLOI<\/title>\n<meta name=\"description\" content=\"G\u00fcne\u015f panelli bireysel park kilit bariyeri ile Onloi g\u00fcvenli\u011fi ve enerji tasarrufu sa\u011flay\u0131n. Dayan\u0131kl\u0131 ve ba\u011f\u0131ms\u0131z sistem.\" \/>\n<meta name=\"robots\" content=\"index, follow, max-snippet:-1, max-image-preview:large, max-video-preview:-1\" \/>\n<link rel=\"canonical\" href=\"https:\/\/onloi.com\/en\/product\/gunes-panelli-bireysel-park-kilit-bariyeri-obg0512\/\" \/>\n<meta property=\"og:locale\" content=\"en_US\" \/>\n<meta property=\"og:type\" content=\"article\" \/>\n<meta property=\"og:title\" content=\"G\u00fcne\u015f Panelli Park Kilidi | Bireysel Bariyer Sistemi | ONLOI\" \/>\n<meta property=\"og:description\" content=\"G\u00fcne\u015f panelli bireysel park kilit bariyeri ile Onloi g\u00fcvenli\u011fi ve enerji tasarrufu sa\u011flay\u0131n. Dayan\u0131kl\u0131 ve ba\u011f\u0131ms\u0131z sistem.\" \/>\n<meta property=\"og:url\" content=\"https:\/\/onloi.com\/en\/product\/gunes-panelli-bireysel-park-kilit-bariyeri-obg0512\/\" \/>\n<meta property=\"og:site_name\" content=\"Onloi\" \/>\n<meta property=\"article:modified_time\" content=\"2026-03-17T07:05:46+00:00\" \/>\n<meta property=\"og:image\" content=\"https:\/\/onloi.com\/wp-content\/uploads\/2025\/08\/Hb824176a12e74ac8a701d3648fafd65fh.jpeg\" \/>\n\t<meta property=\"og:image:width\" content=\"1200\" \/>\n\t<meta property=\"og:image:height\" content=\"1200\" \/>\n\t<meta property=\"og:image:type\" content=\"image\/jpeg\" \/>\n<meta name=\"twitter:card\" content=\"summary_large_image\" \/>\n<meta name=\"twitter:label1\" content=\"Est. reading time\" \/>\n\t<meta name=\"twitter:data1\" content=\"1 minute\" \/>\n<script type=\"application\/ld+json\" class=\"yoast-schema-graph\">{\"@context\":\"https:\/\/schema.org\",\"@graph\":[{\"@type\":\"WebPage\",\"@id\":\"https:\/\/onloi.com\/urun\/gunes-panelli-bireysel-park-kilit-bariyeri-obg0512\/\",\"url\":\"https:\/\/onloi.com\/urun\/gunes-panelli-bireysel-park-kilit-bariyeri-obg0512\/\",\"name\":\"G\u00fcne\u015f Panelli Park Kilidi | Bireysel Bariyer Sistemi | ONLOI\",\"isPartOf\":{\"@id\":\"https:\/\/onloi.com\/#website\"},\"primaryImageOfPage\":{\"@id\":\"https:\/\/onloi.com\/urun\/gunes-panelli-bireysel-park-kilit-bariyeri-obg0512\/#primaryimage\"},\"image\":{\"@id\":\"https:\/\/onloi.com\/urun\/gunes-panelli-bireysel-park-kilit-bariyeri-obg0512\/#primaryimage\"},\"thumbnailUrl\":\"https:\/\/onloi.com\/wp-content\/uploads\/2025\/08\/Hb824176a12e74ac8a701d3648fafd65fh.jpeg\",\"datePublished\":\"2025-08-22T09:20:04+00:00\",\"dateModified\":\"2026-03-17T07:05:46+00:00\",\"description\":\"G\u00fcne\u015f panelli bireysel park kilit bariyeri ile Onloi g\u00fcvenli\u011fi ve enerji tasarrufu sa\u011flay\u0131n. Dayan\u0131kl\u0131 ve ba\u011f\u0131ms\u0131z sistem.\",\"breadcrumb\":{\"@id\":\"https:\/\/onloi.com\/urun\/gunes-panelli-bireysel-park-kilit-bariyeri-obg0512\/#breadcrumb\"},\"inLanguage\":\"en-US\",\"potentialAction\":[{\"@type\":\"ReadAction\",\"target\":[\"https:\/\/onloi.com\/urun\/gunes-panelli-bireysel-park-kilit-bariyeri-obg0512\/\"]}]},{\"@type\":\"ImageObject\",\"inLanguage\":\"en-US\",\"@id\":\"https:\/\/onloi.com\/urun\/gunes-panelli-bireysel-park-kilit-bariyeri-obg0512\/#primaryimage\",\"url\":\"https:\/\/onloi.com\/wp-content\/uploads\/2025\/08\/Hb824176a12e74ac8a701d3648fafd65fh.jpeg\",\"contentUrl\":\"https:\/\/onloi.com\/wp-content\/uploads\/2025\/08\/Hb824176a12e74ac8a701d3648fafd65fh.jpeg\",\"width\":1200,\"height\":1200},{\"@type\":\"BreadcrumbList\",\"@id\":\"https:\/\/onloi.com\/urun\/gunes-panelli-bireysel-park-kilit-bariyeri-obg0512\/#breadcrumb\",\"itemListElement\":[{\"@type\":\"ListItem\",\"position\":1,\"name\":\"Anasayfa\",\"item\":\"https:\/\/onloi.com\/\"},{\"@type\":\"ListItem\",\"position\":2,\"name\":\"Ma\u011faza\",\"item\":\"https:\/\/onloi.com\/magaza\/\"},{\"@type\":\"ListItem\",\"position\":3,\"name\":\"G\u00fcne\u015f Panelli Bireysel Park Kilit Bariyeri\"}]},{\"@type\":\"WebSite\",\"@id\":\"https:\/\/onloi.com\/#website\",\"url\":\"https:\/\/onloi.com\/\",\"name\":\"Onloi\",\"description\":\"Onloi ile Ak\u0131ll\u0131 Ya\u015fam\u0131n Kilidini A\u00e7\u0131n\",\"potentialAction\":[{\"@type\":\"SearchAction\",\"target\":{\"@type\":\"EntryPoint\",\"urlTemplate\":\"https:\/\/onloi.com\/?s={search_term_string}\"},\"query-input\":{\"@type\":\"PropertyValueSpecification\",\"valueRequired\":true,\"valueName\":\"search_term_string\"}}],\"inLanguage\":\"en-US\"}]}<\/script>\n<!-- \/ Yoast SEO plugin. -->","yoast_head_json":{"title":"G\u00fcne\u015f Panelli Park Kilidi | Bireysel Bariyer Sistemi | ONLOI","description":"G\u00fcne\u015f panelli bireysel park kilit bariyeri ile Onloi g\u00fcvenli\u011fi ve enerji tasarrufu sa\u011flay\u0131n. Dayan\u0131kl\u0131 ve ba\u011f\u0131ms\u0131z sistem.","robots":{"index":"index","follow":"follow","max-snippet":"max-snippet:-1","max-image-preview":"max-image-preview:large","max-video-preview":"max-video-preview:-1"},"canonical":"https:\/\/onloi.com\/en\/product\/gunes-panelli-bireysel-park-kilit-bariyeri-obg0512\/","og_locale":"en_US","og_type":"article","og_title":"G\u00fcne\u015f Panelli Park Kilidi | Bireysel Bariyer Sistemi | ONLOI","og_description":"G\u00fcne\u015f panelli bireysel park kilit bariyeri ile Onloi g\u00fcvenli\u011fi ve enerji tasarrufu sa\u011flay\u0131n. Dayan\u0131kl\u0131 ve ba\u011f\u0131ms\u0131z sistem.","og_url":"https:\/\/onloi.com\/en\/product\/gunes-panelli-bireysel-park-kilit-bariyeri-obg0512\/","og_site_name":"Onloi","article_modified_time":"2026-03-17T07:05:46+00:00","og_image":[{"width":1200,"height":1200,"url":"https:\/\/onloi.com\/wp-content\/uploads\/2025\/08\/Hb824176a12e74ac8a701d3648fafd65fh.jpeg","type":"image\/jpeg"}],"twitter_card":"summary_large_image","twitter_misc":{"Est. reading time":"1 minute"},"schema":{"@context":"https:\/\/schema.org","@graph":[{"@type":"WebPage","@id":"https:\/\/onloi.com\/urun\/gunes-panelli-bireysel-park-kilit-bariyeri-obg0512\/","url":"https:\/\/onloi.com\/urun\/gunes-panelli-bireysel-park-kilit-bariyeri-obg0512\/","name":"G\u00fcne\u015f Panelli Park Kilidi | Bireysel Bariyer Sistemi | ONLOI","isPartOf":{"@id":"https:\/\/onloi.com\/#website"},"primaryImageOfPage":{"@id":"https:\/\/onloi.com\/urun\/gunes-panelli-bireysel-park-kilit-bariyeri-obg0512\/#primaryimage"},"image":{"@id":"https:\/\/onloi.com\/urun\/gunes-panelli-bireysel-park-kilit-bariyeri-obg0512\/#primaryimage"},"thumbnailUrl":"https:\/\/onloi.com\/wp-content\/uploads\/2025\/08\/Hb824176a12e74ac8a701d3648fafd65fh.jpeg","datePublished":"2025-08-22T09:20:04+00:00","dateModified":"2026-03-17T07:05:46+00:00","description":"G\u00fcne\u015f panelli bireysel park kilit bariyeri ile Onloi g\u00fcvenli\u011fi ve enerji tasarrufu sa\u011flay\u0131n. Dayan\u0131kl\u0131 ve ba\u011f\u0131ms\u0131z sistem.","breadcrumb":{"@id":"https:\/\/onloi.com\/urun\/gunes-panelli-bireysel-park-kilit-bariyeri-obg0512\/#breadcrumb"},"inLanguage":"en-US","potentialAction":[{"@type":"ReadAction","target":["https:\/\/onloi.com\/urun\/gunes-panelli-bireysel-park-kilit-bariyeri-obg0512\/"]}]},{"@type":"ImageObject","inLanguage":"en-US","@id":"https:\/\/onloi.com\/urun\/gunes-panelli-bireysel-park-kilit-bariyeri-obg0512\/#primaryimage","url":"https:\/\/onloi.com\/wp-content\/uploads\/2025\/08\/Hb824176a12e74ac8a701d3648fafd65fh.jpeg","contentUrl":"https:\/\/onloi.com\/wp-content\/uploads\/2025\/08\/Hb824176a12e74ac8a701d3648fafd65fh.jpeg","width":1200,"height":1200},{"@type":"BreadcrumbList","@id":"https:\/\/onloi.com\/urun\/gunes-panelli-bireysel-park-kilit-bariyeri-obg0512\/#breadcrumb","itemListElement":[{"@type":"ListItem","position":1,"name":"Anasayfa","item":"https:\/\/onloi.com\/"},{"@type":"ListItem","position":2,"name":"Ma\u011faza","item":"https:\/\/onloi.com\/magaza\/"},{"@type":"ListItem","position":3,"name":"G\u00fcne\u015f Panelli Bireysel Park Kilit Bariyeri"}]},{"@type":"WebSite","@id":"https:\/\/onloi.com\/#website","url":"https:\/\/onloi.com\/","name":"Onloi","description":"Unlock Smart Living with Onloi","potentialAction":[{"@type":"SearchAction","target":{"@type":"EntryPoint","urlTemplate":"https:\/\/onloi.com\/?s={search_term_string}"},"query-input":{"@type":"PropertyValueSpecification","valueRequired":true,"valueName":"search_term_string"}}],"inLanguage":"en-US"}]}},"_links":{"self":[{"href":"https:\/\/onloi.com\/en\/wp-json\/wp\/v2\/product\/777","targetHints":{"allow":["GET"]}}],"collection":[{"href":"https:\/\/onloi.com\/en\/wp-json\/wp\/v2\/product"}],"about":[{"href":"https:\/\/onloi.com\/en\/wp-json\/wp\/v2\/types\/product"}],"wp:featuredmedia":[{"embeddable":true,"href":"https:\/\/onloi.com\/en\/wp-json\/wp\/v2\/media\/2485"}],"wp:attachment":[{"href":"https:\/\/onloi.com\/en\/wp-json\/wp\/v2\/media?parent=777"}],"wp:term":[{"taxonomy":"product_brand","embeddable":true,"href":"https:\/\/onloi.com\/en\/wp-json\/wp\/v2\/product_brand?post=777"},{"taxonomy":"product_cat","embeddable":true,"href":"https:\/\/onloi.com\/en\/wp-json\/wp\/v2\/product_cat?post=777"},{"taxonomy":"product_tag","embeddable":true,"href":"https:\/\/onloi.com\/en\/wp-json\/wp\/v2\/product_tag?post=777"}],"curies":[{"name":"wp","href":"https:\/\/api.w.org\/{rel}","templated":true}]}}