{"id":772,"date":"2025-08-22T12:19:08","date_gmt":"2025-08-22T09:19:08","guid":{"rendered":"https:\/\/onloi.medicomyazilim.com\/?post_type=product&#038;p=772"},"modified":"2026-03-17T10:05:52","modified_gmt":"2026-03-17T07:05:52","slug":"bireysel-park-yeri-kilidi-obg0513","status":"publish","type":"product","link":"https:\/\/onloi.com\/en\/product\/bireysel-park-yeri-kilidi-obg0513\/","title":{"rendered":"Individual Parking Space Lock"},"content":{"rendered":"<h4><\/h4>\n<table class=\"spec-table\">\n<tbody>\n<tr>\n<th>Feature<\/th>\n<th>Description<\/th>\n<\/tr>\n<tr>\n<td>Weight<\/td>\n<td>7.7 kg<\/td>\n<\/tr>\n<tr>\n<td>Product Size<\/td>\n<td>450x450x80 mm<\/td>\n<\/tr>\n<tr>\n<td>Remote Control Detection Distance<\/td>\n<td>&lt; 15 m<\/td>\n<\/tr>\n<tr>\n<td>Blocker Height<\/td>\n<td>390 mm<\/td>\n<\/tr>\n<tr>\n<td>Parking Lock Body Height<\/td>\n<td>75 mm<\/td>\n<\/tr>\n<tr>\n<td>Operating Temperature<\/td>\n<td>-20\u00b0C ~ 55\u00b0C<\/td>\n<\/tr>\n<tr>\n<td>Power<\/td>\n<td>1.5 V x 3<\/td>\n<\/tr>\n<tr>\n<td>Guarantee<\/td>\n<td>2 Years<\/td>\n<\/tr>\n<\/tbody>\n<\/table>\n\n    <div class=\"xs_social_share_widget xs_share_url after_content \t\tmain_content  wslu-style-1 wslu-share-box-shaped wslu-fill-colored wslu-none wslu-share-horizontal wslu-theme-font-no wslu-main_content\">\n\n\t\t\n        <ul>\n\t\t\t        <\/ul>\n    <\/div>","protected":false},"excerpt":{"rendered":"<div class=\"product-short-description\">\n<h4 class=\"psd-title\">Loud Alarm and Impact Resistant Design<\/h4>\n<article class=\"text-token-text-primary w-full focus:outline-none [--shadow-height:45px] has-data-writing-block:pointer-events-none has-data-writing-block:-mt-(--shadow-height) has-data-writing-block:pt-(--shadow-height) [&amp;:has([data-writing-block])&gt;*]:pointer-events-auto scroll-mt-[calc(var(--header-height)+min(200px,max(70px,20svh)))]\" dir=\"auto\" tabindex=\"-1\" data-turn-id=\"request-WEB:9d3249ec-ebbc-4618-8a0c-b9c039057da8-12\" data-testid=\"conversation-turn-26\" data-scroll-anchor=\"true\" data-turn=\"assistant\">\n<div class=\"text-base my-auto mx-auto pb-10 [--thread-content-margin:--spacing(4)] @w-sm\/main:[--thread-content-margin:--spacing(6)] @w-lg\/main:[--thread-content-margin:--spacing(16)] px-(--thread-content-margin)\">\n<div class=\"[--thread-content-max-width:40rem] @w-lg\/main:[--thread-content-max-width:48rem] mx-auto max-w-(--thread-content-max-width) flex-1 group\/turn-messages focus-visible:outline-hidden relative flex w-full min-w-0 flex-col agent-turn\" tabindex=\"-1\">\n<div class=\"flex max-w-full flex-col grow\">\n<div class=\"min-h-8 text-message relative flex w-full flex-col items-end gap-2 text-start break-words whitespace-normal [.text-message+&amp;]:mt-1\" dir=\"auto\" data-message-author-role=\"assistant\" data-message-id=\"a4aeae68-3bda-4411-a3bf-ec2117637cbe\" data-message-model-slug=\"gpt-5-1\">\n<div class=\"flex w-full flex-col gap-1 empty:hidden first:pt-[1px]\">\n<div class=\"markdown prose dark:prose-invert w-full break-words light markdown-new-styling\">\n<ul data-start=\"0\" data-end=\"317\" data-is-last-node=\"\" data-is-only-node=\"\">\n<li data-start=\"0\" data-end=\"115\">\n<p data-start=\"2\" data-end=\"115\">With its innovative design and remote control feature, it provides easy control of personal parking spaces.<\/p>\n<\/li>\n<li data-start=\"116\" data-end=\"212\">\n<p data-start=\"118\" data-end=\"212\">In the vertical position, it alerts you with a high decibel alarm in case of any violation.<\/p>\n<\/li>\n<li data-start=\"263\" data-end=\"317\" data-is-last-node=\"\">\n<p data-start=\"265\" data-end=\"317\" data-is-last-node=\"\">Completely waterproof thanks to IP67 protection class.<\/p>\n<\/li>\n<\/ul>\n<\/div>\n<\/div>\n<\/div>\n<\/div>\n<div class=\"z-0 flex min-h-[46px] justify-start\"><\/div>\n<div class=\"mt-3 w-full empty:hidden\">\n<div class=\"text-center\"><\/div>\n<\/div>\n<\/div>\n<\/div>\n<\/article>\n<div class=\"pointer-events-none h-px w-px\" aria-hidden=\"true\" data-edge=\"true\"><\/div>\n<\/div>","protected":false},"featured_media":776,"template":"","meta":{"postBodyCss":"","postBodyMargin":[],"postBodyPadding":[],"postBodyBackground":{"backgroundType":"classic","gradient":""}},"product_brand":[],"product_cat":[26,36,40],"product_tag":[],"class_list":{"0":"post-772","1":"product","2":"type-product","3":"status-publish","4":"has-post-thumbnail","6":"product_cat-onloi-akilli-teknoloji-urunleri","7":"product_cat-erisim-kontrol-cihazlari","8":"product_cat-otopark-donanimlari","10":"first","11":"instock","12":"shipping-taxable","13":"product-type-simple"},"yoast_head":"<!-- This site is optimized with the Yoast SEO plugin v26.6 - https:\/\/yoast.com\/wordpress\/plugins\/seo\/ -->\n<title>Park Yeri Kilidi | Ak\u0131ll\u0131 Otopark \u00c7\u00f6z\u00fcm\u00fc | ONLOI<\/title>\n<meta name=\"description\" content=\"Onloi bireysel park yeri kilidi ile \u00f6zel alan\u0131n\u0131z\u0131 koruyun. H\u0131zl\u0131 ve g\u00fcvenli kullan\u0131m sa\u011flayan ak\u0131ll\u0131 \u00e7\u00f6z\u00fcm.\" \/>\n<meta name=\"robots\" content=\"index, follow, max-snippet:-1, max-image-preview:large, max-video-preview:-1\" \/>\n<link rel=\"canonical\" href=\"https:\/\/onloi.com\/en\/product\/bireysel-park-yeri-kilidi-obg0513\/\" \/>\n<meta property=\"og:locale\" content=\"en_US\" \/>\n<meta property=\"og:type\" content=\"article\" \/>\n<meta property=\"og:title\" content=\"Park Yeri Kilidi | Ak\u0131ll\u0131 Otopark \u00c7\u00f6z\u00fcm\u00fc | ONLOI\" \/>\n<meta property=\"og:description\" content=\"Onloi bireysel park yeri kilidi ile \u00f6zel alan\u0131n\u0131z\u0131 koruyun. H\u0131zl\u0131 ve g\u00fcvenli kullan\u0131m sa\u011flayan ak\u0131ll\u0131 \u00e7\u00f6z\u00fcm.\" \/>\n<meta property=\"og:url\" content=\"https:\/\/onloi.com\/en\/product\/bireysel-park-yeri-kilidi-obg0513\/\" \/>\n<meta property=\"og:site_name\" content=\"Onloi\" \/>\n<meta property=\"article:modified_time\" content=\"2026-03-17T07:05:52+00:00\" \/>\n<meta property=\"og:image\" content=\"https:\/\/onloi.com\/wp-content\/uploads\/2025\/08\/2-3.webp\" \/>\n\t<meta property=\"og:image:width\" content=\"1024\" \/>\n\t<meta property=\"og:image:height\" content=\"1024\" \/>\n\t<meta property=\"og:image:type\" content=\"image\/webp\" \/>\n<meta name=\"twitter:card\" content=\"summary_large_image\" \/>\n<meta name=\"twitter:label1\" content=\"Est. reading time\" \/>\n\t<meta name=\"twitter:data1\" content=\"1 minute\" \/>\n<script type=\"application\/ld+json\" class=\"yoast-schema-graph\">{\"@context\":\"https:\/\/schema.org\",\"@graph\":[{\"@type\":\"WebPage\",\"@id\":\"https:\/\/onloi.com\/urun\/bireysel-park-yeri-kilidi-obg0513\/\",\"url\":\"https:\/\/onloi.com\/urun\/bireysel-park-yeri-kilidi-obg0513\/\",\"name\":\"Park Yeri Kilidi | Ak\u0131ll\u0131 Otopark \u00c7\u00f6z\u00fcm\u00fc | ONLOI\",\"isPartOf\":{\"@id\":\"https:\/\/onloi.com\/#website\"},\"primaryImageOfPage\":{\"@id\":\"https:\/\/onloi.com\/urun\/bireysel-park-yeri-kilidi-obg0513\/#primaryimage\"},\"image\":{\"@id\":\"https:\/\/onloi.com\/urun\/bireysel-park-yeri-kilidi-obg0513\/#primaryimage\"},\"thumbnailUrl\":\"https:\/\/onloi.com\/wp-content\/uploads\/2025\/08\/2-3.webp\",\"datePublished\":\"2025-08-22T09:19:08+00:00\",\"dateModified\":\"2026-03-17T07:05:52+00:00\",\"description\":\"Onloi bireysel park yeri kilidi ile \u00f6zel alan\u0131n\u0131z\u0131 koruyun. H\u0131zl\u0131 ve g\u00fcvenli kullan\u0131m sa\u011flayan ak\u0131ll\u0131 \u00e7\u00f6z\u00fcm.\",\"breadcrumb\":{\"@id\":\"https:\/\/onloi.com\/urun\/bireysel-park-yeri-kilidi-obg0513\/#breadcrumb\"},\"inLanguage\":\"en-US\",\"potentialAction\":[{\"@type\":\"ReadAction\",\"target\":[\"https:\/\/onloi.com\/urun\/bireysel-park-yeri-kilidi-obg0513\/\"]}]},{\"@type\":\"ImageObject\",\"inLanguage\":\"en-US\",\"@id\":\"https:\/\/onloi.com\/urun\/bireysel-park-yeri-kilidi-obg0513\/#primaryimage\",\"url\":\"https:\/\/onloi.com\/wp-content\/uploads\/2025\/08\/2-3.webp\",\"contentUrl\":\"https:\/\/onloi.com\/wp-content\/uploads\/2025\/08\/2-3.webp\",\"width\":1024,\"height\":1024},{\"@type\":\"BreadcrumbList\",\"@id\":\"https:\/\/onloi.com\/urun\/bireysel-park-yeri-kilidi-obg0513\/#breadcrumb\",\"itemListElement\":[{\"@type\":\"ListItem\",\"position\":1,\"name\":\"Anasayfa\",\"item\":\"https:\/\/onloi.com\/\"},{\"@type\":\"ListItem\",\"position\":2,\"name\":\"Ma\u011faza\",\"item\":\"https:\/\/onloi.com\/magaza\/\"},{\"@type\":\"ListItem\",\"position\":3,\"name\":\"Bireysel Park Yeri Kilidi\"}]},{\"@type\":\"WebSite\",\"@id\":\"https:\/\/onloi.com\/#website\",\"url\":\"https:\/\/onloi.com\/\",\"name\":\"Onloi\",\"description\":\"Onloi ile Ak\u0131ll\u0131 Ya\u015fam\u0131n Kilidini A\u00e7\u0131n\",\"potentialAction\":[{\"@type\":\"SearchAction\",\"target\":{\"@type\":\"EntryPoint\",\"urlTemplate\":\"https:\/\/onloi.com\/?s={search_term_string}\"},\"query-input\":{\"@type\":\"PropertyValueSpecification\",\"valueRequired\":true,\"valueName\":\"search_term_string\"}}],\"inLanguage\":\"en-US\"}]}<\/script>\n<!-- \/ Yoast SEO plugin. -->","yoast_head_json":{"title":"Park Yeri Kilidi | Ak\u0131ll\u0131 Otopark \u00c7\u00f6z\u00fcm\u00fc | ONLOI","description":"Onloi bireysel park yeri kilidi ile \u00f6zel alan\u0131n\u0131z\u0131 koruyun. H\u0131zl\u0131 ve g\u00fcvenli kullan\u0131m sa\u011flayan ak\u0131ll\u0131 \u00e7\u00f6z\u00fcm.","robots":{"index":"index","follow":"follow","max-snippet":"max-snippet:-1","max-image-preview":"max-image-preview:large","max-video-preview":"max-video-preview:-1"},"canonical":"https:\/\/onloi.com\/en\/product\/bireysel-park-yeri-kilidi-obg0513\/","og_locale":"en_US","og_type":"article","og_title":"Park Yeri Kilidi | Ak\u0131ll\u0131 Otopark \u00c7\u00f6z\u00fcm\u00fc | ONLOI","og_description":"Onloi bireysel park yeri kilidi ile \u00f6zel alan\u0131n\u0131z\u0131 koruyun. H\u0131zl\u0131 ve g\u00fcvenli kullan\u0131m sa\u011flayan ak\u0131ll\u0131 \u00e7\u00f6z\u00fcm.","og_url":"https:\/\/onloi.com\/en\/product\/bireysel-park-yeri-kilidi-obg0513\/","og_site_name":"Onloi","article_modified_time":"2026-03-17T07:05:52+00:00","og_image":[{"width":1024,"height":1024,"url":"https:\/\/onloi.com\/wp-content\/uploads\/2025\/08\/2-3.webp","type":"image\/webp"}],"twitter_card":"summary_large_image","twitter_misc":{"Est. reading time":"1 minute"},"schema":{"@context":"https:\/\/schema.org","@graph":[{"@type":"WebPage","@id":"https:\/\/onloi.com\/urun\/bireysel-park-yeri-kilidi-obg0513\/","url":"https:\/\/onloi.com\/urun\/bireysel-park-yeri-kilidi-obg0513\/","name":"Park Yeri Kilidi | Ak\u0131ll\u0131 Otopark \u00c7\u00f6z\u00fcm\u00fc | ONLOI","isPartOf":{"@id":"https:\/\/onloi.com\/#website"},"primaryImageOfPage":{"@id":"https:\/\/onloi.com\/urun\/bireysel-park-yeri-kilidi-obg0513\/#primaryimage"},"image":{"@id":"https:\/\/onloi.com\/urun\/bireysel-park-yeri-kilidi-obg0513\/#primaryimage"},"thumbnailUrl":"https:\/\/onloi.com\/wp-content\/uploads\/2025\/08\/2-3.webp","datePublished":"2025-08-22T09:19:08+00:00","dateModified":"2026-03-17T07:05:52+00:00","description":"Onloi bireysel park yeri kilidi ile \u00f6zel alan\u0131n\u0131z\u0131 koruyun. H\u0131zl\u0131 ve g\u00fcvenli kullan\u0131m sa\u011flayan ak\u0131ll\u0131 \u00e7\u00f6z\u00fcm.","breadcrumb":{"@id":"https:\/\/onloi.com\/urun\/bireysel-park-yeri-kilidi-obg0513\/#breadcrumb"},"inLanguage":"en-US","potentialAction":[{"@type":"ReadAction","target":["https:\/\/onloi.com\/urun\/bireysel-park-yeri-kilidi-obg0513\/"]}]},{"@type":"ImageObject","inLanguage":"en-US","@id":"https:\/\/onloi.com\/urun\/bireysel-park-yeri-kilidi-obg0513\/#primaryimage","url":"https:\/\/onloi.com\/wp-content\/uploads\/2025\/08\/2-3.webp","contentUrl":"https:\/\/onloi.com\/wp-content\/uploads\/2025\/08\/2-3.webp","width":1024,"height":1024},{"@type":"BreadcrumbList","@id":"https:\/\/onloi.com\/urun\/bireysel-park-yeri-kilidi-obg0513\/#breadcrumb","itemListElement":[{"@type":"ListItem","position":1,"name":"Anasayfa","item":"https:\/\/onloi.com\/"},{"@type":"ListItem","position":2,"name":"Ma\u011faza","item":"https:\/\/onloi.com\/magaza\/"},{"@type":"ListItem","position":3,"name":"Bireysel Park Yeri Kilidi"}]},{"@type":"WebSite","@id":"https:\/\/onloi.com\/#website","url":"https:\/\/onloi.com\/","name":"Onloi","description":"Unlock Smart Living with Onloi","potentialAction":[{"@type":"SearchAction","target":{"@type":"EntryPoint","urlTemplate":"https:\/\/onloi.com\/?s={search_term_string}"},"query-input":{"@type":"PropertyValueSpecification","valueRequired":true,"valueName":"search_term_string"}}],"inLanguage":"en-US"}]}},"_links":{"self":[{"href":"https:\/\/onloi.com\/en\/wp-json\/wp\/v2\/product\/772","targetHints":{"allow":["GET"]}}],"collection":[{"href":"https:\/\/onloi.com\/en\/wp-json\/wp\/v2\/product"}],"about":[{"href":"https:\/\/onloi.com\/en\/wp-json\/wp\/v2\/types\/product"}],"wp:featuredmedia":[{"embeddable":true,"href":"https:\/\/onloi.com\/en\/wp-json\/wp\/v2\/media\/776"}],"wp:attachment":[{"href":"https:\/\/onloi.com\/en\/wp-json\/wp\/v2\/media?parent=772"}],"wp:term":[{"taxonomy":"product_brand","embeddable":true,"href":"https:\/\/onloi.com\/en\/wp-json\/wp\/v2\/product_brand?post=772"},{"taxonomy":"product_cat","embeddable":true,"href":"https:\/\/onloi.com\/en\/wp-json\/wp\/v2\/product_cat?post=772"},{"taxonomy":"product_tag","embeddable":true,"href":"https:\/\/onloi.com\/en\/wp-json\/wp\/v2\/product_tag?post=772"}],"curies":[{"name":"wp","href":"https:\/\/api.w.org\/{rel}","templated":true}]}}