{"id":764,"date":"2025-08-22T12:16:15","date_gmt":"2025-08-22T09:16:15","guid":{"rendered":"https:\/\/onloi.medicomyazilim.com\/?post_type=product&#038;p=764"},"modified":"2026-01-21T16:54:58","modified_gmt":"2026-01-21T13:54:58","slug":"tuya-uygulama-entegreli-ekranli-akilli-diafon-obg0121","status":"publish","type":"product","link":"https:\/\/onloi.com\/en\/product\/tuya-uygulama-entegreli-ekranli-akilli-diafon-obg0121\/","title":{"rendered":"Tuya Application Integrated Smart Diaphone with Screen"},"content":{"rendered":"<p>&nbsp;<\/p>\n<table class=\"spec-table\">\n<tbody>\n<tr>\n<th>Feature<\/th>\n<th>Description<\/th>\n<\/tr>\n<tr>\n<td>Power Supply<\/td>\n<td>12 V DC<\/td>\n<\/tr>\n<tr>\n<td>Operating Temperature<\/td>\n<td>-25\u2103 to +55<\/td>\n<\/tr>\n<tr>\n<td>Product Size<\/td>\n<td>330 x 155 x 46 mm<\/td>\n<\/tr>\n<tr>\n<td>Operation<\/td>\n<td>Touch Screen<\/td>\n<\/tr>\n<tr>\n<td>Color<\/td>\n<td>Silver + Black<\/td>\n<\/tr>\n<tr>\n<td>Door Lock<\/td>\n<td>Relay Unlock(COM \/ +12V \/ NO \/ GND)<\/td>\n<\/tr>\n<tr>\n<td>Connection<\/td>\n<td>RJ45<\/td>\n<\/tr>\n<tr>\n<td>Communication<\/td>\n<td>RJ45(TCP\/IP), RS485, WiFi, Bluetooth<\/td>\n<\/tr>\n<tr>\n<td>Water Proofing<\/td>\n<td>IP65<\/td>\n<\/tr>\n<tr>\n<td>Installation Method<\/td>\n<td>Wall\/recessed installation (320 x 143 x 48 mm)<\/td>\n<\/tr>\n<tr>\n<td>Guarantee<\/td>\n<td>2 Years<\/td>\n<\/tr>\n<\/tbody>\n<\/table>\n\n    <div class=\"xs_social_share_widget xs_share_url after_content \t\tmain_content  wslu-style-1 wslu-share-box-shaped wslu-fill-colored wslu-none wslu-share-horizontal wslu-theme-font-no wslu-main_content\">\n\n\t\t\n        <ul>\n\t\t\t        <\/ul>\n    <\/div>","protected":false},"excerpt":{"rendered":"<div class=\"product-short-description\">\n<h4 class=\"psd-title\">Fast and Secure Transition with Face Recognition Terminal<\/h4>\n<p class=\"psd-intro\">8-inch HD touchscreen, digital camera and high quality aluminum panel provide fast and secure switching. It offers high performance in any environment with its night vision and bright light compensation camera.<\/p>\n<ul class=\"psd-features\">\n<li>Multiple login options with face recognition, password, card and mobile app.<\/li>\n<li>Clear communication with two-way audio.<\/li>\n<li>Energy saving and long life with low power consumption.<\/li>\n<li>Tuya ID support costs an additional USD 8 per user.<\/li>\n<\/ul>\n<\/div>","protected":false},"featured_media":766,"template":"","meta":{"postBodyCss":"","postBodyMargin":[],"postBodyPadding":[],"postBodyBackground":{"backgroundType":"classic","gradient":""}},"product_brand":[],"product_cat":[26,38,36],"product_tag":[],"class_list":{"0":"post-764","1":"product","2":"type-product","3":"status-publish","4":"has-post-thumbnail","6":"product_cat-onloi-akilli-teknoloji-urunleri","7":"product_cat-akilli-diafonlar","8":"product_cat-erisim-kontrol-cihazlari","10":"first","11":"instock","12":"shipping-taxable","13":"product-type-simple"},"yoast_head":"<!-- This site is optimized with the Yoast SEO plugin v26.6 - https:\/\/yoast.com\/wordpress\/plugins\/seo\/ -->\n<title>Tuya Uygulama Entegreli Ekranl\u0131 Ak\u0131ll\u0131 Diafon | ONLOI<\/title>\n<meta name=\"description\" content=\"Tuya entegreli ak\u0131ll\u0131 diafon ile Onloi g\u00fcvenli\u011fini art\u0131r\u0131n. G\u00f6r\u00fcnt\u00fcl\u00fc g\u00f6r\u00fc\u015fme ve mobil kontrol ile tam g\u00fcvenlik sa\u011flay\u0131n.\" \/>\n<meta name=\"robots\" content=\"index, follow, max-snippet:-1, max-image-preview:large, max-video-preview:-1\" \/>\n<link rel=\"canonical\" href=\"https:\/\/onloi.com\/en\/product\/tuya-uygulama-entegreli-ekranli-akilli-diafon-obg0121\/\" \/>\n<meta property=\"og:locale\" content=\"en_US\" \/>\n<meta property=\"og:type\" content=\"article\" \/>\n<meta property=\"og:title\" content=\"Tuya Uygulama Entegreli Ekranl\u0131 Ak\u0131ll\u0131 Diafon | ONLOI\" \/>\n<meta property=\"og:description\" content=\"Tuya entegreli ak\u0131ll\u0131 diafon ile Onloi g\u00fcvenli\u011fini art\u0131r\u0131n. G\u00f6r\u00fcnt\u00fcl\u00fc g\u00f6r\u00fc\u015fme ve mobil kontrol ile tam g\u00fcvenlik sa\u011flay\u0131n.\" \/>\n<meta property=\"og:url\" content=\"https:\/\/onloi.com\/en\/product\/tuya-uygulama-entegreli-ekranli-akilli-diafon-obg0121\/\" \/>\n<meta property=\"og:site_name\" content=\"Onloi\" \/>\n<meta property=\"article:modified_time\" content=\"2026-01-21T13:54:58+00:00\" \/>\n<meta property=\"og:image\" content=\"https:\/\/onloi.com\/wp-content\/uploads\/2025\/08\/diaofnn.webp\" \/>\n\t<meta property=\"og:image:width\" content=\"1024\" \/>\n\t<meta property=\"og:image:height\" content=\"1536\" \/>\n\t<meta property=\"og:image:type\" content=\"image\/webp\" \/>\n<meta name=\"twitter:card\" content=\"summary_large_image\" \/>\n<meta name=\"twitter:label1\" content=\"Est. reading time\" \/>\n\t<meta name=\"twitter:data1\" content=\"1 minute\" \/>\n<script type=\"application\/ld+json\" class=\"yoast-schema-graph\">{\"@context\":\"https:\/\/schema.org\",\"@graph\":[{\"@type\":\"WebPage\",\"@id\":\"https:\/\/onloi.com\/urun\/tuya-uygulama-entegreli-ekranli-akilli-diafon-obg0121\/\",\"url\":\"https:\/\/onloi.com\/urun\/tuya-uygulama-entegreli-ekranli-akilli-diafon-obg0121\/\",\"name\":\"Tuya Uygulama Entegreli Ekranl\u0131 Ak\u0131ll\u0131 Diafon | ONLOI\",\"isPartOf\":{\"@id\":\"https:\/\/onloi.com\/#website\"},\"primaryImageOfPage\":{\"@id\":\"https:\/\/onloi.com\/urun\/tuya-uygulama-entegreli-ekranli-akilli-diafon-obg0121\/#primaryimage\"},\"image\":{\"@id\":\"https:\/\/onloi.com\/urun\/tuya-uygulama-entegreli-ekranli-akilli-diafon-obg0121\/#primaryimage\"},\"thumbnailUrl\":\"https:\/\/onloi.com\/wp-content\/uploads\/2025\/08\/diaofnn.webp\",\"datePublished\":\"2025-08-22T09:16:15+00:00\",\"dateModified\":\"2026-01-21T13:54:58+00:00\",\"description\":\"Tuya entegreli ak\u0131ll\u0131 diafon ile Onloi g\u00fcvenli\u011fini art\u0131r\u0131n. G\u00f6r\u00fcnt\u00fcl\u00fc g\u00f6r\u00fc\u015fme ve mobil kontrol ile tam g\u00fcvenlik sa\u011flay\u0131n.\",\"breadcrumb\":{\"@id\":\"https:\/\/onloi.com\/urun\/tuya-uygulama-entegreli-ekranli-akilli-diafon-obg0121\/#breadcrumb\"},\"inLanguage\":\"en-US\",\"potentialAction\":[{\"@type\":\"ReadAction\",\"target\":[\"https:\/\/onloi.com\/urun\/tuya-uygulama-entegreli-ekranli-akilli-diafon-obg0121\/\"]}]},{\"@type\":\"ImageObject\",\"inLanguage\":\"en-US\",\"@id\":\"https:\/\/onloi.com\/urun\/tuya-uygulama-entegreli-ekranli-akilli-diafon-obg0121\/#primaryimage\",\"url\":\"https:\/\/onloi.com\/wp-content\/uploads\/2025\/08\/diaofnn.webp\",\"contentUrl\":\"https:\/\/onloi.com\/wp-content\/uploads\/2025\/08\/diaofnn.webp\",\"width\":1024,\"height\":1536},{\"@type\":\"BreadcrumbList\",\"@id\":\"https:\/\/onloi.com\/urun\/tuya-uygulama-entegreli-ekranli-akilli-diafon-obg0121\/#breadcrumb\",\"itemListElement\":[{\"@type\":\"ListItem\",\"position\":1,\"name\":\"Anasayfa\",\"item\":\"https:\/\/onloi.com\/\"},{\"@type\":\"ListItem\",\"position\":2,\"name\":\"Ma\u011faza\",\"item\":\"https:\/\/onloi.com\/magaza\/\"},{\"@type\":\"ListItem\",\"position\":3,\"name\":\"Tuya Uygulama Entegreli Ekranl\u0131 Ak\u0131ll\u0131 Diafon\"}]},{\"@type\":\"WebSite\",\"@id\":\"https:\/\/onloi.com\/#website\",\"url\":\"https:\/\/onloi.com\/\",\"name\":\"Onloi\",\"description\":\"Onloi ile Ak\u0131ll\u0131 Ya\u015fam\u0131n Kilidini A\u00e7\u0131n\",\"potentialAction\":[{\"@type\":\"SearchAction\",\"target\":{\"@type\":\"EntryPoint\",\"urlTemplate\":\"https:\/\/onloi.com\/?s={search_term_string}\"},\"query-input\":{\"@type\":\"PropertyValueSpecification\",\"valueRequired\":true,\"valueName\":\"search_term_string\"}}],\"inLanguage\":\"en-US\"}]}<\/script>\n<!-- \/ Yoast SEO plugin. -->","yoast_head_json":{"title":"Tuya Uygulama Entegreli Ekranl\u0131 Ak\u0131ll\u0131 Diafon | ONLOI","description":"Tuya entegreli ak\u0131ll\u0131 diafon ile Onloi g\u00fcvenli\u011fini art\u0131r\u0131n. G\u00f6r\u00fcnt\u00fcl\u00fc g\u00f6r\u00fc\u015fme ve mobil kontrol ile tam g\u00fcvenlik sa\u011flay\u0131n.","robots":{"index":"index","follow":"follow","max-snippet":"max-snippet:-1","max-image-preview":"max-image-preview:large","max-video-preview":"max-video-preview:-1"},"canonical":"https:\/\/onloi.com\/en\/product\/tuya-uygulama-entegreli-ekranli-akilli-diafon-obg0121\/","og_locale":"en_US","og_type":"article","og_title":"Tuya Uygulama Entegreli Ekranl\u0131 Ak\u0131ll\u0131 Diafon | ONLOI","og_description":"Tuya entegreli ak\u0131ll\u0131 diafon ile Onloi g\u00fcvenli\u011fini art\u0131r\u0131n. G\u00f6r\u00fcnt\u00fcl\u00fc g\u00f6r\u00fc\u015fme ve mobil kontrol ile tam g\u00fcvenlik sa\u011flay\u0131n.","og_url":"https:\/\/onloi.com\/en\/product\/tuya-uygulama-entegreli-ekranli-akilli-diafon-obg0121\/","og_site_name":"Onloi","article_modified_time":"2026-01-21T13:54:58+00:00","og_image":[{"width":1024,"height":1536,"url":"https:\/\/onloi.com\/wp-content\/uploads\/2025\/08\/diaofnn.webp","type":"image\/webp"}],"twitter_card":"summary_large_image","twitter_misc":{"Est. reading time":"1 minute"},"schema":{"@context":"https:\/\/schema.org","@graph":[{"@type":"WebPage","@id":"https:\/\/onloi.com\/urun\/tuya-uygulama-entegreli-ekranli-akilli-diafon-obg0121\/","url":"https:\/\/onloi.com\/urun\/tuya-uygulama-entegreli-ekranli-akilli-diafon-obg0121\/","name":"Tuya Uygulama Entegreli Ekranl\u0131 Ak\u0131ll\u0131 Diafon | ONLOI","isPartOf":{"@id":"https:\/\/onloi.com\/#website"},"primaryImageOfPage":{"@id":"https:\/\/onloi.com\/urun\/tuya-uygulama-entegreli-ekranli-akilli-diafon-obg0121\/#primaryimage"},"image":{"@id":"https:\/\/onloi.com\/urun\/tuya-uygulama-entegreli-ekranli-akilli-diafon-obg0121\/#primaryimage"},"thumbnailUrl":"https:\/\/onloi.com\/wp-content\/uploads\/2025\/08\/diaofnn.webp","datePublished":"2025-08-22T09:16:15+00:00","dateModified":"2026-01-21T13:54:58+00:00","description":"Tuya entegreli ak\u0131ll\u0131 diafon ile Onloi g\u00fcvenli\u011fini art\u0131r\u0131n. G\u00f6r\u00fcnt\u00fcl\u00fc g\u00f6r\u00fc\u015fme ve mobil kontrol ile tam g\u00fcvenlik sa\u011flay\u0131n.","breadcrumb":{"@id":"https:\/\/onloi.com\/urun\/tuya-uygulama-entegreli-ekranli-akilli-diafon-obg0121\/#breadcrumb"},"inLanguage":"en-US","potentialAction":[{"@type":"ReadAction","target":["https:\/\/onloi.com\/urun\/tuya-uygulama-entegreli-ekranli-akilli-diafon-obg0121\/"]}]},{"@type":"ImageObject","inLanguage":"en-US","@id":"https:\/\/onloi.com\/urun\/tuya-uygulama-entegreli-ekranli-akilli-diafon-obg0121\/#primaryimage","url":"https:\/\/onloi.com\/wp-content\/uploads\/2025\/08\/diaofnn.webp","contentUrl":"https:\/\/onloi.com\/wp-content\/uploads\/2025\/08\/diaofnn.webp","width":1024,"height":1536},{"@type":"BreadcrumbList","@id":"https:\/\/onloi.com\/urun\/tuya-uygulama-entegreli-ekranli-akilli-diafon-obg0121\/#breadcrumb","itemListElement":[{"@type":"ListItem","position":1,"name":"Anasayfa","item":"https:\/\/onloi.com\/"},{"@type":"ListItem","position":2,"name":"Ma\u011faza","item":"https:\/\/onloi.com\/magaza\/"},{"@type":"ListItem","position":3,"name":"Tuya Uygulama Entegreli Ekranl\u0131 Ak\u0131ll\u0131 Diafon"}]},{"@type":"WebSite","@id":"https:\/\/onloi.com\/#website","url":"https:\/\/onloi.com\/","name":"Onloi","description":"Unlock Smart Living with Onloi","potentialAction":[{"@type":"SearchAction","target":{"@type":"EntryPoint","urlTemplate":"https:\/\/onloi.com\/?s={search_term_string}"},"query-input":{"@type":"PropertyValueSpecification","valueRequired":true,"valueName":"search_term_string"}}],"inLanguage":"en-US"}]}},"_links":{"self":[{"href":"https:\/\/onloi.com\/en\/wp-json\/wp\/v2\/product\/764","targetHints":{"allow":["GET"]}}],"collection":[{"href":"https:\/\/onloi.com\/en\/wp-json\/wp\/v2\/product"}],"about":[{"href":"https:\/\/onloi.com\/en\/wp-json\/wp\/v2\/types\/product"}],"wp:featuredmedia":[{"embeddable":true,"href":"https:\/\/onloi.com\/en\/wp-json\/wp\/v2\/media\/766"}],"wp:attachment":[{"href":"https:\/\/onloi.com\/en\/wp-json\/wp\/v2\/media?parent=764"}],"wp:term":[{"taxonomy":"product_brand","embeddable":true,"href":"https:\/\/onloi.com\/en\/wp-json\/wp\/v2\/product_brand?post=764"},{"taxonomy":"product_cat","embeddable":true,"href":"https:\/\/onloi.com\/en\/wp-json\/wp\/v2\/product_cat?post=764"},{"taxonomy":"product_tag","embeddable":true,"href":"https:\/\/onloi.com\/en\/wp-json\/wp\/v2\/product_tag?post=764"}],"curies":[{"name":"wp","href":"https:\/\/api.w.org\/{rel}","templated":true}]}}