{"id":727,"date":"2025-08-22T12:06:10","date_gmt":"2025-08-22T09:06:10","guid":{"rendered":"https:\/\/onloi.medicomyazilim.com\/?post_type=product&#038;p=727"},"modified":"2026-03-17T10:08:03","modified_gmt":"2026-03-17T07:08:03","slug":"proximity-125khz-anahtarlik-obg0206","status":"publish","type":"product","link":"https:\/\/onloi.com\/en\/product\/proximity-125khz-anahtarlik-obg0206\/","title":{"rendered":"Proximity 125Khz Keychain"},"content":{"rendered":"<p>&nbsp;<\/p>\n<table class=\"spec-table\">\n<tbody>\n<tr>\n<th>Feature<\/th>\n<th>Description<\/th>\n<\/tr>\n<tr>\n<td>Operating Frequency<\/td>\n<td>125 kHz<\/td>\n<\/tr>\n<tr>\n<td>Product Size<\/td>\n<td>39.9 x 30.9 x 5.3 mm<\/td>\n<\/tr>\n<tr>\n<td>Package Contents<\/td>\n<td>1 piece<\/td>\n<\/tr>\n<tr>\n<td>Guarantee<\/td>\n<td>2 Years<\/td>\n<\/tr>\n<\/tbody>\n<\/table>\n\n    <div class=\"xs_social_share_widget xs_share_url after_content \t\tmain_content  wslu-style-1 wslu-share-box-shaped wslu-fill-colored wslu-none wslu-share-horizontal wslu-theme-font-no wslu-main_content\">\n\n\t\t\n        <ul>\n\t\t\t        <\/ul>\n    <\/div>","protected":false},"excerpt":{"rendered":"<div class=\"product-short-description\">\n<h4 class=\"psd-title\">Smart Card to Stop Uncontrolled Entry<\/h4>\n<article class=\"text-token-text-primary w-full focus:outline-none [--shadow-height:45px] has-data-writing-block:pointer-events-none has-data-writing-block:-mt-(--shadow-height) has-data-writing-block:pt-(--shadow-height) [&amp;:has([data-writing-block])&gt;*]:pointer-events-auto scroll-mt-[calc(var(--header-height)+min(200px,max(70px,20svh)))]\" dir=\"auto\" tabindex=\"-1\" data-turn-id=\"request-WEB:9d3249ec-ebbc-4618-8a0c-b9c039057da8-16\" data-testid=\"conversation-turn-34\" data-scroll-anchor=\"true\" data-turn=\"assistant\">\n<div class=\"text-base my-auto mx-auto pb-10 [--thread-content-margin:--spacing(4)] @w-sm\/main:[--thread-content-margin:--spacing(6)] @w-lg\/main:[--thread-content-margin:--spacing(16)] px-(--thread-content-margin)\">\n<div class=\"[--thread-content-max-width:40rem] @w-lg\/main:[--thread-content-max-width:48rem] mx-auto max-w-(--thread-content-max-width) flex-1 group\/turn-messages focus-visible:outline-hidden relative flex w-full min-w-0 flex-col agent-turn\" tabindex=\"-1\">\n<div class=\"flex max-w-full flex-col grow\">\n<div class=\"min-h-8 text-message relative flex w-full flex-col items-end gap-2 text-start break-words whitespace-normal [.text-message+&amp;]:mt-1\" dir=\"auto\" data-message-author-role=\"assistant\" data-message-id=\"84ded7bb-c3c0-476b-a6b3-4a90cc37a78e\" data-message-model-slug=\"gpt-5-1\">\n<div class=\"flex w-full flex-col gap-1 empty:hidden first:pt-[1px]\">\n<div class=\"markdown prose dark:prose-invert w-full break-words light markdown-new-styling\">\n<ul data-start=\"0\" data-end=\"679\" data-is-last-node=\"\" data-is-only-node=\"\">\n<li data-start=\"0\" data-end=\"123\">\n<p data-start=\"2\" data-end=\"123\">It is a key fob card with proximity key fob technology and is often used in access control systems.<\/p>\n<\/li>\n<li data-start=\"124\" data-end=\"254\">\n<p data-start=\"126\" data-end=\"254\">Easy to carry, stylish and durable, this key fob offers an ideal solution for card access systems.<\/p>\n<\/li>\n<li data-start=\"255\" data-end=\"448\">\n<p data-start=\"257\" data-end=\"448\">It is compatible with P1 technology and provides secure data transmission and reading. Proximity key fobs are widely used in access control systems and provide a secure authentication.<\/p>\n<\/li>\n<li data-start=\"449\" data-end=\"570\">\n<p data-start=\"451\" data-end=\"570\">Designed as a keychain, it offers users easy transportation and provides practicality during transportation.<\/p>\n<\/li>\n<li data-start=\"571\" data-end=\"679\" data-is-last-node=\"\">\n<p data-start=\"573\" data-end=\"679\" data-is-last-node=\"\">Your logo can be personalized with your choice of full color printing or laser engraving with numbers or graphics.<\/p>\n<\/li>\n<\/ul>\n<\/div>\n<\/div>\n<\/div>\n<\/div>\n<\/div>\n<\/div>\n<\/article>\n<\/div>","protected":false},"featured_media":2823,"template":"","meta":{"postBodyCss":"","postBodyMargin":[],"postBodyPadding":[],"postBodyBackground":{"backgroundType":"classic","gradient":""}},"product_brand":[],"product_cat":[26,36,37],"product_tag":[],"class_list":{"0":"post-727","1":"product","2":"type-product","3":"status-publish","4":"has-post-thumbnail","6":"product_cat-onloi-akilli-teknoloji-urunleri","7":"product_cat-erisim-kontrol-cihazlari","8":"product_cat-rfid-kartlar","10":"first","11":"instock","12":"shipping-taxable","13":"product-type-simple"},"yoast_head":"<!-- This site is optimized with the Yoast SEO plugin v26.6 - https:\/\/yoast.com\/wordpress\/plugins\/seo\/ -->\n<title>Proximity 125Khz Anahtarl\u0131k | ONLOI<\/title>\n<meta name=\"description\" content=\"Onloi proximity 125kHz anahtarl\u0131k ile temass\u0131z ve g\u00fcvenli ge\u00e7i\u015f sa\u011flay\u0131n. H\u0131zl\u0131 kullan\u0131m sunar.\" \/>\n<meta name=\"robots\" content=\"index, follow, max-snippet:-1, max-image-preview:large, max-video-preview:-1\" \/>\n<link rel=\"canonical\" href=\"https:\/\/onloi.com\/en\/product\/proximity-125khz-anahtarlik-obg0206\/\" \/>\n<meta property=\"og:locale\" content=\"en_US\" \/>\n<meta property=\"og:type\" content=\"article\" \/>\n<meta property=\"og:title\" content=\"Proximity 125Khz Anahtarl\u0131k | ONLOI\" \/>\n<meta property=\"og:description\" content=\"Onloi proximity 125kHz anahtarl\u0131k ile temass\u0131z ve g\u00fcvenli ge\u00e7i\u015f sa\u011flay\u0131n. H\u0131zl\u0131 kullan\u0131m sunar.\" \/>\n<meta property=\"og:url\" content=\"https:\/\/onloi.com\/en\/product\/proximity-125khz-anahtarlik-obg0206\/\" \/>\n<meta property=\"og:site_name\" content=\"Onloi\" \/>\n<meta property=\"article:modified_time\" content=\"2026-03-17T07:08:03+00:00\" \/>\n<meta property=\"og:image\" content=\"https:\/\/onloi.com\/wp-content\/uploads\/2025\/08\/ASMA-KILIT-5-e1765436611503.png\" \/>\n\t<meta property=\"og:image:width\" content=\"1757\" \/>\n\t<meta property=\"og:image:height\" content=\"1670\" \/>\n\t<meta property=\"og:image:type\" content=\"image\/png\" \/>\n<meta name=\"twitter:card\" content=\"summary_large_image\" \/>\n<meta name=\"twitter:label1\" content=\"Est. reading time\" \/>\n\t<meta name=\"twitter:data1\" content=\"1 minute\" \/>\n<script type=\"application\/ld+json\" class=\"yoast-schema-graph\">{\"@context\":\"https:\/\/schema.org\",\"@graph\":[{\"@type\":\"WebPage\",\"@id\":\"https:\/\/onloi.com\/urun\/proximity-125khz-anahtarlik-obg0206\/\",\"url\":\"https:\/\/onloi.com\/urun\/proximity-125khz-anahtarlik-obg0206\/\",\"name\":\"Proximity 125Khz Anahtarl\u0131k | ONLOI\",\"isPartOf\":{\"@id\":\"https:\/\/onloi.com\/#website\"},\"primaryImageOfPage\":{\"@id\":\"https:\/\/onloi.com\/urun\/proximity-125khz-anahtarlik-obg0206\/#primaryimage\"},\"image\":{\"@id\":\"https:\/\/onloi.com\/urun\/proximity-125khz-anahtarlik-obg0206\/#primaryimage\"},\"thumbnailUrl\":\"https:\/\/onloi.com\/wp-content\/uploads\/2025\/08\/ASMA-KILIT-5-e1765436611503.png\",\"datePublished\":\"2025-08-22T09:06:10+00:00\",\"dateModified\":\"2026-03-17T07:08:03+00:00\",\"description\":\"Onloi proximity 125kHz anahtarl\u0131k ile temass\u0131z ve g\u00fcvenli ge\u00e7i\u015f sa\u011flay\u0131n. H\u0131zl\u0131 kullan\u0131m sunar.\",\"breadcrumb\":{\"@id\":\"https:\/\/onloi.com\/urun\/proximity-125khz-anahtarlik-obg0206\/#breadcrumb\"},\"inLanguage\":\"en-US\",\"potentialAction\":[{\"@type\":\"ReadAction\",\"target\":[\"https:\/\/onloi.com\/urun\/proximity-125khz-anahtarlik-obg0206\/\"]}]},{\"@type\":\"ImageObject\",\"inLanguage\":\"en-US\",\"@id\":\"https:\/\/onloi.com\/urun\/proximity-125khz-anahtarlik-obg0206\/#primaryimage\",\"url\":\"https:\/\/onloi.com\/wp-content\/uploads\/2025\/08\/ASMA-KILIT-5-e1765436611503.png\",\"contentUrl\":\"https:\/\/onloi.com\/wp-content\/uploads\/2025\/08\/ASMA-KILIT-5-e1765436611503.png\",\"width\":1757,\"height\":1670},{\"@type\":\"BreadcrumbList\",\"@id\":\"https:\/\/onloi.com\/urun\/proximity-125khz-anahtarlik-obg0206\/#breadcrumb\",\"itemListElement\":[{\"@type\":\"ListItem\",\"position\":1,\"name\":\"Anasayfa\",\"item\":\"https:\/\/onloi.com\/\"},{\"@type\":\"ListItem\",\"position\":2,\"name\":\"Ma\u011faza\",\"item\":\"https:\/\/onloi.com\/magaza\/\"},{\"@type\":\"ListItem\",\"position\":3,\"name\":\"Proximity 125Khz Anahtarl\u0131k\"}]},{\"@type\":\"WebSite\",\"@id\":\"https:\/\/onloi.com\/#website\",\"url\":\"https:\/\/onloi.com\/\",\"name\":\"Onloi\",\"description\":\"Onloi ile Ak\u0131ll\u0131 Ya\u015fam\u0131n Kilidini A\u00e7\u0131n\",\"potentialAction\":[{\"@type\":\"SearchAction\",\"target\":{\"@type\":\"EntryPoint\",\"urlTemplate\":\"https:\/\/onloi.com\/?s={search_term_string}\"},\"query-input\":{\"@type\":\"PropertyValueSpecification\",\"valueRequired\":true,\"valueName\":\"search_term_string\"}}],\"inLanguage\":\"en-US\"}]}<\/script>\n<!-- \/ Yoast SEO plugin. -->","yoast_head_json":{"title":"Proximity 125Khz Anahtarl\u0131k | ONLOI","description":"Onloi proximity 125kHz anahtarl\u0131k ile temass\u0131z ve g\u00fcvenli ge\u00e7i\u015f sa\u011flay\u0131n. H\u0131zl\u0131 kullan\u0131m sunar.","robots":{"index":"index","follow":"follow","max-snippet":"max-snippet:-1","max-image-preview":"max-image-preview:large","max-video-preview":"max-video-preview:-1"},"canonical":"https:\/\/onloi.com\/en\/product\/proximity-125khz-anahtarlik-obg0206\/","og_locale":"en_US","og_type":"article","og_title":"Proximity 125Khz Anahtarl\u0131k | ONLOI","og_description":"Onloi proximity 125kHz anahtarl\u0131k ile temass\u0131z ve g\u00fcvenli ge\u00e7i\u015f sa\u011flay\u0131n. H\u0131zl\u0131 kullan\u0131m sunar.","og_url":"https:\/\/onloi.com\/en\/product\/proximity-125khz-anahtarlik-obg0206\/","og_site_name":"Onloi","article_modified_time":"2026-03-17T07:08:03+00:00","og_image":[{"width":1757,"height":1670,"url":"https:\/\/onloi.com\/wp-content\/uploads\/2025\/08\/ASMA-KILIT-5-e1765436611503.png","type":"image\/png"}],"twitter_card":"summary_large_image","twitter_misc":{"Est. reading time":"1 minute"},"schema":{"@context":"https:\/\/schema.org","@graph":[{"@type":"WebPage","@id":"https:\/\/onloi.com\/urun\/proximity-125khz-anahtarlik-obg0206\/","url":"https:\/\/onloi.com\/urun\/proximity-125khz-anahtarlik-obg0206\/","name":"Proximity 125Khz Anahtarl\u0131k | ONLOI","isPartOf":{"@id":"https:\/\/onloi.com\/#website"},"primaryImageOfPage":{"@id":"https:\/\/onloi.com\/urun\/proximity-125khz-anahtarlik-obg0206\/#primaryimage"},"image":{"@id":"https:\/\/onloi.com\/urun\/proximity-125khz-anahtarlik-obg0206\/#primaryimage"},"thumbnailUrl":"https:\/\/onloi.com\/wp-content\/uploads\/2025\/08\/ASMA-KILIT-5-e1765436611503.png","datePublished":"2025-08-22T09:06:10+00:00","dateModified":"2026-03-17T07:08:03+00:00","description":"Onloi proximity 125kHz anahtarl\u0131k ile temass\u0131z ve g\u00fcvenli ge\u00e7i\u015f sa\u011flay\u0131n. H\u0131zl\u0131 kullan\u0131m sunar.","breadcrumb":{"@id":"https:\/\/onloi.com\/urun\/proximity-125khz-anahtarlik-obg0206\/#breadcrumb"},"inLanguage":"en-US","potentialAction":[{"@type":"ReadAction","target":["https:\/\/onloi.com\/urun\/proximity-125khz-anahtarlik-obg0206\/"]}]},{"@type":"ImageObject","inLanguage":"en-US","@id":"https:\/\/onloi.com\/urun\/proximity-125khz-anahtarlik-obg0206\/#primaryimage","url":"https:\/\/onloi.com\/wp-content\/uploads\/2025\/08\/ASMA-KILIT-5-e1765436611503.png","contentUrl":"https:\/\/onloi.com\/wp-content\/uploads\/2025\/08\/ASMA-KILIT-5-e1765436611503.png","width":1757,"height":1670},{"@type":"BreadcrumbList","@id":"https:\/\/onloi.com\/urun\/proximity-125khz-anahtarlik-obg0206\/#breadcrumb","itemListElement":[{"@type":"ListItem","position":1,"name":"Anasayfa","item":"https:\/\/onloi.com\/"},{"@type":"ListItem","position":2,"name":"Ma\u011faza","item":"https:\/\/onloi.com\/magaza\/"},{"@type":"ListItem","position":3,"name":"Proximity 125Khz Anahtarl\u0131k"}]},{"@type":"WebSite","@id":"https:\/\/onloi.com\/#website","url":"https:\/\/onloi.com\/","name":"Onloi","description":"Unlock Smart Living with Onloi","potentialAction":[{"@type":"SearchAction","target":{"@type":"EntryPoint","urlTemplate":"https:\/\/onloi.com\/?s={search_term_string}"},"query-input":{"@type":"PropertyValueSpecification","valueRequired":true,"valueName":"search_term_string"}}],"inLanguage":"en-US"}]}},"_links":{"self":[{"href":"https:\/\/onloi.com\/en\/wp-json\/wp\/v2\/product\/727","targetHints":{"allow":["GET"]}}],"collection":[{"href":"https:\/\/onloi.com\/en\/wp-json\/wp\/v2\/product"}],"about":[{"href":"https:\/\/onloi.com\/en\/wp-json\/wp\/v2\/types\/product"}],"wp:featuredmedia":[{"embeddable":true,"href":"https:\/\/onloi.com\/en\/wp-json\/wp\/v2\/media\/2823"}],"wp:attachment":[{"href":"https:\/\/onloi.com\/en\/wp-json\/wp\/v2\/media?parent=727"}],"wp:term":[{"taxonomy":"product_brand","embeddable":true,"href":"https:\/\/onloi.com\/en\/wp-json\/wp\/v2\/product_brand?post=727"},{"taxonomy":"product_cat","embeddable":true,"href":"https:\/\/onloi.com\/en\/wp-json\/wp\/v2\/product_cat?post=727"},{"taxonomy":"product_tag","embeddable":true,"href":"https:\/\/onloi.com\/en\/wp-json\/wp\/v2\/product_tag?post=727"}],"curies":[{"name":"wp","href":"https:\/\/api.w.org\/{rel}","templated":true}]}}