{"id":693,"date":"2025-08-22T11:56:58","date_gmt":"2025-08-22T08:56:58","guid":{"rendered":"https:\/\/onloi.medicomyazilim.com\/?post_type=product&#038;p=693"},"modified":"2026-01-19T10:02:32","modified_gmt":"2026-01-19T07:02:32","slug":"sifreli-dolap-kilidi-obg0320","status":"publish","type":"product","link":"https:\/\/onloi.com\/en\/product\/sifreli-dolap-kilidi-obg0320\/","title":{"rendered":"Combination Cabinet Lock"},"content":{"rendered":"<h4><\/h4>\n<table class=\"spec-table\">\n<tbody>\n<tr>\n<th>Feature<\/th>\n<th>Description<\/th>\n<\/tr>\n<tr>\n<td>Opening Method<\/td>\n<td>Password<\/td>\n<\/tr>\n<tr>\n<td>Color<\/td>\n<td>Silver<\/td>\n<\/tr>\n<tr>\n<td>Material<\/td>\n<td>Hard Plastic<\/td>\n<\/tr>\n<tr>\n<td>Operating Temperature<\/td>\n<td>-25\u00b0C ~ 65\u00b0C<\/td>\n<\/tr>\n<tr>\n<td>Modes of Use<\/td>\n<td>Public Mode \/ Private Mode<\/td>\n<\/tr>\n<tr>\n<td>Protection Mode<\/td>\n<td>60 seconds block for 3 incorrect password entries<\/td>\n<\/tr>\n<tr>\n<td>Product Size<\/td>\n<td>845 x 557 x 155 mm<\/td>\n<\/tr>\n<tr>\n<td>Power Supply<\/td>\n<td>6V DC &#8211; 4 adet AA alkaline pil<\/td>\n<\/tr>\n<tr>\n<td>Guarantee<\/td>\n<td>2 Years<\/td>\n<\/tr>\n<\/tbody>\n<\/table>\n\n    <div class=\"xs_social_share_widget xs_share_url after_content \t\tmain_content  wslu-style-1 wslu-share-box-shaped wslu-fill-colored wslu-none wslu-share-horizontal wslu-theme-font-no wslu-main_content\">\n\n\t\t\n        <ul>\n\t\t\t        <\/ul>\n    <\/div>","protected":false},"excerpt":{"rendered":"<div class=\"product-short-description\">\n<h4 class=\"psd-title\">Multi-User Encrypted Access System - Secure and Easy to Use<\/h4>\n<ul data-start=\"49\" data-end=\"438\">\n<li data-start=\"49\" data-end=\"108\">\n<p data-start=\"51\" data-end=\"108\">The front panel is resistant to surface water and dirt.<\/p>\n<\/li>\n<li data-start=\"109\" data-end=\"188\">\n<p data-start=\"111\" data-end=\"188\">It provides convenience and comfort to the user thanks to its easy use and installation.<\/p>\n<\/li>\n<li data-start=\"189\" data-end=\"275\">\n<p data-start=\"191\" data-end=\"275\">Multiple encryption modes provide secure access for multiple users.<\/p>\n<\/li>\n<li data-start=\"276\" data-end=\"346\">\n<p data-start=\"278\" data-end=\"346\">It provides high security with its single password mode feature.<\/p>\n<\/li>\n<li data-start=\"347\" data-end=\"438\">\n<p data-start=\"349\" data-end=\"438\">Thanks to its wide usage area, it offers flexible solutions in different living and working environments.<\/p>\n<\/li>\n<\/ul>\n<p data-start=\"440\" data-end=\"462\"><strong data-start=\"440\" data-end=\"462\">Areas of Use:<\/strong><\/p>\n<ul data-start=\"464\" data-end=\"655\" data-is-last-node=\"\" data-is-only-node=\"\">\n<li data-start=\"464\" data-end=\"503\">\n<p data-start=\"466\" data-end=\"503\">Drawers, bookcases, storage cabinets<\/p>\n<\/li>\n<li data-start=\"504\" data-end=\"550\">\n<p data-start=\"506\" data-end=\"550\">Phone charging stations, cabin cabinets<\/p>\n<\/li>\n<li data-start=\"551\" data-end=\"599\">\n<p data-start=\"553\" data-end=\"599\">Office, home, factory staff wardrobes<\/p>\n<\/li>\n<li data-start=\"600\" data-end=\"655\" data-is-last-node=\"\">\n<p data-start=\"602\" data-end=\"655\" data-is-last-node=\"\">Sauna, pool, school, dormitory lockers and dressing rooms<\/p>\n<\/li>\n<\/ul>\n<\/div>","protected":false},"featured_media":2817,"template":"","meta":{"postBodyCss":"","postBodyMargin":[],"postBodyPadding":[],"postBodyBackground":{"backgroundType":"classic","gradient":""}},"product_brand":[],"product_cat":[26,32,35],"product_tag":[],"class_list":{"0":"post-693","1":"product","2":"type-product","3":"status-publish","4":"has-post-thumbnail","6":"product_cat-onloi-akilli-teknoloji-urunleri","7":"product_cat-elektronik-dolap-kilitleri","8":"product_cat-plastik-dolap-kilitleri","10":"first","11":"instock","12":"shipping-taxable","13":"product-type-simple"},"yoast_head":"<!-- This site is optimized with the Yoast SEO plugin v26.6 - https:\/\/yoast.com\/wordpress\/plugins\/seo\/ -->\n<title>\u015eifreli Dolap Kilidi | ONLOI<\/title>\n<meta name=\"description\" content=\"\u015eifreli dolap kilidi ile Onloi g\u00fcvenli\u011fini sa\u011flay\u0131n. Pratik kullan\u0131m ve dayan\u0131kl\u0131 tasar\u0131m ile g\u00fcvenli eri\u015fim sunar.\" \/>\n<meta name=\"robots\" content=\"index, follow, max-snippet:-1, max-image-preview:large, max-video-preview:-1\" \/>\n<link rel=\"canonical\" href=\"https:\/\/onloi.com\/en\/product\/sifreli-dolap-kilidi-obg0320\/\" \/>\n<meta property=\"og:locale\" content=\"en_US\" \/>\n<meta property=\"og:type\" content=\"article\" \/>\n<meta property=\"og:title\" content=\"\u015eifreli Dolap Kilidi | ONLOI\" \/>\n<meta property=\"og:description\" content=\"\u015eifreli dolap kilidi ile Onloi g\u00fcvenli\u011fini sa\u011flay\u0131n. Pratik kullan\u0131m ve dayan\u0131kl\u0131 tasar\u0131m ile g\u00fcvenli eri\u015fim sunar.\" \/>\n<meta property=\"og:url\" content=\"https:\/\/onloi.com\/en\/product\/sifreli-dolap-kilidi-obg0320\/\" \/>\n<meta property=\"og:site_name\" content=\"Onloi\" \/>\n<meta property=\"article:modified_time\" content=\"2026-01-19T07:02:32+00:00\" \/>\n<meta property=\"og:image\" content=\"https:\/\/onloi.com\/wp-content\/uploads\/2025\/08\/ASMA-KILIT-1-1-e1765435779695.png\" \/>\n\t<meta property=\"og:image:width\" content=\"1763\" \/>\n\t<meta property=\"og:image:height\" content=\"1737\" \/>\n\t<meta property=\"og:image:type\" content=\"image\/png\" \/>\n<meta name=\"twitter:card\" content=\"summary_large_image\" \/>\n<meta name=\"twitter:label1\" content=\"Est. reading time\" \/>\n\t<meta name=\"twitter:data1\" content=\"1 minute\" \/>\n<script type=\"application\/ld+json\" class=\"yoast-schema-graph\">{\"@context\":\"https:\/\/schema.org\",\"@graph\":[{\"@type\":\"WebPage\",\"@id\":\"https:\/\/onloi.com\/urun\/sifreli-dolap-kilidi-obg0320\/\",\"url\":\"https:\/\/onloi.com\/urun\/sifreli-dolap-kilidi-obg0320\/\",\"name\":\"\u015eifreli Dolap Kilidi | ONLOI\",\"isPartOf\":{\"@id\":\"https:\/\/onloi.com\/#website\"},\"primaryImageOfPage\":{\"@id\":\"https:\/\/onloi.com\/urun\/sifreli-dolap-kilidi-obg0320\/#primaryimage\"},\"image\":{\"@id\":\"https:\/\/onloi.com\/urun\/sifreli-dolap-kilidi-obg0320\/#primaryimage\"},\"thumbnailUrl\":\"https:\/\/onloi.com\/wp-content\/uploads\/2025\/08\/ASMA-KILIT-1-1-e1765435779695.png\",\"datePublished\":\"2025-08-22T08:56:58+00:00\",\"dateModified\":\"2026-01-19T07:02:32+00:00\",\"description\":\"\u015eifreli dolap kilidi ile Onloi g\u00fcvenli\u011fini sa\u011flay\u0131n. Pratik kullan\u0131m ve dayan\u0131kl\u0131 tasar\u0131m ile g\u00fcvenli eri\u015fim sunar.\",\"breadcrumb\":{\"@id\":\"https:\/\/onloi.com\/urun\/sifreli-dolap-kilidi-obg0320\/#breadcrumb\"},\"inLanguage\":\"en-US\",\"potentialAction\":[{\"@type\":\"ReadAction\",\"target\":[\"https:\/\/onloi.com\/urun\/sifreli-dolap-kilidi-obg0320\/\"]}]},{\"@type\":\"ImageObject\",\"inLanguage\":\"en-US\",\"@id\":\"https:\/\/onloi.com\/urun\/sifreli-dolap-kilidi-obg0320\/#primaryimage\",\"url\":\"https:\/\/onloi.com\/wp-content\/uploads\/2025\/08\/ASMA-KILIT-1-1-e1765435779695.png\",\"contentUrl\":\"https:\/\/onloi.com\/wp-content\/uploads\/2025\/08\/ASMA-KILIT-1-1-e1765435779695.png\",\"width\":1763,\"height\":1737},{\"@type\":\"BreadcrumbList\",\"@id\":\"https:\/\/onloi.com\/urun\/sifreli-dolap-kilidi-obg0320\/#breadcrumb\",\"itemListElement\":[{\"@type\":\"ListItem\",\"position\":1,\"name\":\"Anasayfa\",\"item\":\"https:\/\/onloi.com\/\"},{\"@type\":\"ListItem\",\"position\":2,\"name\":\"Ma\u011faza\",\"item\":\"https:\/\/onloi.com\/magaza\/\"},{\"@type\":\"ListItem\",\"position\":3,\"name\":\"\u015eifreli Dolap Kilidi\"}]},{\"@type\":\"WebSite\",\"@id\":\"https:\/\/onloi.com\/#website\",\"url\":\"https:\/\/onloi.com\/\",\"name\":\"Onloi\",\"description\":\"Onloi ile Ak\u0131ll\u0131 Ya\u015fam\u0131n Kilidini A\u00e7\u0131n\",\"potentialAction\":[{\"@type\":\"SearchAction\",\"target\":{\"@type\":\"EntryPoint\",\"urlTemplate\":\"https:\/\/onloi.com\/?s={search_term_string}\"},\"query-input\":{\"@type\":\"PropertyValueSpecification\",\"valueRequired\":true,\"valueName\":\"search_term_string\"}}],\"inLanguage\":\"en-US\"}]}<\/script>\n<!-- \/ Yoast SEO plugin. -->","yoast_head_json":{"title":"\u015eifreli Dolap Kilidi | ONLOI","description":"\u015eifreli dolap kilidi ile Onloi g\u00fcvenli\u011fini sa\u011flay\u0131n. Pratik kullan\u0131m ve dayan\u0131kl\u0131 tasar\u0131m ile g\u00fcvenli eri\u015fim sunar.","robots":{"index":"index","follow":"follow","max-snippet":"max-snippet:-1","max-image-preview":"max-image-preview:large","max-video-preview":"max-video-preview:-1"},"canonical":"https:\/\/onloi.com\/en\/product\/sifreli-dolap-kilidi-obg0320\/","og_locale":"en_US","og_type":"article","og_title":"\u015eifreli Dolap Kilidi | ONLOI","og_description":"\u015eifreli dolap kilidi ile Onloi g\u00fcvenli\u011fini sa\u011flay\u0131n. Pratik kullan\u0131m ve dayan\u0131kl\u0131 tasar\u0131m ile g\u00fcvenli eri\u015fim sunar.","og_url":"https:\/\/onloi.com\/en\/product\/sifreli-dolap-kilidi-obg0320\/","og_site_name":"Onloi","article_modified_time":"2026-01-19T07:02:32+00:00","og_image":[{"width":1763,"height":1737,"url":"https:\/\/onloi.com\/wp-content\/uploads\/2025\/08\/ASMA-KILIT-1-1-e1765435779695.png","type":"image\/png"}],"twitter_card":"summary_large_image","twitter_misc":{"Est. reading time":"1 minute"},"schema":{"@context":"https:\/\/schema.org","@graph":[{"@type":"WebPage","@id":"https:\/\/onloi.com\/urun\/sifreli-dolap-kilidi-obg0320\/","url":"https:\/\/onloi.com\/urun\/sifreli-dolap-kilidi-obg0320\/","name":"\u015eifreli Dolap Kilidi | ONLOI","isPartOf":{"@id":"https:\/\/onloi.com\/#website"},"primaryImageOfPage":{"@id":"https:\/\/onloi.com\/urun\/sifreli-dolap-kilidi-obg0320\/#primaryimage"},"image":{"@id":"https:\/\/onloi.com\/urun\/sifreli-dolap-kilidi-obg0320\/#primaryimage"},"thumbnailUrl":"https:\/\/onloi.com\/wp-content\/uploads\/2025\/08\/ASMA-KILIT-1-1-e1765435779695.png","datePublished":"2025-08-22T08:56:58+00:00","dateModified":"2026-01-19T07:02:32+00:00","description":"\u015eifreli dolap kilidi ile Onloi g\u00fcvenli\u011fini sa\u011flay\u0131n. Pratik kullan\u0131m ve dayan\u0131kl\u0131 tasar\u0131m ile g\u00fcvenli eri\u015fim sunar.","breadcrumb":{"@id":"https:\/\/onloi.com\/urun\/sifreli-dolap-kilidi-obg0320\/#breadcrumb"},"inLanguage":"en-US","potentialAction":[{"@type":"ReadAction","target":["https:\/\/onloi.com\/urun\/sifreli-dolap-kilidi-obg0320\/"]}]},{"@type":"ImageObject","inLanguage":"en-US","@id":"https:\/\/onloi.com\/urun\/sifreli-dolap-kilidi-obg0320\/#primaryimage","url":"https:\/\/onloi.com\/wp-content\/uploads\/2025\/08\/ASMA-KILIT-1-1-e1765435779695.png","contentUrl":"https:\/\/onloi.com\/wp-content\/uploads\/2025\/08\/ASMA-KILIT-1-1-e1765435779695.png","width":1763,"height":1737},{"@type":"BreadcrumbList","@id":"https:\/\/onloi.com\/urun\/sifreli-dolap-kilidi-obg0320\/#breadcrumb","itemListElement":[{"@type":"ListItem","position":1,"name":"Anasayfa","item":"https:\/\/onloi.com\/"},{"@type":"ListItem","position":2,"name":"Ma\u011faza","item":"https:\/\/onloi.com\/magaza\/"},{"@type":"ListItem","position":3,"name":"\u015eifreli Dolap Kilidi"}]},{"@type":"WebSite","@id":"https:\/\/onloi.com\/#website","url":"https:\/\/onloi.com\/","name":"Onloi","description":"Unlock Smart Living with Onloi","potentialAction":[{"@type":"SearchAction","target":{"@type":"EntryPoint","urlTemplate":"https:\/\/onloi.com\/?s={search_term_string}"},"query-input":{"@type":"PropertyValueSpecification","valueRequired":true,"valueName":"search_term_string"}}],"inLanguage":"en-US"}]}},"_links":{"self":[{"href":"https:\/\/onloi.com\/en\/wp-json\/wp\/v2\/product\/693","targetHints":{"allow":["GET"]}}],"collection":[{"href":"https:\/\/onloi.com\/en\/wp-json\/wp\/v2\/product"}],"about":[{"href":"https:\/\/onloi.com\/en\/wp-json\/wp\/v2\/types\/product"}],"wp:featuredmedia":[{"embeddable":true,"href":"https:\/\/onloi.com\/en\/wp-json\/wp\/v2\/media\/2817"}],"wp:attachment":[{"href":"https:\/\/onloi.com\/en\/wp-json\/wp\/v2\/media?parent=693"}],"wp:term":[{"taxonomy":"product_brand","embeddable":true,"href":"https:\/\/onloi.com\/en\/wp-json\/wp\/v2\/product_brand?post=693"},{"taxonomy":"product_cat","embeddable":true,"href":"https:\/\/onloi.com\/en\/wp-json\/wp\/v2\/product_cat?post=693"},{"taxonomy":"product_tag","embeddable":true,"href":"https:\/\/onloi.com\/en\/wp-json\/wp\/v2\/product_tag?post=693"}],"curies":[{"name":"wp","href":"https:\/\/api.w.org\/{rel}","templated":true}]}}