{"id":684,"date":"2025-08-22T11:53:33","date_gmt":"2025-08-22T08:53:33","guid":{"rendered":"https:\/\/onloi.medicomyazilim.com\/?post_type=product&#038;p=684"},"modified":"2025-12-09T15:39:12","modified_gmt":"2025-12-09T12:39:12","slug":"dokunmatik-metal-dolap-kilidi-od0130","status":"publish","type":"product","link":"https:\/\/onloi.com\/en\/product\/dokunmatik-metal-dolap-kilidi-od0130\/","title":{"rendered":"Touch Metal Cabinet Lock"},"content":{"rendered":"<p>&nbsp;<\/p>\n<table class=\"spec-table\">\n<tbody>\n<tr>\n<th>Feature<\/th>\n<th>Description<\/th>\n<\/tr>\n<tr>\n<td>Material<\/td>\n<td>Zinc Alloy + ABS<\/td>\n<\/tr>\n<tr>\n<td>Product Size<\/td>\n<td>170 x 56 mm<\/td>\n<\/tr>\n<tr>\n<td>Power Supply<\/td>\n<td>DC6V (4 AA 1.5V Alkaline Batteries)<\/td>\n<\/tr>\n<tr>\n<td>Opening Methods<\/td>\n<td>Password<\/td>\n<\/tr>\n<tr>\n<td>Modes of Use<\/td>\n<td>Public Mode \/ Private Mode<\/td>\n<\/tr>\n<tr>\n<td>Area of Use<\/td>\n<td>Wooden or Steel cabinet<\/td>\n<\/tr>\n<tr>\n<td>Guarantee<\/td>\n<td>2 Years<\/td>\n<\/tr>\n<\/tbody>\n<\/table>\n\n    <div class=\"xs_social_share_widget xs_share_url after_content \t\tmain_content  wslu-style-1 wslu-share-box-shaped wslu-fill-colored wslu-none wslu-share-horizontal wslu-theme-font-no wslu-main_content\">\n\n\t\t\n        <ul>\n\t\t\t        <\/ul>\n    <\/div>","protected":false},"excerpt":{"rendered":"<div class=\"product-short-description\">\n<h4 class=\"psd-title\">Combination Cabinet Lock - High Security and Comfort<\/h4>\n<article class=\"text-token-text-primary w-full focus:outline-none [--shadow-height:45px] has-data-writing-block:pointer-events-none has-data-writing-block:-mt-(--shadow-height) has-data-writing-block:pt-(--shadow-height) [&amp;:has([data-writing-block])&gt;*]:pointer-events-auto scroll-mt-[calc(var(--header-height)+min(200px,max(70px,20svh)))]\" dir=\"auto\" tabindex=\"-1\" data-turn-id=\"request-WEB:e7138492-4889-4427-ada4-3d62b1eb6dcb-3\" data-testid=\"conversation-turn-8\" data-scroll-anchor=\"true\" data-turn=\"assistant\">\n<div class=\"text-base my-auto mx-auto pb-10 [--thread-content-margin:--spacing(4)] @w-sm\/main:[--thread-content-margin:--spacing(6)] @w-lg\/main:[--thread-content-margin:--spacing(16)] px-(--thread-content-margin)\">\n<div class=\"[--thread-content-max-width:40rem] @w-lg\/main:[--thread-content-max-width:48rem] mx-auto max-w-(--thread-content-max-width) flex-1 group\/turn-messages focus-visible:outline-hidden relative flex w-full min-w-0 flex-col agent-turn\" tabindex=\"-1\">\n<div class=\"flex max-w-full flex-col grow\">\n<div class=\"min-h-8 text-message relative flex w-full flex-col items-end gap-2 text-start break-words whitespace-normal [.text-message+&amp;]:mt-1\" dir=\"auto\" data-message-author-role=\"assistant\" data-message-id=\"ef517ffe-eeb1-425d-b5b4-d284af04052d\" data-message-model-slug=\"gpt-5-1\">\n<div class=\"flex w-full flex-col gap-1 empty:hidden first:pt-[1px]\">\n<div class=\"markdown prose dark:prose-invert w-full break-words light markdown-new-styling\">\n<ul data-start=\"42\" data-end=\"281\" data-is-last-node=\"\" data-is-only-node=\"\">\n<li data-start=\"42\" data-end=\"126\">\n<p data-start=\"44\" data-end=\"126\">Thanks to its password-powered structure, it offers both comfort and security to the user.<\/p>\n<\/li>\n<li data-start=\"127\" data-end=\"209\">\n<p data-start=\"129\" data-end=\"209\">It is made of zinc alloy and ABS material and has a durable body.<\/p>\n<\/li>\n<li data-start=\"210\" data-end=\"281\" data-is-last-node=\"\">\n<p data-start=\"212\" data-end=\"281\" data-is-last-node=\"\">Type-C emergency power port allows access even if the battery dies.<\/p>\n<\/li>\n<\/ul>\n<\/div>\n<\/div>\n<\/div>\n<\/div>\n<\/div>\n<\/div>\n<\/article>\n<\/div>","protected":false},"featured_media":2715,"template":"","meta":{"postBodyCss":"","postBodyMargin":[],"postBodyPadding":[],"postBodyBackground":{"backgroundType":"classic","gradient":""}},"product_brand":[],"product_cat":[26,32,34],"product_tag":[],"class_list":{"0":"post-684","1":"product","2":"type-product","3":"status-publish","4":"has-post-thumbnail","6":"product_cat-onloi-akilli-teknoloji-urunleri","7":"product_cat-elektronik-dolap-kilitleri","8":"product_cat-metal-dolap-kilitleri","10":"first","11":"instock","12":"shipping-taxable","13":"product-type-simple"},"yoast_head":"<!-- This site is optimized with the Yoast SEO plugin v26.6 - https:\/\/yoast.com\/wordpress\/plugins\/seo\/ -->\n<title>Dokunmatik Metal Dolap Kilidi | Dayan\u0131kl\u0131 ve \u015e\u0131k Tasar\u0131m | ONLOI<\/title>\n<meta name=\"description\" content=\"Dokunmatik metal dolap kilidi ile Onloi g\u00fcvenli\u011fi sa\u011flay\u0131n. H\u0131zl\u0131 ve g\u00fcvenli eri\u015fim i\u00e7in dayan\u0131kl\u0131 tasar\u0131m.\" \/>\n<meta name=\"robots\" content=\"index, follow, max-snippet:-1, max-image-preview:large, max-video-preview:-1\" \/>\n<link rel=\"canonical\" href=\"https:\/\/onloi.com\/en\/product\/dokunmatik-metal-dolap-kilidi-od0130\/\" \/>\n<meta property=\"og:locale\" content=\"en_US\" \/>\n<meta property=\"og:type\" content=\"article\" \/>\n<meta property=\"og:title\" content=\"Dokunmatik Metal Dolap Kilidi | Dayan\u0131kl\u0131 ve \u015e\u0131k Tasar\u0131m | ONLOI\" \/>\n<meta property=\"og:description\" content=\"Dokunmatik metal dolap kilidi ile Onloi g\u00fcvenli\u011fi sa\u011flay\u0131n. H\u0131zl\u0131 ve g\u00fcvenli eri\u015fim i\u00e7in dayan\u0131kl\u0131 tasar\u0131m.\" \/>\n<meta property=\"og:url\" content=\"https:\/\/onloi.com\/en\/product\/dokunmatik-metal-dolap-kilidi-od0130\/\" \/>\n<meta property=\"og:site_name\" content=\"Onloi\" \/>\n<meta property=\"article:modified_time\" content=\"2025-12-09T12:39:12+00:00\" \/>\n<meta property=\"og:image\" content=\"https:\/\/onloi.com\/wp-content\/uploads\/2025\/08\/Hb9ea43cfeb2143618fd00b1e966fe18fK.jpg\" \/>\n\t<meta property=\"og:image:width\" content=\"800\" \/>\n\t<meta property=\"og:image:height\" content=\"800\" \/>\n\t<meta property=\"og:image:type\" content=\"image\/jpeg\" \/>\n<meta name=\"twitter:card\" content=\"summary_large_image\" \/>\n<script type=\"application\/ld+json\" class=\"yoast-schema-graph\">{\"@context\":\"https:\/\/schema.org\",\"@graph\":[{\"@type\":\"WebPage\",\"@id\":\"https:\/\/onloi.com\/urun\/dokunmatik-metal-dolap-kilidi-od0130\/\",\"url\":\"https:\/\/onloi.com\/urun\/dokunmatik-metal-dolap-kilidi-od0130\/\",\"name\":\"Dokunmatik Metal Dolap Kilidi | Dayan\u0131kl\u0131 ve \u015e\u0131k Tasar\u0131m | ONLOI\",\"isPartOf\":{\"@id\":\"https:\/\/onloi.com\/#website\"},\"primaryImageOfPage\":{\"@id\":\"https:\/\/onloi.com\/urun\/dokunmatik-metal-dolap-kilidi-od0130\/#primaryimage\"},\"image\":{\"@id\":\"https:\/\/onloi.com\/urun\/dokunmatik-metal-dolap-kilidi-od0130\/#primaryimage\"},\"thumbnailUrl\":\"https:\/\/onloi.com\/wp-content\/uploads\/2025\/08\/Hb9ea43cfeb2143618fd00b1e966fe18fK.jpg\",\"datePublished\":\"2025-08-22T08:53:33+00:00\",\"dateModified\":\"2025-12-09T12:39:12+00:00\",\"description\":\"Dokunmatik metal dolap kilidi ile Onloi g\u00fcvenli\u011fi sa\u011flay\u0131n. H\u0131zl\u0131 ve g\u00fcvenli eri\u015fim i\u00e7in dayan\u0131kl\u0131 tasar\u0131m.\",\"breadcrumb\":{\"@id\":\"https:\/\/onloi.com\/urun\/dokunmatik-metal-dolap-kilidi-od0130\/#breadcrumb\"},\"inLanguage\":\"en-US\",\"potentialAction\":[{\"@type\":\"ReadAction\",\"target\":[\"https:\/\/onloi.com\/urun\/dokunmatik-metal-dolap-kilidi-od0130\/\"]}]},{\"@type\":\"ImageObject\",\"inLanguage\":\"en-US\",\"@id\":\"https:\/\/onloi.com\/urun\/dokunmatik-metal-dolap-kilidi-od0130\/#primaryimage\",\"url\":\"https:\/\/onloi.com\/wp-content\/uploads\/2025\/08\/Hb9ea43cfeb2143618fd00b1e966fe18fK.jpg\",\"contentUrl\":\"https:\/\/onloi.com\/wp-content\/uploads\/2025\/08\/Hb9ea43cfeb2143618fd00b1e966fe18fK.jpg\",\"width\":800,\"height\":800},{\"@type\":\"BreadcrumbList\",\"@id\":\"https:\/\/onloi.com\/urun\/dokunmatik-metal-dolap-kilidi-od0130\/#breadcrumb\",\"itemListElement\":[{\"@type\":\"ListItem\",\"position\":1,\"name\":\"Anasayfa\",\"item\":\"https:\/\/onloi.com\/\"},{\"@type\":\"ListItem\",\"position\":2,\"name\":\"Ma\u011faza\",\"item\":\"https:\/\/onloi.com\/magaza\/\"},{\"@type\":\"ListItem\",\"position\":3,\"name\":\"Dokunmatik Metal Dolap Kilidi\"}]},{\"@type\":\"WebSite\",\"@id\":\"https:\/\/onloi.com\/#website\",\"url\":\"https:\/\/onloi.com\/\",\"name\":\"Onloi\",\"description\":\"Onloi ile Ak\u0131ll\u0131 Ya\u015fam\u0131n Kilidini A\u00e7\u0131n\",\"potentialAction\":[{\"@type\":\"SearchAction\",\"target\":{\"@type\":\"EntryPoint\",\"urlTemplate\":\"https:\/\/onloi.com\/?s={search_term_string}\"},\"query-input\":{\"@type\":\"PropertyValueSpecification\",\"valueRequired\":true,\"valueName\":\"search_term_string\"}}],\"inLanguage\":\"en-US\"}]}<\/script>\n<!-- \/ Yoast SEO plugin. -->","yoast_head_json":{"title":"Dokunmatik Metal Dolap Kilidi | Dayan\u0131kl\u0131 ve \u015e\u0131k Tasar\u0131m | ONLOI","description":"Dokunmatik metal dolap kilidi ile Onloi g\u00fcvenli\u011fi sa\u011flay\u0131n. H\u0131zl\u0131 ve g\u00fcvenli eri\u015fim i\u00e7in dayan\u0131kl\u0131 tasar\u0131m.","robots":{"index":"index","follow":"follow","max-snippet":"max-snippet:-1","max-image-preview":"max-image-preview:large","max-video-preview":"max-video-preview:-1"},"canonical":"https:\/\/onloi.com\/en\/product\/dokunmatik-metal-dolap-kilidi-od0130\/","og_locale":"en_US","og_type":"article","og_title":"Dokunmatik Metal Dolap Kilidi | Dayan\u0131kl\u0131 ve \u015e\u0131k Tasar\u0131m | ONLOI","og_description":"Dokunmatik metal dolap kilidi ile Onloi g\u00fcvenli\u011fi sa\u011flay\u0131n. H\u0131zl\u0131 ve g\u00fcvenli eri\u015fim i\u00e7in dayan\u0131kl\u0131 tasar\u0131m.","og_url":"https:\/\/onloi.com\/en\/product\/dokunmatik-metal-dolap-kilidi-od0130\/","og_site_name":"Onloi","article_modified_time":"2025-12-09T12:39:12+00:00","og_image":[{"width":800,"height":800,"url":"https:\/\/onloi.com\/wp-content\/uploads\/2025\/08\/Hb9ea43cfeb2143618fd00b1e966fe18fK.jpg","type":"image\/jpeg"}],"twitter_card":"summary_large_image","schema":{"@context":"https:\/\/schema.org","@graph":[{"@type":"WebPage","@id":"https:\/\/onloi.com\/urun\/dokunmatik-metal-dolap-kilidi-od0130\/","url":"https:\/\/onloi.com\/urun\/dokunmatik-metal-dolap-kilidi-od0130\/","name":"Dokunmatik Metal Dolap Kilidi | Dayan\u0131kl\u0131 ve \u015e\u0131k Tasar\u0131m | ONLOI","isPartOf":{"@id":"https:\/\/onloi.com\/#website"},"primaryImageOfPage":{"@id":"https:\/\/onloi.com\/urun\/dokunmatik-metal-dolap-kilidi-od0130\/#primaryimage"},"image":{"@id":"https:\/\/onloi.com\/urun\/dokunmatik-metal-dolap-kilidi-od0130\/#primaryimage"},"thumbnailUrl":"https:\/\/onloi.com\/wp-content\/uploads\/2025\/08\/Hb9ea43cfeb2143618fd00b1e966fe18fK.jpg","datePublished":"2025-08-22T08:53:33+00:00","dateModified":"2025-12-09T12:39:12+00:00","description":"Dokunmatik metal dolap kilidi ile Onloi g\u00fcvenli\u011fi sa\u011flay\u0131n. H\u0131zl\u0131 ve g\u00fcvenli eri\u015fim i\u00e7in dayan\u0131kl\u0131 tasar\u0131m.","breadcrumb":{"@id":"https:\/\/onloi.com\/urun\/dokunmatik-metal-dolap-kilidi-od0130\/#breadcrumb"},"inLanguage":"en-US","potentialAction":[{"@type":"ReadAction","target":["https:\/\/onloi.com\/urun\/dokunmatik-metal-dolap-kilidi-od0130\/"]}]},{"@type":"ImageObject","inLanguage":"en-US","@id":"https:\/\/onloi.com\/urun\/dokunmatik-metal-dolap-kilidi-od0130\/#primaryimage","url":"https:\/\/onloi.com\/wp-content\/uploads\/2025\/08\/Hb9ea43cfeb2143618fd00b1e966fe18fK.jpg","contentUrl":"https:\/\/onloi.com\/wp-content\/uploads\/2025\/08\/Hb9ea43cfeb2143618fd00b1e966fe18fK.jpg","width":800,"height":800},{"@type":"BreadcrumbList","@id":"https:\/\/onloi.com\/urun\/dokunmatik-metal-dolap-kilidi-od0130\/#breadcrumb","itemListElement":[{"@type":"ListItem","position":1,"name":"Anasayfa","item":"https:\/\/onloi.com\/"},{"@type":"ListItem","position":2,"name":"Ma\u011faza","item":"https:\/\/onloi.com\/magaza\/"},{"@type":"ListItem","position":3,"name":"Dokunmatik Metal Dolap Kilidi"}]},{"@type":"WebSite","@id":"https:\/\/onloi.com\/#website","url":"https:\/\/onloi.com\/","name":"Onloi","description":"Unlock Smart Living with Onloi","potentialAction":[{"@type":"SearchAction","target":{"@type":"EntryPoint","urlTemplate":"https:\/\/onloi.com\/?s={search_term_string}"},"query-input":{"@type":"PropertyValueSpecification","valueRequired":true,"valueName":"search_term_string"}}],"inLanguage":"en-US"}]}},"_links":{"self":[{"href":"https:\/\/onloi.com\/en\/wp-json\/wp\/v2\/product\/684","targetHints":{"allow":["GET"]}}],"collection":[{"href":"https:\/\/onloi.com\/en\/wp-json\/wp\/v2\/product"}],"about":[{"href":"https:\/\/onloi.com\/en\/wp-json\/wp\/v2\/types\/product"}],"wp:featuredmedia":[{"embeddable":true,"href":"https:\/\/onloi.com\/en\/wp-json\/wp\/v2\/media\/2715"}],"wp:attachment":[{"href":"https:\/\/onloi.com\/en\/wp-json\/wp\/v2\/media?parent=684"}],"wp:term":[{"taxonomy":"product_brand","embeddable":true,"href":"https:\/\/onloi.com\/en\/wp-json\/wp\/v2\/product_brand?post=684"},{"taxonomy":"product_cat","embeddable":true,"href":"https:\/\/onloi.com\/en\/wp-json\/wp\/v2\/product_cat?post=684"},{"taxonomy":"product_tag","embeddable":true,"href":"https:\/\/onloi.com\/en\/wp-json\/wp\/v2\/product_tag?post=684"}],"curies":[{"name":"wp","href":"https:\/\/api.w.org\/{rel}","templated":true}]}}