{"id":669,"date":"2025-08-22T11:48:19","date_gmt":"2025-08-22T08:48:19","guid":{"rendered":"https:\/\/onloi.medicomyazilim.com\/?post_type=product&#038;p=669"},"modified":"2026-03-17T10:08:45","modified_gmt":"2026-03-17T07:08:45","slug":"akilli-otel-oda-kapi-kilidi-ok0312","status":"publish","type":"product","link":"https:\/\/onloi.com\/en\/product\/akilli-otel-oda-kapi-kilidi-ok0312\/","title":{"rendered":"Smart Hotel Room Door Lock"},"content":{"rendered":"<p>&nbsp;<\/p>\n<table class=\"spec-table\">\n<tbody>\n<tr>\n<th>Feature<\/th>\n<th>Description<\/th>\n<\/tr>\n<tr>\n<td>Product Size<\/td>\n<td>232.2 x 62.18 mm<\/td>\n<\/tr>\n<tr>\n<td>Opening Methods<\/td>\n<td>Card, Key<\/td>\n<\/tr>\n<tr>\n<td>Operating Temperature<\/td>\n<td>-25\u00b0C ~ 65\u00b0C<\/td>\n<\/tr>\n<tr>\n<td>Operating Power<\/td>\n<td>4 AAA batteries<\/td>\n<\/tr>\n<tr>\n<td>Emergency Power Input<\/td>\n<td>Type-C - Manual Switch<\/td>\n<\/tr>\n<tr>\n<td>Language Support<\/td>\n<td>Turkish - English<\/td>\n<\/tr>\n<tr>\n<td>Guarantee<\/td>\n<td>2 Years<\/td>\n<\/tr>\n<\/tbody>\n<\/table>\n\n    <div class=\"xs_social_share_widget xs_share_url after_content \t\tmain_content  wslu-style-1 wslu-share-box-shaped wslu-fill-colored wslu-none wslu-share-horizontal wslu-theme-font-no wslu-main_content\">\n\n\t\t\n        <ul>\n\t\t\t        <\/ul>\n    <\/div>","protected":false},"excerpt":{"rendered":"<div class=\"product-short-description\">\n<h4 class=\"psd-title\">Slim and Elegant Door Lock - Security and Aesthetics in One<\/h4>\n<ul>\n<li data-start=\"45\" data-end=\"120\">\n<p data-start=\"47\" data-end=\"120\">It gives your doors a stylish look with its unique and slim design.<\/p>\n<\/li>\n<li data-start=\"121\" data-end=\"199\">\n<p data-start=\"123\" data-end=\"199\">It is compatible with all doors thanks to its easy-to-install and user-friendly structure.<\/p>\n<\/li>\n<li data-start=\"200\" data-end=\"260\">\n<p data-start=\"202\" data-end=\"260\">It offers high durability with its aluminum alloy body.<\/p>\n<\/li>\n<li data-start=\"261\" data-end=\"332\">\n<p data-start=\"263\" data-end=\"332\">Provides full protection against external factors thanks to its leak-proof design.<\/p>\n<\/li>\n<li data-start=\"333\" data-end=\"398\">\n<p data-start=\"335\" data-end=\"398\">Suitable for operation with OBG0253 Encrypted Proximity (125 kHz).<\/p>\n<\/li>\n<li data-start=\"399\" data-end=\"476\" data-is-last-node=\"\">\n<p data-start=\"401\" data-end=\"476\" data-is-last-node=\"\">Unlimited recording is ideal for large user structures.<\/p>\n<\/li>\n<\/ul>\n<\/div>","protected":false},"featured_media":3288,"template":"","meta":{"postBodyCss":"","postBodyMargin":[],"postBodyPadding":[],"postBodyBackground":{"backgroundType":"classic","gradient":""}},"product_brand":[],"product_cat":[26,27,29],"product_tag":[],"class_list":{"0":"post-669","1":"product","2":"type-product","3":"status-publish","4":"has-post-thumbnail","6":"product_cat-onloi-akilli-teknoloji-urunleri","7":"product_cat-akilli-kapi-kilitleri","8":"product_cat-oda-kapi-kilitleri","10":"first","11":"instock","12":"shipping-taxable","13":"product-type-simple"},"yoast_head":"<!-- This site is optimized with the Yoast SEO plugin v26.6 - https:\/\/yoast.com\/wordpress\/plugins\/seo\/ -->\n<title>Ak\u0131ll\u0131 Otel Kap\u0131 Kilidi | Oda Kilit Sistemleri | ONLOI<\/title>\n<meta name=\"description\" content=\"Oteller i\u00e7in Onloi ak\u0131ll\u0131 oda kap\u0131 kilidi. Misafir g\u00fcvenli\u011fi ve h\u0131zl\u0131 eri\u015fim ile temass\u0131z konfor sa\u011flay\u0131n.\" \/>\n<meta name=\"robots\" content=\"index, follow, max-snippet:-1, max-image-preview:large, max-video-preview:-1\" \/>\n<link rel=\"canonical\" href=\"https:\/\/onloi.com\/en\/product\/akilli-otel-oda-kapi-kilidi-ok0312\/\" \/>\n<meta property=\"og:locale\" content=\"en_US\" \/>\n<meta property=\"og:type\" content=\"article\" \/>\n<meta property=\"og:title\" content=\"Ak\u0131ll\u0131 Otel Kap\u0131 Kilidi | Oda Kilit Sistemleri | ONLOI\" \/>\n<meta property=\"og:description\" content=\"Oteller i\u00e7in Onloi ak\u0131ll\u0131 oda kap\u0131 kilidi. Misafir g\u00fcvenli\u011fi ve h\u0131zl\u0131 eri\u015fim ile temass\u0131z konfor sa\u011flay\u0131n.\" \/>\n<meta property=\"og:url\" content=\"https:\/\/onloi.com\/en\/product\/akilli-otel-oda-kapi-kilidi-ok0312\/\" \/>\n<meta property=\"og:site_name\" content=\"Onloi\" \/>\n<meta property=\"article:modified_time\" content=\"2026-03-17T07:08:45+00:00\" \/>\n<meta property=\"og:image\" content=\"https:\/\/onloi.com\/wp-content\/uploads\/2025\/08\/obg0312-e1769154013750.png\" \/>\n\t<meta property=\"og:image:width\" content=\"867\" \/>\n\t<meta property=\"og:image:height\" content=\"850\" \/>\n\t<meta property=\"og:image:type\" content=\"image\/png\" \/>\n<meta name=\"twitter:card\" content=\"summary_large_image\" \/>\n<meta name=\"twitter:label1\" content=\"Est. reading time\" \/>\n\t<meta name=\"twitter:data1\" content=\"1 minute\" \/>\n<script type=\"application\/ld+json\" class=\"yoast-schema-graph\">{\"@context\":\"https:\/\/schema.org\",\"@graph\":[{\"@type\":\"WebPage\",\"@id\":\"https:\/\/onloi.com\/urun\/akilli-otel-oda-kapi-kilidi-ok0312\/\",\"url\":\"https:\/\/onloi.com\/urun\/akilli-otel-oda-kapi-kilidi-ok0312\/\",\"name\":\"Ak\u0131ll\u0131 Otel Kap\u0131 Kilidi | Oda Kilit Sistemleri | ONLOI\",\"isPartOf\":{\"@id\":\"https:\/\/onloi.com\/#website\"},\"primaryImageOfPage\":{\"@id\":\"https:\/\/onloi.com\/urun\/akilli-otel-oda-kapi-kilidi-ok0312\/#primaryimage\"},\"image\":{\"@id\":\"https:\/\/onloi.com\/urun\/akilli-otel-oda-kapi-kilidi-ok0312\/#primaryimage\"},\"thumbnailUrl\":\"https:\/\/onloi.com\/wp-content\/uploads\/2025\/08\/obg0312-e1769154013750.png\",\"datePublished\":\"2025-08-22T08:48:19+00:00\",\"dateModified\":\"2026-03-17T07:08:45+00:00\",\"description\":\"Oteller i\u00e7in Onloi ak\u0131ll\u0131 oda kap\u0131 kilidi. Misafir g\u00fcvenli\u011fi ve h\u0131zl\u0131 eri\u015fim ile temass\u0131z konfor sa\u011flay\u0131n.\",\"breadcrumb\":{\"@id\":\"https:\/\/onloi.com\/urun\/akilli-otel-oda-kapi-kilidi-ok0312\/#breadcrumb\"},\"inLanguage\":\"en-US\",\"potentialAction\":[{\"@type\":\"ReadAction\",\"target\":[\"https:\/\/onloi.com\/urun\/akilli-otel-oda-kapi-kilidi-ok0312\/\"]}]},{\"@type\":\"ImageObject\",\"inLanguage\":\"en-US\",\"@id\":\"https:\/\/onloi.com\/urun\/akilli-otel-oda-kapi-kilidi-ok0312\/#primaryimage\",\"url\":\"https:\/\/onloi.com\/wp-content\/uploads\/2025\/08\/obg0312-e1769154013750.png\",\"contentUrl\":\"https:\/\/onloi.com\/wp-content\/uploads\/2025\/08\/obg0312-e1769154013750.png\",\"width\":867,\"height\":850},{\"@type\":\"BreadcrumbList\",\"@id\":\"https:\/\/onloi.com\/urun\/akilli-otel-oda-kapi-kilidi-ok0312\/#breadcrumb\",\"itemListElement\":[{\"@type\":\"ListItem\",\"position\":1,\"name\":\"Anasayfa\",\"item\":\"https:\/\/onloi.com\/\"},{\"@type\":\"ListItem\",\"position\":2,\"name\":\"Ma\u011faza\",\"item\":\"https:\/\/onloi.com\/magaza\/\"},{\"@type\":\"ListItem\",\"position\":3,\"name\":\"Ak\u0131ll\u0131 Otel Oda Kap\u0131 Kilidi\"}]},{\"@type\":\"WebSite\",\"@id\":\"https:\/\/onloi.com\/#website\",\"url\":\"https:\/\/onloi.com\/\",\"name\":\"Onloi\",\"description\":\"Onloi ile Ak\u0131ll\u0131 Ya\u015fam\u0131n Kilidini A\u00e7\u0131n\",\"potentialAction\":[{\"@type\":\"SearchAction\",\"target\":{\"@type\":\"EntryPoint\",\"urlTemplate\":\"https:\/\/onloi.com\/?s={search_term_string}\"},\"query-input\":{\"@type\":\"PropertyValueSpecification\",\"valueRequired\":true,\"valueName\":\"search_term_string\"}}],\"inLanguage\":\"en-US\"}]}<\/script>\n<!-- \/ Yoast SEO plugin. -->","yoast_head_json":{"title":"Ak\u0131ll\u0131 Otel Kap\u0131 Kilidi | Oda Kilit Sistemleri | ONLOI","description":"Oteller i\u00e7in Onloi ak\u0131ll\u0131 oda kap\u0131 kilidi. Misafir g\u00fcvenli\u011fi ve h\u0131zl\u0131 eri\u015fim ile temass\u0131z konfor sa\u011flay\u0131n.","robots":{"index":"index","follow":"follow","max-snippet":"max-snippet:-1","max-image-preview":"max-image-preview:large","max-video-preview":"max-video-preview:-1"},"canonical":"https:\/\/onloi.com\/en\/product\/akilli-otel-oda-kapi-kilidi-ok0312\/","og_locale":"en_US","og_type":"article","og_title":"Ak\u0131ll\u0131 Otel Kap\u0131 Kilidi | Oda Kilit Sistemleri | ONLOI","og_description":"Oteller i\u00e7in Onloi ak\u0131ll\u0131 oda kap\u0131 kilidi. Misafir g\u00fcvenli\u011fi ve h\u0131zl\u0131 eri\u015fim ile temass\u0131z konfor sa\u011flay\u0131n.","og_url":"https:\/\/onloi.com\/en\/product\/akilli-otel-oda-kapi-kilidi-ok0312\/","og_site_name":"Onloi","article_modified_time":"2026-03-17T07:08:45+00:00","og_image":[{"width":867,"height":850,"url":"https:\/\/onloi.com\/wp-content\/uploads\/2025\/08\/obg0312-e1769154013750.png","type":"image\/png"}],"twitter_card":"summary_large_image","twitter_misc":{"Est. reading time":"1 minute"},"schema":{"@context":"https:\/\/schema.org","@graph":[{"@type":"WebPage","@id":"https:\/\/onloi.com\/urun\/akilli-otel-oda-kapi-kilidi-ok0312\/","url":"https:\/\/onloi.com\/urun\/akilli-otel-oda-kapi-kilidi-ok0312\/","name":"Ak\u0131ll\u0131 Otel Kap\u0131 Kilidi | Oda Kilit Sistemleri | ONLOI","isPartOf":{"@id":"https:\/\/onloi.com\/#website"},"primaryImageOfPage":{"@id":"https:\/\/onloi.com\/urun\/akilli-otel-oda-kapi-kilidi-ok0312\/#primaryimage"},"image":{"@id":"https:\/\/onloi.com\/urun\/akilli-otel-oda-kapi-kilidi-ok0312\/#primaryimage"},"thumbnailUrl":"https:\/\/onloi.com\/wp-content\/uploads\/2025\/08\/obg0312-e1769154013750.png","datePublished":"2025-08-22T08:48:19+00:00","dateModified":"2026-03-17T07:08:45+00:00","description":"Oteller i\u00e7in Onloi ak\u0131ll\u0131 oda kap\u0131 kilidi. Misafir g\u00fcvenli\u011fi ve h\u0131zl\u0131 eri\u015fim ile temass\u0131z konfor sa\u011flay\u0131n.","breadcrumb":{"@id":"https:\/\/onloi.com\/urun\/akilli-otel-oda-kapi-kilidi-ok0312\/#breadcrumb"},"inLanguage":"en-US","potentialAction":[{"@type":"ReadAction","target":["https:\/\/onloi.com\/urun\/akilli-otel-oda-kapi-kilidi-ok0312\/"]}]},{"@type":"ImageObject","inLanguage":"en-US","@id":"https:\/\/onloi.com\/urun\/akilli-otel-oda-kapi-kilidi-ok0312\/#primaryimage","url":"https:\/\/onloi.com\/wp-content\/uploads\/2025\/08\/obg0312-e1769154013750.png","contentUrl":"https:\/\/onloi.com\/wp-content\/uploads\/2025\/08\/obg0312-e1769154013750.png","width":867,"height":850},{"@type":"BreadcrumbList","@id":"https:\/\/onloi.com\/urun\/akilli-otel-oda-kapi-kilidi-ok0312\/#breadcrumb","itemListElement":[{"@type":"ListItem","position":1,"name":"Anasayfa","item":"https:\/\/onloi.com\/"},{"@type":"ListItem","position":2,"name":"Ma\u011faza","item":"https:\/\/onloi.com\/magaza\/"},{"@type":"ListItem","position":3,"name":"Ak\u0131ll\u0131 Otel Oda Kap\u0131 Kilidi"}]},{"@type":"WebSite","@id":"https:\/\/onloi.com\/#website","url":"https:\/\/onloi.com\/","name":"Onloi","description":"Unlock Smart Living with Onloi","potentialAction":[{"@type":"SearchAction","target":{"@type":"EntryPoint","urlTemplate":"https:\/\/onloi.com\/?s={search_term_string}"},"query-input":{"@type":"PropertyValueSpecification","valueRequired":true,"valueName":"search_term_string"}}],"inLanguage":"en-US"}]}},"_links":{"self":[{"href":"https:\/\/onloi.com\/en\/wp-json\/wp\/v2\/product\/669","targetHints":{"allow":["GET"]}}],"collection":[{"href":"https:\/\/onloi.com\/en\/wp-json\/wp\/v2\/product"}],"about":[{"href":"https:\/\/onloi.com\/en\/wp-json\/wp\/v2\/types\/product"}],"wp:featuredmedia":[{"embeddable":true,"href":"https:\/\/onloi.com\/en\/wp-json\/wp\/v2\/media\/3288"}],"wp:attachment":[{"href":"https:\/\/onloi.com\/en\/wp-json\/wp\/v2\/media?parent=669"}],"wp:term":[{"taxonomy":"product_brand","embeddable":true,"href":"https:\/\/onloi.com\/en\/wp-json\/wp\/v2\/product_brand?post=669"},{"taxonomy":"product_cat","embeddable":true,"href":"https:\/\/onloi.com\/en\/wp-json\/wp\/v2\/product_cat?post=669"},{"taxonomy":"product_tag","embeddable":true,"href":"https:\/\/onloi.com\/en\/wp-json\/wp\/v2\/product_tag?post=669"}],"curies":[{"name":"wp","href":"https:\/\/api.w.org\/{rel}","templated":true}]}}