{"id":659,"date":"2025-08-22T11:44:08","date_gmt":"2025-08-22T08:44:08","guid":{"rendered":"https:\/\/onloi.medicomyazilim.com\/?post_type=product&#038;p=659"},"modified":"2026-01-23T10:58:09","modified_gmt":"2026-01-23T07:58:09","slug":"parmak-izli-ve-sifreli-kapi-kolu-obg0282","status":"publish","type":"product","link":"https:\/\/onloi.com\/en\/product\/parmak-izli-ve-sifreli-kapi-kolu-obg0282\/","title":{"rendered":"Fingerprint and Encrypted Door Handle"},"content":{"rendered":"<h4><\/h4>\n<p>&nbsp;<\/p>\n<table class=\"spec-table\">\n<tbody>\n<tr>\n<th>Feature<\/th>\n<th>Description<\/th>\n<\/tr>\n<tr>\n<td>Material<\/td>\n<td>Zinc Alloy<\/td>\n<\/tr>\n<tr>\n<td>Number of Users<\/td>\n<td>Fingerprint - 50, Card - 100, Password - 100<\/td>\n<\/tr>\n<tr>\n<td>Door Thickness<\/td>\n<td>\u00a045 - 105 mm<\/td>\n<\/tr>\n<tr>\n<td>Operating Temperature<\/td>\n<td>-20\u00b0C ~ 60\u00b0C<\/td>\n<\/tr>\n<tr>\n<td>Product Size<\/td>\n<td>150 x 25 mm<\/td>\n<\/tr>\n<tr>\n<td>Opening Methods<\/td>\n<td>Fingerprint + Card + Key + Password + Tuya Smart<\/td>\n<\/tr>\n<tr>\n<td>Emergency Power Input<\/td>\n<td>Type-C - Manual Switch<\/td>\n<\/tr>\n<tr>\n<td>Power Supply<\/td>\n<td>4 x AAA Alkaline Battery (1.5 V Battery)<\/td>\n<\/tr>\n<tr>\n<td>Color<\/td>\n<td>Black<\/td>\n<\/tr>\n<tr>\n<td>Guarantee<\/td>\n<td>2 Years<\/td>\n<\/tr>\n<\/tbody>\n<\/table>\n\n    <div class=\"xs_social_share_widget xs_share_url after_content \t\tmain_content  wslu-style-1 wslu-share-box-shaped wslu-fill-colored wslu-none wslu-share-horizontal wslu-theme-font-no wslu-main_content\">\n\n\t\t\n        <ul>\n\t\t\t        <\/ul>\n    <\/div>","protected":false},"excerpt":{"rendered":"<div class=\"product-short-description\">\n<h4 class=\"psd-title\">Smart Door Lock - Fingerprint, Password, Key and App Supported<\/h4>\n<article class=\"text-token-text-primary w-full focus:outline-none [--shadow-height:45px] has-data-writing-block:pointer-events-none has-data-writing-block:-mt-(--shadow-height) has-data-writing-block:pt-(--shadow-height) [&amp;:has([data-writing-block])&gt;*]:pointer-events-auto scroll-mt-[calc(var(--header-height)+min(200px,max(70px,20svh)))]\" dir=\"auto\" tabindex=\"-1\" data-turn-id=\"request-WEB:866cf3ba-d702-405b-8ba9-a936f07a540d-4\" data-testid=\"conversation-turn-10\" data-scroll-anchor=\"true\" data-turn=\"assistant\">\n<div class=\"text-base my-auto mx-auto pb-10 [--thread-content-margin:--spacing(4)] @w-sm\/main:[--thread-content-margin:--spacing(6)] @w-lg\/main:[--thread-content-margin:--spacing(16)] px-(--thread-content-margin)\">\n<div class=\"[--thread-content-max-width:40rem] @w-lg\/main:[--thread-content-max-width:48rem] mx-auto max-w-(--thread-content-max-width) flex-1 group\/turn-messages focus-visible:outline-hidden relative flex w-full min-w-0 flex-col agent-turn\" tabindex=\"-1\">\n<div class=\"flex max-w-full flex-col grow\">\n<div class=\"min-h-8 text-message relative flex w-full flex-col items-end gap-2 text-start break-words whitespace-normal [.text-message+&amp;]:mt-1\" dir=\"auto\" data-message-author-role=\"assistant\" data-message-id=\"1039b686-2208-47ce-bdab-70e8828309f9\" data-message-model-slug=\"gpt-5-1\">\n<div class=\"flex w-full flex-col gap-1 empty:hidden first:pt-[1px]\">\n<div class=\"markdown prose dark:prose-invert w-full break-words light markdown-new-styling\">\n<ul data-start=\"0\" data-end=\"464\" data-is-last-node=\"\" data-is-only-node=\"\">\n<li data-start=\"0\" data-end=\"167\">\n<p data-start=\"2\" data-end=\"167\">This smart door lock with Tuya Smart mobile app support offers versatile secure access with fingerprint, password, mechanical key and mobile app.<\/p>\n<\/li>\n<li data-start=\"168\" data-end=\"293\">\n<p data-start=\"170\" data-end=\"293\">The low battery warning system notifies the user audibly and visually when the energy level reaches a critical level.<\/p>\n<\/li>\n<li data-start=\"294\" data-end=\"391\">\n<p data-start=\"296\" data-end=\"391\">The mechanical key in the box provides an alternative to manual opening in unusual situations.<\/p>\n<\/li>\n<li data-start=\"392\" data-end=\"464\" data-is-last-node=\"\">\n<p data-start=\"394\" data-end=\"464\" data-is-last-node=\"\">It is widely preferred in many areas such as hotels, schools, dormitories and offices.<\/p>\n<\/li>\n<\/ul>\n<\/div>\n<\/div>\n<\/div>\n<\/div>\n<\/div>\n<\/div>\n<\/article>\n<\/div>","protected":false},"featured_media":3296,"template":"","meta":{"postBodyCss":"","postBodyMargin":[],"postBodyPadding":[],"postBodyBackground":{"backgroundType":"classic","gradient":""}},"product_brand":[],"product_cat":[26,27,29],"product_tag":[],"class_list":{"0":"post-659","1":"product","2":"type-product","3":"status-publish","4":"has-post-thumbnail","6":"product_cat-onloi-akilli-teknoloji-urunleri","7":"product_cat-akilli-kapi-kilitleri","8":"product_cat-oda-kapi-kilitleri","10":"first","11":"instock","12":"shipping-taxable","13":"product-type-simple"},"yoast_head":"<!-- This site is optimized with the Yoast SEO plugin v26.6 - https:\/\/yoast.com\/wordpress\/plugins\/seo\/ -->\n<title>Parmak \u0130zli ve \u015eifreli Kap\u0131 Kolu | ONLOI<\/title>\n<meta name=\"description\" content=\"Parmak izli ve \u015fifreli kap\u0131 kolu ile Onloi g\u00fcvenli\u011fini art\u0131r\u0131n. Anahtars\u0131z ve pratik eri\u015fim sa\u011flar.\" \/>\n<meta name=\"robots\" content=\"index, follow, max-snippet:-1, max-image-preview:large, max-video-preview:-1\" \/>\n<link rel=\"canonical\" href=\"https:\/\/onloi.com\/en\/product\/parmak-izli-ve-sifreli-kapi-kolu-obg0282\/\" \/>\n<meta property=\"og:locale\" content=\"en_US\" \/>\n<meta property=\"og:type\" content=\"article\" \/>\n<meta property=\"og:title\" content=\"Parmak \u0130zli ve \u015eifreli Kap\u0131 Kolu | ONLOI\" \/>\n<meta property=\"og:description\" content=\"Parmak izli ve \u015fifreli kap\u0131 kolu ile Onloi g\u00fcvenli\u011fini art\u0131r\u0131n. Anahtars\u0131z ve pratik eri\u015fim sa\u011flar.\" \/>\n<meta property=\"og:url\" content=\"https:\/\/onloi.com\/en\/product\/parmak-izli-ve-sifreli-kapi-kolu-obg0282\/\" \/>\n<meta property=\"og:site_name\" content=\"Onloi\" \/>\n<meta property=\"article:modified_time\" content=\"2026-01-23T07:58:09+00:00\" \/>\n<meta property=\"og:image\" content=\"https:\/\/onloi.com\/wp-content\/uploads\/2025\/08\/ok0282.png\" \/>\n\t<meta property=\"og:image:width\" content=\"1000\" \/>\n\t<meta property=\"og:image:height\" content=\"1000\" \/>\n\t<meta property=\"og:image:type\" content=\"image\/png\" \/>\n<meta name=\"twitter:card\" content=\"summary_large_image\" \/>\n<meta name=\"twitter:label1\" content=\"Est. reading time\" \/>\n\t<meta name=\"twitter:data1\" content=\"1 minute\" \/>\n<script type=\"application\/ld+json\" class=\"yoast-schema-graph\">{\"@context\":\"https:\/\/schema.org\",\"@graph\":[{\"@type\":\"WebPage\",\"@id\":\"https:\/\/onloi.com\/urun\/parmak-izli-ve-sifreli-kapi-kolu-obg0282\/\",\"url\":\"https:\/\/onloi.com\/urun\/parmak-izli-ve-sifreli-kapi-kolu-obg0282\/\",\"name\":\"Parmak \u0130zli ve \u015eifreli Kap\u0131 Kolu | ONLOI\",\"isPartOf\":{\"@id\":\"https:\/\/onloi.com\/#website\"},\"primaryImageOfPage\":{\"@id\":\"https:\/\/onloi.com\/urun\/parmak-izli-ve-sifreli-kapi-kolu-obg0282\/#primaryimage\"},\"image\":{\"@id\":\"https:\/\/onloi.com\/urun\/parmak-izli-ve-sifreli-kapi-kolu-obg0282\/#primaryimage\"},\"thumbnailUrl\":\"https:\/\/onloi.com\/wp-content\/uploads\/2025\/08\/ok0282.png\",\"datePublished\":\"2025-08-22T08:44:08+00:00\",\"dateModified\":\"2026-01-23T07:58:09+00:00\",\"description\":\"Parmak izli ve \u015fifreli kap\u0131 kolu ile Onloi g\u00fcvenli\u011fini art\u0131r\u0131n. Anahtars\u0131z ve pratik eri\u015fim sa\u011flar.\",\"breadcrumb\":{\"@id\":\"https:\/\/onloi.com\/urun\/parmak-izli-ve-sifreli-kapi-kolu-obg0282\/#breadcrumb\"},\"inLanguage\":\"en-US\",\"potentialAction\":[{\"@type\":\"ReadAction\",\"target\":[\"https:\/\/onloi.com\/urun\/parmak-izli-ve-sifreli-kapi-kolu-obg0282\/\"]}]},{\"@type\":\"ImageObject\",\"inLanguage\":\"en-US\",\"@id\":\"https:\/\/onloi.com\/urun\/parmak-izli-ve-sifreli-kapi-kolu-obg0282\/#primaryimage\",\"url\":\"https:\/\/onloi.com\/wp-content\/uploads\/2025\/08\/ok0282.png\",\"contentUrl\":\"https:\/\/onloi.com\/wp-content\/uploads\/2025\/08\/ok0282.png\",\"width\":1000,\"height\":1000},{\"@type\":\"BreadcrumbList\",\"@id\":\"https:\/\/onloi.com\/urun\/parmak-izli-ve-sifreli-kapi-kolu-obg0282\/#breadcrumb\",\"itemListElement\":[{\"@type\":\"ListItem\",\"position\":1,\"name\":\"Anasayfa\",\"item\":\"https:\/\/onloi.com\/\"},{\"@type\":\"ListItem\",\"position\":2,\"name\":\"Ma\u011faza\",\"item\":\"https:\/\/onloi.com\/magaza\/\"},{\"@type\":\"ListItem\",\"position\":3,\"name\":\"Parmak \u0130zli ve \u015eifreli Kap\u0131 Kolu\"}]},{\"@type\":\"WebSite\",\"@id\":\"https:\/\/onloi.com\/#website\",\"url\":\"https:\/\/onloi.com\/\",\"name\":\"Onloi\",\"description\":\"Onloi ile Ak\u0131ll\u0131 Ya\u015fam\u0131n Kilidini A\u00e7\u0131n\",\"potentialAction\":[{\"@type\":\"SearchAction\",\"target\":{\"@type\":\"EntryPoint\",\"urlTemplate\":\"https:\/\/onloi.com\/?s={search_term_string}\"},\"query-input\":{\"@type\":\"PropertyValueSpecification\",\"valueRequired\":true,\"valueName\":\"search_term_string\"}}],\"inLanguage\":\"en-US\"}]}<\/script>\n<!-- \/ Yoast SEO plugin. -->","yoast_head_json":{"title":"Parmak \u0130zli ve \u015eifreli Kap\u0131 Kolu | ONLOI","description":"Parmak izli ve \u015fifreli kap\u0131 kolu ile Onloi g\u00fcvenli\u011fini art\u0131r\u0131n. Anahtars\u0131z ve pratik eri\u015fim sa\u011flar.","robots":{"index":"index","follow":"follow","max-snippet":"max-snippet:-1","max-image-preview":"max-image-preview:large","max-video-preview":"max-video-preview:-1"},"canonical":"https:\/\/onloi.com\/en\/product\/parmak-izli-ve-sifreli-kapi-kolu-obg0282\/","og_locale":"en_US","og_type":"article","og_title":"Parmak \u0130zli ve \u015eifreli Kap\u0131 Kolu | ONLOI","og_description":"Parmak izli ve \u015fifreli kap\u0131 kolu ile Onloi g\u00fcvenli\u011fini art\u0131r\u0131n. Anahtars\u0131z ve pratik eri\u015fim sa\u011flar.","og_url":"https:\/\/onloi.com\/en\/product\/parmak-izli-ve-sifreli-kapi-kolu-obg0282\/","og_site_name":"Onloi","article_modified_time":"2026-01-23T07:58:09+00:00","og_image":[{"width":1000,"height":1000,"url":"https:\/\/onloi.com\/wp-content\/uploads\/2025\/08\/ok0282.png","type":"image\/png"}],"twitter_card":"summary_large_image","twitter_misc":{"Est. reading time":"1 minute"},"schema":{"@context":"https:\/\/schema.org","@graph":[{"@type":"WebPage","@id":"https:\/\/onloi.com\/urun\/parmak-izli-ve-sifreli-kapi-kolu-obg0282\/","url":"https:\/\/onloi.com\/urun\/parmak-izli-ve-sifreli-kapi-kolu-obg0282\/","name":"Parmak \u0130zli ve \u015eifreli Kap\u0131 Kolu | ONLOI","isPartOf":{"@id":"https:\/\/onloi.com\/#website"},"primaryImageOfPage":{"@id":"https:\/\/onloi.com\/urun\/parmak-izli-ve-sifreli-kapi-kolu-obg0282\/#primaryimage"},"image":{"@id":"https:\/\/onloi.com\/urun\/parmak-izli-ve-sifreli-kapi-kolu-obg0282\/#primaryimage"},"thumbnailUrl":"https:\/\/onloi.com\/wp-content\/uploads\/2025\/08\/ok0282.png","datePublished":"2025-08-22T08:44:08+00:00","dateModified":"2026-01-23T07:58:09+00:00","description":"Parmak izli ve \u015fifreli kap\u0131 kolu ile Onloi g\u00fcvenli\u011fini art\u0131r\u0131n. Anahtars\u0131z ve pratik eri\u015fim sa\u011flar.","breadcrumb":{"@id":"https:\/\/onloi.com\/urun\/parmak-izli-ve-sifreli-kapi-kolu-obg0282\/#breadcrumb"},"inLanguage":"en-US","potentialAction":[{"@type":"ReadAction","target":["https:\/\/onloi.com\/urun\/parmak-izli-ve-sifreli-kapi-kolu-obg0282\/"]}]},{"@type":"ImageObject","inLanguage":"en-US","@id":"https:\/\/onloi.com\/urun\/parmak-izli-ve-sifreli-kapi-kolu-obg0282\/#primaryimage","url":"https:\/\/onloi.com\/wp-content\/uploads\/2025\/08\/ok0282.png","contentUrl":"https:\/\/onloi.com\/wp-content\/uploads\/2025\/08\/ok0282.png","width":1000,"height":1000},{"@type":"BreadcrumbList","@id":"https:\/\/onloi.com\/urun\/parmak-izli-ve-sifreli-kapi-kolu-obg0282\/#breadcrumb","itemListElement":[{"@type":"ListItem","position":1,"name":"Anasayfa","item":"https:\/\/onloi.com\/"},{"@type":"ListItem","position":2,"name":"Ma\u011faza","item":"https:\/\/onloi.com\/magaza\/"},{"@type":"ListItem","position":3,"name":"Parmak \u0130zli ve \u015eifreli Kap\u0131 Kolu"}]},{"@type":"WebSite","@id":"https:\/\/onloi.com\/#website","url":"https:\/\/onloi.com\/","name":"Onloi","description":"Unlock Smart Living with Onloi","potentialAction":[{"@type":"SearchAction","target":{"@type":"EntryPoint","urlTemplate":"https:\/\/onloi.com\/?s={search_term_string}"},"query-input":{"@type":"PropertyValueSpecification","valueRequired":true,"valueName":"search_term_string"}}],"inLanguage":"en-US"}]}},"_links":{"self":[{"href":"https:\/\/onloi.com\/en\/wp-json\/wp\/v2\/product\/659","targetHints":{"allow":["GET"]}}],"collection":[{"href":"https:\/\/onloi.com\/en\/wp-json\/wp\/v2\/product"}],"about":[{"href":"https:\/\/onloi.com\/en\/wp-json\/wp\/v2\/types\/product"}],"wp:featuredmedia":[{"embeddable":true,"href":"https:\/\/onloi.com\/en\/wp-json\/wp\/v2\/media\/3296"}],"wp:attachment":[{"href":"https:\/\/onloi.com\/en\/wp-json\/wp\/v2\/media?parent=659"}],"wp:term":[{"taxonomy":"product_brand","embeddable":true,"href":"https:\/\/onloi.com\/en\/wp-json\/wp\/v2\/product_brand?post=659"},{"taxonomy":"product_cat","embeddable":true,"href":"https:\/\/onloi.com\/en\/wp-json\/wp\/v2\/product_cat?post=659"},{"taxonomy":"product_tag","embeddable":true,"href":"https:\/\/onloi.com\/en\/wp-json\/wp\/v2\/product_tag?post=659"}],"curies":[{"name":"wp","href":"https:\/\/api.w.org\/{rel}","templated":true}]}}