{"id":652,"date":"2025-08-22T11:42:20","date_gmt":"2025-08-22T08:42:20","guid":{"rendered":"https:\/\/onloi.medicomyazilim.com\/?post_type=product&#038;p=652"},"modified":"2025-12-09T14:37:10","modified_gmt":"2025-12-09T11:37:10","slug":"akilli-cam-kapi-kilidi-mobil-uygulamali-ok0350","status":"publish","type":"product","link":"https:\/\/onloi.com\/en\/product\/akilli-cam-kapi-kilidi-mobil-uygulamali-ok0350\/","title":{"rendered":"Smart Glass Door Lock (Mobile App)"},"content":{"rendered":"<p>&nbsp;<\/p>\n<table class=\"spec-table\">\n<tbody>\n<tr>\n<th>Feature<\/th>\n<th>Description<\/th>\n<\/tr>\n<tr>\n<td>Material<\/td>\n<td>ABS<\/td>\n<\/tr>\n<tr>\n<td>Opening Methods<\/td>\n<td>Mobile Application - Fingerprint - Password - Key - Card<\/td>\n<\/tr>\n<tr>\n<td>Door Type<\/td>\n<td>Cam<\/td>\n<\/tr>\n<tr>\n<td>Door Thickness<\/td>\n<td>10-12 mm<\/td>\n<\/tr>\n<tr>\n<td>Mobile Application<\/td>\n<td>Tuya Smart<\/td>\n<\/tr>\n<tr>\n<td>Glass Door Thickness<\/td>\n<td>9 - 13 mm<\/td>\n<\/tr>\n<tr>\n<td>Frequency<\/td>\n<td>\u00a013.56 Mhz<\/td>\n<\/tr>\n<tr>\n<td>Product Size<\/td>\n<td>75 x 175 x 25 mm<\/td>\n<\/tr>\n<tr>\n<td>Guarantee<\/td>\n<td>2 Years<\/td>\n<\/tr>\n<\/tbody>\n<\/table>\n\n    <div class=\"xs_social_share_widget xs_share_url after_content \t\tmain_content  wslu-style-1 wslu-share-box-shaped wslu-fill-colored wslu-none wslu-share-horizontal wslu-theme-font-no wslu-main_content\">\n\n\t\t\n        <ul>\n\t\t\t        <\/ul>\n    <\/div>","protected":false},"excerpt":{"rendered":"<div class=\"product-short-description\">\n<h4 class=\"psd-title\">Office Door Lock - Password, Card and Fingerprint Supported<\/h4>\n<ul>\n<li data-start=\"40\" data-end=\"141\">\n<p data-start=\"42\" data-end=\"141\">It is an ideal product for users who want to give their offices a stylish and technological look.<\/p>\n<\/li>\n<li data-start=\"142\" data-end=\"235\">\n<p data-start=\"144\" data-end=\"235\">Card, password and fingerprint features make access to the office controlled and secure.<\/p>\n<\/li>\n<li data-start=\"236\" data-end=\"329\">\n<p data-start=\"238\" data-end=\"329\">Tuya-powered Bluetooth connectivity enables easy management and quick installation.<\/p>\n<\/li>\n<li data-start=\"330\" data-end=\"415\">\n<p data-start=\"332\" data-end=\"415\">With its wide card support, it provides flexible use suitable for different user profiles.<\/p>\n<\/li>\n<li data-start=\"416\" data-end=\"494\">\n<p data-start=\"418\" data-end=\"494\">High-capacity memory allows for a large number of user registrations.<\/p>\n<\/li>\n<li data-start=\"495\" data-end=\"589\" data-is-last-node=\"\">\n<p data-start=\"497\" data-end=\"589\" data-is-last-node=\"\">Thanks to its safe structure, it offers a long-lasting and reliable use in professional environments.<\/p>\n<\/li>\n<\/ul>\n<\/div>","protected":false},"featured_media":2494,"template":"","meta":{"postBodyCss":"","postBodyMargin":[],"postBodyPadding":[],"postBodyBackground":{"backgroundType":"classic","gradient":""}},"product_brand":[],"product_cat":[26,27,29],"product_tag":[],"class_list":{"0":"post-652","1":"product","2":"type-product","3":"status-publish","4":"has-post-thumbnail","6":"product_cat-onloi-akilli-teknoloji-urunleri","7":"product_cat-akilli-kapi-kilitleri","8":"product_cat-oda-kapi-kilitleri","10":"first","11":"instock","12":"shipping-taxable","13":"product-type-simple"},"yoast_head":"<!-- This site is optimized with the Yoast SEO plugin v26.6 - https:\/\/yoast.com\/wordpress\/plugins\/seo\/ -->\n<title>Ak\u0131ll\u0131 Cam Kap\u0131 Kilidi | Mobil Uygulama Destekli<\/title>\n<meta name=\"description\" content=\"Ak\u0131ll\u0131 cam kap\u0131 kilidi mobil uygulama ile kontrol edin. Onloi IoT \u00e7\u00f6z\u00fcmleri ile g\u00fcvenli ve temass\u0131z ge\u00e7i\u015f sa\u011flay\u0131n.\" \/>\n<meta name=\"robots\" content=\"index, follow, max-snippet:-1, max-image-preview:large, max-video-preview:-1\" \/>\n<link rel=\"canonical\" href=\"https:\/\/onloi.com\/en\/product\/akilli-cam-kapi-kilidi-mobil-uygulamali-ok0350\/\" \/>\n<meta property=\"og:locale\" content=\"en_US\" \/>\n<meta property=\"og:type\" content=\"article\" \/>\n<meta property=\"og:title\" content=\"Ak\u0131ll\u0131 Cam Kap\u0131 Kilidi | Mobil Uygulama Destekli\" \/>\n<meta property=\"og:description\" content=\"Ak\u0131ll\u0131 cam kap\u0131 kilidi mobil uygulama ile kontrol edin. Onloi IoT \u00e7\u00f6z\u00fcmleri ile g\u00fcvenli ve temass\u0131z ge\u00e7i\u015f sa\u011flay\u0131n.\" \/>\n<meta property=\"og:url\" content=\"https:\/\/onloi.com\/en\/product\/akilli-cam-kapi-kilidi-mobil-uygulamali-ok0350\/\" \/>\n<meta property=\"og:site_name\" content=\"Onloi\" \/>\n<meta property=\"article:modified_time\" content=\"2025-12-09T11:37:10+00:00\" \/>\n<meta property=\"og:image\" content=\"https:\/\/onloi.com\/wp-content\/uploads\/2025\/08\/Hc39ab0431e7e47818072ae6ecb7456afi.jpg\" \/>\n\t<meta property=\"og:image:width\" content=\"800\" \/>\n\t<meta property=\"og:image:height\" content=\"800\" \/>\n\t<meta property=\"og:image:type\" content=\"image\/jpeg\" \/>\n<meta name=\"twitter:card\" content=\"summary_large_image\" \/>\n<script type=\"application\/ld+json\" class=\"yoast-schema-graph\">{\"@context\":\"https:\/\/schema.org\",\"@graph\":[{\"@type\":\"WebPage\",\"@id\":\"https:\/\/onloi.com\/urun\/akilli-cam-kapi-kilidi-mobil-uygulamali-ok0350\/\",\"url\":\"https:\/\/onloi.com\/urun\/akilli-cam-kapi-kilidi-mobil-uygulamali-ok0350\/\",\"name\":\"Ak\u0131ll\u0131 Cam Kap\u0131 Kilidi | Mobil Uygulama Destekli\",\"isPartOf\":{\"@id\":\"https:\/\/onloi.com\/#website\"},\"primaryImageOfPage\":{\"@id\":\"https:\/\/onloi.com\/urun\/akilli-cam-kapi-kilidi-mobil-uygulamali-ok0350\/#primaryimage\"},\"image\":{\"@id\":\"https:\/\/onloi.com\/urun\/akilli-cam-kapi-kilidi-mobil-uygulamali-ok0350\/#primaryimage\"},\"thumbnailUrl\":\"https:\/\/onloi.com\/wp-content\/uploads\/2025\/08\/Hc39ab0431e7e47818072ae6ecb7456afi.jpg\",\"datePublished\":\"2025-08-22T08:42:20+00:00\",\"dateModified\":\"2025-12-09T11:37:10+00:00\",\"description\":\"Ak\u0131ll\u0131 cam kap\u0131 kilidi mobil uygulama ile kontrol edin. Onloi IoT \u00e7\u00f6z\u00fcmleri ile g\u00fcvenli ve temass\u0131z ge\u00e7i\u015f sa\u011flay\u0131n.\",\"breadcrumb\":{\"@id\":\"https:\/\/onloi.com\/urun\/akilli-cam-kapi-kilidi-mobil-uygulamali-ok0350\/#breadcrumb\"},\"inLanguage\":\"en-US\",\"potentialAction\":[{\"@type\":\"ReadAction\",\"target\":[\"https:\/\/onloi.com\/urun\/akilli-cam-kapi-kilidi-mobil-uygulamali-ok0350\/\"]}]},{\"@type\":\"ImageObject\",\"inLanguage\":\"en-US\",\"@id\":\"https:\/\/onloi.com\/urun\/akilli-cam-kapi-kilidi-mobil-uygulamali-ok0350\/#primaryimage\",\"url\":\"https:\/\/onloi.com\/wp-content\/uploads\/2025\/08\/Hc39ab0431e7e47818072ae6ecb7456afi.jpg\",\"contentUrl\":\"https:\/\/onloi.com\/wp-content\/uploads\/2025\/08\/Hc39ab0431e7e47818072ae6ecb7456afi.jpg\",\"width\":800,\"height\":800},{\"@type\":\"BreadcrumbList\",\"@id\":\"https:\/\/onloi.com\/urun\/akilli-cam-kapi-kilidi-mobil-uygulamali-ok0350\/#breadcrumb\",\"itemListElement\":[{\"@type\":\"ListItem\",\"position\":1,\"name\":\"Anasayfa\",\"item\":\"https:\/\/onloi.com\/\"},{\"@type\":\"ListItem\",\"position\":2,\"name\":\"Ma\u011faza\",\"item\":\"https:\/\/onloi.com\/magaza\/\"},{\"@type\":\"ListItem\",\"position\":3,\"name\":\"Ak\u0131ll\u0131 Cam Kap\u0131 Kilidi (Mobil Uygulamal\u0131)\"}]},{\"@type\":\"WebSite\",\"@id\":\"https:\/\/onloi.com\/#website\",\"url\":\"https:\/\/onloi.com\/\",\"name\":\"Onloi\",\"description\":\"Onloi ile Ak\u0131ll\u0131 Ya\u015fam\u0131n Kilidini A\u00e7\u0131n\",\"potentialAction\":[{\"@type\":\"SearchAction\",\"target\":{\"@type\":\"EntryPoint\",\"urlTemplate\":\"https:\/\/onloi.com\/?s={search_term_string}\"},\"query-input\":{\"@type\":\"PropertyValueSpecification\",\"valueRequired\":true,\"valueName\":\"search_term_string\"}}],\"inLanguage\":\"en-US\"}]}<\/script>\n<!-- \/ Yoast SEO plugin. -->","yoast_head_json":{"title":"Ak\u0131ll\u0131 Cam Kap\u0131 Kilidi | Mobil Uygulama Destekli","description":"Ak\u0131ll\u0131 cam kap\u0131 kilidi mobil uygulama ile kontrol edin. Onloi IoT \u00e7\u00f6z\u00fcmleri ile g\u00fcvenli ve temass\u0131z ge\u00e7i\u015f sa\u011flay\u0131n.","robots":{"index":"index","follow":"follow","max-snippet":"max-snippet:-1","max-image-preview":"max-image-preview:large","max-video-preview":"max-video-preview:-1"},"canonical":"https:\/\/onloi.com\/en\/product\/akilli-cam-kapi-kilidi-mobil-uygulamali-ok0350\/","og_locale":"en_US","og_type":"article","og_title":"Ak\u0131ll\u0131 Cam Kap\u0131 Kilidi | Mobil Uygulama Destekli","og_description":"Ak\u0131ll\u0131 cam kap\u0131 kilidi mobil uygulama ile kontrol edin. Onloi IoT \u00e7\u00f6z\u00fcmleri ile g\u00fcvenli ve temass\u0131z ge\u00e7i\u015f sa\u011flay\u0131n.","og_url":"https:\/\/onloi.com\/en\/product\/akilli-cam-kapi-kilidi-mobil-uygulamali-ok0350\/","og_site_name":"Onloi","article_modified_time":"2025-12-09T11:37:10+00:00","og_image":[{"width":800,"height":800,"url":"https:\/\/onloi.com\/wp-content\/uploads\/2025\/08\/Hc39ab0431e7e47818072ae6ecb7456afi.jpg","type":"image\/jpeg"}],"twitter_card":"summary_large_image","schema":{"@context":"https:\/\/schema.org","@graph":[{"@type":"WebPage","@id":"https:\/\/onloi.com\/urun\/akilli-cam-kapi-kilidi-mobil-uygulamali-ok0350\/","url":"https:\/\/onloi.com\/urun\/akilli-cam-kapi-kilidi-mobil-uygulamali-ok0350\/","name":"Ak\u0131ll\u0131 Cam Kap\u0131 Kilidi | Mobil Uygulama Destekli","isPartOf":{"@id":"https:\/\/onloi.com\/#website"},"primaryImageOfPage":{"@id":"https:\/\/onloi.com\/urun\/akilli-cam-kapi-kilidi-mobil-uygulamali-ok0350\/#primaryimage"},"image":{"@id":"https:\/\/onloi.com\/urun\/akilli-cam-kapi-kilidi-mobil-uygulamali-ok0350\/#primaryimage"},"thumbnailUrl":"https:\/\/onloi.com\/wp-content\/uploads\/2025\/08\/Hc39ab0431e7e47818072ae6ecb7456afi.jpg","datePublished":"2025-08-22T08:42:20+00:00","dateModified":"2025-12-09T11:37:10+00:00","description":"Ak\u0131ll\u0131 cam kap\u0131 kilidi mobil uygulama ile kontrol edin. Onloi IoT \u00e7\u00f6z\u00fcmleri ile g\u00fcvenli ve temass\u0131z ge\u00e7i\u015f sa\u011flay\u0131n.","breadcrumb":{"@id":"https:\/\/onloi.com\/urun\/akilli-cam-kapi-kilidi-mobil-uygulamali-ok0350\/#breadcrumb"},"inLanguage":"en-US","potentialAction":[{"@type":"ReadAction","target":["https:\/\/onloi.com\/urun\/akilli-cam-kapi-kilidi-mobil-uygulamali-ok0350\/"]}]},{"@type":"ImageObject","inLanguage":"en-US","@id":"https:\/\/onloi.com\/urun\/akilli-cam-kapi-kilidi-mobil-uygulamali-ok0350\/#primaryimage","url":"https:\/\/onloi.com\/wp-content\/uploads\/2025\/08\/Hc39ab0431e7e47818072ae6ecb7456afi.jpg","contentUrl":"https:\/\/onloi.com\/wp-content\/uploads\/2025\/08\/Hc39ab0431e7e47818072ae6ecb7456afi.jpg","width":800,"height":800},{"@type":"BreadcrumbList","@id":"https:\/\/onloi.com\/urun\/akilli-cam-kapi-kilidi-mobil-uygulamali-ok0350\/#breadcrumb","itemListElement":[{"@type":"ListItem","position":1,"name":"Anasayfa","item":"https:\/\/onloi.com\/"},{"@type":"ListItem","position":2,"name":"Ma\u011faza","item":"https:\/\/onloi.com\/magaza\/"},{"@type":"ListItem","position":3,"name":"Ak\u0131ll\u0131 Cam Kap\u0131 Kilidi (Mobil Uygulamal\u0131)"}]},{"@type":"WebSite","@id":"https:\/\/onloi.com\/#website","url":"https:\/\/onloi.com\/","name":"Onloi","description":"Unlock Smart Living with Onloi","potentialAction":[{"@type":"SearchAction","target":{"@type":"EntryPoint","urlTemplate":"https:\/\/onloi.com\/?s={search_term_string}"},"query-input":{"@type":"PropertyValueSpecification","valueRequired":true,"valueName":"search_term_string"}}],"inLanguage":"en-US"}]}},"_links":{"self":[{"href":"https:\/\/onloi.com\/en\/wp-json\/wp\/v2\/product\/652","targetHints":{"allow":["GET"]}}],"collection":[{"href":"https:\/\/onloi.com\/en\/wp-json\/wp\/v2\/product"}],"about":[{"href":"https:\/\/onloi.com\/en\/wp-json\/wp\/v2\/types\/product"}],"wp:featuredmedia":[{"embeddable":true,"href":"https:\/\/onloi.com\/en\/wp-json\/wp\/v2\/media\/2494"}],"wp:attachment":[{"href":"https:\/\/onloi.com\/en\/wp-json\/wp\/v2\/media?parent=652"}],"wp:term":[{"taxonomy":"product_brand","embeddable":true,"href":"https:\/\/onloi.com\/en\/wp-json\/wp\/v2\/product_brand?post=652"},{"taxonomy":"product_cat","embeddable":true,"href":"https:\/\/onloi.com\/en\/wp-json\/wp\/v2\/product_cat?post=652"},{"taxonomy":"product_tag","embeddable":true,"href":"https:\/\/onloi.com\/en\/wp-json\/wp\/v2\/product_tag?post=652"}],"curies":[{"name":"wp","href":"https:\/\/api.w.org\/{rel}","templated":true}]}}