{"id":645,"date":"2025-08-22T11:39:32","date_gmt":"2025-08-22T08:39:32","guid":{"rendered":"https:\/\/onloi.medicomyazilim.com\/?post_type=product&#038;p=645"},"modified":"2026-01-19T10:03:57","modified_gmt":"2026-01-19T07:03:57","slug":"metal-kartli-sifreli-dolap-kilidi-obg0351","status":"publish","type":"product","link":"https:\/\/onloi.com\/en\/product\/metal-kartli-sifreli-dolap-kilidi-obg0351\/","title":{"rendered":"Metal Card &amp; Combination Cabinet Lock"},"content":{"rendered":"<p>&nbsp;<\/p>\n<table class=\"spec-table\">\n<tbody>\n<tr>\n<th>Feature<\/th>\n<th>Description<\/th>\n<\/tr>\n<tr>\n<td>Opening Methods<\/td>\n<td>Password, Card<\/td>\n<\/tr>\n<tr>\n<td>Color<\/td>\n<td>Silver<\/td>\n<\/tr>\n<tr>\n<td>Modes of Use<\/td>\n<td>Public Mode \/ Private Mode<\/td>\n<\/tr>\n<tr>\n<td>Material<\/td>\n<td>Zinc Alloy<\/td>\n<\/tr>\n<tr>\n<td>Box Contents<\/td>\n<td>Keypad Panel, Cabinet Lock Unit, Mounting Apparatus<\/td>\n<\/tr>\n<tr>\n<td>Operating Temperature<\/td>\n<td>-20\u00b0C ~ 70\u00b0C<\/td>\n<\/tr>\n<tr>\n<td>Power Supply<\/td>\n<td>4 AA batteries<\/td>\n<\/tr>\n<tr>\n<td>Product Size<\/td>\n<td>Key Panel: 120 x 54 x 12 mm, Lock Unit: 64 x 131 x 24 mm<\/td>\n<\/tr>\n<tr>\n<td>Guarantee<\/td>\n<td>2 Years<\/td>\n<\/tr>\n<\/tbody>\n<\/table>\n\n    <div class=\"xs_social_share_widget xs_share_url after_content \t\tmain_content  wslu-style-1 wslu-share-box-shaped wslu-fill-colored wslu-none wslu-share-horizontal wslu-theme-font-no wslu-main_content\">\n\n\t\t\n        <ul>\n\t\t\t        <\/ul>\n    <\/div>","protected":false},"excerpt":{"rendered":"<div class=\"product-short-description\">\n<h4 class=\"psd-title\">Compact Electronic Lock Panel - Maximum Security and Easy Operation<\/h4>\n<ul>\n<li data-start=\"49\" data-end=\"163\">\n<p data-start=\"51\" data-end=\"163\">It can be unlocked both with a password and with a Mifare card; it provides high security thanks to its single password mode.<\/p>\n<\/li>\n<li data-start=\"164\" data-end=\"235\">\n<p data-start=\"166\" data-end=\"235\">Multiple encryption is available for multiple users.<\/p>\n<\/li>\n<li data-start=\"236\" data-end=\"285\">\n<p data-start=\"238\" data-end=\"285\">It has a durable aluminum alloy surface.<\/p>\n<\/li>\n<li data-start=\"286\" data-end=\"404\">\n<p data-start=\"288\" data-end=\"404\">Easy to use and install; you can increase security by simply removing the existing lock and installing this lock.<\/p>\n<\/li>\n<li data-start=\"405\" data-end=\"456\">\n<p data-start=\"407\" data-end=\"456\">Compatible with wood, aluminum and steel cabinets.<\/p>\n<\/li>\n<li data-start=\"457\" data-end=\"529\">\n<p data-start=\"459\" data-end=\"529\">Screws and apparatus required for assembly are included in the box.<\/p>\n<\/li>\n<li data-start=\"530\" data-end=\"603\">\n<p data-start=\"532\" data-end=\"603\"><strong data-start=\"532\" data-end=\"548\">Protection Mode:<\/strong> 3 incorrect password entries will lock the device for 60 seconds.<\/p>\n<\/li>\n<li data-start=\"604\" data-end=\"704\" data-is-last-node=\"\">\n<p data-start=\"606\" data-end=\"704\" data-is-last-node=\"\"><strong data-start=\"606\" data-end=\"631\">Low Voltage Warning:<\/strong> When the voltage drops below 4.8V, the red LED lights up to warn the user.<\/p>\n<\/li>\n<\/ul>\n<\/div>","protected":false},"featured_media":649,"template":"","meta":{"postBodyCss":"","postBodyMargin":[],"postBodyPadding":[],"postBodyBackground":{"backgroundType":"classic","gradient":""}},"product_brand":[],"product_cat":[26,32,34],"product_tag":[],"class_list":{"0":"post-645","1":"product","2":"type-product","3":"status-publish","4":"has-post-thumbnail","6":"product_cat-onloi-akilli-teknoloji-urunleri","7":"product_cat-elektronik-dolap-kilitleri","8":"product_cat-metal-dolap-kilitleri","10":"first","11":"instock","12":"shipping-taxable","13":"product-type-simple"},"yoast_head":"<!-- This site is optimized with the Yoast SEO plugin v26.6 - https:\/\/yoast.com\/wordpress\/plugins\/seo\/ -->\n<title>Metal Kartl\u0131 &amp; \u015eifreli Dolap Kilidi | ONLOI<\/title>\n<meta name=\"description\" content=\"Metal kartl\u0131 ve \u015fifreli dolap kilidi ile Onloi g\u00fcvenli\u011fini art\u0131r\u0131n. H\u0131zl\u0131 ve g\u00fcvenli eri\u015fim sa\u011flayan \u00e7\u00f6z\u00fcm.\" \/>\n<meta name=\"robots\" content=\"index, follow, max-snippet:-1, max-image-preview:large, max-video-preview:-1\" \/>\n<link rel=\"canonical\" href=\"https:\/\/onloi.com\/en\/product\/metal-kartli-sifreli-dolap-kilidi-obg0351\/\" \/>\n<meta property=\"og:locale\" content=\"en_US\" \/>\n<meta property=\"og:type\" content=\"article\" \/>\n<meta property=\"og:title\" content=\"Metal Kartl\u0131 &amp; \u015eifreli Dolap Kilidi | ONLOI\" \/>\n<meta property=\"og:description\" content=\"Metal kartl\u0131 ve \u015fifreli dolap kilidi ile Onloi g\u00fcvenli\u011fini art\u0131r\u0131n. H\u0131zl\u0131 ve g\u00fcvenli eri\u015fim sa\u011flayan \u00e7\u00f6z\u00fcm.\" \/>\n<meta property=\"og:url\" content=\"https:\/\/onloi.com\/en\/product\/metal-kartli-sifreli-dolap-kilidi-obg0351\/\" \/>\n<meta property=\"og:site_name\" content=\"Onloi\" \/>\n<meta property=\"article:modified_time\" content=\"2026-01-19T07:03:57+00:00\" \/>\n<meta property=\"og:image\" content=\"https:\/\/onloi.com\/wp-content\/uploads\/2025\/08\/image-1-e1765542833459.webp\" \/>\n\t<meta property=\"og:image:width\" content=\"1024\" \/>\n\t<meta property=\"og:image:height\" content=\"884\" \/>\n\t<meta property=\"og:image:type\" content=\"image\/webp\" \/>\n<meta name=\"twitter:card\" content=\"summary_large_image\" \/>\n<meta name=\"twitter:label1\" content=\"Est. reading time\" \/>\n\t<meta name=\"twitter:data1\" content=\"1 minute\" \/>\n<script type=\"application\/ld+json\" class=\"yoast-schema-graph\">{\"@context\":\"https:\/\/schema.org\",\"@graph\":[{\"@type\":\"WebPage\",\"@id\":\"https:\/\/onloi.com\/urun\/metal-kartli-sifreli-dolap-kilidi-obg0351\/\",\"url\":\"https:\/\/onloi.com\/urun\/metal-kartli-sifreli-dolap-kilidi-obg0351\/\",\"name\":\"Metal Kartl\u0131 & \u015eifreli Dolap Kilidi | ONLOI\",\"isPartOf\":{\"@id\":\"https:\/\/onloi.com\/#website\"},\"primaryImageOfPage\":{\"@id\":\"https:\/\/onloi.com\/urun\/metal-kartli-sifreli-dolap-kilidi-obg0351\/#primaryimage\"},\"image\":{\"@id\":\"https:\/\/onloi.com\/urun\/metal-kartli-sifreli-dolap-kilidi-obg0351\/#primaryimage\"},\"thumbnailUrl\":\"https:\/\/onloi.com\/wp-content\/uploads\/2025\/08\/image-1-e1765542833459.webp\",\"datePublished\":\"2025-08-22T08:39:32+00:00\",\"dateModified\":\"2026-01-19T07:03:57+00:00\",\"description\":\"Metal kartl\u0131 ve \u015fifreli dolap kilidi ile Onloi g\u00fcvenli\u011fini art\u0131r\u0131n. H\u0131zl\u0131 ve g\u00fcvenli eri\u015fim sa\u011flayan \u00e7\u00f6z\u00fcm.\",\"breadcrumb\":{\"@id\":\"https:\/\/onloi.com\/urun\/metal-kartli-sifreli-dolap-kilidi-obg0351\/#breadcrumb\"},\"inLanguage\":\"en-US\",\"potentialAction\":[{\"@type\":\"ReadAction\",\"target\":[\"https:\/\/onloi.com\/urun\/metal-kartli-sifreli-dolap-kilidi-obg0351\/\"]}]},{\"@type\":\"ImageObject\",\"inLanguage\":\"en-US\",\"@id\":\"https:\/\/onloi.com\/urun\/metal-kartli-sifreli-dolap-kilidi-obg0351\/#primaryimage\",\"url\":\"https:\/\/onloi.com\/wp-content\/uploads\/2025\/08\/image-1-e1765542833459.webp\",\"contentUrl\":\"https:\/\/onloi.com\/wp-content\/uploads\/2025\/08\/image-1-e1765542833459.webp\",\"width\":1024,\"height\":884},{\"@type\":\"BreadcrumbList\",\"@id\":\"https:\/\/onloi.com\/urun\/metal-kartli-sifreli-dolap-kilidi-obg0351\/#breadcrumb\",\"itemListElement\":[{\"@type\":\"ListItem\",\"position\":1,\"name\":\"Anasayfa\",\"item\":\"https:\/\/onloi.com\/\"},{\"@type\":\"ListItem\",\"position\":2,\"name\":\"Ma\u011faza\",\"item\":\"https:\/\/onloi.com\/magaza\/\"},{\"@type\":\"ListItem\",\"position\":3,\"name\":\"Metal Kartl\u0131 &#038; \u015eifreli Dolap Kilidi\"}]},{\"@type\":\"WebSite\",\"@id\":\"https:\/\/onloi.com\/#website\",\"url\":\"https:\/\/onloi.com\/\",\"name\":\"Onloi\",\"description\":\"Onloi ile Ak\u0131ll\u0131 Ya\u015fam\u0131n Kilidini A\u00e7\u0131n\",\"potentialAction\":[{\"@type\":\"SearchAction\",\"target\":{\"@type\":\"EntryPoint\",\"urlTemplate\":\"https:\/\/onloi.com\/?s={search_term_string}\"},\"query-input\":{\"@type\":\"PropertyValueSpecification\",\"valueRequired\":true,\"valueName\":\"search_term_string\"}}],\"inLanguage\":\"en-US\"}]}<\/script>\n<!-- \/ Yoast SEO plugin. -->","yoast_head_json":{"title":"Metal Kartl\u0131 & \u015eifreli Dolap Kilidi | ONLOI","description":"Metal kartl\u0131 ve \u015fifreli dolap kilidi ile Onloi g\u00fcvenli\u011fini art\u0131r\u0131n. H\u0131zl\u0131 ve g\u00fcvenli eri\u015fim sa\u011flayan \u00e7\u00f6z\u00fcm.","robots":{"index":"index","follow":"follow","max-snippet":"max-snippet:-1","max-image-preview":"max-image-preview:large","max-video-preview":"max-video-preview:-1"},"canonical":"https:\/\/onloi.com\/en\/product\/metal-kartli-sifreli-dolap-kilidi-obg0351\/","og_locale":"en_US","og_type":"article","og_title":"Metal Kartl\u0131 & \u015eifreli Dolap Kilidi | ONLOI","og_description":"Metal kartl\u0131 ve \u015fifreli dolap kilidi ile Onloi g\u00fcvenli\u011fini art\u0131r\u0131n. H\u0131zl\u0131 ve g\u00fcvenli eri\u015fim sa\u011flayan \u00e7\u00f6z\u00fcm.","og_url":"https:\/\/onloi.com\/en\/product\/metal-kartli-sifreli-dolap-kilidi-obg0351\/","og_site_name":"Onloi","article_modified_time":"2026-01-19T07:03:57+00:00","og_image":[{"width":1024,"height":884,"url":"https:\/\/onloi.com\/wp-content\/uploads\/2025\/08\/image-1-e1765542833459.webp","type":"image\/webp"}],"twitter_card":"summary_large_image","twitter_misc":{"Est. reading time":"1 minute"},"schema":{"@context":"https:\/\/schema.org","@graph":[{"@type":"WebPage","@id":"https:\/\/onloi.com\/urun\/metal-kartli-sifreli-dolap-kilidi-obg0351\/","url":"https:\/\/onloi.com\/urun\/metal-kartli-sifreli-dolap-kilidi-obg0351\/","name":"Metal Kartl\u0131 & \u015eifreli Dolap Kilidi | ONLOI","isPartOf":{"@id":"https:\/\/onloi.com\/#website"},"primaryImageOfPage":{"@id":"https:\/\/onloi.com\/urun\/metal-kartli-sifreli-dolap-kilidi-obg0351\/#primaryimage"},"image":{"@id":"https:\/\/onloi.com\/urun\/metal-kartli-sifreli-dolap-kilidi-obg0351\/#primaryimage"},"thumbnailUrl":"https:\/\/onloi.com\/wp-content\/uploads\/2025\/08\/image-1-e1765542833459.webp","datePublished":"2025-08-22T08:39:32+00:00","dateModified":"2026-01-19T07:03:57+00:00","description":"Metal kartl\u0131 ve \u015fifreli dolap kilidi ile Onloi g\u00fcvenli\u011fini art\u0131r\u0131n. H\u0131zl\u0131 ve g\u00fcvenli eri\u015fim sa\u011flayan \u00e7\u00f6z\u00fcm.","breadcrumb":{"@id":"https:\/\/onloi.com\/urun\/metal-kartli-sifreli-dolap-kilidi-obg0351\/#breadcrumb"},"inLanguage":"en-US","potentialAction":[{"@type":"ReadAction","target":["https:\/\/onloi.com\/urun\/metal-kartli-sifreli-dolap-kilidi-obg0351\/"]}]},{"@type":"ImageObject","inLanguage":"en-US","@id":"https:\/\/onloi.com\/urun\/metal-kartli-sifreli-dolap-kilidi-obg0351\/#primaryimage","url":"https:\/\/onloi.com\/wp-content\/uploads\/2025\/08\/image-1-e1765542833459.webp","contentUrl":"https:\/\/onloi.com\/wp-content\/uploads\/2025\/08\/image-1-e1765542833459.webp","width":1024,"height":884},{"@type":"BreadcrumbList","@id":"https:\/\/onloi.com\/urun\/metal-kartli-sifreli-dolap-kilidi-obg0351\/#breadcrumb","itemListElement":[{"@type":"ListItem","position":1,"name":"Anasayfa","item":"https:\/\/onloi.com\/"},{"@type":"ListItem","position":2,"name":"Ma\u011faza","item":"https:\/\/onloi.com\/magaza\/"},{"@type":"ListItem","position":3,"name":"Metal Kartl\u0131 &#038; \u015eifreli Dolap Kilidi"}]},{"@type":"WebSite","@id":"https:\/\/onloi.com\/#website","url":"https:\/\/onloi.com\/","name":"Onloi","description":"Unlock Smart Living with Onloi","potentialAction":[{"@type":"SearchAction","target":{"@type":"EntryPoint","urlTemplate":"https:\/\/onloi.com\/?s={search_term_string}"},"query-input":{"@type":"PropertyValueSpecification","valueRequired":true,"valueName":"search_term_string"}}],"inLanguage":"en-US"}]}},"_links":{"self":[{"href":"https:\/\/onloi.com\/en\/wp-json\/wp\/v2\/product\/645","targetHints":{"allow":["GET"]}}],"collection":[{"href":"https:\/\/onloi.com\/en\/wp-json\/wp\/v2\/product"}],"about":[{"href":"https:\/\/onloi.com\/en\/wp-json\/wp\/v2\/types\/product"}],"wp:featuredmedia":[{"embeddable":true,"href":"https:\/\/onloi.com\/en\/wp-json\/wp\/v2\/media\/649"}],"wp:attachment":[{"href":"https:\/\/onloi.com\/en\/wp-json\/wp\/v2\/media?parent=645"}],"wp:term":[{"taxonomy":"product_brand","embeddable":true,"href":"https:\/\/onloi.com\/en\/wp-json\/wp\/v2\/product_brand?post=645"},{"taxonomy":"product_cat","embeddable":true,"href":"https:\/\/onloi.com\/en\/wp-json\/wp\/v2\/product_cat?post=645"},{"taxonomy":"product_tag","embeddable":true,"href":"https:\/\/onloi.com\/en\/wp-json\/wp\/v2\/product_tag?post=645"}],"curies":[{"name":"wp","href":"https:\/\/api.w.org\/{rel}","templated":true}]}}