{"id":640,"date":"2025-08-22T11:37:50","date_gmt":"2025-08-22T08:37:50","guid":{"rendered":"https:\/\/onloi.medicomyazilim.com\/?post_type=product&#038;p=640"},"modified":"2026-01-23T10:43:36","modified_gmt":"2026-01-23T07:43:36","slug":"kart-okuyuculu-metal-dolap-kilidi-obg0322","status":"publish","type":"product","link":"https:\/\/onloi.com\/en\/product\/kart-okuyuculu-metal-dolap-kilidi-obg0322\/","title":{"rendered":"Metal Cabinet Lock with Card Reader"},"content":{"rendered":"<p>&nbsp;<\/p>\n<table class=\"spec-table\">\n<tbody>\n<tr>\n<th>Feature<\/th>\n<th>Description<\/th>\n<\/tr>\n<tr>\n<td>Lock Type<\/td>\n<td>Password, Card<\/td>\n<\/tr>\n<tr>\n<td>Color<\/td>\n<td>Silver<\/td>\n<\/tr>\n<tr>\n<td>Body Material<\/td>\n<td>Stainless Steel + ABS<\/td>\n<\/tr>\n<tr>\n<td>Operating Temperature<\/td>\n<td>-25\u00b0C ~ 65\u00b0C<\/td>\n<\/tr>\n<tr>\n<td>Modes of Use<\/td>\n<td>Public Mode \/ Private Mode<\/td>\n<\/tr>\n<tr>\n<td>Protection Mode<\/td>\n<td>3 Blocked for 60 Seconds for Incorrect Login<\/td>\n<\/tr>\n<tr>\n<td>Product Size<\/td>\n<td>115 x 42 x 13 mm<\/td>\n<\/tr>\n<tr>\n<td>Power Supply<\/td>\n<td>\u00a03 x AA Alkaline Battery<\/td>\n<\/tr>\n<tr>\n<td>Guarantee<\/td>\n<td>2 Years<\/td>\n<\/tr>\n<\/tbody>\n<\/table>\n\n    <div class=\"xs_social_share_widget xs_share_url after_content \t\tmain_content  wslu-style-1 wslu-share-box-shaped wslu-fill-colored wslu-none wslu-share-horizontal wslu-theme-font-no wslu-main_content\">\n\n\t\t\n        <ul>\n\t\t\t        <\/ul>\n    <\/div>","protected":false},"excerpt":{"rendered":"<div class=\"product-short-description\">\n<h4 class=\"psd-title\">Compact Combination Lock Panel<\/h4>\n<article class=\"text-token-text-primary w-full focus:outline-none [--shadow-height:45px] has-data-writing-block:pointer-events-none has-data-writing-block:-mt-(--shadow-height) has-data-writing-block:pt-(--shadow-height) [&amp;:has([data-writing-block])&gt;*]:pointer-events-auto scroll-mt-[calc(var(--header-height)+min(200px,max(70px,20svh)))]\" dir=\"auto\" tabindex=\"-1\" data-turn-id=\"request-WEB:9d3249ec-ebbc-4618-8a0c-b9c039057da8-4\" data-testid=\"conversation-turn-10\" data-scroll-anchor=\"true\" data-turn=\"assistant\">\n<div class=\"text-base my-auto mx-auto pb-10 [--thread-content-margin:--spacing(4)] @w-sm\/main:[--thread-content-margin:--spacing(6)] @w-lg\/main:[--thread-content-margin:--spacing(16)] px-(--thread-content-margin)\">\n<div class=\"[--thread-content-max-width:40rem] @w-lg\/main:[--thread-content-max-width:48rem] mx-auto max-w-(--thread-content-max-width) flex-1 group\/turn-messages focus-visible:outline-hidden relative flex w-full min-w-0 flex-col agent-turn\" tabindex=\"-1\">\n<div class=\"flex max-w-full flex-col grow\">\n<div class=\"min-h-8 text-message relative flex w-full flex-col items-end gap-2 text-start break-words whitespace-normal [.text-message+&amp;]:mt-1\" dir=\"auto\" data-message-author-role=\"assistant\" data-message-id=\"914764bf-5bb1-47ae-a96f-88371bcfcbbf\" data-message-model-slug=\"gpt-5-1\">\n<div class=\"flex w-full flex-col gap-1 empty:hidden first:pt-[1px]\">\n<div class=\"markdown prose dark:prose-invert w-full break-words light markdown-new-styling\">\n<ul data-start=\"49\" data-end=\"545\" data-is-last-node=\"\" data-is-only-node=\"\">\n<li data-start=\"49\" data-end=\"196\">\n<p data-start=\"51\" data-end=\"196\">This compact combination lock panel is a long-lasting and robust solution thanks to its design that is resistant to surface water and outdoor dirt.<\/p>\n<\/li>\n<li data-start=\"197\" data-end=\"318\">\n<p data-start=\"199\" data-end=\"318\">It adapts to different usage scenarios with single encryption high security mode and multi-user encryption.<\/p>\n<\/li>\n<li data-start=\"319\" data-end=\"456\">\n<p data-start=\"321\" data-end=\"456\">It is very easy to install and use; it is a practical solution for office cabinets, drawers, safety deposit boxes, dormitory and school lockers.<\/p>\n<\/li>\n<li data-start=\"457\" data-end=\"545\" data-is-last-node=\"\">\n<p data-start=\"459\" data-end=\"545\" data-is-last-node=\"\">It provides visual and auditory notification to the user thanks to LED and audible status indication.<\/p>\n<\/li>\n<\/ul>\n<\/div>\n<\/div>\n<\/div>\n<\/div>\n<\/div>\n<\/div>\n<\/article>\n<\/div>","protected":false},"featured_media":3289,"template":"","meta":{"postBodyCss":"","postBodyMargin":[],"postBodyPadding":[],"postBodyBackground":{"backgroundType":"classic","gradient":""}},"product_brand":[],"product_cat":[26,32,34],"product_tag":[],"class_list":{"0":"post-640","1":"product","2":"type-product","3":"status-publish","4":"has-post-thumbnail","6":"product_cat-onloi-akilli-teknoloji-urunleri","7":"product_cat-elektronik-dolap-kilitleri","8":"product_cat-metal-dolap-kilitleri","10":"first","11":"instock","12":"shipping-taxable","13":"product-type-simple"},"yoast_head":"<!-- This site is optimized with the Yoast SEO plugin v26.6 - https:\/\/yoast.com\/wordpress\/plugins\/seo\/ -->\n<title>Kart Okuyuculu Dolap Kilidi | Metal G\u00f6vde G\u00fcvenli Sistem | ONLOI<\/title>\n<meta name=\"description\" content=\"Kart okuyuculu metal dolap kilidi ile Onloi g\u00fcvenli\u011fini g\u00fc\u00e7lendirin. H\u0131zl\u0131 ve g\u00fcvenli eri\u015fim i\u00e7in ideal \u00e7\u00f6z\u00fcm.\" \/>\n<meta name=\"robots\" content=\"index, follow, max-snippet:-1, max-image-preview:large, max-video-preview:-1\" \/>\n<link rel=\"canonical\" href=\"https:\/\/onloi.com\/en\/product\/kart-okuyuculu-metal-dolap-kilidi-obg0322\/\" \/>\n<meta property=\"og:locale\" content=\"en_US\" \/>\n<meta property=\"og:type\" content=\"article\" \/>\n<meta property=\"og:title\" content=\"Kart Okuyuculu Dolap Kilidi | Metal G\u00f6vde G\u00fcvenli Sistem | ONLOI\" \/>\n<meta property=\"og:description\" content=\"Kart okuyuculu metal dolap kilidi ile Onloi g\u00fcvenli\u011fini g\u00fc\u00e7lendirin. H\u0131zl\u0131 ve g\u00fcvenli eri\u015fim i\u00e7in ideal \u00e7\u00f6z\u00fcm.\" \/>\n<meta property=\"og:url\" content=\"https:\/\/onloi.com\/en\/product\/kart-okuyuculu-metal-dolap-kilidi-obg0322\/\" \/>\n<meta property=\"og:site_name\" content=\"Onloi\" \/>\n<meta property=\"article:modified_time\" content=\"2026-01-23T07:43:36+00:00\" \/>\n<meta property=\"og:image\" content=\"https:\/\/onloi.com\/wp-content\/uploads\/2025\/08\/obg0322.png\" \/>\n\t<meta property=\"og:image:width\" content=\"1000\" \/>\n\t<meta property=\"og:image:height\" content=\"1000\" \/>\n\t<meta property=\"og:image:type\" content=\"image\/png\" \/>\n<meta name=\"twitter:card\" content=\"summary_large_image\" \/>\n<meta name=\"twitter:label1\" content=\"Est. reading time\" \/>\n\t<meta name=\"twitter:data1\" content=\"1 minute\" \/>\n<script type=\"application\/ld+json\" class=\"yoast-schema-graph\">{\"@context\":\"https:\/\/schema.org\",\"@graph\":[{\"@type\":\"WebPage\",\"@id\":\"https:\/\/onloi.com\/urun\/kart-okuyuculu-metal-dolap-kilidi-obg0322\/\",\"url\":\"https:\/\/onloi.com\/urun\/kart-okuyuculu-metal-dolap-kilidi-obg0322\/\",\"name\":\"Kart Okuyuculu Dolap Kilidi | Metal G\u00f6vde G\u00fcvenli Sistem | ONLOI\",\"isPartOf\":{\"@id\":\"https:\/\/onloi.com\/#website\"},\"primaryImageOfPage\":{\"@id\":\"https:\/\/onloi.com\/urun\/kart-okuyuculu-metal-dolap-kilidi-obg0322\/#primaryimage\"},\"image\":{\"@id\":\"https:\/\/onloi.com\/urun\/kart-okuyuculu-metal-dolap-kilidi-obg0322\/#primaryimage\"},\"thumbnailUrl\":\"https:\/\/onloi.com\/wp-content\/uploads\/2025\/08\/obg0322.png\",\"datePublished\":\"2025-08-22T08:37:50+00:00\",\"dateModified\":\"2026-01-23T07:43:36+00:00\",\"description\":\"Kart okuyuculu metal dolap kilidi ile Onloi g\u00fcvenli\u011fini g\u00fc\u00e7lendirin. H\u0131zl\u0131 ve g\u00fcvenli eri\u015fim i\u00e7in ideal \u00e7\u00f6z\u00fcm.\",\"breadcrumb\":{\"@id\":\"https:\/\/onloi.com\/urun\/kart-okuyuculu-metal-dolap-kilidi-obg0322\/#breadcrumb\"},\"inLanguage\":\"en-US\",\"potentialAction\":[{\"@type\":\"ReadAction\",\"target\":[\"https:\/\/onloi.com\/urun\/kart-okuyuculu-metal-dolap-kilidi-obg0322\/\"]}]},{\"@type\":\"ImageObject\",\"inLanguage\":\"en-US\",\"@id\":\"https:\/\/onloi.com\/urun\/kart-okuyuculu-metal-dolap-kilidi-obg0322\/#primaryimage\",\"url\":\"https:\/\/onloi.com\/wp-content\/uploads\/2025\/08\/obg0322.png\",\"contentUrl\":\"https:\/\/onloi.com\/wp-content\/uploads\/2025\/08\/obg0322.png\",\"width\":1000,\"height\":1000},{\"@type\":\"BreadcrumbList\",\"@id\":\"https:\/\/onloi.com\/urun\/kart-okuyuculu-metal-dolap-kilidi-obg0322\/#breadcrumb\",\"itemListElement\":[{\"@type\":\"ListItem\",\"position\":1,\"name\":\"Anasayfa\",\"item\":\"https:\/\/onloi.com\/\"},{\"@type\":\"ListItem\",\"position\":2,\"name\":\"Ma\u011faza\",\"item\":\"https:\/\/onloi.com\/magaza\/\"},{\"@type\":\"ListItem\",\"position\":3,\"name\":\"Kart Okuyuculu Metal Dolap Kilidi\"}]},{\"@type\":\"WebSite\",\"@id\":\"https:\/\/onloi.com\/#website\",\"url\":\"https:\/\/onloi.com\/\",\"name\":\"Onloi\",\"description\":\"Onloi ile Ak\u0131ll\u0131 Ya\u015fam\u0131n Kilidini A\u00e7\u0131n\",\"potentialAction\":[{\"@type\":\"SearchAction\",\"target\":{\"@type\":\"EntryPoint\",\"urlTemplate\":\"https:\/\/onloi.com\/?s={search_term_string}\"},\"query-input\":{\"@type\":\"PropertyValueSpecification\",\"valueRequired\":true,\"valueName\":\"search_term_string\"}}],\"inLanguage\":\"en-US\"}]}<\/script>\n<!-- \/ Yoast SEO plugin. -->","yoast_head_json":{"title":"Kart Okuyuculu Dolap Kilidi | Metal G\u00f6vde G\u00fcvenli Sistem | ONLOI","description":"Kart okuyuculu metal dolap kilidi ile Onloi g\u00fcvenli\u011fini g\u00fc\u00e7lendirin. H\u0131zl\u0131 ve g\u00fcvenli eri\u015fim i\u00e7in ideal \u00e7\u00f6z\u00fcm.","robots":{"index":"index","follow":"follow","max-snippet":"max-snippet:-1","max-image-preview":"max-image-preview:large","max-video-preview":"max-video-preview:-1"},"canonical":"https:\/\/onloi.com\/en\/product\/kart-okuyuculu-metal-dolap-kilidi-obg0322\/","og_locale":"en_US","og_type":"article","og_title":"Kart Okuyuculu Dolap Kilidi | Metal G\u00f6vde G\u00fcvenli Sistem | ONLOI","og_description":"Kart okuyuculu metal dolap kilidi ile Onloi g\u00fcvenli\u011fini g\u00fc\u00e7lendirin. H\u0131zl\u0131 ve g\u00fcvenli eri\u015fim i\u00e7in ideal \u00e7\u00f6z\u00fcm.","og_url":"https:\/\/onloi.com\/en\/product\/kart-okuyuculu-metal-dolap-kilidi-obg0322\/","og_site_name":"Onloi","article_modified_time":"2026-01-23T07:43:36+00:00","og_image":[{"width":1000,"height":1000,"url":"https:\/\/onloi.com\/wp-content\/uploads\/2025\/08\/obg0322.png","type":"image\/png"}],"twitter_card":"summary_large_image","twitter_misc":{"Est. reading time":"1 minute"},"schema":{"@context":"https:\/\/schema.org","@graph":[{"@type":"WebPage","@id":"https:\/\/onloi.com\/urun\/kart-okuyuculu-metal-dolap-kilidi-obg0322\/","url":"https:\/\/onloi.com\/urun\/kart-okuyuculu-metal-dolap-kilidi-obg0322\/","name":"Kart Okuyuculu Dolap Kilidi | Metal G\u00f6vde G\u00fcvenli Sistem | ONLOI","isPartOf":{"@id":"https:\/\/onloi.com\/#website"},"primaryImageOfPage":{"@id":"https:\/\/onloi.com\/urun\/kart-okuyuculu-metal-dolap-kilidi-obg0322\/#primaryimage"},"image":{"@id":"https:\/\/onloi.com\/urun\/kart-okuyuculu-metal-dolap-kilidi-obg0322\/#primaryimage"},"thumbnailUrl":"https:\/\/onloi.com\/wp-content\/uploads\/2025\/08\/obg0322.png","datePublished":"2025-08-22T08:37:50+00:00","dateModified":"2026-01-23T07:43:36+00:00","description":"Kart okuyuculu metal dolap kilidi ile Onloi g\u00fcvenli\u011fini g\u00fc\u00e7lendirin. H\u0131zl\u0131 ve g\u00fcvenli eri\u015fim i\u00e7in ideal \u00e7\u00f6z\u00fcm.","breadcrumb":{"@id":"https:\/\/onloi.com\/urun\/kart-okuyuculu-metal-dolap-kilidi-obg0322\/#breadcrumb"},"inLanguage":"en-US","potentialAction":[{"@type":"ReadAction","target":["https:\/\/onloi.com\/urun\/kart-okuyuculu-metal-dolap-kilidi-obg0322\/"]}]},{"@type":"ImageObject","inLanguage":"en-US","@id":"https:\/\/onloi.com\/urun\/kart-okuyuculu-metal-dolap-kilidi-obg0322\/#primaryimage","url":"https:\/\/onloi.com\/wp-content\/uploads\/2025\/08\/obg0322.png","contentUrl":"https:\/\/onloi.com\/wp-content\/uploads\/2025\/08\/obg0322.png","width":1000,"height":1000},{"@type":"BreadcrumbList","@id":"https:\/\/onloi.com\/urun\/kart-okuyuculu-metal-dolap-kilidi-obg0322\/#breadcrumb","itemListElement":[{"@type":"ListItem","position":1,"name":"Anasayfa","item":"https:\/\/onloi.com\/"},{"@type":"ListItem","position":2,"name":"Ma\u011faza","item":"https:\/\/onloi.com\/magaza\/"},{"@type":"ListItem","position":3,"name":"Kart Okuyuculu Metal Dolap Kilidi"}]},{"@type":"WebSite","@id":"https:\/\/onloi.com\/#website","url":"https:\/\/onloi.com\/","name":"Onloi","description":"Unlock Smart Living with Onloi","potentialAction":[{"@type":"SearchAction","target":{"@type":"EntryPoint","urlTemplate":"https:\/\/onloi.com\/?s={search_term_string}"},"query-input":{"@type":"PropertyValueSpecification","valueRequired":true,"valueName":"search_term_string"}}],"inLanguage":"en-US"}]}},"_links":{"self":[{"href":"https:\/\/onloi.com\/en\/wp-json\/wp\/v2\/product\/640","targetHints":{"allow":["GET"]}}],"collection":[{"href":"https:\/\/onloi.com\/en\/wp-json\/wp\/v2\/product"}],"about":[{"href":"https:\/\/onloi.com\/en\/wp-json\/wp\/v2\/types\/product"}],"wp:featuredmedia":[{"embeddable":true,"href":"https:\/\/onloi.com\/en\/wp-json\/wp\/v2\/media\/3289"}],"wp:attachment":[{"href":"https:\/\/onloi.com\/en\/wp-json\/wp\/v2\/media?parent=640"}],"wp:term":[{"taxonomy":"product_brand","embeddable":true,"href":"https:\/\/onloi.com\/en\/wp-json\/wp\/v2\/product_brand?post=640"},{"taxonomy":"product_cat","embeddable":true,"href":"https:\/\/onloi.com\/en\/wp-json\/wp\/v2\/product_cat?post=640"},{"taxonomy":"product_tag","embeddable":true,"href":"https:\/\/onloi.com\/en\/wp-json\/wp\/v2\/product_tag?post=640"}],"curies":[{"name":"wp","href":"https:\/\/api.w.org\/{rel}","templated":true}]}}