{"id":616,"date":"2025-08-22T11:22:33","date_gmt":"2025-08-22T08:22:33","guid":{"rendered":"https:\/\/onloi.medicomyazilim.com\/?post_type=product&#038;p=616"},"modified":"2026-03-17T10:10:00","modified_gmt":"2026-03-17T07:10:00","slug":"akilli-kapi-kilidi-uzun-gobek-obg0286","status":"publish","type":"product","link":"https:\/\/onloi.com\/en\/product\/akilli-kapi-kilidi-uzun-gobek-obg0286\/","title":{"rendered":"Smart Door Lock (Long Core)"},"content":{"rendered":"<p>&nbsp;<\/p>\n<table class=\"spec-table\">\n<tbody>\n<tr>\n<th>Feature<\/th>\n<th>Description<\/th>\n<\/tr>\n<tr>\n<td>Mobile Application<\/td>\n<td>Tuya Smart<\/td>\n<\/tr>\n<tr>\n<td>Opening Methods<\/td>\n<td>Fingerprint + Password + Card + Mobile App + Card<\/td>\n<\/tr>\n<tr>\n<td>Password Length<\/td>\n<td>6 households<\/td>\n<\/tr>\n<tr>\n<td>Operating Temperature<\/td>\n<td>-20\u00b0C ~ 60\u00b0C<\/td>\n<\/tr>\n<tr>\n<td>Power Input<\/td>\n<td>DC 4xAA Battery<\/td>\n<\/tr>\n<tr>\n<td>Product Size<\/td>\n<td>330 x 70 x 24 mm<\/td>\n<\/tr>\n<tr>\n<td>Number of Users<\/td>\n<td>Fingerprint- 50 Card- 100 Password- 100<\/td>\n<\/tr>\n<tr>\n<td>Material<\/td>\n<td>Aluminum<\/td>\n<\/tr>\n<tr>\n<td>Guarantee<\/td>\n<td>2 Years<\/td>\n<\/tr>\n<\/tbody>\n<\/table>\n\n    <div class=\"xs_social_share_widget xs_share_url after_content \t\tmain_content  wslu-style-1 wslu-share-box-shaped wslu-fill-colored wslu-none wslu-share-horizontal wslu-theme-font-no wslu-main_content\">\n\n\t\t\n        <ul>\n\t\t\t        <\/ul>\n    <\/div>","protected":false},"excerpt":{"rendered":"<div class=\"product-short-description\">\n<h4 class=\"psd-title\">Intelligent Access Control - Aesthetic Design<\/h4>\n<article class=\"text-token-text-primary w-full focus:outline-none [--shadow-height:45px] has-data-writing-block:pointer-events-none has-data-writing-block:-mt-(--shadow-height) has-data-writing-block:pt-(--shadow-height) [&amp;:has([data-writing-block])&gt;*]:pointer-events-auto scroll-mt-[calc(var(--header-height)+min(200px,max(70px,20svh)))]\" dir=\"auto\" tabindex=\"-1\" data-turn-id=\"request-WEB:866cf3ba-d702-405b-8ba9-a936f07a540d-5\" data-testid=\"conversation-turn-12\" data-scroll-anchor=\"true\" data-turn=\"assistant\">\n<div class=\"text-base my-auto mx-auto pb-10 [--thread-content-margin:--spacing(4)] @w-sm\/main:[--thread-content-margin:--spacing(6)] @w-lg\/main:[--thread-content-margin:--spacing(16)] px-(--thread-content-margin)\">\n<div class=\"[--thread-content-max-width:40rem] @w-lg\/main:[--thread-content-max-width:48rem] mx-auto max-w-(--thread-content-max-width) flex-1 group\/turn-messages focus-visible:outline-hidden relative flex w-full min-w-0 flex-col agent-turn\" tabindex=\"-1\">\n<div class=\"flex max-w-full flex-col grow\">\n<div class=\"min-h-8 text-message relative flex w-full flex-col items-end gap-2 text-start break-words whitespace-normal [.text-message+&amp;]:mt-1\" dir=\"auto\" data-message-author-role=\"assistant\" data-message-id=\"2170ed91-3abd-40e0-9961-e16e128a71cc\" data-message-model-slug=\"gpt-5-1\">\n<div class=\"flex w-full flex-col gap-1 empty:hidden first:pt-[1px]\">\n<div class=\"markdown prose dark:prose-invert w-full break-words light markdown-new-styling\">\n<ul data-start=\"0\" data-end=\"454\" data-is-last-node=\"\" data-is-only-node=\"\">\n<li data-start=\"0\" data-end=\"74\">\n<p data-start=\"2\" data-end=\"74\">It gives your doors a stylish look with its slim and unique design.<\/p>\n<\/li>\n<li data-start=\"75\" data-end=\"158\">\n<p data-start=\"77\" data-end=\"158\">Its smart sensor recognizes your finger and enables quick one-touch entry.<\/p>\n<\/li>\n<li data-start=\"159\" data-end=\"214\">\n<p data-start=\"161\" data-end=\"214\">You can also log in easily by setting a password.<\/p>\n<\/li>\n<li data-start=\"215\" data-end=\"308\">\n<p data-start=\"217\" data-end=\"308\">With app support, you can open your door remotely from anywhere, anytime.<\/p>\n<\/li>\n<li data-start=\"309\" data-end=\"369\">\n<p data-start=\"311\" data-end=\"369\">It warns the user by alarming in case of low voltage.<\/p>\n<\/li>\n<li data-start=\"370\" data-end=\"454\" data-is-last-node=\"\">\n<p data-start=\"372\" data-end=\"454\" data-is-last-node=\"\"><strong data-start=\"372\" data-end=\"389\" data-is-only-node=\"\">6068 inner lock<\/strong> and this interior lock enhances compatibility with steel doors.<\/p>\n<\/li>\n<\/ul>\n<\/div>\n<\/div>\n<\/div>\n<\/div>\n<\/div>\n<\/div>\n<\/article>\n<\/div>","protected":false},"featured_media":618,"template":"","meta":{"postBodyCss":"","postBodyMargin":[],"postBodyPadding":[],"postBodyBackground":{"backgroundType":"classic","gradient":""}},"product_brand":[],"product_cat":[26,27,28],"product_tag":[],"class_list":{"0":"post-616","1":"product","2":"type-product","3":"status-publish","4":"has-post-thumbnail","6":"product_cat-onloi-akilli-teknoloji-urunleri","7":"product_cat-akilli-kapi-kilitleri","8":"product_cat-dis-kapi-kilitleri","10":"first","11":"instock","12":"shipping-taxable","13":"product-type-simple"},"yoast_head":"<!-- This site is optimized with the Yoast SEO plugin v26.6 - https:\/\/yoast.com\/wordpress\/plugins\/seo\/ -->\n<title>Ak\u0131ll\u0131 Kilit | Uzun G\u00f6bek Uyumlu Kap\u0131 Kilidi | ONLOI<\/title>\n<meta name=\"description\" content=\"Uzun g\u00f6bekli ak\u0131ll\u0131 kap\u0131 kilidi ile Onloi sistemlerinde g\u00fcvenli\u011fi y\u00fckseltin. Ev ve i\u015f yerinde kolay kullan\u0131m.\" \/>\n<meta name=\"robots\" content=\"index, follow, max-snippet:-1, max-image-preview:large, max-video-preview:-1\" \/>\n<link rel=\"canonical\" href=\"https:\/\/onloi.com\/en\/product\/akilli-kapi-kilidi-uzun-gobek-obg0286\/\" \/>\n<meta property=\"og:locale\" content=\"en_US\" \/>\n<meta property=\"og:type\" content=\"article\" \/>\n<meta property=\"og:title\" content=\"Ak\u0131ll\u0131 Kilit | Uzun G\u00f6bek Uyumlu Kap\u0131 Kilidi | ONLOI\" \/>\n<meta property=\"og:description\" content=\"Uzun g\u00f6bekli ak\u0131ll\u0131 kap\u0131 kilidi ile Onloi sistemlerinde g\u00fcvenli\u011fi y\u00fckseltin. Ev ve i\u015f yerinde kolay kullan\u0131m.\" \/>\n<meta property=\"og:url\" content=\"https:\/\/onloi.com\/en\/product\/akilli-kapi-kilidi-uzun-gobek-obg0286\/\" \/>\n<meta property=\"og:site_name\" content=\"Onloi\" \/>\n<meta property=\"article:modified_time\" content=\"2026-03-17T07:10:00+00:00\" \/>\n<meta property=\"og:image\" content=\"https:\/\/onloi.com\/wp-content\/uploads\/2025\/08\/product5-1.webp\" \/>\n\t<meta property=\"og:image:width\" content=\"480\" \/>\n\t<meta property=\"og:image:height\" content=\"480\" \/>\n\t<meta property=\"og:image:type\" content=\"image\/webp\" \/>\n<meta name=\"twitter:card\" content=\"summary_large_image\" \/>\n<meta name=\"twitter:label1\" content=\"Est. reading time\" \/>\n\t<meta name=\"twitter:data1\" content=\"1 minute\" \/>\n<script type=\"application\/ld+json\" class=\"yoast-schema-graph\">{\"@context\":\"https:\/\/schema.org\",\"@graph\":[{\"@type\":\"WebPage\",\"@id\":\"https:\/\/onloi.com\/urun\/akilli-kapi-kilidi-uzun-gobek-obg0286\/\",\"url\":\"https:\/\/onloi.com\/urun\/akilli-kapi-kilidi-uzun-gobek-obg0286\/\",\"name\":\"Ak\u0131ll\u0131 Kilit | Uzun G\u00f6bek Uyumlu Kap\u0131 Kilidi | ONLOI\",\"isPartOf\":{\"@id\":\"https:\/\/onloi.com\/#website\"},\"primaryImageOfPage\":{\"@id\":\"https:\/\/onloi.com\/urun\/akilli-kapi-kilidi-uzun-gobek-obg0286\/#primaryimage\"},\"image\":{\"@id\":\"https:\/\/onloi.com\/urun\/akilli-kapi-kilidi-uzun-gobek-obg0286\/#primaryimage\"},\"thumbnailUrl\":\"https:\/\/onloi.com\/wp-content\/uploads\/2025\/08\/product5-1.webp\",\"datePublished\":\"2025-08-22T08:22:33+00:00\",\"dateModified\":\"2026-03-17T07:10:00+00:00\",\"description\":\"Uzun g\u00f6bekli ak\u0131ll\u0131 kap\u0131 kilidi ile Onloi sistemlerinde g\u00fcvenli\u011fi y\u00fckseltin. Ev ve i\u015f yerinde kolay kullan\u0131m.\",\"breadcrumb\":{\"@id\":\"https:\/\/onloi.com\/urun\/akilli-kapi-kilidi-uzun-gobek-obg0286\/#breadcrumb\"},\"inLanguage\":\"en-US\",\"potentialAction\":[{\"@type\":\"ReadAction\",\"target\":[\"https:\/\/onloi.com\/urun\/akilli-kapi-kilidi-uzun-gobek-obg0286\/\"]}]},{\"@type\":\"ImageObject\",\"inLanguage\":\"en-US\",\"@id\":\"https:\/\/onloi.com\/urun\/akilli-kapi-kilidi-uzun-gobek-obg0286\/#primaryimage\",\"url\":\"https:\/\/onloi.com\/wp-content\/uploads\/2025\/08\/product5-1.webp\",\"contentUrl\":\"https:\/\/onloi.com\/wp-content\/uploads\/2025\/08\/product5-1.webp\",\"width\":480,\"height\":480},{\"@type\":\"BreadcrumbList\",\"@id\":\"https:\/\/onloi.com\/urun\/akilli-kapi-kilidi-uzun-gobek-obg0286\/#breadcrumb\",\"itemListElement\":[{\"@type\":\"ListItem\",\"position\":1,\"name\":\"Anasayfa\",\"item\":\"https:\/\/onloi.com\/\"},{\"@type\":\"ListItem\",\"position\":2,\"name\":\"Ma\u011faza\",\"item\":\"https:\/\/onloi.com\/magaza\/\"},{\"@type\":\"ListItem\",\"position\":3,\"name\":\"Ak\u0131ll\u0131 Kap\u0131 Kilidi (Uzun G\u00f6bek)\"}]},{\"@type\":\"WebSite\",\"@id\":\"https:\/\/onloi.com\/#website\",\"url\":\"https:\/\/onloi.com\/\",\"name\":\"Onloi\",\"description\":\"Onloi ile Ak\u0131ll\u0131 Ya\u015fam\u0131n Kilidini A\u00e7\u0131n\",\"potentialAction\":[{\"@type\":\"SearchAction\",\"target\":{\"@type\":\"EntryPoint\",\"urlTemplate\":\"https:\/\/onloi.com\/?s={search_term_string}\"},\"query-input\":{\"@type\":\"PropertyValueSpecification\",\"valueRequired\":true,\"valueName\":\"search_term_string\"}}],\"inLanguage\":\"en-US\"}]}<\/script>\n<!-- \/ Yoast SEO plugin. -->","yoast_head_json":{"title":"Ak\u0131ll\u0131 Kilit | Uzun G\u00f6bek Uyumlu Kap\u0131 Kilidi | ONLOI","description":"Uzun g\u00f6bekli ak\u0131ll\u0131 kap\u0131 kilidi ile Onloi sistemlerinde g\u00fcvenli\u011fi y\u00fckseltin. Ev ve i\u015f yerinde kolay kullan\u0131m.","robots":{"index":"index","follow":"follow","max-snippet":"max-snippet:-1","max-image-preview":"max-image-preview:large","max-video-preview":"max-video-preview:-1"},"canonical":"https:\/\/onloi.com\/en\/product\/akilli-kapi-kilidi-uzun-gobek-obg0286\/","og_locale":"en_US","og_type":"article","og_title":"Ak\u0131ll\u0131 Kilit | Uzun G\u00f6bek Uyumlu Kap\u0131 Kilidi | ONLOI","og_description":"Uzun g\u00f6bekli ak\u0131ll\u0131 kap\u0131 kilidi ile Onloi sistemlerinde g\u00fcvenli\u011fi y\u00fckseltin. Ev ve i\u015f yerinde kolay kullan\u0131m.","og_url":"https:\/\/onloi.com\/en\/product\/akilli-kapi-kilidi-uzun-gobek-obg0286\/","og_site_name":"Onloi","article_modified_time":"2026-03-17T07:10:00+00:00","og_image":[{"width":480,"height":480,"url":"https:\/\/onloi.com\/wp-content\/uploads\/2025\/08\/product5-1.webp","type":"image\/webp"}],"twitter_card":"summary_large_image","twitter_misc":{"Est. reading time":"1 minute"},"schema":{"@context":"https:\/\/schema.org","@graph":[{"@type":"WebPage","@id":"https:\/\/onloi.com\/urun\/akilli-kapi-kilidi-uzun-gobek-obg0286\/","url":"https:\/\/onloi.com\/urun\/akilli-kapi-kilidi-uzun-gobek-obg0286\/","name":"Ak\u0131ll\u0131 Kilit | Uzun G\u00f6bek Uyumlu Kap\u0131 Kilidi | ONLOI","isPartOf":{"@id":"https:\/\/onloi.com\/#website"},"primaryImageOfPage":{"@id":"https:\/\/onloi.com\/urun\/akilli-kapi-kilidi-uzun-gobek-obg0286\/#primaryimage"},"image":{"@id":"https:\/\/onloi.com\/urun\/akilli-kapi-kilidi-uzun-gobek-obg0286\/#primaryimage"},"thumbnailUrl":"https:\/\/onloi.com\/wp-content\/uploads\/2025\/08\/product5-1.webp","datePublished":"2025-08-22T08:22:33+00:00","dateModified":"2026-03-17T07:10:00+00:00","description":"Uzun g\u00f6bekli ak\u0131ll\u0131 kap\u0131 kilidi ile Onloi sistemlerinde g\u00fcvenli\u011fi y\u00fckseltin. Ev ve i\u015f yerinde kolay kullan\u0131m.","breadcrumb":{"@id":"https:\/\/onloi.com\/urun\/akilli-kapi-kilidi-uzun-gobek-obg0286\/#breadcrumb"},"inLanguage":"en-US","potentialAction":[{"@type":"ReadAction","target":["https:\/\/onloi.com\/urun\/akilli-kapi-kilidi-uzun-gobek-obg0286\/"]}]},{"@type":"ImageObject","inLanguage":"en-US","@id":"https:\/\/onloi.com\/urun\/akilli-kapi-kilidi-uzun-gobek-obg0286\/#primaryimage","url":"https:\/\/onloi.com\/wp-content\/uploads\/2025\/08\/product5-1.webp","contentUrl":"https:\/\/onloi.com\/wp-content\/uploads\/2025\/08\/product5-1.webp","width":480,"height":480},{"@type":"BreadcrumbList","@id":"https:\/\/onloi.com\/urun\/akilli-kapi-kilidi-uzun-gobek-obg0286\/#breadcrumb","itemListElement":[{"@type":"ListItem","position":1,"name":"Anasayfa","item":"https:\/\/onloi.com\/"},{"@type":"ListItem","position":2,"name":"Ma\u011faza","item":"https:\/\/onloi.com\/magaza\/"},{"@type":"ListItem","position":3,"name":"Ak\u0131ll\u0131 Kap\u0131 Kilidi (Uzun G\u00f6bek)"}]},{"@type":"WebSite","@id":"https:\/\/onloi.com\/#website","url":"https:\/\/onloi.com\/","name":"Onloi","description":"Unlock Smart Living with Onloi","potentialAction":[{"@type":"SearchAction","target":{"@type":"EntryPoint","urlTemplate":"https:\/\/onloi.com\/?s={search_term_string}"},"query-input":{"@type":"PropertyValueSpecification","valueRequired":true,"valueName":"search_term_string"}}],"inLanguage":"en-US"}]}},"_links":{"self":[{"href":"https:\/\/onloi.com\/en\/wp-json\/wp\/v2\/product\/616","targetHints":{"allow":["GET"]}}],"collection":[{"href":"https:\/\/onloi.com\/en\/wp-json\/wp\/v2\/product"}],"about":[{"href":"https:\/\/onloi.com\/en\/wp-json\/wp\/v2\/types\/product"}],"wp:featuredmedia":[{"embeddable":true,"href":"https:\/\/onloi.com\/en\/wp-json\/wp\/v2\/media\/618"}],"wp:attachment":[{"href":"https:\/\/onloi.com\/en\/wp-json\/wp\/v2\/media?parent=616"}],"wp:term":[{"taxonomy":"product_brand","embeddable":true,"href":"https:\/\/onloi.com\/en\/wp-json\/wp\/v2\/product_brand?post=616"},{"taxonomy":"product_cat","embeddable":true,"href":"https:\/\/onloi.com\/en\/wp-json\/wp\/v2\/product_cat?post=616"},{"taxonomy":"product_tag","embeddable":true,"href":"https:\/\/onloi.com\/en\/wp-json\/wp\/v2\/product_tag?post=616"}],"curies":[{"name":"wp","href":"https:\/\/api.w.org\/{rel}","templated":true}]}}