{"id":606,"date":"2025-08-22T11:15:11","date_gmt":"2025-08-22T08:15:11","guid":{"rendered":"https:\/\/onloi.medicomyazilim.com\/?post_type=product&#038;p=606"},"modified":"2026-02-11T11:24:32","modified_gmt":"2026-02-11T08:24:32","slug":"yuz-tanimlama-ozellikli-akilli-kapi-kilidi-ok0320","status":"publish","type":"product","link":"https:\/\/onloi.com\/en\/product\/yuz-tanimlama-ozellikli-akilli-kapi-kilidi-ok0320\/","title":{"rendered":"Smart Door Lock with Face Recognition"},"content":{"rendered":"<p>&nbsp;<\/p>\n<h3 class=\"\">Technical Specifications<\/h3>\n<table class=\"spec-table\">\n<tbody>\n<tr>\n<th>Feature<\/th>\n<th>Description<\/th>\n<\/tr>\n<tr>\n<td>Material<\/td>\n<td>Aluminum + Abs<\/td>\n<\/tr>\n<tr>\n<td>User Capacity<\/td>\n<td>Card - 100 pieces<br \/>\nPassword -100 pieces<br style=\"background-color: #f9fafb;\" \/>Fingerprint and palm scan - 50<br \/>\n(250 records in total)<\/td>\n<\/tr>\n<tr>\n<td>Mobile Application<\/td>\n<td>Tuya Smart<\/td>\n<\/tr>\n<tr>\n<td>Opening Methods<\/td>\n<td>Face ID,+ Mobile App + Fingerprint + Fingerprint + Password + Card + Key + Palm scan<\/td>\n<\/tr>\n<tr>\n<td>Emergency Power Input<\/td>\n<td>5V1A Type-C USB &#8211; Manuel Anahtar<\/td>\n<\/tr>\n<tr>\n<td>Battery<\/td>\n<td>Built-in Battery 4200mAh 7.0V-8.4V *Low Voltage Alarm 6.8V<\/td>\n<\/tr>\n<tr>\n<td>Operating Temperature<\/td>\n<td>-25\u00b0C ~ 70\u00b0C<\/td>\n<\/tr>\n<tr>\n<td>Door Thickness<\/td>\n<td>40 &#8211; 120mm<\/td>\n<\/tr>\n<tr>\n<td>Product Size<\/td>\n<td>430mm x 70mm<\/td>\n<\/tr>\n<tr>\n<td>Guarantee<\/td>\n<td>2 Years<\/td>\n<\/tr>\n<tr>\n<td>Language Option<\/td>\n<td>Turkish - English<\/td>\n<\/tr>\n<\/tbody>\n<\/table>\n\n    <div class=\"xs_social_share_widget xs_share_url after_content \t\tmain_content  wslu-style-1 wslu-share-box-shaped wslu-fill-colored wslu-none wslu-share-horizontal wslu-theme-font-no wslu-main_content\">\n\n\t\t\n        <ul>\n\t\t\t        <\/ul>\n    <\/div>","protected":false},"excerpt":{"rendered":"<p><span style=\"color: #000000; font-size: 14px;\">THE SAFETY AND COMFORT OF YOUR HOME STARTS AT YOUR DOOR<\/span><\/p>\n<div class=\"content-wrapper\">\n<ul>\n<li>OK0320, which you can use on your steel doors, offers you the opportunity to increase the security of your home with a comfortable experience.<\/li>\n<li>Face recognition, palm scan, password, fingerprint and mobile app (Tuya) as well as the usual mechanical a<span style=\"font-size: 14px; font-weight: 400;\">also reserves the key option for you.<\/span><\/li>\n<li style=\"border-color: #e4e4e7;\">In addition, in case of low voltage, it warns you in advance by giving you both an audible alarm and a notification from the mobile application.<\/li>\n<li style=\"border-color: #e4e4e7;\">In case the battery runs out of energy; you can provide external energy via Type-C USB. In addition, input can be realized with a mechanical switch.<\/li>\n<li>* There is a 6068 inner lock in the product box and this lock must be used.<\/li>\n<li data-pm-slice=\"1 1 []\">Products require technical knowledge. In case of faulty \/ incorrect product orders, please contact us in order to avoid any mishaps during the return process.<\/li>\n<\/ul>\n<p data-pm-slice=\"1 1 []\"><span style=\"color: #000000; font-family: Arial, sans-serif; font-size: 14px; font-style: normal; font-variant-ligatures: normal; font-variant-caps: normal; font-weight: 400;\">\u00a0<\/span><\/p>\n<p data-pm-slice=\"1 1 []\">\n<\/div>","protected":false},"featured_media":3294,"template":"","meta":{"postBodyCss":"","postBodyMargin":[],"postBodyPadding":[],"postBodyBackground":{"backgroundType":"classic","gradient":""}},"product_brand":[],"product_cat":[26,27,28],"product_tag":[],"class_list":{"0":"post-606","1":"product","2":"type-product","3":"status-publish","4":"has-post-thumbnail","6":"product_cat-onloi-akilli-teknoloji-urunleri","7":"product_cat-akilli-kapi-kilitleri","8":"product_cat-dis-kapi-kilitleri","10":"first","11":"outofstock","12":"shipping-taxable","13":"product-type-simple"},"yoast_head":"<!-- This site is optimized with the Yoast SEO plugin v26.6 - https:\/\/yoast.com\/wordpress\/plugins\/seo\/ -->\n<title>Y\u00fcz Tan\u0131mlama \u00d6zellikli Ak\u0131ll\u0131 Kap\u0131 Kilidi | ONLOI<\/title>\n<meta name=\"description\" content=\"Y\u00fcz tan\u0131ma \u00f6zellikli ak\u0131ll\u0131 kap\u0131 kilidi ile Onloi g\u00fcvenli\u011fini art\u0131r\u0131n. Temass\u0131z, h\u0131zl\u0131 ve y\u00fcksek g\u00fcvenlikli giri\u015f deneyimi sunar.\" \/>\n<meta name=\"robots\" content=\"index, follow, max-snippet:-1, max-image-preview:large, max-video-preview:-1\" \/>\n<link rel=\"canonical\" href=\"https:\/\/onloi.com\/en\/product\/yuz-tanimlama-ozellikli-akilli-kapi-kilidi-ok0320\/\" \/>\n<meta property=\"og:locale\" content=\"en_US\" \/>\n<meta property=\"og:type\" content=\"article\" \/>\n<meta property=\"og:title\" content=\"Y\u00fcz Tan\u0131mlama \u00d6zellikli Ak\u0131ll\u0131 Kap\u0131 Kilidi | ONLOI\" \/>\n<meta property=\"og:description\" content=\"Y\u00fcz tan\u0131ma \u00f6zellikli ak\u0131ll\u0131 kap\u0131 kilidi ile Onloi g\u00fcvenli\u011fini art\u0131r\u0131n. Temass\u0131z, h\u0131zl\u0131 ve y\u00fcksek g\u00fcvenlikli giri\u015f deneyimi sunar.\" \/>\n<meta property=\"og:url\" content=\"https:\/\/onloi.com\/en\/product\/yuz-tanimlama-ozellikli-akilli-kapi-kilidi-ok0320\/\" \/>\n<meta property=\"og:site_name\" content=\"Onloi\" \/>\n<meta property=\"article:modified_time\" content=\"2026-02-11T08:24:32+00:00\" \/>\n<meta property=\"og:image\" content=\"https:\/\/onloi.com\/wp-content\/uploads\/2025\/08\/ok0320.png\" \/>\n\t<meta property=\"og:image:width\" content=\"1000\" \/>\n\t<meta property=\"og:image:height\" content=\"1000\" \/>\n\t<meta property=\"og:image:type\" content=\"image\/png\" \/>\n<meta name=\"twitter:card\" content=\"summary_large_image\" \/>\n<meta name=\"twitter:label1\" content=\"Est. reading time\" \/>\n\t<meta name=\"twitter:data1\" content=\"1 minute\" \/>\n<script type=\"application\/ld+json\" class=\"yoast-schema-graph\">{\"@context\":\"https:\/\/schema.org\",\"@graph\":[{\"@type\":\"WebPage\",\"@id\":\"https:\/\/onloi.com\/urun\/yuz-tanimlama-ozellikli-akilli-kapi-kilidi-ok0320\/\",\"url\":\"https:\/\/onloi.com\/urun\/yuz-tanimlama-ozellikli-akilli-kapi-kilidi-ok0320\/\",\"name\":\"Y\u00fcz Tan\u0131mlama \u00d6zellikli Ak\u0131ll\u0131 Kap\u0131 Kilidi | ONLOI\",\"isPartOf\":{\"@id\":\"https:\/\/onloi.com\/#website\"},\"primaryImageOfPage\":{\"@id\":\"https:\/\/onloi.com\/urun\/yuz-tanimlama-ozellikli-akilli-kapi-kilidi-ok0320\/#primaryimage\"},\"image\":{\"@id\":\"https:\/\/onloi.com\/urun\/yuz-tanimlama-ozellikli-akilli-kapi-kilidi-ok0320\/#primaryimage\"},\"thumbnailUrl\":\"https:\/\/onloi.com\/wp-content\/uploads\/2025\/08\/ok0320.png\",\"datePublished\":\"2025-08-22T08:15:11+00:00\",\"dateModified\":\"2026-02-11T08:24:32+00:00\",\"description\":\"Y\u00fcz tan\u0131ma \u00f6zellikli ak\u0131ll\u0131 kap\u0131 kilidi ile Onloi g\u00fcvenli\u011fini art\u0131r\u0131n. Temass\u0131z, h\u0131zl\u0131 ve y\u00fcksek g\u00fcvenlikli giri\u015f deneyimi sunar.\",\"breadcrumb\":{\"@id\":\"https:\/\/onloi.com\/urun\/yuz-tanimlama-ozellikli-akilli-kapi-kilidi-ok0320\/#breadcrumb\"},\"inLanguage\":\"en-US\",\"potentialAction\":[{\"@type\":\"ReadAction\",\"target\":[\"https:\/\/onloi.com\/urun\/yuz-tanimlama-ozellikli-akilli-kapi-kilidi-ok0320\/\"]}]},{\"@type\":\"ImageObject\",\"inLanguage\":\"en-US\",\"@id\":\"https:\/\/onloi.com\/urun\/yuz-tanimlama-ozellikli-akilli-kapi-kilidi-ok0320\/#primaryimage\",\"url\":\"https:\/\/onloi.com\/wp-content\/uploads\/2025\/08\/ok0320.png\",\"contentUrl\":\"https:\/\/onloi.com\/wp-content\/uploads\/2025\/08\/ok0320.png\",\"width\":1000,\"height\":1000},{\"@type\":\"BreadcrumbList\",\"@id\":\"https:\/\/onloi.com\/urun\/yuz-tanimlama-ozellikli-akilli-kapi-kilidi-ok0320\/#breadcrumb\",\"itemListElement\":[{\"@type\":\"ListItem\",\"position\":1,\"name\":\"Anasayfa\",\"item\":\"https:\/\/onloi.com\/\"},{\"@type\":\"ListItem\",\"position\":2,\"name\":\"Ma\u011faza\",\"item\":\"https:\/\/onloi.com\/magaza\/\"},{\"@type\":\"ListItem\",\"position\":3,\"name\":\"Y\u00fcz Tan\u0131mlama \u00d6zellikli Ak\u0131ll\u0131 Kap\u0131 Kilidi\"}]},{\"@type\":\"WebSite\",\"@id\":\"https:\/\/onloi.com\/#website\",\"url\":\"https:\/\/onloi.com\/\",\"name\":\"Onloi\",\"description\":\"Onloi ile Ak\u0131ll\u0131 Ya\u015fam\u0131n Kilidini A\u00e7\u0131n\",\"potentialAction\":[{\"@type\":\"SearchAction\",\"target\":{\"@type\":\"EntryPoint\",\"urlTemplate\":\"https:\/\/onloi.com\/?s={search_term_string}\"},\"query-input\":{\"@type\":\"PropertyValueSpecification\",\"valueRequired\":true,\"valueName\":\"search_term_string\"}}],\"inLanguage\":\"en-US\"}]}<\/script>\n<!-- \/ Yoast SEO plugin. -->","yoast_head_json":{"title":"Y\u00fcz Tan\u0131mlama \u00d6zellikli Ak\u0131ll\u0131 Kap\u0131 Kilidi | ONLOI","description":"Y\u00fcz tan\u0131ma \u00f6zellikli ak\u0131ll\u0131 kap\u0131 kilidi ile Onloi g\u00fcvenli\u011fini art\u0131r\u0131n. Temass\u0131z, h\u0131zl\u0131 ve y\u00fcksek g\u00fcvenlikli giri\u015f deneyimi sunar.","robots":{"index":"index","follow":"follow","max-snippet":"max-snippet:-1","max-image-preview":"max-image-preview:large","max-video-preview":"max-video-preview:-1"},"canonical":"https:\/\/onloi.com\/en\/product\/yuz-tanimlama-ozellikli-akilli-kapi-kilidi-ok0320\/","og_locale":"en_US","og_type":"article","og_title":"Y\u00fcz Tan\u0131mlama \u00d6zellikli Ak\u0131ll\u0131 Kap\u0131 Kilidi | ONLOI","og_description":"Y\u00fcz tan\u0131ma \u00f6zellikli ak\u0131ll\u0131 kap\u0131 kilidi ile Onloi g\u00fcvenli\u011fini art\u0131r\u0131n. Temass\u0131z, h\u0131zl\u0131 ve y\u00fcksek g\u00fcvenlikli giri\u015f deneyimi sunar.","og_url":"https:\/\/onloi.com\/en\/product\/yuz-tanimlama-ozellikli-akilli-kapi-kilidi-ok0320\/","og_site_name":"Onloi","article_modified_time":"2026-02-11T08:24:32+00:00","og_image":[{"width":1000,"height":1000,"url":"https:\/\/onloi.com\/wp-content\/uploads\/2025\/08\/ok0320.png","type":"image\/png"}],"twitter_card":"summary_large_image","twitter_misc":{"Est. reading time":"1 minute"},"schema":{"@context":"https:\/\/schema.org","@graph":[{"@type":"WebPage","@id":"https:\/\/onloi.com\/urun\/yuz-tanimlama-ozellikli-akilli-kapi-kilidi-ok0320\/","url":"https:\/\/onloi.com\/urun\/yuz-tanimlama-ozellikli-akilli-kapi-kilidi-ok0320\/","name":"Y\u00fcz Tan\u0131mlama \u00d6zellikli Ak\u0131ll\u0131 Kap\u0131 Kilidi | ONLOI","isPartOf":{"@id":"https:\/\/onloi.com\/#website"},"primaryImageOfPage":{"@id":"https:\/\/onloi.com\/urun\/yuz-tanimlama-ozellikli-akilli-kapi-kilidi-ok0320\/#primaryimage"},"image":{"@id":"https:\/\/onloi.com\/urun\/yuz-tanimlama-ozellikli-akilli-kapi-kilidi-ok0320\/#primaryimage"},"thumbnailUrl":"https:\/\/onloi.com\/wp-content\/uploads\/2025\/08\/ok0320.png","datePublished":"2025-08-22T08:15:11+00:00","dateModified":"2026-02-11T08:24:32+00:00","description":"Y\u00fcz tan\u0131ma \u00f6zellikli ak\u0131ll\u0131 kap\u0131 kilidi ile Onloi g\u00fcvenli\u011fini art\u0131r\u0131n. Temass\u0131z, h\u0131zl\u0131 ve y\u00fcksek g\u00fcvenlikli giri\u015f deneyimi sunar.","breadcrumb":{"@id":"https:\/\/onloi.com\/urun\/yuz-tanimlama-ozellikli-akilli-kapi-kilidi-ok0320\/#breadcrumb"},"inLanguage":"en-US","potentialAction":[{"@type":"ReadAction","target":["https:\/\/onloi.com\/urun\/yuz-tanimlama-ozellikli-akilli-kapi-kilidi-ok0320\/"]}]},{"@type":"ImageObject","inLanguage":"en-US","@id":"https:\/\/onloi.com\/urun\/yuz-tanimlama-ozellikli-akilli-kapi-kilidi-ok0320\/#primaryimage","url":"https:\/\/onloi.com\/wp-content\/uploads\/2025\/08\/ok0320.png","contentUrl":"https:\/\/onloi.com\/wp-content\/uploads\/2025\/08\/ok0320.png","width":1000,"height":1000},{"@type":"BreadcrumbList","@id":"https:\/\/onloi.com\/urun\/yuz-tanimlama-ozellikli-akilli-kapi-kilidi-ok0320\/#breadcrumb","itemListElement":[{"@type":"ListItem","position":1,"name":"Anasayfa","item":"https:\/\/onloi.com\/"},{"@type":"ListItem","position":2,"name":"Ma\u011faza","item":"https:\/\/onloi.com\/magaza\/"},{"@type":"ListItem","position":3,"name":"Y\u00fcz Tan\u0131mlama \u00d6zellikli Ak\u0131ll\u0131 Kap\u0131 Kilidi"}]},{"@type":"WebSite","@id":"https:\/\/onloi.com\/#website","url":"https:\/\/onloi.com\/","name":"Onloi","description":"Unlock Smart Living with Onloi","potentialAction":[{"@type":"SearchAction","target":{"@type":"EntryPoint","urlTemplate":"https:\/\/onloi.com\/?s={search_term_string}"},"query-input":{"@type":"PropertyValueSpecification","valueRequired":true,"valueName":"search_term_string"}}],"inLanguage":"en-US"}]}},"_links":{"self":[{"href":"https:\/\/onloi.com\/en\/wp-json\/wp\/v2\/product\/606","targetHints":{"allow":["GET"]}}],"collection":[{"href":"https:\/\/onloi.com\/en\/wp-json\/wp\/v2\/product"}],"about":[{"href":"https:\/\/onloi.com\/en\/wp-json\/wp\/v2\/types\/product"}],"wp:featuredmedia":[{"embeddable":true,"href":"https:\/\/onloi.com\/en\/wp-json\/wp\/v2\/media\/3294"}],"wp:attachment":[{"href":"https:\/\/onloi.com\/en\/wp-json\/wp\/v2\/media?parent=606"}],"wp:term":[{"taxonomy":"product_brand","embeddable":true,"href":"https:\/\/onloi.com\/en\/wp-json\/wp\/v2\/product_brand?post=606"},{"taxonomy":"product_cat","embeddable":true,"href":"https:\/\/onloi.com\/en\/wp-json\/wp\/v2\/product_cat?post=606"},{"taxonomy":"product_tag","embeddable":true,"href":"https:\/\/onloi.com\/en\/wp-json\/wp\/v2\/product_tag?post=606"}],"curies":[{"name":"wp","href":"https:\/\/api.w.org\/{rel}","templated":true}]}}