{"id":2839,"date":"2025-12-12T14:45:23","date_gmt":"2025-12-12T11:45:23","guid":{"rendered":"https:\/\/onloi.com\/?post_type=product&#038;p=2839"},"modified":"2026-03-17T09:57:10","modified_gmt":"2026-03-17T06:57:10","slug":"mobil-uygulama-kontrollu-tek-port-role","status":"publish","type":"product","link":"https:\/\/onloi.com\/en\/product\/mobil-uygulama-kontrollu-tek-port-role\/","title":{"rendered":"Mobile App Controlled Single Port Relay"},"content":{"rendered":"<p>&nbsp;<\/p>\n<table class=\"spec-table\">\n<tbody>\n<tr>\n<th>Feature<\/th>\n<th>Description<\/th>\n<\/tr>\n<tr>\n<td>Introduction<\/td>\n<td>AC 100-240V 50\/60Hz<\/td>\n<\/tr>\n<tr>\n<td>Exit<\/td>\n<td>AC 100-240V 50\/60Hz<\/td>\n<\/tr>\n<tr>\n<td>WIFI<\/td>\n<td>IEEE 802.11 b\/g\/n 2.4GHZ<\/td>\n<\/tr>\n<tr>\n<td>Material<\/td>\n<td>PC V0<\/td>\n<\/tr>\n<tr>\n<td>Product Size<\/td>\n<td>42.6 x 42.6 x 20 mm<\/td>\n<\/tr>\n<\/tbody>\n<\/table>\n\n    <div class=\"xs_social_share_widget xs_share_url after_content \t\tmain_content  wslu-style-1 wslu-share-box-shaped wslu-fill-colored wslu-none wslu-share-horizontal wslu-theme-font-no wslu-main_content\">\n\n\t\t\n        <ul>\n\t\t\t        <\/ul>\n    <\/div>","protected":false},"excerpt":{"rendered":"<div class=\"product-short-description\">\n<h4 class=\"psd-title\">16A Wi-Fi Ak\u0131ll\u0131 Anahtar Mod\u00fcl\u00fc &#8211; 2\u2019l\u0130 Kontrol, Zamanlay\u0131c\u0131, Mini Tasar\u0131m<\/h4>\n<ul>\n<li data-start=\"161\" data-end=\"387\">Make your non-smart devices smart in seconds!<br data-start=\"227\" data-end=\"230\" \/>The 16A Wi-Fi smart switch module makes any lighting or electrical equipment controllable via Tuya Smart, Alexa and Google Home.<\/li>\n<li data-start=\"389\" data-end=\"727\">If you want to manage a table lamp as a smart lamp, you can simply connect the module and turn the light on and off from your phone. Likewise, to turn a downlight into smart lighting, simply add the module to the existing switch. You can then manage the light control completely hands-free thanks to voice assistants.<\/li>\n<\/ul>\n<h1 class=\"\"><\/h1>\n<\/div>","protected":false},"featured_media":2840,"template":"","meta":{"postBodyCss":"","postBodyMargin":[],"postBodyPadding":[],"postBodyBackground":{"backgroundType":"classic","gradient":""}},"product_brand":[],"product_cat":[26,41,43],"product_tag":[],"class_list":{"0":"post-2839","1":"product","2":"type-product","3":"status-publish","4":"has-post-thumbnail","6":"product_cat-onloi-akilli-teknoloji-urunleri","7":"product_cat-guvenlik-donanimlari","8":"product_cat-kumanda-ve-sensorler","10":"first","11":"instock","12":"shipping-taxable","13":"product-type-simple"},"yoast_head":"<!-- This site is optimized with the Yoast SEO plugin v26.6 - https:\/\/yoast.com\/wordpress\/plugins\/seo\/ -->\n<title>Mobil Uygulama Kontroll\u00fc Tek Port R\u00f6le | ONLOI<\/title>\n<meta name=\"description\" content=\"Mobil uygulama kontroll\u00fc tek port r\u00f6le ile Onloi sistemlerinizi uzaktan ve g\u00fcvenli \u015fekilde y\u00f6netin.\" \/>\n<meta name=\"robots\" content=\"index, follow, max-snippet:-1, max-image-preview:large, max-video-preview:-1\" \/>\n<link rel=\"canonical\" href=\"https:\/\/onloi.com\/en\/product\/mobil-uygulama-kontrollu-tek-port-role\/\" \/>\n<meta property=\"og:locale\" content=\"en_US\" \/>\n<meta property=\"og:type\" content=\"article\" \/>\n<meta property=\"og:title\" content=\"Mobil Uygulama Kontroll\u00fc Tek Port R\u00f6le | ONLOI\" \/>\n<meta property=\"og:description\" content=\"Mobil uygulama kontroll\u00fc tek port r\u00f6le ile Onloi sistemlerinizi uzaktan ve g\u00fcvenli \u015fekilde y\u00f6netin.\" \/>\n<meta property=\"og:url\" content=\"https:\/\/onloi.com\/en\/product\/mobil-uygulama-kontrollu-tek-port-role\/\" \/>\n<meta property=\"og:site_name\" content=\"Onloi\" \/>\n<meta property=\"article:modified_time\" content=\"2026-03-17T06:57:10+00:00\" \/>\n<meta property=\"og:image\" content=\"https:\/\/onloi.com\/wp-content\/uploads\/2025\/12\/Your-paragraph-text-34.png\" \/>\n\t<meta property=\"og:image:width\" content=\"2000\" \/>\n\t<meta property=\"og:image:height\" content=\"1600\" \/>\n\t<meta property=\"og:image:type\" content=\"image\/png\" \/>\n<meta name=\"twitter:card\" content=\"summary_large_image\" \/>\n<script type=\"application\/ld+json\" class=\"yoast-schema-graph\">{\"@context\":\"https:\/\/schema.org\",\"@graph\":[{\"@type\":\"WebPage\",\"@id\":\"https:\/\/onloi.com\/urun\/mobil-uygulama-kontrollu-tek-port-role\/\",\"url\":\"https:\/\/onloi.com\/urun\/mobil-uygulama-kontrollu-tek-port-role\/\",\"name\":\"Mobil Uygulama Kontroll\u00fc Tek Port R\u00f6le | ONLOI\",\"isPartOf\":{\"@id\":\"https:\/\/onloi.com\/#website\"},\"primaryImageOfPage\":{\"@id\":\"https:\/\/onloi.com\/urun\/mobil-uygulama-kontrollu-tek-port-role\/#primaryimage\"},\"image\":{\"@id\":\"https:\/\/onloi.com\/urun\/mobil-uygulama-kontrollu-tek-port-role\/#primaryimage\"},\"thumbnailUrl\":\"https:\/\/onloi.com\/wp-content\/uploads\/2025\/12\/Your-paragraph-text-34.png\",\"datePublished\":\"2025-12-12T11:45:23+00:00\",\"dateModified\":\"2026-03-17T06:57:10+00:00\",\"description\":\"Mobil uygulama kontroll\u00fc tek port r\u00f6le ile Onloi sistemlerinizi uzaktan ve g\u00fcvenli \u015fekilde y\u00f6netin.\",\"breadcrumb\":{\"@id\":\"https:\/\/onloi.com\/urun\/mobil-uygulama-kontrollu-tek-port-role\/#breadcrumb\"},\"inLanguage\":\"en-US\",\"potentialAction\":[{\"@type\":\"ReadAction\",\"target\":[\"https:\/\/onloi.com\/urun\/mobil-uygulama-kontrollu-tek-port-role\/\"]}]},{\"@type\":\"ImageObject\",\"inLanguage\":\"en-US\",\"@id\":\"https:\/\/onloi.com\/urun\/mobil-uygulama-kontrollu-tek-port-role\/#primaryimage\",\"url\":\"https:\/\/onloi.com\/wp-content\/uploads\/2025\/12\/Your-paragraph-text-34.png\",\"contentUrl\":\"https:\/\/onloi.com\/wp-content\/uploads\/2025\/12\/Your-paragraph-text-34.png\",\"width\":2000,\"height\":1600},{\"@type\":\"BreadcrumbList\",\"@id\":\"https:\/\/onloi.com\/urun\/mobil-uygulama-kontrollu-tek-port-role\/#breadcrumb\",\"itemListElement\":[{\"@type\":\"ListItem\",\"position\":1,\"name\":\"Anasayfa\",\"item\":\"https:\/\/onloi.com\/\"},{\"@type\":\"ListItem\",\"position\":2,\"name\":\"Ma\u011faza\",\"item\":\"https:\/\/onloi.com\/magaza\/\"},{\"@type\":\"ListItem\",\"position\":3,\"name\":\"Mobil Uygulama Kontroll\u00fc Tek Port R\u00f6le\"}]},{\"@type\":\"WebSite\",\"@id\":\"https:\/\/onloi.com\/#website\",\"url\":\"https:\/\/onloi.com\/\",\"name\":\"Onloi\",\"description\":\"Onloi ile Ak\u0131ll\u0131 Ya\u015fam\u0131n Kilidini A\u00e7\u0131n\",\"potentialAction\":[{\"@type\":\"SearchAction\",\"target\":{\"@type\":\"EntryPoint\",\"urlTemplate\":\"https:\/\/onloi.com\/?s={search_term_string}\"},\"query-input\":{\"@type\":\"PropertyValueSpecification\",\"valueRequired\":true,\"valueName\":\"search_term_string\"}}],\"inLanguage\":\"en-US\"}]}<\/script>\n<!-- \/ Yoast SEO plugin. -->","yoast_head_json":{"title":"Mobil Uygulama Kontroll\u00fc Tek Port R\u00f6le | ONLOI","description":"Mobil uygulama kontroll\u00fc tek port r\u00f6le ile Onloi sistemlerinizi uzaktan ve g\u00fcvenli \u015fekilde y\u00f6netin.","robots":{"index":"index","follow":"follow","max-snippet":"max-snippet:-1","max-image-preview":"max-image-preview:large","max-video-preview":"max-video-preview:-1"},"canonical":"https:\/\/onloi.com\/en\/product\/mobil-uygulama-kontrollu-tek-port-role\/","og_locale":"en_US","og_type":"article","og_title":"Mobil Uygulama Kontroll\u00fc Tek Port R\u00f6le | ONLOI","og_description":"Mobil uygulama kontroll\u00fc tek port r\u00f6le ile Onloi sistemlerinizi uzaktan ve g\u00fcvenli \u015fekilde y\u00f6netin.","og_url":"https:\/\/onloi.com\/en\/product\/mobil-uygulama-kontrollu-tek-port-role\/","og_site_name":"Onloi","article_modified_time":"2026-03-17T06:57:10+00:00","og_image":[{"width":2000,"height":1600,"url":"https:\/\/onloi.com\/wp-content\/uploads\/2025\/12\/Your-paragraph-text-34.png","type":"image\/png"}],"twitter_card":"summary_large_image","schema":{"@context":"https:\/\/schema.org","@graph":[{"@type":"WebPage","@id":"https:\/\/onloi.com\/urun\/mobil-uygulama-kontrollu-tek-port-role\/","url":"https:\/\/onloi.com\/urun\/mobil-uygulama-kontrollu-tek-port-role\/","name":"Mobil Uygulama Kontroll\u00fc Tek Port R\u00f6le | ONLOI","isPartOf":{"@id":"https:\/\/onloi.com\/#website"},"primaryImageOfPage":{"@id":"https:\/\/onloi.com\/urun\/mobil-uygulama-kontrollu-tek-port-role\/#primaryimage"},"image":{"@id":"https:\/\/onloi.com\/urun\/mobil-uygulama-kontrollu-tek-port-role\/#primaryimage"},"thumbnailUrl":"https:\/\/onloi.com\/wp-content\/uploads\/2025\/12\/Your-paragraph-text-34.png","datePublished":"2025-12-12T11:45:23+00:00","dateModified":"2026-03-17T06:57:10+00:00","description":"Mobil uygulama kontroll\u00fc tek port r\u00f6le ile Onloi sistemlerinizi uzaktan ve g\u00fcvenli \u015fekilde y\u00f6netin.","breadcrumb":{"@id":"https:\/\/onloi.com\/urun\/mobil-uygulama-kontrollu-tek-port-role\/#breadcrumb"},"inLanguage":"en-US","potentialAction":[{"@type":"ReadAction","target":["https:\/\/onloi.com\/urun\/mobil-uygulama-kontrollu-tek-port-role\/"]}]},{"@type":"ImageObject","inLanguage":"en-US","@id":"https:\/\/onloi.com\/urun\/mobil-uygulama-kontrollu-tek-port-role\/#primaryimage","url":"https:\/\/onloi.com\/wp-content\/uploads\/2025\/12\/Your-paragraph-text-34.png","contentUrl":"https:\/\/onloi.com\/wp-content\/uploads\/2025\/12\/Your-paragraph-text-34.png","width":2000,"height":1600},{"@type":"BreadcrumbList","@id":"https:\/\/onloi.com\/urun\/mobil-uygulama-kontrollu-tek-port-role\/#breadcrumb","itemListElement":[{"@type":"ListItem","position":1,"name":"Anasayfa","item":"https:\/\/onloi.com\/"},{"@type":"ListItem","position":2,"name":"Ma\u011faza","item":"https:\/\/onloi.com\/magaza\/"},{"@type":"ListItem","position":3,"name":"Mobil Uygulama Kontroll\u00fc Tek Port R\u00f6le"}]},{"@type":"WebSite","@id":"https:\/\/onloi.com\/#website","url":"https:\/\/onloi.com\/","name":"Onloi","description":"Unlock Smart Living with Onloi","potentialAction":[{"@type":"SearchAction","target":{"@type":"EntryPoint","urlTemplate":"https:\/\/onloi.com\/?s={search_term_string}"},"query-input":{"@type":"PropertyValueSpecification","valueRequired":true,"valueName":"search_term_string"}}],"inLanguage":"en-US"}]}},"_links":{"self":[{"href":"https:\/\/onloi.com\/en\/wp-json\/wp\/v2\/product\/2839","targetHints":{"allow":["GET"]}}],"collection":[{"href":"https:\/\/onloi.com\/en\/wp-json\/wp\/v2\/product"}],"about":[{"href":"https:\/\/onloi.com\/en\/wp-json\/wp\/v2\/types\/product"}],"wp:featuredmedia":[{"embeddable":true,"href":"https:\/\/onloi.com\/en\/wp-json\/wp\/v2\/media\/2840"}],"wp:attachment":[{"href":"https:\/\/onloi.com\/en\/wp-json\/wp\/v2\/media?parent=2839"}],"wp:term":[{"taxonomy":"product_brand","embeddable":true,"href":"https:\/\/onloi.com\/en\/wp-json\/wp\/v2\/product_brand?post=2839"},{"taxonomy":"product_cat","embeddable":true,"href":"https:\/\/onloi.com\/en\/wp-json\/wp\/v2\/product_cat?post=2839"},{"taxonomy":"product_tag","embeddable":true,"href":"https:\/\/onloi.com\/en\/wp-json\/wp\/v2\/product_tag?post=2839"}],"curies":[{"name":"wp","href":"https:\/\/api.w.org\/{rel}","templated":true}]}}