{"id":2831,"date":"2025-12-12T12:04:06","date_gmt":"2025-12-12T09:04:06","guid":{"rendered":"https:\/\/onloi.com\/?post_type=product&#038;p=2831"},"modified":"2026-03-17T09:57:17","modified_gmt":"2026-03-17T06:57:17","slug":"mifare-bileklik","status":"publish","type":"product","link":"https:\/\/onloi.com\/en\/product\/mifare-bileklik\/","title":{"rendered":"Mifare Wristband"},"content":{"rendered":"<p>&nbsp;<\/p>\n<p>&nbsp;<\/p>\n<table class=\"spec-table\">\n<tbody>\n<tr>\n<th>Feature<\/th>\n<th>Description<\/th>\n<\/tr>\n<tr>\n<td>Material<\/td>\n<td>Silicone<\/td>\n<\/tr>\n<tr>\n<td>Color<\/td>\n<td>Mavi &#8211; Ye\u015fil &#8211; K\u0131rm\u0131z\u0131<\/td>\n<\/tr>\n<tr>\n<td>Product Size<\/td>\n<td>Diameter-6cm<\/td>\n<\/tr>\n<tr>\n<td>Operating Frequency<\/td>\n<td>13.56 MHz<\/td>\n<\/tr>\n<\/tbody>\n<\/table>\n\n    <div class=\"xs_social_share_widget xs_share_url after_content \t\tmain_content  wslu-style-1 wslu-share-box-shaped wslu-fill-colored wslu-none wslu-share-horizontal wslu-theme-font-no wslu-main_content\">\n\n\t\t\n        <ul>\n\t\t\t        <\/ul>\n    <\/div>","protected":false},"excerpt":{"rendered":"<ul>\n<li class=\"product-short-description\">\n<h4 class=\"psd-title\">Silikon Mifare Bileklik &#8211; Etkinlik ve Ge\u00e7i\u015f Kontrol \u00c7\u00f6z\u00fcmleri \u0130\u00e7in \u0130deal<\/h4>\n<p data-start=\"162\" data-end=\"497\">With its durable silicone construction and ergonomic design, the Mifare wristband provides practical use in many places, from event spaces to gyms. It offers fast and secure access control thanks to its contactless reading technology. With its water-resistant structure, it can be used in pools, spas, aquaparks and outdoor activities without any problem.<\/p>\n<p>&nbsp;<\/p>\n<p data-start=\"499\" data-end=\"783\">Offering both a functional and stylish solution with different color options, this wristband is an ideal choice for membership systems, turnstile passes, hotels, campuses and festivals. It is the perfect product for those looking for a long-lasting, comfortable and reliable identification alternative.<\/p>\n<\/li>\n<\/ul>","protected":false},"featured_media":2832,"template":"","meta":{"postBodyCss":"","postBodyMargin":[],"postBodyPadding":[],"postBodyBackground":{"backgroundType":"classic","gradient":""}},"product_brand":[],"product_cat":[26,36,37],"product_tag":[],"class_list":{"0":"post-2831","1":"product","2":"type-product","3":"status-publish","4":"has-post-thumbnail","6":"product_cat-onloi-akilli-teknoloji-urunleri","7":"product_cat-erisim-kontrol-cihazlari","8":"product_cat-rfid-kartlar","10":"first","11":"instock","12":"shipping-taxable","13":"product-type-simple"},"yoast_head":"<!-- This site is optimized with the Yoast SEO plugin v26.6 - https:\/\/yoast.com\/wordpress\/plugins\/seo\/ -->\n<title>Mifare Bileklik | ONLOI<\/title>\n<meta name=\"description\" content=\"Mifare bileklik ile Onloi ak\u0131ll\u0131 sistemlerde temass\u0131z eri\u015fim sa\u011flay\u0131n. H\u0131zl\u0131, g\u00fcvenli ve pratik kullan\u0131m.\" \/>\n<meta name=\"robots\" content=\"index, follow, max-snippet:-1, max-image-preview:large, max-video-preview:-1\" \/>\n<link rel=\"canonical\" href=\"https:\/\/onloi.com\/en\/product\/mifare-bileklik\/\" \/>\n<meta property=\"og:locale\" content=\"en_US\" \/>\n<meta property=\"og:type\" content=\"article\" \/>\n<meta property=\"og:title\" content=\"Mifare Bileklik | ONLOI\" \/>\n<meta property=\"og:description\" content=\"Mifare bileklik ile Onloi ak\u0131ll\u0131 sistemlerde temass\u0131z eri\u015fim sa\u011flay\u0131n. H\u0131zl\u0131, g\u00fcvenli ve pratik kullan\u0131m.\" \/>\n<meta property=\"og:url\" content=\"https:\/\/onloi.com\/en\/product\/mifare-bileklik\/\" \/>\n<meta property=\"og:site_name\" content=\"Onloi\" \/>\n<meta property=\"article:modified_time\" content=\"2026-03-17T06:57:17+00:00\" \/>\n<meta property=\"og:image\" content=\"https:\/\/onloi.com\/wp-content\/uploads\/2025\/12\/Your-paragraph-text-32.png\" \/>\n\t<meta property=\"og:image:width\" content=\"2000\" \/>\n\t<meta property=\"og:image:height\" content=\"1600\" \/>\n\t<meta property=\"og:image:type\" content=\"image\/png\" \/>\n<meta name=\"twitter:card\" content=\"summary_large_image\" \/>\n<meta name=\"twitter:label1\" content=\"Est. reading time\" \/>\n\t<meta name=\"twitter:data1\" content=\"1 minute\" \/>\n<script type=\"application\/ld+json\" class=\"yoast-schema-graph\">{\"@context\":\"https:\/\/schema.org\",\"@graph\":[{\"@type\":\"WebPage\",\"@id\":\"https:\/\/onloi.com\/urun\/mifare-bileklik\/\",\"url\":\"https:\/\/onloi.com\/urun\/mifare-bileklik\/\",\"name\":\"Mifare Bileklik | ONLOI\",\"isPartOf\":{\"@id\":\"https:\/\/onloi.com\/#website\"},\"primaryImageOfPage\":{\"@id\":\"https:\/\/onloi.com\/urun\/mifare-bileklik\/#primaryimage\"},\"image\":{\"@id\":\"https:\/\/onloi.com\/urun\/mifare-bileklik\/#primaryimage\"},\"thumbnailUrl\":\"https:\/\/onloi.com\/wp-content\/uploads\/2025\/12\/Your-paragraph-text-32.png\",\"datePublished\":\"2025-12-12T09:04:06+00:00\",\"dateModified\":\"2026-03-17T06:57:17+00:00\",\"description\":\"Mifare bileklik ile Onloi ak\u0131ll\u0131 sistemlerde temass\u0131z eri\u015fim sa\u011flay\u0131n. H\u0131zl\u0131, g\u00fcvenli ve pratik kullan\u0131m.\",\"breadcrumb\":{\"@id\":\"https:\/\/onloi.com\/urun\/mifare-bileklik\/#breadcrumb\"},\"inLanguage\":\"en-US\",\"potentialAction\":[{\"@type\":\"ReadAction\",\"target\":[\"https:\/\/onloi.com\/urun\/mifare-bileklik\/\"]}]},{\"@type\":\"ImageObject\",\"inLanguage\":\"en-US\",\"@id\":\"https:\/\/onloi.com\/urun\/mifare-bileklik\/#primaryimage\",\"url\":\"https:\/\/onloi.com\/wp-content\/uploads\/2025\/12\/Your-paragraph-text-32.png\",\"contentUrl\":\"https:\/\/onloi.com\/wp-content\/uploads\/2025\/12\/Your-paragraph-text-32.png\",\"width\":2000,\"height\":1600},{\"@type\":\"BreadcrumbList\",\"@id\":\"https:\/\/onloi.com\/urun\/mifare-bileklik\/#breadcrumb\",\"itemListElement\":[{\"@type\":\"ListItem\",\"position\":1,\"name\":\"Anasayfa\",\"item\":\"https:\/\/onloi.com\/\"},{\"@type\":\"ListItem\",\"position\":2,\"name\":\"Ma\u011faza\",\"item\":\"https:\/\/onloi.com\/magaza\/\"},{\"@type\":\"ListItem\",\"position\":3,\"name\":\"Mifare Bileklik\"}]},{\"@type\":\"WebSite\",\"@id\":\"https:\/\/onloi.com\/#website\",\"url\":\"https:\/\/onloi.com\/\",\"name\":\"Onloi\",\"description\":\"Onloi ile Ak\u0131ll\u0131 Ya\u015fam\u0131n Kilidini A\u00e7\u0131n\",\"potentialAction\":[{\"@type\":\"SearchAction\",\"target\":{\"@type\":\"EntryPoint\",\"urlTemplate\":\"https:\/\/onloi.com\/?s={search_term_string}\"},\"query-input\":{\"@type\":\"PropertyValueSpecification\",\"valueRequired\":true,\"valueName\":\"search_term_string\"}}],\"inLanguage\":\"en-US\"}]}<\/script>\n<!-- \/ Yoast SEO plugin. -->","yoast_head_json":{"title":"Mifare Bileklik | ONLOI","description":"Mifare bileklik ile Onloi ak\u0131ll\u0131 sistemlerde temass\u0131z eri\u015fim sa\u011flay\u0131n. H\u0131zl\u0131, g\u00fcvenli ve pratik kullan\u0131m.","robots":{"index":"index","follow":"follow","max-snippet":"max-snippet:-1","max-image-preview":"max-image-preview:large","max-video-preview":"max-video-preview:-1"},"canonical":"https:\/\/onloi.com\/en\/product\/mifare-bileklik\/","og_locale":"en_US","og_type":"article","og_title":"Mifare Bileklik | ONLOI","og_description":"Mifare bileklik ile Onloi ak\u0131ll\u0131 sistemlerde temass\u0131z eri\u015fim sa\u011flay\u0131n. H\u0131zl\u0131, g\u00fcvenli ve pratik kullan\u0131m.","og_url":"https:\/\/onloi.com\/en\/product\/mifare-bileklik\/","og_site_name":"Onloi","article_modified_time":"2026-03-17T06:57:17+00:00","og_image":[{"width":2000,"height":1600,"url":"https:\/\/onloi.com\/wp-content\/uploads\/2025\/12\/Your-paragraph-text-32.png","type":"image\/png"}],"twitter_card":"summary_large_image","twitter_misc":{"Est. reading time":"1 minute"},"schema":{"@context":"https:\/\/schema.org","@graph":[{"@type":"WebPage","@id":"https:\/\/onloi.com\/urun\/mifare-bileklik\/","url":"https:\/\/onloi.com\/urun\/mifare-bileklik\/","name":"Mifare Bileklik | ONLOI","isPartOf":{"@id":"https:\/\/onloi.com\/#website"},"primaryImageOfPage":{"@id":"https:\/\/onloi.com\/urun\/mifare-bileklik\/#primaryimage"},"image":{"@id":"https:\/\/onloi.com\/urun\/mifare-bileklik\/#primaryimage"},"thumbnailUrl":"https:\/\/onloi.com\/wp-content\/uploads\/2025\/12\/Your-paragraph-text-32.png","datePublished":"2025-12-12T09:04:06+00:00","dateModified":"2026-03-17T06:57:17+00:00","description":"Mifare bileklik ile Onloi ak\u0131ll\u0131 sistemlerde temass\u0131z eri\u015fim sa\u011flay\u0131n. H\u0131zl\u0131, g\u00fcvenli ve pratik kullan\u0131m.","breadcrumb":{"@id":"https:\/\/onloi.com\/urun\/mifare-bileklik\/#breadcrumb"},"inLanguage":"en-US","potentialAction":[{"@type":"ReadAction","target":["https:\/\/onloi.com\/urun\/mifare-bileklik\/"]}]},{"@type":"ImageObject","inLanguage":"en-US","@id":"https:\/\/onloi.com\/urun\/mifare-bileklik\/#primaryimage","url":"https:\/\/onloi.com\/wp-content\/uploads\/2025\/12\/Your-paragraph-text-32.png","contentUrl":"https:\/\/onloi.com\/wp-content\/uploads\/2025\/12\/Your-paragraph-text-32.png","width":2000,"height":1600},{"@type":"BreadcrumbList","@id":"https:\/\/onloi.com\/urun\/mifare-bileklik\/#breadcrumb","itemListElement":[{"@type":"ListItem","position":1,"name":"Anasayfa","item":"https:\/\/onloi.com\/"},{"@type":"ListItem","position":2,"name":"Ma\u011faza","item":"https:\/\/onloi.com\/magaza\/"},{"@type":"ListItem","position":3,"name":"Mifare Bileklik"}]},{"@type":"WebSite","@id":"https:\/\/onloi.com\/#website","url":"https:\/\/onloi.com\/","name":"Onloi","description":"Unlock Smart Living with Onloi","potentialAction":[{"@type":"SearchAction","target":{"@type":"EntryPoint","urlTemplate":"https:\/\/onloi.com\/?s={search_term_string}"},"query-input":{"@type":"PropertyValueSpecification","valueRequired":true,"valueName":"search_term_string"}}],"inLanguage":"en-US"}]}},"_links":{"self":[{"href":"https:\/\/onloi.com\/en\/wp-json\/wp\/v2\/product\/2831","targetHints":{"allow":["GET"]}}],"collection":[{"href":"https:\/\/onloi.com\/en\/wp-json\/wp\/v2\/product"}],"about":[{"href":"https:\/\/onloi.com\/en\/wp-json\/wp\/v2\/types\/product"}],"wp:featuredmedia":[{"embeddable":true,"href":"https:\/\/onloi.com\/en\/wp-json\/wp\/v2\/media\/2832"}],"wp:attachment":[{"href":"https:\/\/onloi.com\/en\/wp-json\/wp\/v2\/media?parent=2831"}],"wp:term":[{"taxonomy":"product_brand","embeddable":true,"href":"https:\/\/onloi.com\/en\/wp-json\/wp\/v2\/product_brand?post=2831"},{"taxonomy":"product_cat","embeddable":true,"href":"https:\/\/onloi.com\/en\/wp-json\/wp\/v2\/product_cat?post=2831"},{"taxonomy":"product_tag","embeddable":true,"href":"https:\/\/onloi.com\/en\/wp-json\/wp\/v2\/product_tag?post=2831"}],"curies":[{"name":"wp","href":"https:\/\/api.w.org\/{rel}","templated":true}]}}