{"id":2826,"date":"2025-12-12T11:07:51","date_gmt":"2025-12-12T08:07:51","guid":{"rendered":"https:\/\/onloi.com\/?post_type=product&#038;p=2826"},"modified":"2026-03-17T09:57:24","modified_gmt":"2026-03-17T06:57:24","slug":"uhf-rfid-otopark-hgs-anteni","status":"publish","type":"product","link":"https:\/\/onloi.com\/en\/product\/uhf-rfid-otopark-hgs-anteni\/","title":{"rendered":"UHF RFID Parking Lot HGS Antenna"},"content":{"rendered":"<p>&nbsp;<\/p>\n<p>&nbsp;<\/p>\n<table class=\"spec-table\">\n<tbody>\n<tr>\n<th>Feature<\/th>\n<th>Description<\/th>\n<\/tr>\n<tr>\n<td>Product Size<\/td>\n<td>276 x 276 x 41 mm<\/td>\n<\/tr>\n<tr>\n<td>Weight<\/td>\n<td>1.6 kg<\/td>\n<\/tr>\n<tr>\n<td>Operating Temperature<\/td>\n<td>-20\u00b0C ~ 70\u00b0C<strong><br \/>\n<\/strong><\/td>\n<\/tr>\n<tr>\n<td>Material<\/td>\n<td>Aluminum + ABS<\/td>\n<\/tr>\n<tr>\n<td>Guarantee<\/td>\n<td>2 Years<\/td>\n<\/tr>\n<\/tbody>\n<\/table>\n<p>&nbsp;<\/p>\n\n    <div class=\"xs_social_share_widget xs_share_url after_content \t\tmain_content  wslu-style-1 wslu-share-box-shaped wslu-fill-colored wslu-none wslu-share-horizontal wslu-theme-font-no wslu-main_content\">\n\n\t\t\n        <ul>\n\t\t\t        <\/ul>\n    <\/div>","protected":false},"excerpt":{"rendered":"<div class=\"product-short-description\">\n<h4 class=\"psd-title\">UHF RFID Parking Lot Antenna<\/h4>\n<ul>\n<li>Ekonomik entegre okuyucu, \u00e7e\u015fitli uygulama senaryolar\u0131n\u0131 kar\u015f\u0131lamak i\u00e7in beklenenin<br \/>\n\u00f6tesinde etiket okuma performans\u0131 elde eder. Zengin ileti\u015fim aray\u00fczleri (Ethernet, RS232, RS485 vb.) Dahili zil, etiket okuma istemi sesi olarak ayarlanabilir \u00c7evrimi\u00e7i y\u00fckseltmeyi destekler. RSSI ve etiket veri filtrelemeyi destekler. \u00d6zel veri \u00e7\u0131k\u0131\u015f format\u0131n\u0131 destekler.<\/li>\n<\/ul>\n<ul>\n<li>Communication with 2 different versions: TCP\/IP Version: RJ45, RS232, RS485, Wiegand26\/ 34\/ 66 Serial Version: RS232, RS485, Wiegand26\/ 34\/66.<\/li>\n<\/ul>\n<\/div>","protected":false},"featured_media":2829,"template":"","meta":{"postBodyCss":"","postBodyMargin":[],"postBodyPadding":[],"postBodyBackground":{"backgroundType":"classic","gradient":""}},"product_brand":[],"product_cat":[26,36,40],"product_tag":[],"class_list":{"0":"post-2826","1":"product","2":"type-product","3":"status-publish","4":"has-post-thumbnail","6":"product_cat-onloi-akilli-teknoloji-urunleri","7":"product_cat-erisim-kontrol-cihazlari","8":"product_cat-otopark-donanimlari","10":"first","11":"instock","12":"shipping-taxable","13":"product-type-simple"},"yoast_head":"<!-- This site is optimized with the Yoast SEO plugin v26.6 - https:\/\/yoast.com\/wordpress\/plugins\/seo\/ -->\n<title>UHF RFID Otopark HGS Anteni | ONLOI<\/title>\n<meta name=\"description\" content=\"UHF RFID otopark anteni ile Onloi sistemlerinde h\u0131zl\u0131 ve temass\u0131z ara\u00e7 ge\u00e7i\u015fi sa\u011flay\u0131n. G\u00fcvenli ve verimli \u00e7\u00f6z\u00fcm.\" \/>\n<meta name=\"robots\" content=\"index, follow, max-snippet:-1, max-image-preview:large, max-video-preview:-1\" \/>\n<link rel=\"canonical\" href=\"https:\/\/onloi.com\/en\/product\/uhf-rfid-otopark-hgs-anteni\/\" \/>\n<meta property=\"og:locale\" content=\"en_US\" \/>\n<meta property=\"og:type\" content=\"article\" \/>\n<meta property=\"og:title\" content=\"UHF RFID Otopark HGS Anteni | ONLOI\" \/>\n<meta property=\"og:description\" content=\"UHF RFID otopark anteni ile Onloi sistemlerinde h\u0131zl\u0131 ve temass\u0131z ara\u00e7 ge\u00e7i\u015fi sa\u011flay\u0131n. G\u00fcvenli ve verimli \u00e7\u00f6z\u00fcm.\" \/>\n<meta property=\"og:url\" content=\"https:\/\/onloi.com\/en\/product\/uhf-rfid-otopark-hgs-anteni\/\" \/>\n<meta property=\"og:site_name\" content=\"Onloi\" \/>\n<meta property=\"article:modified_time\" content=\"2026-03-17T06:57:24+00:00\" \/>\n<meta property=\"og:image\" content=\"https:\/\/onloi.com\/wp-content\/uploads\/2025\/12\/MTY2NGNhMGY3ZTZkOWE.jpg\" \/>\n\t<meta property=\"og:image:width\" content=\"700\" \/>\n\t<meta property=\"og:image:height\" content=\"700\" \/>\n\t<meta property=\"og:image:type\" content=\"image\/jpeg\" \/>\n<meta name=\"twitter:card\" content=\"summary_large_image\" \/>\n<meta name=\"twitter:label1\" content=\"Est. reading time\" \/>\n\t<meta name=\"twitter:data1\" content=\"1 minute\" \/>\n<script type=\"application\/ld+json\" class=\"yoast-schema-graph\">{\"@context\":\"https:\/\/schema.org\",\"@graph\":[{\"@type\":\"WebPage\",\"@id\":\"https:\/\/onloi.com\/urun\/uhf-rfid-otopark-hgs-anteni\/\",\"url\":\"https:\/\/onloi.com\/urun\/uhf-rfid-otopark-hgs-anteni\/\",\"name\":\"UHF RFID Otopark HGS Anteni | ONLOI\",\"isPartOf\":{\"@id\":\"https:\/\/onloi.com\/#website\"},\"primaryImageOfPage\":{\"@id\":\"https:\/\/onloi.com\/urun\/uhf-rfid-otopark-hgs-anteni\/#primaryimage\"},\"image\":{\"@id\":\"https:\/\/onloi.com\/urun\/uhf-rfid-otopark-hgs-anteni\/#primaryimage\"},\"thumbnailUrl\":\"https:\/\/onloi.com\/wp-content\/uploads\/2025\/12\/MTY2NGNhMGY3ZTZkOWE.jpg\",\"datePublished\":\"2025-12-12T08:07:51+00:00\",\"dateModified\":\"2026-03-17T06:57:24+00:00\",\"description\":\"UHF RFID otopark anteni ile Onloi sistemlerinde h\u0131zl\u0131 ve temass\u0131z ara\u00e7 ge\u00e7i\u015fi sa\u011flay\u0131n. G\u00fcvenli ve verimli \u00e7\u00f6z\u00fcm.\",\"breadcrumb\":{\"@id\":\"https:\/\/onloi.com\/urun\/uhf-rfid-otopark-hgs-anteni\/#breadcrumb\"},\"inLanguage\":\"en-US\",\"potentialAction\":[{\"@type\":\"ReadAction\",\"target\":[\"https:\/\/onloi.com\/urun\/uhf-rfid-otopark-hgs-anteni\/\"]}]},{\"@type\":\"ImageObject\",\"inLanguage\":\"en-US\",\"@id\":\"https:\/\/onloi.com\/urun\/uhf-rfid-otopark-hgs-anteni\/#primaryimage\",\"url\":\"https:\/\/onloi.com\/wp-content\/uploads\/2025\/12\/MTY2NGNhMGY3ZTZkOWE.jpg\",\"contentUrl\":\"https:\/\/onloi.com\/wp-content\/uploads\/2025\/12\/MTY2NGNhMGY3ZTZkOWE.jpg\",\"width\":700,\"height\":700},{\"@type\":\"BreadcrumbList\",\"@id\":\"https:\/\/onloi.com\/urun\/uhf-rfid-otopark-hgs-anteni\/#breadcrumb\",\"itemListElement\":[{\"@type\":\"ListItem\",\"position\":1,\"name\":\"Anasayfa\",\"item\":\"https:\/\/onloi.com\/\"},{\"@type\":\"ListItem\",\"position\":2,\"name\":\"Ma\u011faza\",\"item\":\"https:\/\/onloi.com\/magaza\/\"},{\"@type\":\"ListItem\",\"position\":3,\"name\":\"UHF RFID Otopark HGS Anteni\"}]},{\"@type\":\"WebSite\",\"@id\":\"https:\/\/onloi.com\/#website\",\"url\":\"https:\/\/onloi.com\/\",\"name\":\"Onloi\",\"description\":\"Onloi ile Ak\u0131ll\u0131 Ya\u015fam\u0131n Kilidini A\u00e7\u0131n\",\"potentialAction\":[{\"@type\":\"SearchAction\",\"target\":{\"@type\":\"EntryPoint\",\"urlTemplate\":\"https:\/\/onloi.com\/?s={search_term_string}\"},\"query-input\":{\"@type\":\"PropertyValueSpecification\",\"valueRequired\":true,\"valueName\":\"search_term_string\"}}],\"inLanguage\":\"en-US\"}]}<\/script>\n<!-- \/ Yoast SEO plugin. -->","yoast_head_json":{"title":"UHF RFID Otopark HGS Anteni | ONLOI","description":"UHF RFID otopark anteni ile Onloi sistemlerinde h\u0131zl\u0131 ve temass\u0131z ara\u00e7 ge\u00e7i\u015fi sa\u011flay\u0131n. G\u00fcvenli ve verimli \u00e7\u00f6z\u00fcm.","robots":{"index":"index","follow":"follow","max-snippet":"max-snippet:-1","max-image-preview":"max-image-preview:large","max-video-preview":"max-video-preview:-1"},"canonical":"https:\/\/onloi.com\/en\/product\/uhf-rfid-otopark-hgs-anteni\/","og_locale":"en_US","og_type":"article","og_title":"UHF RFID Otopark HGS Anteni | ONLOI","og_description":"UHF RFID otopark anteni ile Onloi sistemlerinde h\u0131zl\u0131 ve temass\u0131z ara\u00e7 ge\u00e7i\u015fi sa\u011flay\u0131n. G\u00fcvenli ve verimli \u00e7\u00f6z\u00fcm.","og_url":"https:\/\/onloi.com\/en\/product\/uhf-rfid-otopark-hgs-anteni\/","og_site_name":"Onloi","article_modified_time":"2026-03-17T06:57:24+00:00","og_image":[{"width":700,"height":700,"url":"https:\/\/onloi.com\/wp-content\/uploads\/2025\/12\/MTY2NGNhMGY3ZTZkOWE.jpg","type":"image\/jpeg"}],"twitter_card":"summary_large_image","twitter_misc":{"Est. reading time":"1 minute"},"schema":{"@context":"https:\/\/schema.org","@graph":[{"@type":"WebPage","@id":"https:\/\/onloi.com\/urun\/uhf-rfid-otopark-hgs-anteni\/","url":"https:\/\/onloi.com\/urun\/uhf-rfid-otopark-hgs-anteni\/","name":"UHF RFID Otopark HGS Anteni | ONLOI","isPartOf":{"@id":"https:\/\/onloi.com\/#website"},"primaryImageOfPage":{"@id":"https:\/\/onloi.com\/urun\/uhf-rfid-otopark-hgs-anteni\/#primaryimage"},"image":{"@id":"https:\/\/onloi.com\/urun\/uhf-rfid-otopark-hgs-anteni\/#primaryimage"},"thumbnailUrl":"https:\/\/onloi.com\/wp-content\/uploads\/2025\/12\/MTY2NGNhMGY3ZTZkOWE.jpg","datePublished":"2025-12-12T08:07:51+00:00","dateModified":"2026-03-17T06:57:24+00:00","description":"UHF RFID otopark anteni ile Onloi sistemlerinde h\u0131zl\u0131 ve temass\u0131z ara\u00e7 ge\u00e7i\u015fi sa\u011flay\u0131n. G\u00fcvenli ve verimli \u00e7\u00f6z\u00fcm.","breadcrumb":{"@id":"https:\/\/onloi.com\/urun\/uhf-rfid-otopark-hgs-anteni\/#breadcrumb"},"inLanguage":"en-US","potentialAction":[{"@type":"ReadAction","target":["https:\/\/onloi.com\/urun\/uhf-rfid-otopark-hgs-anteni\/"]}]},{"@type":"ImageObject","inLanguage":"en-US","@id":"https:\/\/onloi.com\/urun\/uhf-rfid-otopark-hgs-anteni\/#primaryimage","url":"https:\/\/onloi.com\/wp-content\/uploads\/2025\/12\/MTY2NGNhMGY3ZTZkOWE.jpg","contentUrl":"https:\/\/onloi.com\/wp-content\/uploads\/2025\/12\/MTY2NGNhMGY3ZTZkOWE.jpg","width":700,"height":700},{"@type":"BreadcrumbList","@id":"https:\/\/onloi.com\/urun\/uhf-rfid-otopark-hgs-anteni\/#breadcrumb","itemListElement":[{"@type":"ListItem","position":1,"name":"Anasayfa","item":"https:\/\/onloi.com\/"},{"@type":"ListItem","position":2,"name":"Ma\u011faza","item":"https:\/\/onloi.com\/magaza\/"},{"@type":"ListItem","position":3,"name":"UHF RFID Otopark HGS Anteni"}]},{"@type":"WebSite","@id":"https:\/\/onloi.com\/#website","url":"https:\/\/onloi.com\/","name":"Onloi","description":"Unlock Smart Living with Onloi","potentialAction":[{"@type":"SearchAction","target":{"@type":"EntryPoint","urlTemplate":"https:\/\/onloi.com\/?s={search_term_string}"},"query-input":{"@type":"PropertyValueSpecification","valueRequired":true,"valueName":"search_term_string"}}],"inLanguage":"en-US"}]}},"_links":{"self":[{"href":"https:\/\/onloi.com\/en\/wp-json\/wp\/v2\/product\/2826","targetHints":{"allow":["GET"]}}],"collection":[{"href":"https:\/\/onloi.com\/en\/wp-json\/wp\/v2\/product"}],"about":[{"href":"https:\/\/onloi.com\/en\/wp-json\/wp\/v2\/types\/product"}],"wp:featuredmedia":[{"embeddable":true,"href":"https:\/\/onloi.com\/en\/wp-json\/wp\/v2\/media\/2829"}],"wp:attachment":[{"href":"https:\/\/onloi.com\/en\/wp-json\/wp\/v2\/media?parent=2826"}],"wp:term":[{"taxonomy":"product_brand","embeddable":true,"href":"https:\/\/onloi.com\/en\/wp-json\/wp\/v2\/product_brand?post=2826"},{"taxonomy":"product_cat","embeddable":true,"href":"https:\/\/onloi.com\/en\/wp-json\/wp\/v2\/product_cat?post=2826"},{"taxonomy":"product_tag","embeddable":true,"href":"https:\/\/onloi.com\/en\/wp-json\/wp\/v2\/product_tag?post=2826"}],"curies":[{"name":"wp","href":"https:\/\/api.w.org\/{rel}","templated":true}]}}