{"id":2813,"date":"2025-12-10T22:34:27","date_gmt":"2025-12-10T19:34:27","guid":{"rendered":"https:\/\/onloi.com\/?post_type=product&#038;p=2813"},"modified":"2026-01-19T09:44:46","modified_gmt":"2026-01-19T06:44:46","slug":"mifare-damla-kart","status":"publish","type":"product","link":"https:\/\/onloi.com\/en\/product\/mifare-damla-kart\/","title":{"rendered":"Mifare Drop Card"},"content":{"rendered":"<p>&nbsp;<\/p>\n<table class=\"spec-table\">\n<tbody>\n<tr>\n<th>Feature<\/th>\n<th>Description<\/th>\n<\/tr>\n<tr>\n<td>Frequency<\/td>\n<td>13.56 MHz<\/td>\n<\/tr>\n<tr>\n<td>Product Size<\/td>\n<td>50 x 30 x 3 mm<\/td>\n<\/tr>\n<tr>\n<td>Application Areas<\/td>\n<td>Logistics, VIP, Access Control, Security, E-payment, Loyalty System, Parking, Time Tracking<\/td>\n<\/tr>\n<tr>\n<td>Operating Temperature<\/td>\n<td>-10\u00b0C ~ 60\u00b0C<\/td>\n<\/tr>\n<tr>\n<td>Storage Temperature<\/td>\n<td>-20\u00b0C ~ 85\u00b0C<\/td>\n<\/tr>\n<tr>\n<td>Relative Humidity<\/td>\n<td>%40\u201380<\/td>\n<\/tr>\n<tr>\n<td>Guarantee<\/td>\n<td>2 Years<\/td>\n<\/tr>\n<\/tbody>\n<\/table>\n\n    <div class=\"xs_social_share_widget xs_share_url after_content \t\tmain_content  wslu-style-1 wslu-share-box-shaped wslu-fill-colored wslu-none wslu-share-horizontal wslu-theme-font-no wslu-main_content\">\n\n\t\t\n        <ul>\n\t\t\t        <\/ul>\n    <\/div>","protected":false},"excerpt":{"rendered":"<div class=\"product-short-description\">\n<h4 class=\"psd-title\">Secure and Contactless Access Keychain - Mifare Technology<\/h4>\n<p class=\"psd-intro\">This smart key fob with Mifare technology stores and transfers data quickly thanks to its integrated chip. When brought close to the reader, the information is transmitted instantly, ensuring secure and contactless access.<\/p>\n<ul class=\"psd-features\">\n<li><strong>Fast and safe:<\/strong> Fast access with contactless access.<\/li>\n<li><strong>Outdoor compatible:<\/strong> Resistant against dust, dirt and water.<\/li>\n<\/ul>\n<p class=\"psd-note\">Note Compatible with the card system and ideal for controlled access.<\/p>\n<\/div>","protected":false},"featured_media":2814,"template":"","meta":{"postBodyCss":"","postBodyMargin":[],"postBodyPadding":[],"postBodyBackground":{"backgroundType":"classic","gradient":""}},"product_brand":[],"product_cat":[26,36,37],"product_tag":[],"class_list":{"0":"post-2813","1":"product","2":"type-product","3":"status-publish","4":"has-post-thumbnail","6":"product_cat-onloi-akilli-teknoloji-urunleri","7":"product_cat-erisim-kontrol-cihazlari","8":"product_cat-rfid-kartlar","10":"first","11":"instock","12":"shipping-taxable","13":"product-type-simple"},"yoast_head":"<!-- This site is optimized with the Yoast SEO plugin v26.6 - https:\/\/yoast.com\/wordpress\/plugins\/seo\/ -->\n<title>Mifare Damla Kart | ONLOI<\/title>\n<meta name=\"description\" content=\"Onloi Mifare damla kart ile g\u00fcvenli ve h\u0131zl\u0131 eri\u015fim sa\u011flay\u0131n. Ak\u0131ll\u0131 sistemler i\u00e7in temass\u0131z \u00e7\u00f6z\u00fcm.\" \/>\n<meta name=\"robots\" content=\"index, follow, max-snippet:-1, max-image-preview:large, max-video-preview:-1\" \/>\n<link rel=\"canonical\" href=\"https:\/\/onloi.com\/en\/product\/mifare-damla-kart\/\" \/>\n<meta property=\"og:locale\" content=\"en_US\" \/>\n<meta property=\"og:type\" content=\"article\" \/>\n<meta property=\"og:title\" content=\"Mifare Damla Kart | ONLOI\" \/>\n<meta property=\"og:description\" content=\"Onloi Mifare damla kart ile g\u00fcvenli ve h\u0131zl\u0131 eri\u015fim sa\u011flay\u0131n. Ak\u0131ll\u0131 sistemler i\u00e7in temass\u0131z \u00e7\u00f6z\u00fcm.\" \/>\n<meta property=\"og:url\" content=\"https:\/\/onloi.com\/en\/product\/mifare-damla-kart\/\" \/>\n<meta property=\"og:site_name\" content=\"Onloi\" \/>\n<meta property=\"article:modified_time\" content=\"2026-01-19T06:44:46+00:00\" \/>\n<meta property=\"og:image\" content=\"https:\/\/onloi.com\/wp-content\/uploads\/2025\/12\/ASMA-KILIT-3.png\" \/>\n\t<meta property=\"og:image:width\" content=\"2000\" \/>\n\t<meta property=\"og:image:height\" content=\"2000\" \/>\n\t<meta property=\"og:image:type\" content=\"image\/png\" \/>\n<meta name=\"twitter:card\" content=\"summary_large_image\" \/>\n<meta name=\"twitter:label1\" content=\"Est. reading time\" \/>\n\t<meta name=\"twitter:data1\" content=\"1 minute\" \/>\n<script type=\"application\/ld+json\" class=\"yoast-schema-graph\">{\"@context\":\"https:\/\/schema.org\",\"@graph\":[{\"@type\":\"WebPage\",\"@id\":\"https:\/\/onloi.com\/urun\/mifare-damla-kart\/\",\"url\":\"https:\/\/onloi.com\/urun\/mifare-damla-kart\/\",\"name\":\"Mifare Damla Kart | ONLOI\",\"isPartOf\":{\"@id\":\"https:\/\/onloi.com\/#website\"},\"primaryImageOfPage\":{\"@id\":\"https:\/\/onloi.com\/urun\/mifare-damla-kart\/#primaryimage\"},\"image\":{\"@id\":\"https:\/\/onloi.com\/urun\/mifare-damla-kart\/#primaryimage\"},\"thumbnailUrl\":\"https:\/\/onloi.com\/wp-content\/uploads\/2025\/12\/ASMA-KILIT-3.png\",\"datePublished\":\"2025-12-10T19:34:27+00:00\",\"dateModified\":\"2026-01-19T06:44:46+00:00\",\"description\":\"Onloi Mifare damla kart ile g\u00fcvenli ve h\u0131zl\u0131 eri\u015fim sa\u011flay\u0131n. Ak\u0131ll\u0131 sistemler i\u00e7in temass\u0131z \u00e7\u00f6z\u00fcm.\",\"breadcrumb\":{\"@id\":\"https:\/\/onloi.com\/urun\/mifare-damla-kart\/#breadcrumb\"},\"inLanguage\":\"en-US\",\"potentialAction\":[{\"@type\":\"ReadAction\",\"target\":[\"https:\/\/onloi.com\/urun\/mifare-damla-kart\/\"]}]},{\"@type\":\"ImageObject\",\"inLanguage\":\"en-US\",\"@id\":\"https:\/\/onloi.com\/urun\/mifare-damla-kart\/#primaryimage\",\"url\":\"https:\/\/onloi.com\/wp-content\/uploads\/2025\/12\/ASMA-KILIT-3.png\",\"contentUrl\":\"https:\/\/onloi.com\/wp-content\/uploads\/2025\/12\/ASMA-KILIT-3.png\",\"width\":2000,\"height\":2000},{\"@type\":\"BreadcrumbList\",\"@id\":\"https:\/\/onloi.com\/urun\/mifare-damla-kart\/#breadcrumb\",\"itemListElement\":[{\"@type\":\"ListItem\",\"position\":1,\"name\":\"Anasayfa\",\"item\":\"https:\/\/onloi.com\/\"},{\"@type\":\"ListItem\",\"position\":2,\"name\":\"Ma\u011faza\",\"item\":\"https:\/\/onloi.com\/magaza\/\"},{\"@type\":\"ListItem\",\"position\":3,\"name\":\"Mifare Damla Kart\"}]},{\"@type\":\"WebSite\",\"@id\":\"https:\/\/onloi.com\/#website\",\"url\":\"https:\/\/onloi.com\/\",\"name\":\"Onloi\",\"description\":\"Onloi ile Ak\u0131ll\u0131 Ya\u015fam\u0131n Kilidini A\u00e7\u0131n\",\"potentialAction\":[{\"@type\":\"SearchAction\",\"target\":{\"@type\":\"EntryPoint\",\"urlTemplate\":\"https:\/\/onloi.com\/?s={search_term_string}\"},\"query-input\":{\"@type\":\"PropertyValueSpecification\",\"valueRequired\":true,\"valueName\":\"search_term_string\"}}],\"inLanguage\":\"en-US\"}]}<\/script>\n<!-- \/ Yoast SEO plugin. -->","yoast_head_json":{"title":"Mifare Damla Kart | ONLOI","description":"Onloi Mifare damla kart ile g\u00fcvenli ve h\u0131zl\u0131 eri\u015fim sa\u011flay\u0131n. Ak\u0131ll\u0131 sistemler i\u00e7in temass\u0131z \u00e7\u00f6z\u00fcm.","robots":{"index":"index","follow":"follow","max-snippet":"max-snippet:-1","max-image-preview":"max-image-preview:large","max-video-preview":"max-video-preview:-1"},"canonical":"https:\/\/onloi.com\/en\/product\/mifare-damla-kart\/","og_locale":"en_US","og_type":"article","og_title":"Mifare Damla Kart | ONLOI","og_description":"Onloi Mifare damla kart ile g\u00fcvenli ve h\u0131zl\u0131 eri\u015fim sa\u011flay\u0131n. Ak\u0131ll\u0131 sistemler i\u00e7in temass\u0131z \u00e7\u00f6z\u00fcm.","og_url":"https:\/\/onloi.com\/en\/product\/mifare-damla-kart\/","og_site_name":"Onloi","article_modified_time":"2026-01-19T06:44:46+00:00","og_image":[{"width":2000,"height":2000,"url":"https:\/\/onloi.com\/wp-content\/uploads\/2025\/12\/ASMA-KILIT-3.png","type":"image\/png"}],"twitter_card":"summary_large_image","twitter_misc":{"Est. reading time":"1 minute"},"schema":{"@context":"https:\/\/schema.org","@graph":[{"@type":"WebPage","@id":"https:\/\/onloi.com\/urun\/mifare-damla-kart\/","url":"https:\/\/onloi.com\/urun\/mifare-damla-kart\/","name":"Mifare Damla Kart | ONLOI","isPartOf":{"@id":"https:\/\/onloi.com\/#website"},"primaryImageOfPage":{"@id":"https:\/\/onloi.com\/urun\/mifare-damla-kart\/#primaryimage"},"image":{"@id":"https:\/\/onloi.com\/urun\/mifare-damla-kart\/#primaryimage"},"thumbnailUrl":"https:\/\/onloi.com\/wp-content\/uploads\/2025\/12\/ASMA-KILIT-3.png","datePublished":"2025-12-10T19:34:27+00:00","dateModified":"2026-01-19T06:44:46+00:00","description":"Onloi Mifare damla kart ile g\u00fcvenli ve h\u0131zl\u0131 eri\u015fim sa\u011flay\u0131n. Ak\u0131ll\u0131 sistemler i\u00e7in temass\u0131z \u00e7\u00f6z\u00fcm.","breadcrumb":{"@id":"https:\/\/onloi.com\/urun\/mifare-damla-kart\/#breadcrumb"},"inLanguage":"en-US","potentialAction":[{"@type":"ReadAction","target":["https:\/\/onloi.com\/urun\/mifare-damla-kart\/"]}]},{"@type":"ImageObject","inLanguage":"en-US","@id":"https:\/\/onloi.com\/urun\/mifare-damla-kart\/#primaryimage","url":"https:\/\/onloi.com\/wp-content\/uploads\/2025\/12\/ASMA-KILIT-3.png","contentUrl":"https:\/\/onloi.com\/wp-content\/uploads\/2025\/12\/ASMA-KILIT-3.png","width":2000,"height":2000},{"@type":"BreadcrumbList","@id":"https:\/\/onloi.com\/urun\/mifare-damla-kart\/#breadcrumb","itemListElement":[{"@type":"ListItem","position":1,"name":"Anasayfa","item":"https:\/\/onloi.com\/"},{"@type":"ListItem","position":2,"name":"Ma\u011faza","item":"https:\/\/onloi.com\/magaza\/"},{"@type":"ListItem","position":3,"name":"Mifare Damla Kart"}]},{"@type":"WebSite","@id":"https:\/\/onloi.com\/#website","url":"https:\/\/onloi.com\/","name":"Onloi","description":"Unlock Smart Living with Onloi","potentialAction":[{"@type":"SearchAction","target":{"@type":"EntryPoint","urlTemplate":"https:\/\/onloi.com\/?s={search_term_string}"},"query-input":{"@type":"PropertyValueSpecification","valueRequired":true,"valueName":"search_term_string"}}],"inLanguage":"en-US"}]}},"_links":{"self":[{"href":"https:\/\/onloi.com\/en\/wp-json\/wp\/v2\/product\/2813","targetHints":{"allow":["GET"]}}],"collection":[{"href":"https:\/\/onloi.com\/en\/wp-json\/wp\/v2\/product"}],"about":[{"href":"https:\/\/onloi.com\/en\/wp-json\/wp\/v2\/types\/product"}],"wp:featuredmedia":[{"embeddable":true,"href":"https:\/\/onloi.com\/en\/wp-json\/wp\/v2\/media\/2814"}],"wp:attachment":[{"href":"https:\/\/onloi.com\/en\/wp-json\/wp\/v2\/media?parent=2813"}],"wp:term":[{"taxonomy":"product_brand","embeddable":true,"href":"https:\/\/onloi.com\/en\/wp-json\/wp\/v2\/product_brand?post=2813"},{"taxonomy":"product_cat","embeddable":true,"href":"https:\/\/onloi.com\/en\/wp-json\/wp\/v2\/product_cat?post=2813"},{"taxonomy":"product_tag","embeddable":true,"href":"https:\/\/onloi.com\/en\/wp-json\/wp\/v2\/product_tag?post=2813"}],"curies":[{"name":"wp","href":"https:\/\/api.w.org\/{rel}","templated":true}]}}