{"id":2809,"date":"2025-12-10T16:53:33","date_gmt":"2025-12-10T13:53:33","guid":{"rendered":"https:\/\/onloi.com\/?post_type=product&#038;p=2809"},"modified":"2026-01-19T09:45:12","modified_gmt":"2026-01-19T06:45:12","slug":"wifi-destekli-qr-okuyucu","status":"publish","type":"product","link":"https:\/\/onloi.com\/en\/product\/wifi-destekli-qr-okuyucu\/","title":{"rendered":"WIFI Supported QR Reader"},"content":{"rendered":"<p>&nbsp;<\/p>\n<table class=\"spec-table\">\n<tbody>\n<tr>\n<th>Feature<\/th>\n<th>Description<\/th>\n<\/tr>\n<tr>\n<td>Opening Methods<\/td>\n<td>QR<\/td>\n<\/tr>\n<tr>\n<td>Operating Voltage<\/td>\n<td>12V 1A<\/td>\n<\/tr>\n<tr>\n<td>Material<\/td>\n<td>ABS<\/td>\n<\/tr>\n<tr>\n<td>Product Size<\/td>\n<td>120 x 60 x 22 mm<\/td>\n<\/tr>\n<tr>\n<td>Operating Temperature<\/td>\n<td>-20\u00b0C ~ 60\u00b0C<\/td>\n<\/tr>\n<tr>\n<td>Modes of Use<\/td>\n<td>Public Mode \/ Private Mode<\/td>\n<\/tr>\n<tr>\n<td>Guarantee<\/td>\n<td>2 Years<\/td>\n<\/tr>\n<\/tbody>\n<\/table>\n\n    <div class=\"xs_social_share_widget xs_share_url after_content \t\tmain_content  wslu-style-1 wslu-share-box-shaped wslu-fill-colored wslu-none wslu-share-horizontal wslu-theme-font-no wslu-main_content\">\n\n\t\t\n        <ul>\n\t\t\t        <\/ul>\n    <\/div>","protected":false},"excerpt":{"rendered":"<div class=\"product-short-description\">\n<h4 class=\"psd-title\">Onloi QR Reader<\/h4>\n<article class=\"text-token-text-primary w-full focus:outline-none [--shadow-height:45px] has-data-writing-block:pointer-events-none has-data-writing-block:-mt-(--shadow-height) has-data-writing-block:pt-(--shadow-height) [&amp;:has([data-writing-block])&gt;*]:pointer-events-auto scroll-mt-[calc(var(--header-height)+min(200px,max(70px,20svh)))]\" dir=\"auto\" tabindex=\"-1\" data-turn-id=\"request-WEB:866cf3ba-d702-405b-8ba9-a936f07a540d-1\" data-testid=\"conversation-turn-4\" data-scroll-anchor=\"true\" data-turn=\"assistant\">\n<div class=\"text-base my-auto mx-auto pb-10 [--thread-content-margin:--spacing(4)] @w-sm\/main:[--thread-content-margin:--spacing(6)] @w-lg\/main:[--thread-content-margin:--spacing(16)] px-(--thread-content-margin)\">\n<div class=\"[--thread-content-max-width:40rem] @w-lg\/main:[--thread-content-max-width:48rem] mx-auto max-w-(--thread-content-max-width) flex-1 group\/turn-messages focus-visible:outline-hidden relative flex w-full min-w-0 flex-col agent-turn\" tabindex=\"-1\">\n<div class=\"flex max-w-full flex-col grow\">\n<div class=\"min-h-8 text-message relative flex w-full flex-col items-end gap-2 text-start break-words whitespace-normal [.text-message+&amp;]:mt-1\" dir=\"auto\" data-message-author-role=\"assistant\" data-message-id=\"86722164-7524-47f5-b713-2be72f0a33bd\" data-message-model-slug=\"gpt-5-1\">\n<div class=\"flex w-full flex-col gap-1 empty:hidden first:pt-[1px]\">\n<div class=\"markdown prose dark:prose-invert w-full break-words light markdown-new-styling\">\n<ul data-start=\"0\" data-end=\"258\" data-is-last-node=\"\" data-is-only-node=\"\">\n<li data-start=\"183\" data-end=\"258\" data-is-last-node=\"\">\n<p data-start=\"185\" data-end=\"258\" data-is-last-node=\"\">It is an ideal solution for gyms, hotels and many similar environments.<\/p>\n<\/li>\n<\/ul>\n<\/div>\n<\/div>\n<\/div>\n<\/div>\n<\/div>\n<\/div>\n<\/article>\n<\/div>","protected":false},"featured_media":2810,"template":"","meta":{"postBodyCss":"","postBodyMargin":[],"postBodyPadding":[],"postBodyBackground":{"backgroundType":"classic","gradient":""}},"product_brand":[],"product_cat":[26,36,39],"product_tag":[],"class_list":{"0":"post-2809","1":"product","2":"type-product","3":"status-publish","4":"has-post-thumbnail","6":"product_cat-onloi-akilli-teknoloji-urunleri","7":"product_cat-erisim-kontrol-cihazlari","8":"product_cat-tanimlama-cihazlari","10":"first","11":"instock","12":"shipping-taxable","13":"product-type-simple"},"yoast_head":"<!-- This site is optimized with the Yoast SEO plugin v26.6 - https:\/\/yoast.com\/wordpress\/plugins\/seo\/ -->\n<title>WiFi Destekli QR Okuyucu | ONLOI<\/title>\n<meta name=\"description\" content=\"WiFi destekli QR okuyucu ile Onloi ge\u00e7i\u015f sistemlerini y\u00f6netin. Temass\u0131z ve h\u0131zl\u0131 eri\u015fim \u00e7\u00f6z\u00fcm\u00fc sunar.\" \/>\n<meta name=\"robots\" content=\"index, follow, max-snippet:-1, max-image-preview:large, max-video-preview:-1\" \/>\n<link rel=\"canonical\" href=\"https:\/\/onloi.com\/en\/product\/wifi-destekli-qr-okuyucu\/\" \/>\n<meta property=\"og:locale\" content=\"en_US\" \/>\n<meta property=\"og:type\" content=\"article\" \/>\n<meta property=\"og:title\" content=\"WiFi Destekli QR Okuyucu | ONLOI\" \/>\n<meta property=\"og:description\" content=\"WiFi destekli QR okuyucu ile Onloi ge\u00e7i\u015f sistemlerini y\u00f6netin. Temass\u0131z ve h\u0131zl\u0131 eri\u015fim \u00e7\u00f6z\u00fcm\u00fc sunar.\" \/>\n<meta property=\"og:url\" content=\"https:\/\/onloi.com\/en\/product\/wifi-destekli-qr-okuyucu\/\" \/>\n<meta property=\"og:site_name\" content=\"Onloi\" \/>\n<meta property=\"article:modified_time\" content=\"2026-01-19T06:45:12+00:00\" \/>\n<meta property=\"og:image\" content=\"https:\/\/onloi.com\/wp-content\/uploads\/2025\/12\/2.png\" \/>\n\t<meta property=\"og:image:width\" content=\"2000\" \/>\n\t<meta property=\"og:image:height\" content=\"2000\" \/>\n\t<meta property=\"og:image:type\" content=\"image\/png\" \/>\n<meta name=\"twitter:card\" content=\"summary_large_image\" \/>\n<meta name=\"twitter:label1\" content=\"Est. reading time\" \/>\n\t<meta name=\"twitter:data1\" content=\"1 minute\" \/>\n<script type=\"application\/ld+json\" class=\"yoast-schema-graph\">{\"@context\":\"https:\/\/schema.org\",\"@graph\":[{\"@type\":\"WebPage\",\"@id\":\"https:\/\/onloi.com\/urun\/wifi-destekli-qr-okuyucu\/\",\"url\":\"https:\/\/onloi.com\/urun\/wifi-destekli-qr-okuyucu\/\",\"name\":\"WiFi Destekli QR Okuyucu | ONLOI\",\"isPartOf\":{\"@id\":\"https:\/\/onloi.com\/#website\"},\"primaryImageOfPage\":{\"@id\":\"https:\/\/onloi.com\/urun\/wifi-destekli-qr-okuyucu\/#primaryimage\"},\"image\":{\"@id\":\"https:\/\/onloi.com\/urun\/wifi-destekli-qr-okuyucu\/#primaryimage\"},\"thumbnailUrl\":\"https:\/\/onloi.com\/wp-content\/uploads\/2025\/12\/2.png\",\"datePublished\":\"2025-12-10T13:53:33+00:00\",\"dateModified\":\"2026-01-19T06:45:12+00:00\",\"description\":\"WiFi destekli QR okuyucu ile Onloi ge\u00e7i\u015f sistemlerini y\u00f6netin. Temass\u0131z ve h\u0131zl\u0131 eri\u015fim \u00e7\u00f6z\u00fcm\u00fc sunar.\",\"breadcrumb\":{\"@id\":\"https:\/\/onloi.com\/urun\/wifi-destekli-qr-okuyucu\/#breadcrumb\"},\"inLanguage\":\"en-US\",\"potentialAction\":[{\"@type\":\"ReadAction\",\"target\":[\"https:\/\/onloi.com\/urun\/wifi-destekli-qr-okuyucu\/\"]}]},{\"@type\":\"ImageObject\",\"inLanguage\":\"en-US\",\"@id\":\"https:\/\/onloi.com\/urun\/wifi-destekli-qr-okuyucu\/#primaryimage\",\"url\":\"https:\/\/onloi.com\/wp-content\/uploads\/2025\/12\/2.png\",\"contentUrl\":\"https:\/\/onloi.com\/wp-content\/uploads\/2025\/12\/2.png\",\"width\":2000,\"height\":2000},{\"@type\":\"BreadcrumbList\",\"@id\":\"https:\/\/onloi.com\/urun\/wifi-destekli-qr-okuyucu\/#breadcrumb\",\"itemListElement\":[{\"@type\":\"ListItem\",\"position\":1,\"name\":\"Anasayfa\",\"item\":\"https:\/\/onloi.com\/\"},{\"@type\":\"ListItem\",\"position\":2,\"name\":\"Ma\u011faza\",\"item\":\"https:\/\/onloi.com\/magaza\/\"},{\"@type\":\"ListItem\",\"position\":3,\"name\":\"WIFI Destekli QR Okuyucu\"}]},{\"@type\":\"WebSite\",\"@id\":\"https:\/\/onloi.com\/#website\",\"url\":\"https:\/\/onloi.com\/\",\"name\":\"Onloi\",\"description\":\"Onloi ile Ak\u0131ll\u0131 Ya\u015fam\u0131n Kilidini A\u00e7\u0131n\",\"potentialAction\":[{\"@type\":\"SearchAction\",\"target\":{\"@type\":\"EntryPoint\",\"urlTemplate\":\"https:\/\/onloi.com\/?s={search_term_string}\"},\"query-input\":{\"@type\":\"PropertyValueSpecification\",\"valueRequired\":true,\"valueName\":\"search_term_string\"}}],\"inLanguage\":\"en-US\"}]}<\/script>\n<!-- \/ Yoast SEO plugin. -->","yoast_head_json":{"title":"WiFi Destekli QR Okuyucu | ONLOI","description":"WiFi destekli QR okuyucu ile Onloi ge\u00e7i\u015f sistemlerini y\u00f6netin. Temass\u0131z ve h\u0131zl\u0131 eri\u015fim \u00e7\u00f6z\u00fcm\u00fc sunar.","robots":{"index":"index","follow":"follow","max-snippet":"max-snippet:-1","max-image-preview":"max-image-preview:large","max-video-preview":"max-video-preview:-1"},"canonical":"https:\/\/onloi.com\/en\/product\/wifi-destekli-qr-okuyucu\/","og_locale":"en_US","og_type":"article","og_title":"WiFi Destekli QR Okuyucu | ONLOI","og_description":"WiFi destekli QR okuyucu ile Onloi ge\u00e7i\u015f sistemlerini y\u00f6netin. Temass\u0131z ve h\u0131zl\u0131 eri\u015fim \u00e7\u00f6z\u00fcm\u00fc sunar.","og_url":"https:\/\/onloi.com\/en\/product\/wifi-destekli-qr-okuyucu\/","og_site_name":"Onloi","article_modified_time":"2026-01-19T06:45:12+00:00","og_image":[{"width":2000,"height":2000,"url":"https:\/\/onloi.com\/wp-content\/uploads\/2025\/12\/2.png","type":"image\/png"}],"twitter_card":"summary_large_image","twitter_misc":{"Est. reading time":"1 minute"},"schema":{"@context":"https:\/\/schema.org","@graph":[{"@type":"WebPage","@id":"https:\/\/onloi.com\/urun\/wifi-destekli-qr-okuyucu\/","url":"https:\/\/onloi.com\/urun\/wifi-destekli-qr-okuyucu\/","name":"WiFi Destekli QR Okuyucu | ONLOI","isPartOf":{"@id":"https:\/\/onloi.com\/#website"},"primaryImageOfPage":{"@id":"https:\/\/onloi.com\/urun\/wifi-destekli-qr-okuyucu\/#primaryimage"},"image":{"@id":"https:\/\/onloi.com\/urun\/wifi-destekli-qr-okuyucu\/#primaryimage"},"thumbnailUrl":"https:\/\/onloi.com\/wp-content\/uploads\/2025\/12\/2.png","datePublished":"2025-12-10T13:53:33+00:00","dateModified":"2026-01-19T06:45:12+00:00","description":"WiFi destekli QR okuyucu ile Onloi ge\u00e7i\u015f sistemlerini y\u00f6netin. Temass\u0131z ve h\u0131zl\u0131 eri\u015fim \u00e7\u00f6z\u00fcm\u00fc sunar.","breadcrumb":{"@id":"https:\/\/onloi.com\/urun\/wifi-destekli-qr-okuyucu\/#breadcrumb"},"inLanguage":"en-US","potentialAction":[{"@type":"ReadAction","target":["https:\/\/onloi.com\/urun\/wifi-destekli-qr-okuyucu\/"]}]},{"@type":"ImageObject","inLanguage":"en-US","@id":"https:\/\/onloi.com\/urun\/wifi-destekli-qr-okuyucu\/#primaryimage","url":"https:\/\/onloi.com\/wp-content\/uploads\/2025\/12\/2.png","contentUrl":"https:\/\/onloi.com\/wp-content\/uploads\/2025\/12\/2.png","width":2000,"height":2000},{"@type":"BreadcrumbList","@id":"https:\/\/onloi.com\/urun\/wifi-destekli-qr-okuyucu\/#breadcrumb","itemListElement":[{"@type":"ListItem","position":1,"name":"Anasayfa","item":"https:\/\/onloi.com\/"},{"@type":"ListItem","position":2,"name":"Ma\u011faza","item":"https:\/\/onloi.com\/magaza\/"},{"@type":"ListItem","position":3,"name":"WIFI Destekli QR Okuyucu"}]},{"@type":"WebSite","@id":"https:\/\/onloi.com\/#website","url":"https:\/\/onloi.com\/","name":"Onloi","description":"Unlock Smart Living with Onloi","potentialAction":[{"@type":"SearchAction","target":{"@type":"EntryPoint","urlTemplate":"https:\/\/onloi.com\/?s={search_term_string}"},"query-input":{"@type":"PropertyValueSpecification","valueRequired":true,"valueName":"search_term_string"}}],"inLanguage":"en-US"}]}},"_links":{"self":[{"href":"https:\/\/onloi.com\/en\/wp-json\/wp\/v2\/product\/2809","targetHints":{"allow":["GET"]}}],"collection":[{"href":"https:\/\/onloi.com\/en\/wp-json\/wp\/v2\/product"}],"about":[{"href":"https:\/\/onloi.com\/en\/wp-json\/wp\/v2\/types\/product"}],"wp:featuredmedia":[{"embeddable":true,"href":"https:\/\/onloi.com\/en\/wp-json\/wp\/v2\/media\/2810"}],"wp:attachment":[{"href":"https:\/\/onloi.com\/en\/wp-json\/wp\/v2\/media?parent=2809"}],"wp:term":[{"taxonomy":"product_brand","embeddable":true,"href":"https:\/\/onloi.com\/en\/wp-json\/wp\/v2\/product_brand?post=2809"},{"taxonomy":"product_cat","embeddable":true,"href":"https:\/\/onloi.com\/en\/wp-json\/wp\/v2\/product_cat?post=2809"},{"taxonomy":"product_tag","embeddable":true,"href":"https:\/\/onloi.com\/en\/wp-json\/wp\/v2\/product_tag?post=2809"}],"curies":[{"name":"wp","href":"https:\/\/api.w.org\/{rel}","templated":true}]}}