{"id":2778,"date":"2025-12-09T11:52:15","date_gmt":"2025-12-09T08:52:15","guid":{"rendered":"https:\/\/onloi.com\/?post_type=product&#038;p=2778"},"modified":"2026-01-22T09:21:11","modified_gmt":"2026-01-22T06:21:11","slug":"proximity-kart-otel-kapilari-icin-obg0253","status":"publish","type":"product","link":"https:\/\/onloi.com\/en\/product\/proximity-kart-otel-kapilari-icin-obg0253\/","title":{"rendered":"Proximity Card (For Hotel Doors)"},"content":{"rendered":"<p>&nbsp;<\/p>\n<table class=\"spec-table\">\n<tbody>\n<tr>\n<th>Feature<\/th>\n<th>Description<\/th>\n<\/tr>\n<tr>\n<td>Surface<\/td>\n<td>Bright<\/td>\n<\/tr>\n<tr>\n<td>Product Size<\/td>\n<td>86 x 54 x 0.8 mm<\/td>\n<\/tr>\n<tr>\n<td>Area of Use<\/td>\n<td>Onloi (OBG0250) is compatible with hotel electronic lock systems.<\/td>\n<\/tr>\n<tr>\n<td>Guarantee<\/td>\n<td>2 Years<\/td>\n<\/tr>\n<\/tbody>\n<\/table>\n\n    <div class=\"xs_social_share_widget xs_share_url after_content \t\tmain_content  wslu-style-1 wslu-share-box-shaped wslu-fill-colored wslu-none wslu-share-horizontal wslu-theme-font-no wslu-main_content\">\n\n\t\t\n        <ul>\n\t\t\t        <\/ul>\n    <\/div>","protected":false},"excerpt":{"rendered":"<div class=\"product-short-description\">\n<h4 class=\"psd-title\">Specially Designed Card for Hotels - Electronic Lock Compatible, Suitable for Color Printing<\/h4>\n<ul>\n<li data-start=\"51\" data-end=\"138\">The card surface is glossy and produced with heat transfer full color printing technology.<\/li>\n<li data-start=\"141\" data-end=\"188\">Fully compatible with hotel type lock systems.<\/li>\n<li data-start=\"191\" data-end=\"323\">It has a special design used to trigger locks; it is widely preferred in hotels, hostels and accommodation facilities.<\/li>\n<li data-start=\"326\" data-end=\"363\">High quantities are printed.<\/li>\n<\/ul>\n<\/div>","protected":false},"featured_media":3275,"template":"","meta":{"postBodyCss":"","postBodyMargin":[],"postBodyPadding":[],"postBodyBackground":{"backgroundType":"classic","gradient":""}},"product_brand":[],"product_cat":[26,27,31],"product_tag":[],"class_list":{"0":"post-2778","1":"product","2":"type-product","3":"status-publish","4":"has-post-thumbnail","6":"product_cat-onloi-akilli-teknoloji-urunleri","7":"product_cat-akilli-kapi-kilitleri","8":"product_cat-otel-kilit-ve-donanimlari","10":"first","11":"instock","12":"shipping-taxable","13":"product-type-simple"},"yoast_head":"<!-- This site is optimized with the Yoast SEO plugin v26.6 - https:\/\/yoast.com\/wordpress\/plugins\/seo\/ -->\n<title>Proximity Kart (Otel Kap\u0131lar\u0131) | ONLOI<\/title>\n<meta name=\"description\" content=\"Otel kap\u0131lar\u0131 i\u00e7in Onloi proximity kart ile temass\u0131z, g\u00fcvenli ve h\u0131zl\u0131 ge\u00e7i\u015f sa\u011flay\u0131n.\" \/>\n<meta name=\"robots\" content=\"index, follow, max-snippet:-1, max-image-preview:large, max-video-preview:-1\" \/>\n<link rel=\"canonical\" href=\"https:\/\/onloi.com\/en\/product\/proximity-kart-otel-kapilari-icin-obg0253\/\" \/>\n<meta property=\"og:locale\" content=\"en_US\" \/>\n<meta property=\"og:type\" content=\"article\" \/>\n<meta property=\"og:title\" content=\"Proximity Kart (Otel Kap\u0131lar\u0131) | ONLOI\" \/>\n<meta property=\"og:description\" content=\"Otel kap\u0131lar\u0131 i\u00e7in Onloi proximity kart ile temass\u0131z, g\u00fcvenli ve h\u0131zl\u0131 ge\u00e7i\u015f sa\u011flay\u0131n.\" \/>\n<meta property=\"og:url\" content=\"https:\/\/onloi.com\/en\/product\/proximity-kart-otel-kapilari-icin-obg0253\/\" \/>\n<meta property=\"og:site_name\" content=\"Onloi\" \/>\n<meta property=\"article:modified_time\" content=\"2026-01-22T06:21:11+00:00\" \/>\n<meta property=\"og:image\" content=\"https:\/\/onloi.com\/wp-content\/uploads\/2025\/12\/otel-karti.png\" \/>\n\t<meta property=\"og:image:width\" content=\"1000\" \/>\n\t<meta property=\"og:image:height\" content=\"1000\" \/>\n\t<meta property=\"og:image:type\" content=\"image\/png\" \/>\n<meta name=\"twitter:card\" content=\"summary_large_image\" \/>\n<meta name=\"twitter:label1\" content=\"Est. reading time\" \/>\n\t<meta name=\"twitter:data1\" content=\"1 minute\" \/>\n<script type=\"application\/ld+json\" class=\"yoast-schema-graph\">{\"@context\":\"https:\/\/schema.org\",\"@graph\":[{\"@type\":\"WebPage\",\"@id\":\"https:\/\/onloi.com\/urun\/proximity-kart-otel-kapilari-icin-obg0253\/\",\"url\":\"https:\/\/onloi.com\/urun\/proximity-kart-otel-kapilari-icin-obg0253\/\",\"name\":\"Proximity Kart (Otel Kap\u0131lar\u0131) | ONLOI\",\"isPartOf\":{\"@id\":\"https:\/\/onloi.com\/#website\"},\"primaryImageOfPage\":{\"@id\":\"https:\/\/onloi.com\/urun\/proximity-kart-otel-kapilari-icin-obg0253\/#primaryimage\"},\"image\":{\"@id\":\"https:\/\/onloi.com\/urun\/proximity-kart-otel-kapilari-icin-obg0253\/#primaryimage\"},\"thumbnailUrl\":\"https:\/\/onloi.com\/wp-content\/uploads\/2025\/12\/otel-karti.png\",\"datePublished\":\"2025-12-09T08:52:15+00:00\",\"dateModified\":\"2026-01-22T06:21:11+00:00\",\"description\":\"Otel kap\u0131lar\u0131 i\u00e7in Onloi proximity kart ile temass\u0131z, g\u00fcvenli ve h\u0131zl\u0131 ge\u00e7i\u015f sa\u011flay\u0131n.\",\"breadcrumb\":{\"@id\":\"https:\/\/onloi.com\/urun\/proximity-kart-otel-kapilari-icin-obg0253\/#breadcrumb\"},\"inLanguage\":\"en-US\",\"potentialAction\":[{\"@type\":\"ReadAction\",\"target\":[\"https:\/\/onloi.com\/urun\/proximity-kart-otel-kapilari-icin-obg0253\/\"]}]},{\"@type\":\"ImageObject\",\"inLanguage\":\"en-US\",\"@id\":\"https:\/\/onloi.com\/urun\/proximity-kart-otel-kapilari-icin-obg0253\/#primaryimage\",\"url\":\"https:\/\/onloi.com\/wp-content\/uploads\/2025\/12\/otel-karti.png\",\"contentUrl\":\"https:\/\/onloi.com\/wp-content\/uploads\/2025\/12\/otel-karti.png\",\"width\":1000,\"height\":1000},{\"@type\":\"BreadcrumbList\",\"@id\":\"https:\/\/onloi.com\/urun\/proximity-kart-otel-kapilari-icin-obg0253\/#breadcrumb\",\"itemListElement\":[{\"@type\":\"ListItem\",\"position\":1,\"name\":\"Anasayfa\",\"item\":\"https:\/\/onloi.com\/\"},{\"@type\":\"ListItem\",\"position\":2,\"name\":\"Ma\u011faza\",\"item\":\"https:\/\/onloi.com\/magaza\/\"},{\"@type\":\"ListItem\",\"position\":3,\"name\":\"Proximity Kart (Otel Kap\u0131lar\u0131 \u0130\u00e7in)\"}]},{\"@type\":\"WebSite\",\"@id\":\"https:\/\/onloi.com\/#website\",\"url\":\"https:\/\/onloi.com\/\",\"name\":\"Onloi\",\"description\":\"Onloi ile Ak\u0131ll\u0131 Ya\u015fam\u0131n Kilidini A\u00e7\u0131n\",\"potentialAction\":[{\"@type\":\"SearchAction\",\"target\":{\"@type\":\"EntryPoint\",\"urlTemplate\":\"https:\/\/onloi.com\/?s={search_term_string}\"},\"query-input\":{\"@type\":\"PropertyValueSpecification\",\"valueRequired\":true,\"valueName\":\"search_term_string\"}}],\"inLanguage\":\"en-US\"}]}<\/script>\n<!-- \/ Yoast SEO plugin. -->","yoast_head_json":{"title":"Proximity Kart (Otel Kap\u0131lar\u0131) | ONLOI","description":"Otel kap\u0131lar\u0131 i\u00e7in Onloi proximity kart ile temass\u0131z, g\u00fcvenli ve h\u0131zl\u0131 ge\u00e7i\u015f sa\u011flay\u0131n.","robots":{"index":"index","follow":"follow","max-snippet":"max-snippet:-1","max-image-preview":"max-image-preview:large","max-video-preview":"max-video-preview:-1"},"canonical":"https:\/\/onloi.com\/en\/product\/proximity-kart-otel-kapilari-icin-obg0253\/","og_locale":"en_US","og_type":"article","og_title":"Proximity Kart (Otel Kap\u0131lar\u0131) | ONLOI","og_description":"Otel kap\u0131lar\u0131 i\u00e7in Onloi proximity kart ile temass\u0131z, g\u00fcvenli ve h\u0131zl\u0131 ge\u00e7i\u015f sa\u011flay\u0131n.","og_url":"https:\/\/onloi.com\/en\/product\/proximity-kart-otel-kapilari-icin-obg0253\/","og_site_name":"Onloi","article_modified_time":"2026-01-22T06:21:11+00:00","og_image":[{"width":1000,"height":1000,"url":"https:\/\/onloi.com\/wp-content\/uploads\/2025\/12\/otel-karti.png","type":"image\/png"}],"twitter_card":"summary_large_image","twitter_misc":{"Est. reading time":"1 minute"},"schema":{"@context":"https:\/\/schema.org","@graph":[{"@type":"WebPage","@id":"https:\/\/onloi.com\/urun\/proximity-kart-otel-kapilari-icin-obg0253\/","url":"https:\/\/onloi.com\/urun\/proximity-kart-otel-kapilari-icin-obg0253\/","name":"Proximity Kart (Otel Kap\u0131lar\u0131) | ONLOI","isPartOf":{"@id":"https:\/\/onloi.com\/#website"},"primaryImageOfPage":{"@id":"https:\/\/onloi.com\/urun\/proximity-kart-otel-kapilari-icin-obg0253\/#primaryimage"},"image":{"@id":"https:\/\/onloi.com\/urun\/proximity-kart-otel-kapilari-icin-obg0253\/#primaryimage"},"thumbnailUrl":"https:\/\/onloi.com\/wp-content\/uploads\/2025\/12\/otel-karti.png","datePublished":"2025-12-09T08:52:15+00:00","dateModified":"2026-01-22T06:21:11+00:00","description":"Otel kap\u0131lar\u0131 i\u00e7in Onloi proximity kart ile temass\u0131z, g\u00fcvenli ve h\u0131zl\u0131 ge\u00e7i\u015f sa\u011flay\u0131n.","breadcrumb":{"@id":"https:\/\/onloi.com\/urun\/proximity-kart-otel-kapilari-icin-obg0253\/#breadcrumb"},"inLanguage":"en-US","potentialAction":[{"@type":"ReadAction","target":["https:\/\/onloi.com\/urun\/proximity-kart-otel-kapilari-icin-obg0253\/"]}]},{"@type":"ImageObject","inLanguage":"en-US","@id":"https:\/\/onloi.com\/urun\/proximity-kart-otel-kapilari-icin-obg0253\/#primaryimage","url":"https:\/\/onloi.com\/wp-content\/uploads\/2025\/12\/otel-karti.png","contentUrl":"https:\/\/onloi.com\/wp-content\/uploads\/2025\/12\/otel-karti.png","width":1000,"height":1000},{"@type":"BreadcrumbList","@id":"https:\/\/onloi.com\/urun\/proximity-kart-otel-kapilari-icin-obg0253\/#breadcrumb","itemListElement":[{"@type":"ListItem","position":1,"name":"Anasayfa","item":"https:\/\/onloi.com\/"},{"@type":"ListItem","position":2,"name":"Ma\u011faza","item":"https:\/\/onloi.com\/magaza\/"},{"@type":"ListItem","position":3,"name":"Proximity Kart (Otel Kap\u0131lar\u0131 \u0130\u00e7in)"}]},{"@type":"WebSite","@id":"https:\/\/onloi.com\/#website","url":"https:\/\/onloi.com\/","name":"Onloi","description":"Unlock Smart Living with Onloi","potentialAction":[{"@type":"SearchAction","target":{"@type":"EntryPoint","urlTemplate":"https:\/\/onloi.com\/?s={search_term_string}"},"query-input":{"@type":"PropertyValueSpecification","valueRequired":true,"valueName":"search_term_string"}}],"inLanguage":"en-US"}]}},"_links":{"self":[{"href":"https:\/\/onloi.com\/en\/wp-json\/wp\/v2\/product\/2778","targetHints":{"allow":["GET"]}}],"collection":[{"href":"https:\/\/onloi.com\/en\/wp-json\/wp\/v2\/product"}],"about":[{"href":"https:\/\/onloi.com\/en\/wp-json\/wp\/v2\/types\/product"}],"wp:featuredmedia":[{"embeddable":true,"href":"https:\/\/onloi.com\/en\/wp-json\/wp\/v2\/media\/3275"}],"wp:attachment":[{"href":"https:\/\/onloi.com\/en\/wp-json\/wp\/v2\/media?parent=2778"}],"wp:term":[{"taxonomy":"product_brand","embeddable":true,"href":"https:\/\/onloi.com\/en\/wp-json\/wp\/v2\/product_brand?post=2778"},{"taxonomy":"product_cat","embeddable":true,"href":"https:\/\/onloi.com\/en\/wp-json\/wp\/v2\/product_cat?post=2778"},{"taxonomy":"product_tag","embeddable":true,"href":"https:\/\/onloi.com\/en\/wp-json\/wp\/v2\/product_tag?post=2778"}],"curies":[{"name":"wp","href":"https:\/\/api.w.org\/{rel}","templated":true}]}}