{"id":2774,"date":"2025-12-08T10:14:29","date_gmt":"2025-12-08T07:14:29","guid":{"rendered":"https:\/\/onloi.com\/?post_type=product&#038;p=2774"},"modified":"2025-12-10T12:19:33","modified_gmt":"2025-12-10T09:19:33","slug":"akilli-kilit-standi","status":"publish","type":"product","link":"https:\/\/onloi.com\/en\/product\/akilli-kilit-standi\/","title":{"rendered":"Smart Lock Stand"},"content":{"rendered":"<p>&nbsp;<\/p>\n<div class=\"content-wrapper\">\n<h3 class=\"\">Technical Specifications<\/h3>\n<table class=\"spec-table\">\n<tbody>\n<tr>\n<th>Feature<\/th>\n<th>Description<\/th>\n<\/tr>\n<tr>\n<td>\u00dcr\u00fcn Boyutu &#8211; Y\u00fckseklik<\/td>\n<td>600mm<\/td>\n<\/tr>\n<tr>\n<td>Material<\/td>\n<td>Plastic<\/td>\n<\/tr>\n<\/tbody>\n<\/table>\n<\/div>\n\n    <div class=\"xs_social_share_widget xs_share_url after_content \t\tmain_content  wslu-style-1 wslu-share-box-shaped wslu-fill-colored wslu-none wslu-share-horizontal wslu-theme-font-no wslu-main_content\">\n\n\t\t\n        <ul>\n\t\t\t        <\/ul>\n    <\/div>","protected":false},"excerpt":{"rendered":"<div class=\"product-short-description\">\n<h4 class=\"psd-title\">Product Promotion Stand<\/h4>\n<ul>\n<li class=\"psd-intro\">It is a modern promotional stand designed to display your products in an organized, stylish and remarkable way in stores, fairs, showrooms and sales points.<\/li>\n<li class=\"psd-intro\">. Compatible with different product types thanks to its minimalist body structure and multiple hanging slots.<\/li>\n<\/ul>\n<\/div>","protected":false},"featured_media":2802,"template":"","meta":{"postBodyCss":"","postBodyMargin":[],"postBodyPadding":[],"postBodyBackground":{"backgroundType":"classic","gradient":""}},"product_brand":[],"product_cat":[26,41,46],"product_tag":[],"class_list":{"0":"post-2774","1":"product","2":"type-product","3":"status-publish","4":"has-post-thumbnail","6":"product_cat-onloi-akilli-teknoloji-urunleri","7":"product_cat-guvenlik-donanimlari","8":"product_cat-yardimci-urunler","10":"first","11":"instock","12":"shipping-taxable","13":"product-type-simple"},"yoast_head":"<!-- This site is optimized with the Yoast SEO plugin v26.6 - https:\/\/yoast.com\/wordpress\/plugins\/seo\/ -->\n<title>Ak\u0131ll\u0131 Kilit Stand\u0131 | \u00dcr\u00fcn Sergileme Stand\u0131 | ONLOI<\/title>\n<meta name=\"description\" content=\"Onloi ak\u0131ll\u0131 kilit stand\u0131 ile \u00fcr\u00fcnlerinizi g\u00fcvenle sergileyin ve test edin. Profesyonel kullan\u0131m i\u00e7in ideal.\" \/>\n<meta name=\"robots\" content=\"index, follow, max-snippet:-1, max-image-preview:large, max-video-preview:-1\" \/>\n<link rel=\"canonical\" href=\"https:\/\/onloi.com\/en\/product\/akilli-kilit-standi\/\" \/>\n<meta property=\"og:locale\" content=\"en_US\" \/>\n<meta property=\"og:type\" content=\"article\" \/>\n<meta property=\"og:title\" content=\"Ak\u0131ll\u0131 Kilit Stand\u0131 | \u00dcr\u00fcn Sergileme Stand\u0131 | ONLOI\" \/>\n<meta property=\"og:description\" content=\"Onloi ak\u0131ll\u0131 kilit stand\u0131 ile \u00fcr\u00fcnlerinizi g\u00fcvenle sergileyin ve test edin. Profesyonel kullan\u0131m i\u00e7in ideal.\" \/>\n<meta property=\"og:url\" content=\"https:\/\/onloi.com\/en\/product\/akilli-kilit-standi\/\" \/>\n<meta property=\"og:site_name\" content=\"Onloi\" \/>\n<meta property=\"article:modified_time\" content=\"2025-12-10T09:19:33+00:00\" \/>\n<meta property=\"og:image\" content=\"https:\/\/onloi.com\/wp-content\/uploads\/2025\/12\/image_1080-2-1.webp\" \/>\n\t<meta property=\"og:image:width\" content=\"1080\" \/>\n\t<meta property=\"og:image:height\" content=\"864\" \/>\n\t<meta property=\"og:image:type\" content=\"image\/webp\" \/>\n<meta name=\"twitter:card\" content=\"summary_large_image\" \/>\n<script type=\"application\/ld+json\" class=\"yoast-schema-graph\">{\"@context\":\"https:\/\/schema.org\",\"@graph\":[{\"@type\":\"WebPage\",\"@id\":\"https:\/\/onloi.com\/urun\/akilli-kilit-standi\/\",\"url\":\"https:\/\/onloi.com\/urun\/akilli-kilit-standi\/\",\"name\":\"Ak\u0131ll\u0131 Kilit Stand\u0131 | \u00dcr\u00fcn Sergileme Stand\u0131 | ONLOI\",\"isPartOf\":{\"@id\":\"https:\/\/onloi.com\/#website\"},\"primaryImageOfPage\":{\"@id\":\"https:\/\/onloi.com\/urun\/akilli-kilit-standi\/#primaryimage\"},\"image\":{\"@id\":\"https:\/\/onloi.com\/urun\/akilli-kilit-standi\/#primaryimage\"},\"thumbnailUrl\":\"https:\/\/onloi.com\/wp-content\/uploads\/2025\/12\/image_1080-2-1.webp\",\"datePublished\":\"2025-12-08T07:14:29+00:00\",\"dateModified\":\"2025-12-10T09:19:33+00:00\",\"description\":\"Onloi ak\u0131ll\u0131 kilit stand\u0131 ile \u00fcr\u00fcnlerinizi g\u00fcvenle sergileyin ve test edin. Profesyonel kullan\u0131m i\u00e7in ideal.\",\"breadcrumb\":{\"@id\":\"https:\/\/onloi.com\/urun\/akilli-kilit-standi\/#breadcrumb\"},\"inLanguage\":\"en-US\",\"potentialAction\":[{\"@type\":\"ReadAction\",\"target\":[\"https:\/\/onloi.com\/urun\/akilli-kilit-standi\/\"]}]},{\"@type\":\"ImageObject\",\"inLanguage\":\"en-US\",\"@id\":\"https:\/\/onloi.com\/urun\/akilli-kilit-standi\/#primaryimage\",\"url\":\"https:\/\/onloi.com\/wp-content\/uploads\/2025\/12\/image_1080-2-1.webp\",\"contentUrl\":\"https:\/\/onloi.com\/wp-content\/uploads\/2025\/12\/image_1080-2-1.webp\",\"width\":1080,\"height\":864},{\"@type\":\"BreadcrumbList\",\"@id\":\"https:\/\/onloi.com\/urun\/akilli-kilit-standi\/#breadcrumb\",\"itemListElement\":[{\"@type\":\"ListItem\",\"position\":1,\"name\":\"Anasayfa\",\"item\":\"https:\/\/onloi.com\/\"},{\"@type\":\"ListItem\",\"position\":2,\"name\":\"Ma\u011faza\",\"item\":\"https:\/\/onloi.com\/magaza\/\"},{\"@type\":\"ListItem\",\"position\":3,\"name\":\"Ak\u0131ll\u0131 Kilit Stand\u0131\"}]},{\"@type\":\"WebSite\",\"@id\":\"https:\/\/onloi.com\/#website\",\"url\":\"https:\/\/onloi.com\/\",\"name\":\"Onloi\",\"description\":\"Onloi ile Ak\u0131ll\u0131 Ya\u015fam\u0131n Kilidini A\u00e7\u0131n\",\"potentialAction\":[{\"@type\":\"SearchAction\",\"target\":{\"@type\":\"EntryPoint\",\"urlTemplate\":\"https:\/\/onloi.com\/?s={search_term_string}\"},\"query-input\":{\"@type\":\"PropertyValueSpecification\",\"valueRequired\":true,\"valueName\":\"search_term_string\"}}],\"inLanguage\":\"en-US\"}]}<\/script>\n<!-- \/ Yoast SEO plugin. -->","yoast_head_json":{"title":"Ak\u0131ll\u0131 Kilit Stand\u0131 | \u00dcr\u00fcn Sergileme Stand\u0131 | ONLOI","description":"Onloi ak\u0131ll\u0131 kilit stand\u0131 ile \u00fcr\u00fcnlerinizi g\u00fcvenle sergileyin ve test edin. Profesyonel kullan\u0131m i\u00e7in ideal.","robots":{"index":"index","follow":"follow","max-snippet":"max-snippet:-1","max-image-preview":"max-image-preview:large","max-video-preview":"max-video-preview:-1"},"canonical":"https:\/\/onloi.com\/en\/product\/akilli-kilit-standi\/","og_locale":"en_US","og_type":"article","og_title":"Ak\u0131ll\u0131 Kilit Stand\u0131 | \u00dcr\u00fcn Sergileme Stand\u0131 | ONLOI","og_description":"Onloi ak\u0131ll\u0131 kilit stand\u0131 ile \u00fcr\u00fcnlerinizi g\u00fcvenle sergileyin ve test edin. Profesyonel kullan\u0131m i\u00e7in ideal.","og_url":"https:\/\/onloi.com\/en\/product\/akilli-kilit-standi\/","og_site_name":"Onloi","article_modified_time":"2025-12-10T09:19:33+00:00","og_image":[{"width":1080,"height":864,"url":"https:\/\/onloi.com\/wp-content\/uploads\/2025\/12\/image_1080-2-1.webp","type":"image\/webp"}],"twitter_card":"summary_large_image","schema":{"@context":"https:\/\/schema.org","@graph":[{"@type":"WebPage","@id":"https:\/\/onloi.com\/urun\/akilli-kilit-standi\/","url":"https:\/\/onloi.com\/urun\/akilli-kilit-standi\/","name":"Ak\u0131ll\u0131 Kilit Stand\u0131 | \u00dcr\u00fcn Sergileme Stand\u0131 | ONLOI","isPartOf":{"@id":"https:\/\/onloi.com\/#website"},"primaryImageOfPage":{"@id":"https:\/\/onloi.com\/urun\/akilli-kilit-standi\/#primaryimage"},"image":{"@id":"https:\/\/onloi.com\/urun\/akilli-kilit-standi\/#primaryimage"},"thumbnailUrl":"https:\/\/onloi.com\/wp-content\/uploads\/2025\/12\/image_1080-2-1.webp","datePublished":"2025-12-08T07:14:29+00:00","dateModified":"2025-12-10T09:19:33+00:00","description":"Onloi ak\u0131ll\u0131 kilit stand\u0131 ile \u00fcr\u00fcnlerinizi g\u00fcvenle sergileyin ve test edin. Profesyonel kullan\u0131m i\u00e7in ideal.","breadcrumb":{"@id":"https:\/\/onloi.com\/urun\/akilli-kilit-standi\/#breadcrumb"},"inLanguage":"en-US","potentialAction":[{"@type":"ReadAction","target":["https:\/\/onloi.com\/urun\/akilli-kilit-standi\/"]}]},{"@type":"ImageObject","inLanguage":"en-US","@id":"https:\/\/onloi.com\/urun\/akilli-kilit-standi\/#primaryimage","url":"https:\/\/onloi.com\/wp-content\/uploads\/2025\/12\/image_1080-2-1.webp","contentUrl":"https:\/\/onloi.com\/wp-content\/uploads\/2025\/12\/image_1080-2-1.webp","width":1080,"height":864},{"@type":"BreadcrumbList","@id":"https:\/\/onloi.com\/urun\/akilli-kilit-standi\/#breadcrumb","itemListElement":[{"@type":"ListItem","position":1,"name":"Anasayfa","item":"https:\/\/onloi.com\/"},{"@type":"ListItem","position":2,"name":"Ma\u011faza","item":"https:\/\/onloi.com\/magaza\/"},{"@type":"ListItem","position":3,"name":"Ak\u0131ll\u0131 Kilit Stand\u0131"}]},{"@type":"WebSite","@id":"https:\/\/onloi.com\/#website","url":"https:\/\/onloi.com\/","name":"Onloi","description":"Unlock Smart Living with Onloi","potentialAction":[{"@type":"SearchAction","target":{"@type":"EntryPoint","urlTemplate":"https:\/\/onloi.com\/?s={search_term_string}"},"query-input":{"@type":"PropertyValueSpecification","valueRequired":true,"valueName":"search_term_string"}}],"inLanguage":"en-US"}]}},"_links":{"self":[{"href":"https:\/\/onloi.com\/en\/wp-json\/wp\/v2\/product\/2774","targetHints":{"allow":["GET"]}}],"collection":[{"href":"https:\/\/onloi.com\/en\/wp-json\/wp\/v2\/product"}],"about":[{"href":"https:\/\/onloi.com\/en\/wp-json\/wp\/v2\/types\/product"}],"wp:featuredmedia":[{"embeddable":true,"href":"https:\/\/onloi.com\/en\/wp-json\/wp\/v2\/media\/2802"}],"wp:attachment":[{"href":"https:\/\/onloi.com\/en\/wp-json\/wp\/v2\/media?parent=2774"}],"wp:term":[{"taxonomy":"product_brand","embeddable":true,"href":"https:\/\/onloi.com\/en\/wp-json\/wp\/v2\/product_brand?post=2774"},{"taxonomy":"product_cat","embeddable":true,"href":"https:\/\/onloi.com\/en\/wp-json\/wp\/v2\/product_cat?post=2774"},{"taxonomy":"product_tag","embeddable":true,"href":"https:\/\/onloi.com\/en\/wp-json\/wp\/v2\/product_tag?post=2774"}],"curies":[{"name":"wp","href":"https:\/\/api.w.org\/{rel}","templated":true}]}}