{"id":2696,"date":"2025-12-06T12:57:33","date_gmt":"2025-12-06T09:57:33","guid":{"rendered":"https:\/\/onloi.com\/?post_type=product&#038;p=2696"},"modified":"2026-03-17T09:57:51","modified_gmt":"2026-03-17T06:57:51","slug":"silindir-barelli-celik-kapi-kolu-tuya-uyumlu","status":"publish","type":"product","link":"https:\/\/onloi.com\/en\/product\/silindir-barelli-celik-kapi-kolu-tuya-uyumlu\/","title":{"rendered":"Cylinder Barelli Steel Door Handle Tuya Compatible"},"content":{"rendered":"<p>&nbsp;<\/p>\n<h4 class=\"\">Technical Specifications<\/h4>\n<table class=\"spec-table\">\n<tbody>\n<tr>\n<th>Feature<\/th>\n<th>Description<\/th>\n<\/tr>\n<tr>\n<td>Material<\/td>\n<td>Aluminum Alloy<\/td>\n<\/tr>\n<tr>\n<td>Opening Methods<\/td>\n<td>Mobile App, Fingerprint, Password, Card, Key<\/td>\n<\/tr>\n<tr>\n<td>Emergency Power Input<\/td>\n<td>Manual Switch<\/td>\n<\/tr>\n<tr>\n<td>Door Thickness<\/td>\n<td>75 mm<\/td>\n<\/tr>\n<tr>\n<td>Battery<\/td>\n<td>4 AAA Batteries (Not Included)<\/td>\n<\/tr>\n<tr>\n<td>Application<\/td>\n<td>Tuya Smart<\/td>\n<\/tr>\n<tr>\n<td>Guarantee<\/td>\n<td>2 Years<\/td>\n<\/tr>\n<tr>\n<td>Product Size<\/td>\n<td>175 mm (Inside: 30 mm - Outside: 40 mm)<\/td>\n<\/tr>\n<tr>\n<td>Color<\/td>\n<td>Black<\/td>\n<\/tr>\n<\/tbody>\n<\/table>\n\n    <div class=\"xs_social_share_widget xs_share_url after_content \t\tmain_content  wslu-style-1 wslu-share-box-shaped wslu-fill-colored wslu-none wslu-share-horizontal wslu-theme-font-no wslu-main_content\">\n\n\t\t\n        <ul>\n\t\t\t        <\/ul>\n    <\/div>","protected":false},"excerpt":{"rendered":"<div class=\"product-short-description\">\n<h4 class=\"psd-title\">Kilit De\u011fil, Bir Sistem &#8211; G\u00fcvenli\u011fin Yeni Ritmiyle Tan\u0131\u015f\u0131n<\/h4>\n<article class=\"text-token-text-primary w-full focus:outline-none [--shadow-height:45px] has-data-writing-block:pointer-events-none has-data-writing-block:-mt-(--shadow-height) has-data-writing-block:pt-(--shadow-height) [&amp;:has([data-writing-block])&gt;*]:pointer-events-auto [content-visibility:auto] supports-[content-visibility:auto]:[contain-intrinsic-size:auto_100lvh] scroll-mt-[calc(var(--header-height)+min(200px,max(70px,20svh)))]\" dir=\"auto\" tabindex=\"-1\" data-turn-id=\"ff75f3dd-1467-43b3-a0ce-2ce0599d0e19\" data-testid=\"conversation-turn-2\" data-scroll-anchor=\"true\" data-turn=\"assistant\">\n<div class=\"text-base my-auto mx-auto pb-10 [--thread-content-margin:--spacing(4)] @w-sm\/main:[--thread-content-margin:--spacing(6)] @w-lg\/main:[--thread-content-margin:--spacing(16)] px-(--thread-content-margin)\">\n<div class=\"[--thread-content-max-width:40rem] @w-lg\/main:[--thread-content-max-width:48rem] mx-auto max-w-(--thread-content-max-width) flex-1 group\/turn-messages focus-visible:outline-hidden relative flex w-full min-w-0 flex-col agent-turn\" tabindex=\"-1\">\n<div class=\"flex max-w-full flex-col grow\">\n<div class=\"min-h-8 text-message relative flex w-full flex-col items-end gap-2 text-start break-words whitespace-normal [.text-message+&amp;]:mt-1\" dir=\"auto\" data-message-author-role=\"assistant\" data-message-id=\"4d0a6bb9-bb03-41a2-ae99-32daf771ab0b\" data-message-model-slug=\"gpt-5-1\">\n<div class=\"flex w-full flex-col gap-1 empty:hidden first:pt-[1px]\">\n<div class=\"markdown prose dark:prose-invert w-full break-words light markdown-new-styling\">\n<ul data-start=\"49\" data-end=\"446\" data-is-last-node=\"\" data-is-only-node=\"\">\n<li data-start=\"49\" data-end=\"184\">\n<p data-start=\"51\" data-end=\"184\">The new design smart cylinder door lock has been developed to increase security in areas such as homes, hotels, schools, offices and apartments.<\/p>\n<\/li>\n<li data-start=\"185\" data-end=\"289\">\n<p data-start=\"187\" data-end=\"289\">It can be controlled remotely with the mobile app, thus preventing potentially dangerous situations.<\/p>\n<\/li>\n<li data-start=\"290\" data-end=\"382\">\n<p data-start=\"292\" data-end=\"382\">The one-touch fingerprint reader provides fast and practical entry and exit,<\/p>\n<\/li>\n<li data-start=\"290\" data-end=\"382\">\n<p data-start=\"292\" data-end=\"382\">It is frequently preferred especially for steel doors.<\/p>\n<\/li>\n<\/ul>\n<\/div>\n<\/div>\n<\/div>\n<\/div>\n<div class=\"z-0 flex min-h-[46px] justify-start\"><\/div>\n<div class=\"mt-3 w-full empty:hidden\">\n<div class=\"text-center\"><\/div>\n<\/div>\n<\/div>\n<\/div>\n<\/article>\n<div class=\"pointer-events-none h-px w-px\" aria-hidden=\"true\" data-edge=\"true\"><\/div>\n<\/div>","protected":false},"featured_media":2697,"template":"","meta":{"postBodyCss":"","postBodyMargin":[],"postBodyPadding":[],"postBodyBackground":{"backgroundType":"classic","gradient":""}},"product_brand":[],"product_cat":[26,27,28],"product_tag":[],"class_list":{"0":"post-2696","1":"product","2":"type-product","3":"status-publish","4":"has-post-thumbnail","6":"product_cat-onloi-akilli-teknoloji-urunleri","7":"product_cat-akilli-kapi-kilitleri","8":"product_cat-dis-kapi-kilitleri","10":"first","11":"instock","12":"shipping-taxable","13":"product-type-simple"},"yoast_head":"<!-- This site is optimized with the Yoast SEO plugin v26.6 - https:\/\/yoast.com\/wordpress\/plugins\/seo\/ -->\n<title>Silindir Barelli \u00c7elik Kap\u0131 Kolu | Tuya Uyumlu | ONLOI<\/title>\n<meta name=\"description\" content=\"Tuya uyumlu \u00e7elik kap\u0131 kolu ile Onloi ak\u0131ll\u0131 kilit sistemlerini y\u00f6netin. Dayan\u0131kl\u0131 ve g\u00fcvenli kullan\u0131m sunar.\" \/>\n<meta name=\"robots\" content=\"index, follow, max-snippet:-1, max-image-preview:large, max-video-preview:-1\" \/>\n<link rel=\"canonical\" href=\"https:\/\/onloi.com\/en\/product\/silindir-barelli-celik-kapi-kolu-tuya-uyumlu\/\" \/>\n<meta property=\"og:locale\" content=\"en_US\" \/>\n<meta property=\"og:type\" content=\"article\" \/>\n<meta property=\"og:title\" content=\"Silindir Barelli \u00c7elik Kap\u0131 Kolu | Tuya Uyumlu | ONLOI\" \/>\n<meta property=\"og:description\" content=\"Tuya uyumlu \u00e7elik kap\u0131 kolu ile Onloi ak\u0131ll\u0131 kilit sistemlerini y\u00f6netin. Dayan\u0131kl\u0131 ve g\u00fcvenli kullan\u0131m sunar.\" \/>\n<meta property=\"og:url\" content=\"https:\/\/onloi.com\/en\/product\/silindir-barelli-celik-kapi-kolu-tuya-uyumlu\/\" \/>\n<meta property=\"og:site_name\" content=\"Onloi\" \/>\n<meta property=\"article:modified_time\" content=\"2026-03-17T06:57:51+00:00\" \/>\n<meta property=\"og:image\" content=\"https:\/\/onloi.com\/wp-content\/uploads\/2025\/12\/H56b146ddca61458dad8e8927d508f786M.png\" \/>\n\t<meta property=\"og:image:width\" content=\"960\" \/>\n\t<meta property=\"og:image:height\" content=\"960\" \/>\n\t<meta property=\"og:image:type\" content=\"image\/png\" \/>\n<meta name=\"twitter:card\" content=\"summary_large_image\" \/>\n<meta name=\"twitter:label1\" content=\"Est. reading time\" \/>\n\t<meta name=\"twitter:data1\" content=\"1 minute\" \/>\n<script type=\"application\/ld+json\" class=\"yoast-schema-graph\">{\"@context\":\"https:\/\/schema.org\",\"@graph\":[{\"@type\":\"WebPage\",\"@id\":\"https:\/\/onloi.com\/urun\/silindir-barelli-celik-kapi-kolu-tuya-uyumlu\/\",\"url\":\"https:\/\/onloi.com\/urun\/silindir-barelli-celik-kapi-kolu-tuya-uyumlu\/\",\"name\":\"Silindir Barelli \u00c7elik Kap\u0131 Kolu | Tuya Uyumlu | ONLOI\",\"isPartOf\":{\"@id\":\"https:\/\/onloi.com\/#website\"},\"primaryImageOfPage\":{\"@id\":\"https:\/\/onloi.com\/urun\/silindir-barelli-celik-kapi-kolu-tuya-uyumlu\/#primaryimage\"},\"image\":{\"@id\":\"https:\/\/onloi.com\/urun\/silindir-barelli-celik-kapi-kolu-tuya-uyumlu\/#primaryimage\"},\"thumbnailUrl\":\"https:\/\/onloi.com\/wp-content\/uploads\/2025\/12\/H56b146ddca61458dad8e8927d508f786M.png\",\"datePublished\":\"2025-12-06T09:57:33+00:00\",\"dateModified\":\"2026-03-17T06:57:51+00:00\",\"description\":\"Tuya uyumlu \u00e7elik kap\u0131 kolu ile Onloi ak\u0131ll\u0131 kilit sistemlerini y\u00f6netin. Dayan\u0131kl\u0131 ve g\u00fcvenli kullan\u0131m sunar.\",\"breadcrumb\":{\"@id\":\"https:\/\/onloi.com\/urun\/silindir-barelli-celik-kapi-kolu-tuya-uyumlu\/#breadcrumb\"},\"inLanguage\":\"en-US\",\"potentialAction\":[{\"@type\":\"ReadAction\",\"target\":[\"https:\/\/onloi.com\/urun\/silindir-barelli-celik-kapi-kolu-tuya-uyumlu\/\"]}]},{\"@type\":\"ImageObject\",\"inLanguage\":\"en-US\",\"@id\":\"https:\/\/onloi.com\/urun\/silindir-barelli-celik-kapi-kolu-tuya-uyumlu\/#primaryimage\",\"url\":\"https:\/\/onloi.com\/wp-content\/uploads\/2025\/12\/H56b146ddca61458dad8e8927d508f786M.png\",\"contentUrl\":\"https:\/\/onloi.com\/wp-content\/uploads\/2025\/12\/H56b146ddca61458dad8e8927d508f786M.png\",\"width\":960,\"height\":960},{\"@type\":\"BreadcrumbList\",\"@id\":\"https:\/\/onloi.com\/urun\/silindir-barelli-celik-kapi-kolu-tuya-uyumlu\/#breadcrumb\",\"itemListElement\":[{\"@type\":\"ListItem\",\"position\":1,\"name\":\"Anasayfa\",\"item\":\"https:\/\/onloi.com\/\"},{\"@type\":\"ListItem\",\"position\":2,\"name\":\"Ma\u011faza\",\"item\":\"https:\/\/onloi.com\/magaza\/\"},{\"@type\":\"ListItem\",\"position\":3,\"name\":\"Silindir Barelli \u00c7elik Kap\u0131 Kolu Tuya Uyumlu\"}]},{\"@type\":\"WebSite\",\"@id\":\"https:\/\/onloi.com\/#website\",\"url\":\"https:\/\/onloi.com\/\",\"name\":\"Onloi\",\"description\":\"Onloi ile Ak\u0131ll\u0131 Ya\u015fam\u0131n Kilidini A\u00e7\u0131n\",\"potentialAction\":[{\"@type\":\"SearchAction\",\"target\":{\"@type\":\"EntryPoint\",\"urlTemplate\":\"https:\/\/onloi.com\/?s={search_term_string}\"},\"query-input\":{\"@type\":\"PropertyValueSpecification\",\"valueRequired\":true,\"valueName\":\"search_term_string\"}}],\"inLanguage\":\"en-US\"}]}<\/script>\n<!-- \/ Yoast SEO plugin. -->","yoast_head_json":{"title":"Silindir Barelli \u00c7elik Kap\u0131 Kolu | Tuya Uyumlu | ONLOI","description":"Tuya uyumlu \u00e7elik kap\u0131 kolu ile Onloi ak\u0131ll\u0131 kilit sistemlerini y\u00f6netin. Dayan\u0131kl\u0131 ve g\u00fcvenli kullan\u0131m sunar.","robots":{"index":"index","follow":"follow","max-snippet":"max-snippet:-1","max-image-preview":"max-image-preview:large","max-video-preview":"max-video-preview:-1"},"canonical":"https:\/\/onloi.com\/en\/product\/silindir-barelli-celik-kapi-kolu-tuya-uyumlu\/","og_locale":"en_US","og_type":"article","og_title":"Silindir Barelli \u00c7elik Kap\u0131 Kolu | Tuya Uyumlu | ONLOI","og_description":"Tuya uyumlu \u00e7elik kap\u0131 kolu ile Onloi ak\u0131ll\u0131 kilit sistemlerini y\u00f6netin. Dayan\u0131kl\u0131 ve g\u00fcvenli kullan\u0131m sunar.","og_url":"https:\/\/onloi.com\/en\/product\/silindir-barelli-celik-kapi-kolu-tuya-uyumlu\/","og_site_name":"Onloi","article_modified_time":"2026-03-17T06:57:51+00:00","og_image":[{"width":960,"height":960,"url":"https:\/\/onloi.com\/wp-content\/uploads\/2025\/12\/H56b146ddca61458dad8e8927d508f786M.png","type":"image\/png"}],"twitter_card":"summary_large_image","twitter_misc":{"Est. reading time":"1 minute"},"schema":{"@context":"https:\/\/schema.org","@graph":[{"@type":"WebPage","@id":"https:\/\/onloi.com\/urun\/silindir-barelli-celik-kapi-kolu-tuya-uyumlu\/","url":"https:\/\/onloi.com\/urun\/silindir-barelli-celik-kapi-kolu-tuya-uyumlu\/","name":"Silindir Barelli \u00c7elik Kap\u0131 Kolu | Tuya Uyumlu | ONLOI","isPartOf":{"@id":"https:\/\/onloi.com\/#website"},"primaryImageOfPage":{"@id":"https:\/\/onloi.com\/urun\/silindir-barelli-celik-kapi-kolu-tuya-uyumlu\/#primaryimage"},"image":{"@id":"https:\/\/onloi.com\/urun\/silindir-barelli-celik-kapi-kolu-tuya-uyumlu\/#primaryimage"},"thumbnailUrl":"https:\/\/onloi.com\/wp-content\/uploads\/2025\/12\/H56b146ddca61458dad8e8927d508f786M.png","datePublished":"2025-12-06T09:57:33+00:00","dateModified":"2026-03-17T06:57:51+00:00","description":"Tuya uyumlu \u00e7elik kap\u0131 kolu ile Onloi ak\u0131ll\u0131 kilit sistemlerini y\u00f6netin. Dayan\u0131kl\u0131 ve g\u00fcvenli kullan\u0131m sunar.","breadcrumb":{"@id":"https:\/\/onloi.com\/urun\/silindir-barelli-celik-kapi-kolu-tuya-uyumlu\/#breadcrumb"},"inLanguage":"en-US","potentialAction":[{"@type":"ReadAction","target":["https:\/\/onloi.com\/urun\/silindir-barelli-celik-kapi-kolu-tuya-uyumlu\/"]}]},{"@type":"ImageObject","inLanguage":"en-US","@id":"https:\/\/onloi.com\/urun\/silindir-barelli-celik-kapi-kolu-tuya-uyumlu\/#primaryimage","url":"https:\/\/onloi.com\/wp-content\/uploads\/2025\/12\/H56b146ddca61458dad8e8927d508f786M.png","contentUrl":"https:\/\/onloi.com\/wp-content\/uploads\/2025\/12\/H56b146ddca61458dad8e8927d508f786M.png","width":960,"height":960},{"@type":"BreadcrumbList","@id":"https:\/\/onloi.com\/urun\/silindir-barelli-celik-kapi-kolu-tuya-uyumlu\/#breadcrumb","itemListElement":[{"@type":"ListItem","position":1,"name":"Anasayfa","item":"https:\/\/onloi.com\/"},{"@type":"ListItem","position":2,"name":"Ma\u011faza","item":"https:\/\/onloi.com\/magaza\/"},{"@type":"ListItem","position":3,"name":"Silindir Barelli \u00c7elik Kap\u0131 Kolu Tuya Uyumlu"}]},{"@type":"WebSite","@id":"https:\/\/onloi.com\/#website","url":"https:\/\/onloi.com\/","name":"Onloi","description":"Unlock Smart Living with Onloi","potentialAction":[{"@type":"SearchAction","target":{"@type":"EntryPoint","urlTemplate":"https:\/\/onloi.com\/?s={search_term_string}"},"query-input":{"@type":"PropertyValueSpecification","valueRequired":true,"valueName":"search_term_string"}}],"inLanguage":"en-US"}]}},"_links":{"self":[{"href":"https:\/\/onloi.com\/en\/wp-json\/wp\/v2\/product\/2696","targetHints":{"allow":["GET"]}}],"collection":[{"href":"https:\/\/onloi.com\/en\/wp-json\/wp\/v2\/product"}],"about":[{"href":"https:\/\/onloi.com\/en\/wp-json\/wp\/v2\/types\/product"}],"wp:featuredmedia":[{"embeddable":true,"href":"https:\/\/onloi.com\/en\/wp-json\/wp\/v2\/media\/2697"}],"wp:attachment":[{"href":"https:\/\/onloi.com\/en\/wp-json\/wp\/v2\/media?parent=2696"}],"wp:term":[{"taxonomy":"product_brand","embeddable":true,"href":"https:\/\/onloi.com\/en\/wp-json\/wp\/v2\/product_brand?post=2696"},{"taxonomy":"product_cat","embeddable":true,"href":"https:\/\/onloi.com\/en\/wp-json\/wp\/v2\/product_cat?post=2696"},{"taxonomy":"product_tag","embeddable":true,"href":"https:\/\/onloi.com\/en\/wp-json\/wp\/v2\/product_tag?post=2696"}],"curies":[{"name":"wp","href":"https:\/\/api.w.org\/{rel}","templated":true}]}}