{"id":2694,"date":"2025-12-06T12:47:41","date_gmt":"2025-12-06T09:47:41","guid":{"rendered":"https:\/\/onloi.com\/?post_type=product&#038;p=2694"},"modified":"2025-12-18T09:18:12","modified_gmt":"2025-12-18T06:18:12","slug":"yangina-dayanikli-otel-kapi-kilidi","status":"publish","type":"product","link":"https:\/\/onloi.com\/en\/product\/yangina-dayanikli-otel-kapi-kilidi\/","title":{"rendered":"Fire Resistant Hotel Door Lock"},"content":{"rendered":"<p>&nbsp;<\/p>\n<p>&nbsp;<\/p>\n<table class=\"spec-table\">\n<tbody>\n<tr>\n<th>Feature<\/th>\n<th>Description<\/th>\n<\/tr>\n<tr>\n<td>Power Supply<\/td>\n<td>DC 4.5V-6.5V (4 standard 1.5V AA alkaline batteries)<\/td>\n<\/tr>\n<tr>\n<td>Battery Life<\/td>\n<td>More than 10,000 openings in normal use (approx. 12 months)<\/td>\n<\/tr>\n<tr>\n<td>Operating Temperature<\/td>\n<td>-20\u00b0C ~ +70\u00b0C<\/td>\n<\/tr>\n<tr>\n<td>Opening Methods<\/td>\n<td>Card + Key<\/td>\n<\/tr>\n<tr>\n<td>Card Reading Distance<\/td>\n<td>0-5 cm<\/td>\n<\/tr>\n<tr>\n<td>Guarantee<\/td>\n<td>2 Years<\/td>\n<\/tr>\n<\/tbody>\n<\/table>\n\n    <div class=\"xs_social_share_widget xs_share_url after_content \t\tmain_content  wslu-style-1 wslu-share-box-shaped wslu-fill-colored wslu-none wslu-share-horizontal wslu-theme-font-no wslu-main_content\">\n\n\t\t\n        <ul>\n\t\t\t        <\/ul>\n    <\/div>","protected":false},"excerpt":{"rendered":"<div class=\"product-short-description\">\n<h4 class=\"psd-title\">Fire Resistant Door Lock<\/h4>\n<ul>\n<li data-start=\"40\" data-end=\"120\">\n<div class=\"text-base my-auto mx-auto pb-10 [--thread-content-margin:--spacing(4)] @w-sm\/main:[--thread-content-margin:--spacing(6)] @w-lg\/main:[--thread-content-margin:--spacing(16)] px-(--thread-content-margin)\">\n<div class=\"[--thread-content-max-width:40rem] @w-lg\/main:[--thread-content-max-width:48rem] mx-auto max-w-(--thread-content-max-width) flex-1 group\/turn-messages focus-visible:outline-hidden relative flex w-full min-w-0 flex-col agent-turn\" tabindex=\"-1\">\n<div class=\"flex max-w-full flex-col grow\">\n<div class=\"min-h-8 text-message relative flex w-full flex-col items-end gap-2 text-start break-words whitespace-normal [.text-message+&amp;]:mt-1\" dir=\"auto\" data-message-author-role=\"assistant\" data-message-id=\"926a9997-19bc-43d8-9a01-0d44b19fc9ab\" data-message-model-slug=\"gpt-5-1\">\n<div class=\"flex w-full flex-col gap-1 empty:hidden first:pt-[1px]\">\n<div class=\"markdown prose dark:prose-invert w-full break-words light markdown-new-styling\">\n<ul data-start=\"49\" data-end=\"344\">\n<li data-start=\"49\" data-end=\"156\">\n<p data-start=\"51\" data-end=\"156\">The system's software can connect to the hotel management system to enable the \"One Card Pass\" feature.<\/p>\n<\/li>\n<li data-start=\"157\" data-end=\"191\">\n<p data-start=\"159\" data-end=\"191\">It is extremely easy to use.<\/p>\n<\/li>\n<li data-start=\"192\" data-end=\"344\" data-is-last-node=\"\">\n<p data-start=\"194\" data-end=\"344\" data-is-last-node=\"\">Our products are detected by relevant departments such as the Ministry of Public Security and have European Union CE, FCC and ROHS certificates.<\/p>\n<\/li>\n<\/ul>\n<\/div>\n<\/div>\n<\/div>\n<\/div>\n<\/div>\n<\/div>\n<\/li>\n<\/ul>\n<\/div>","protected":false},"featured_media":2783,"template":"","meta":{"postBodyCss":"","postBodyMargin":[],"postBodyPadding":[],"postBodyBackground":{"backgroundType":"classic","gradient":""}},"product_brand":[],"product_cat":[26,31],"product_tag":[],"class_list":{"0":"post-2694","1":"product","2":"type-product","3":"status-publish","4":"has-post-thumbnail","6":"product_cat-onloi-akilli-teknoloji-urunleri","7":"product_cat-otel-kilit-ve-donanimlari","9":"first","10":"instock","11":"shipping-taxable","12":"product-type-simple"},"yoast_head":"<!-- This site is optimized with the Yoast SEO plugin v26.6 - https:\/\/yoast.com\/wordpress\/plugins\/seo\/ -->\n<title>Yang\u0131na Dayan\u0131kl\u0131 Otel Kap\u0131 Kilidi | ONLOI<\/title>\n<meta name=\"description\" content=\"Yang\u0131na dayan\u0131kl\u0131 otel kap\u0131 kilidi ile Onloi g\u00fcvenli\u011fini art\u0131r\u0131n. Y\u00fcksek standartlarda dayan\u0131kl\u0131l\u0131k ve g\u00fcvenlik sa\u011flar.\" \/>\n<meta name=\"robots\" content=\"index, follow, max-snippet:-1, max-image-preview:large, max-video-preview:-1\" \/>\n<link rel=\"canonical\" href=\"https:\/\/onloi.com\/en\/product\/yangina-dayanikli-otel-kapi-kilidi\/\" \/>\n<meta property=\"og:locale\" content=\"en_US\" \/>\n<meta property=\"og:type\" content=\"article\" \/>\n<meta property=\"og:title\" content=\"Yang\u0131na Dayan\u0131kl\u0131 Otel Kap\u0131 Kilidi | ONLOI\" \/>\n<meta property=\"og:description\" content=\"Yang\u0131na dayan\u0131kl\u0131 otel kap\u0131 kilidi ile Onloi g\u00fcvenli\u011fini art\u0131r\u0131n. Y\u00fcksek standartlarda dayan\u0131kl\u0131l\u0131k ve g\u00fcvenlik sa\u011flar.\" \/>\n<meta property=\"og:url\" content=\"https:\/\/onloi.com\/en\/product\/yangina-dayanikli-otel-kapi-kilidi\/\" \/>\n<meta property=\"og:site_name\" content=\"Onloi\" \/>\n<meta property=\"article:modified_time\" content=\"2025-12-18T06:18:12+00:00\" \/>\n<meta property=\"og:image\" content=\"https:\/\/onloi.com\/wp-content\/uploads\/2025\/12\/image_1080-4.webp\" \/>\n\t<meta property=\"og:image:width\" content=\"1080\" \/>\n\t<meta property=\"og:image:height\" content=\"1207\" \/>\n\t<meta property=\"og:image:type\" content=\"image\/webp\" \/>\n<meta name=\"twitter:card\" content=\"summary_large_image\" \/>\n<script type=\"application\/ld+json\" class=\"yoast-schema-graph\">{\"@context\":\"https:\/\/schema.org\",\"@graph\":[{\"@type\":\"WebPage\",\"@id\":\"https:\/\/onloi.com\/urun\/yangina-dayanikli-otel-kapi-kilidi\/\",\"url\":\"https:\/\/onloi.com\/urun\/yangina-dayanikli-otel-kapi-kilidi\/\",\"name\":\"Yang\u0131na Dayan\u0131kl\u0131 Otel Kap\u0131 Kilidi | ONLOI\",\"isPartOf\":{\"@id\":\"https:\/\/onloi.com\/#website\"},\"primaryImageOfPage\":{\"@id\":\"https:\/\/onloi.com\/urun\/yangina-dayanikli-otel-kapi-kilidi\/#primaryimage\"},\"image\":{\"@id\":\"https:\/\/onloi.com\/urun\/yangina-dayanikli-otel-kapi-kilidi\/#primaryimage\"},\"thumbnailUrl\":\"https:\/\/onloi.com\/wp-content\/uploads\/2025\/12\/image_1080-4.webp\",\"datePublished\":\"2025-12-06T09:47:41+00:00\",\"dateModified\":\"2025-12-18T06:18:12+00:00\",\"description\":\"Yang\u0131na dayan\u0131kl\u0131 otel kap\u0131 kilidi ile Onloi g\u00fcvenli\u011fini art\u0131r\u0131n. Y\u00fcksek standartlarda dayan\u0131kl\u0131l\u0131k ve g\u00fcvenlik sa\u011flar.\",\"breadcrumb\":{\"@id\":\"https:\/\/onloi.com\/urun\/yangina-dayanikli-otel-kapi-kilidi\/#breadcrumb\"},\"inLanguage\":\"en-US\",\"potentialAction\":[{\"@type\":\"ReadAction\",\"target\":[\"https:\/\/onloi.com\/urun\/yangina-dayanikli-otel-kapi-kilidi\/\"]}]},{\"@type\":\"ImageObject\",\"inLanguage\":\"en-US\",\"@id\":\"https:\/\/onloi.com\/urun\/yangina-dayanikli-otel-kapi-kilidi\/#primaryimage\",\"url\":\"https:\/\/onloi.com\/wp-content\/uploads\/2025\/12\/image_1080-4.webp\",\"contentUrl\":\"https:\/\/onloi.com\/wp-content\/uploads\/2025\/12\/image_1080-4.webp\",\"width\":1080,\"height\":1207},{\"@type\":\"BreadcrumbList\",\"@id\":\"https:\/\/onloi.com\/urun\/yangina-dayanikli-otel-kapi-kilidi\/#breadcrumb\",\"itemListElement\":[{\"@type\":\"ListItem\",\"position\":1,\"name\":\"Anasayfa\",\"item\":\"https:\/\/onloi.com\/\"},{\"@type\":\"ListItem\",\"position\":2,\"name\":\"Ma\u011faza\",\"item\":\"https:\/\/onloi.com\/magaza\/\"},{\"@type\":\"ListItem\",\"position\":3,\"name\":\"Yang\u0131na Dayan\u0131kl\u0131 Otel Kap\u0131 Kilidi\"}]},{\"@type\":\"WebSite\",\"@id\":\"https:\/\/onloi.com\/#website\",\"url\":\"https:\/\/onloi.com\/\",\"name\":\"Onloi\",\"description\":\"Onloi ile Ak\u0131ll\u0131 Ya\u015fam\u0131n Kilidini A\u00e7\u0131n\",\"potentialAction\":[{\"@type\":\"SearchAction\",\"target\":{\"@type\":\"EntryPoint\",\"urlTemplate\":\"https:\/\/onloi.com\/?s={search_term_string}\"},\"query-input\":{\"@type\":\"PropertyValueSpecification\",\"valueRequired\":true,\"valueName\":\"search_term_string\"}}],\"inLanguage\":\"en-US\"}]}<\/script>\n<!-- \/ Yoast SEO plugin. -->","yoast_head_json":{"title":"Yang\u0131na Dayan\u0131kl\u0131 Otel Kap\u0131 Kilidi | ONLOI","description":"Yang\u0131na dayan\u0131kl\u0131 otel kap\u0131 kilidi ile Onloi g\u00fcvenli\u011fini art\u0131r\u0131n. Y\u00fcksek standartlarda dayan\u0131kl\u0131l\u0131k ve g\u00fcvenlik sa\u011flar.","robots":{"index":"index","follow":"follow","max-snippet":"max-snippet:-1","max-image-preview":"max-image-preview:large","max-video-preview":"max-video-preview:-1"},"canonical":"https:\/\/onloi.com\/en\/product\/yangina-dayanikli-otel-kapi-kilidi\/","og_locale":"en_US","og_type":"article","og_title":"Yang\u0131na Dayan\u0131kl\u0131 Otel Kap\u0131 Kilidi | ONLOI","og_description":"Yang\u0131na dayan\u0131kl\u0131 otel kap\u0131 kilidi ile Onloi g\u00fcvenli\u011fini art\u0131r\u0131n. Y\u00fcksek standartlarda dayan\u0131kl\u0131l\u0131k ve g\u00fcvenlik sa\u011flar.","og_url":"https:\/\/onloi.com\/en\/product\/yangina-dayanikli-otel-kapi-kilidi\/","og_site_name":"Onloi","article_modified_time":"2025-12-18T06:18:12+00:00","og_image":[{"width":1080,"height":1207,"url":"https:\/\/onloi.com\/wp-content\/uploads\/2025\/12\/image_1080-4.webp","type":"image\/webp"}],"twitter_card":"summary_large_image","schema":{"@context":"https:\/\/schema.org","@graph":[{"@type":"WebPage","@id":"https:\/\/onloi.com\/urun\/yangina-dayanikli-otel-kapi-kilidi\/","url":"https:\/\/onloi.com\/urun\/yangina-dayanikli-otel-kapi-kilidi\/","name":"Yang\u0131na Dayan\u0131kl\u0131 Otel Kap\u0131 Kilidi | ONLOI","isPartOf":{"@id":"https:\/\/onloi.com\/#website"},"primaryImageOfPage":{"@id":"https:\/\/onloi.com\/urun\/yangina-dayanikli-otel-kapi-kilidi\/#primaryimage"},"image":{"@id":"https:\/\/onloi.com\/urun\/yangina-dayanikli-otel-kapi-kilidi\/#primaryimage"},"thumbnailUrl":"https:\/\/onloi.com\/wp-content\/uploads\/2025\/12\/image_1080-4.webp","datePublished":"2025-12-06T09:47:41+00:00","dateModified":"2025-12-18T06:18:12+00:00","description":"Yang\u0131na dayan\u0131kl\u0131 otel kap\u0131 kilidi ile Onloi g\u00fcvenli\u011fini art\u0131r\u0131n. Y\u00fcksek standartlarda dayan\u0131kl\u0131l\u0131k ve g\u00fcvenlik sa\u011flar.","breadcrumb":{"@id":"https:\/\/onloi.com\/urun\/yangina-dayanikli-otel-kapi-kilidi\/#breadcrumb"},"inLanguage":"en-US","potentialAction":[{"@type":"ReadAction","target":["https:\/\/onloi.com\/urun\/yangina-dayanikli-otel-kapi-kilidi\/"]}]},{"@type":"ImageObject","inLanguage":"en-US","@id":"https:\/\/onloi.com\/urun\/yangina-dayanikli-otel-kapi-kilidi\/#primaryimage","url":"https:\/\/onloi.com\/wp-content\/uploads\/2025\/12\/image_1080-4.webp","contentUrl":"https:\/\/onloi.com\/wp-content\/uploads\/2025\/12\/image_1080-4.webp","width":1080,"height":1207},{"@type":"BreadcrumbList","@id":"https:\/\/onloi.com\/urun\/yangina-dayanikli-otel-kapi-kilidi\/#breadcrumb","itemListElement":[{"@type":"ListItem","position":1,"name":"Anasayfa","item":"https:\/\/onloi.com\/"},{"@type":"ListItem","position":2,"name":"Ma\u011faza","item":"https:\/\/onloi.com\/magaza\/"},{"@type":"ListItem","position":3,"name":"Yang\u0131na Dayan\u0131kl\u0131 Otel Kap\u0131 Kilidi"}]},{"@type":"WebSite","@id":"https:\/\/onloi.com\/#website","url":"https:\/\/onloi.com\/","name":"Onloi","description":"Unlock Smart Living with Onloi","potentialAction":[{"@type":"SearchAction","target":{"@type":"EntryPoint","urlTemplate":"https:\/\/onloi.com\/?s={search_term_string}"},"query-input":{"@type":"PropertyValueSpecification","valueRequired":true,"valueName":"search_term_string"}}],"inLanguage":"en-US"}]}},"_links":{"self":[{"href":"https:\/\/onloi.com\/en\/wp-json\/wp\/v2\/product\/2694","targetHints":{"allow":["GET"]}}],"collection":[{"href":"https:\/\/onloi.com\/en\/wp-json\/wp\/v2\/product"}],"about":[{"href":"https:\/\/onloi.com\/en\/wp-json\/wp\/v2\/types\/product"}],"wp:featuredmedia":[{"embeddable":true,"href":"https:\/\/onloi.com\/en\/wp-json\/wp\/v2\/media\/2783"}],"wp:attachment":[{"href":"https:\/\/onloi.com\/en\/wp-json\/wp\/v2\/media?parent=2694"}],"wp:term":[{"taxonomy":"product_brand","embeddable":true,"href":"https:\/\/onloi.com\/en\/wp-json\/wp\/v2\/product_brand?post=2694"},{"taxonomy":"product_cat","embeddable":true,"href":"https:\/\/onloi.com\/en\/wp-json\/wp\/v2\/product_cat?post=2694"},{"taxonomy":"product_tag","embeddable":true,"href":"https:\/\/onloi.com\/en\/wp-json\/wp\/v2\/product_tag?post=2694"}],"curies":[{"name":"wp","href":"https:\/\/api.w.org\/{rel}","templated":true}]}}