{"id":2693,"date":"2025-12-10T16:07:46","date_gmt":"2025-12-10T13:07:46","guid":{"rendered":"https:\/\/onloi.com\/?post_type=product&#038;p=2693"},"modified":"2025-12-12T15:22:33","modified_gmt":"2025-12-12T12:22:33","slug":"akilli-yuzuk","status":"publish","type":"product","link":"https:\/\/onloi.com\/en\/product\/akilli-yuzuk\/","title":{"rendered":"Smart Ring"},"content":{"rendered":"<p>&nbsp;<\/p>\n<h3 class=\"\">Technical Specifications<\/h3>\n<table class=\"spec-table\">\n<tbody>\n<tr>\n<th>Feature<\/th>\n<th>Description<\/th>\n<\/tr>\n<tr>\n<td>Material<\/td>\n<td>Aluminum Alloy<\/td>\n<\/tr>\n<tr>\n<td>Color<\/td>\n<td>Silver<\/td>\n<\/tr>\n<tr>\n<td>Compatibility<\/td>\n<td>\n<p data-start=\"1140\" data-end=\"1166\">Android <span data-start=\"1148\" data-end=\"1164\">5.0 and above<br \/>\n<\/span>iOS <span data-start=\"1173\" data-end=\"1190\">10.0 and above<\/span><\/p>\n<\/td>\n<\/tr>\n<tr>\n<td>Operating Temperature<\/td>\n<td>-25\u00b0C ~ 45\u00b0C<\/td>\n<\/tr>\n<tr>\n<td>Battery Capacity<\/td>\n<td>15-18 mAh<\/td>\n<\/tr>\n<tr>\n<td>Normal Use Time<\/td>\n<td>In dynamic usage scenarios <span data-start=\"1020\" data-end=\"1031\">4-6 days<\/span><\/td>\n<\/tr>\n<\/tbody>\n<\/table>\n\n    <div class=\"xs_social_share_widget xs_share_url after_content \t\tmain_content  wslu-style-1 wslu-share-box-shaped wslu-fill-colored wslu-none wslu-share-horizontal wslu-theme-font-no wslu-main_content\">\n\n\t\t\n        <ul>\n\t\t\t        <\/ul>\n    <\/div>","protected":false},"excerpt":{"rendered":"<p>&nbsp;<\/p>\n<style>  body {    margin: 0;    padding: 0;    font-family: Arial, sans-serif;    background-color: #fdfdfd;  }  .content-wrapper {    max-width: 800px;    margin: 0 auto;    padding: 20px;    box-sizing: border-box;  }  .headline-uppercase {    text-transform: uppercase;    font-weight: bold;    font-size: 1.2em;    line-height: 1.5;  }  .spec-table {    border-collapse: collapse;    margin-top: 20px;    width: 100%;    border: 1px solid #bbb;  }  .spec-table th,  .spec-table td {    border: 1px solid #bbb;    padding: 10px;    text-align: left;  }  .spec-table th {    background-color: #f4f4f4;  }  .spec-table tr:nth-child(even) {    background-color: #f9f9f9;  }  .spec-table tr:nth-child(odd) td {    background-color: #ffffff;  }  ul {    padding-left: 20px;  }  @media (max-width: 768px) {    .headline-uppercase {      font-size: 1em;    }    .content-wrapper {      padding: 10px;    }    .spec-table {      width: 100%;      font-size: 0.95em;    }  }<\/style>\n<div class=\"content-wrapper\">\n<p class=\"headline-uppercase\"><span style=\"font-weight: 400;\">Control with Smart Ring<\/span><\/p>\n<p class=\"headline-uppercase\"><span style=\"font-weight: normal;\">\u00a0<\/span><\/p>\n<p>It combines a sleek and lightweight design with advanced health tracking. Measures data such as heart rate, blood oxygen level, step count, calorie tracking and sleep analysis with high accuracy. Fast connection with Bluetooth 5.3<\/p>\n<p>&nbsp;<\/p>\n<\/div>","protected":false},"featured_media":2838,"template":"","meta":{"postBodyCss":"","postBodyMargin":[],"postBodyPadding":[],"postBodyBackground":{"backgroundType":"classic","gradient":""}},"product_brand":[],"product_cat":[26,41,46],"product_tag":[],"class_list":{"0":"post-2693","1":"product","2":"type-product","3":"status-publish","4":"has-post-thumbnail","6":"product_cat-onloi-akilli-teknoloji-urunleri","7":"product_cat-guvenlik-donanimlari","8":"product_cat-yardimci-urunler","10":"first","11":"instock","12":"shipping-taxable","13":"product-type-simple"},"yoast_head":"<!-- This site is optimized with the Yoast SEO plugin v26.6 - https:\/\/yoast.com\/wordpress\/plugins\/seo\/ -->\n<title>Ak\u0131ll\u0131 Y\u00fcz\u00fck | Temass\u0131z Eri\u015fim Teknolojisi | ONLOI<\/title>\n<meta name=\"description\" content=\"Onloi ak\u0131ll\u0131 y\u00fcz\u00fck ile kap\u0131lar\u0131n\u0131z\u0131 temass\u0131z a\u00e7\u0131n. Ak\u0131ll\u0131 kilit sistemleri ile g\u00fcvenli\u011fi cebinizde ta\u015f\u0131y\u0131n.\" \/>\n<meta name=\"robots\" content=\"index, follow, max-snippet:-1, max-image-preview:large, max-video-preview:-1\" \/>\n<link rel=\"canonical\" href=\"https:\/\/onloi.com\/en\/product\/akilli-yuzuk\/\" \/>\n<meta property=\"og:locale\" content=\"en_US\" \/>\n<meta property=\"og:type\" content=\"article\" \/>\n<meta property=\"og:title\" content=\"Ak\u0131ll\u0131 Y\u00fcz\u00fck | Temass\u0131z Eri\u015fim Teknolojisi | ONLOI\" \/>\n<meta property=\"og:description\" content=\"Onloi ak\u0131ll\u0131 y\u00fcz\u00fck ile kap\u0131lar\u0131n\u0131z\u0131 temass\u0131z a\u00e7\u0131n. Ak\u0131ll\u0131 kilit sistemleri ile g\u00fcvenli\u011fi cebinizde ta\u015f\u0131y\u0131n.\" \/>\n<meta property=\"og:url\" content=\"https:\/\/onloi.com\/en\/product\/akilli-yuzuk\/\" \/>\n<meta property=\"og:site_name\" content=\"Onloi\" \/>\n<meta property=\"article:modified_time\" content=\"2025-12-12T12:22:33+00:00\" \/>\n<meta property=\"og:image\" content=\"https:\/\/onloi.com\/wp-content\/uploads\/2025\/12\/obg0730-akilli-yuzuk-gorsel-gumus1.webp\" \/>\n\t<meta property=\"og:image:width\" content=\"1512\" \/>\n\t<meta property=\"og:image:height\" content=\"775\" \/>\n\t<meta property=\"og:image:type\" content=\"image\/webp\" \/>\n<meta name=\"twitter:card\" content=\"summary_large_image\" \/>\n<script type=\"application\/ld+json\" class=\"yoast-schema-graph\">{\"@context\":\"https:\/\/schema.org\",\"@graph\":[{\"@type\":\"WebPage\",\"@id\":\"https:\/\/onloi.com\/urun\/akilli-yuzuk\/\",\"url\":\"https:\/\/onloi.com\/urun\/akilli-yuzuk\/\",\"name\":\"Ak\u0131ll\u0131 Y\u00fcz\u00fck | Temass\u0131z Eri\u015fim Teknolojisi | ONLOI\",\"isPartOf\":{\"@id\":\"https:\/\/onloi.com\/#website\"},\"primaryImageOfPage\":{\"@id\":\"https:\/\/onloi.com\/urun\/akilli-yuzuk\/#primaryimage\"},\"image\":{\"@id\":\"https:\/\/onloi.com\/urun\/akilli-yuzuk\/#primaryimage\"},\"thumbnailUrl\":\"https:\/\/onloi.com\/wp-content\/uploads\/2025\/12\/obg0730-akilli-yuzuk-gorsel-gumus1.webp\",\"datePublished\":\"2025-12-10T13:07:46+00:00\",\"dateModified\":\"2025-12-12T12:22:33+00:00\",\"description\":\"Onloi ak\u0131ll\u0131 y\u00fcz\u00fck ile kap\u0131lar\u0131n\u0131z\u0131 temass\u0131z a\u00e7\u0131n. Ak\u0131ll\u0131 kilit sistemleri ile g\u00fcvenli\u011fi cebinizde ta\u015f\u0131y\u0131n.\",\"breadcrumb\":{\"@id\":\"https:\/\/onloi.com\/urun\/akilli-yuzuk\/#breadcrumb\"},\"inLanguage\":\"en-US\",\"potentialAction\":[{\"@type\":\"ReadAction\",\"target\":[\"https:\/\/onloi.com\/urun\/akilli-yuzuk\/\"]}]},{\"@type\":\"ImageObject\",\"inLanguage\":\"en-US\",\"@id\":\"https:\/\/onloi.com\/urun\/akilli-yuzuk\/#primaryimage\",\"url\":\"https:\/\/onloi.com\/wp-content\/uploads\/2025\/12\/obg0730-akilli-yuzuk-gorsel-gumus1.webp\",\"contentUrl\":\"https:\/\/onloi.com\/wp-content\/uploads\/2025\/12\/obg0730-akilli-yuzuk-gorsel-gumus1.webp\",\"width\":1512,\"height\":775},{\"@type\":\"BreadcrumbList\",\"@id\":\"https:\/\/onloi.com\/urun\/akilli-yuzuk\/#breadcrumb\",\"itemListElement\":[{\"@type\":\"ListItem\",\"position\":1,\"name\":\"Anasayfa\",\"item\":\"https:\/\/onloi.com\/\"},{\"@type\":\"ListItem\",\"position\":2,\"name\":\"Ma\u011faza\",\"item\":\"https:\/\/onloi.com\/magaza\/\"},{\"@type\":\"ListItem\",\"position\":3,\"name\":\"Ak\u0131ll\u0131 Y\u00fcz\u00fck\"}]},{\"@type\":\"WebSite\",\"@id\":\"https:\/\/onloi.com\/#website\",\"url\":\"https:\/\/onloi.com\/\",\"name\":\"Onloi\",\"description\":\"Onloi ile Ak\u0131ll\u0131 Ya\u015fam\u0131n Kilidini A\u00e7\u0131n\",\"potentialAction\":[{\"@type\":\"SearchAction\",\"target\":{\"@type\":\"EntryPoint\",\"urlTemplate\":\"https:\/\/onloi.com\/?s={search_term_string}\"},\"query-input\":{\"@type\":\"PropertyValueSpecification\",\"valueRequired\":true,\"valueName\":\"search_term_string\"}}],\"inLanguage\":\"en-US\"}]}<\/script>\n<!-- \/ Yoast SEO plugin. -->","yoast_head_json":{"title":"Ak\u0131ll\u0131 Y\u00fcz\u00fck | Temass\u0131z Eri\u015fim Teknolojisi | ONLOI","description":"Onloi ak\u0131ll\u0131 y\u00fcz\u00fck ile kap\u0131lar\u0131n\u0131z\u0131 temass\u0131z a\u00e7\u0131n. Ak\u0131ll\u0131 kilit sistemleri ile g\u00fcvenli\u011fi cebinizde ta\u015f\u0131y\u0131n.","robots":{"index":"index","follow":"follow","max-snippet":"max-snippet:-1","max-image-preview":"max-image-preview:large","max-video-preview":"max-video-preview:-1"},"canonical":"https:\/\/onloi.com\/en\/product\/akilli-yuzuk\/","og_locale":"en_US","og_type":"article","og_title":"Ak\u0131ll\u0131 Y\u00fcz\u00fck | Temass\u0131z Eri\u015fim Teknolojisi | ONLOI","og_description":"Onloi ak\u0131ll\u0131 y\u00fcz\u00fck ile kap\u0131lar\u0131n\u0131z\u0131 temass\u0131z a\u00e7\u0131n. Ak\u0131ll\u0131 kilit sistemleri ile g\u00fcvenli\u011fi cebinizde ta\u015f\u0131y\u0131n.","og_url":"https:\/\/onloi.com\/en\/product\/akilli-yuzuk\/","og_site_name":"Onloi","article_modified_time":"2025-12-12T12:22:33+00:00","og_image":[{"width":1512,"height":775,"url":"https:\/\/onloi.com\/wp-content\/uploads\/2025\/12\/obg0730-akilli-yuzuk-gorsel-gumus1.webp","type":"image\/webp"}],"twitter_card":"summary_large_image","schema":{"@context":"https:\/\/schema.org","@graph":[{"@type":"WebPage","@id":"https:\/\/onloi.com\/urun\/akilli-yuzuk\/","url":"https:\/\/onloi.com\/urun\/akilli-yuzuk\/","name":"Ak\u0131ll\u0131 Y\u00fcz\u00fck | Temass\u0131z Eri\u015fim Teknolojisi | ONLOI","isPartOf":{"@id":"https:\/\/onloi.com\/#website"},"primaryImageOfPage":{"@id":"https:\/\/onloi.com\/urun\/akilli-yuzuk\/#primaryimage"},"image":{"@id":"https:\/\/onloi.com\/urun\/akilli-yuzuk\/#primaryimage"},"thumbnailUrl":"https:\/\/onloi.com\/wp-content\/uploads\/2025\/12\/obg0730-akilli-yuzuk-gorsel-gumus1.webp","datePublished":"2025-12-10T13:07:46+00:00","dateModified":"2025-12-12T12:22:33+00:00","description":"Onloi ak\u0131ll\u0131 y\u00fcz\u00fck ile kap\u0131lar\u0131n\u0131z\u0131 temass\u0131z a\u00e7\u0131n. Ak\u0131ll\u0131 kilit sistemleri ile g\u00fcvenli\u011fi cebinizde ta\u015f\u0131y\u0131n.","breadcrumb":{"@id":"https:\/\/onloi.com\/urun\/akilli-yuzuk\/#breadcrumb"},"inLanguage":"en-US","potentialAction":[{"@type":"ReadAction","target":["https:\/\/onloi.com\/urun\/akilli-yuzuk\/"]}]},{"@type":"ImageObject","inLanguage":"en-US","@id":"https:\/\/onloi.com\/urun\/akilli-yuzuk\/#primaryimage","url":"https:\/\/onloi.com\/wp-content\/uploads\/2025\/12\/obg0730-akilli-yuzuk-gorsel-gumus1.webp","contentUrl":"https:\/\/onloi.com\/wp-content\/uploads\/2025\/12\/obg0730-akilli-yuzuk-gorsel-gumus1.webp","width":1512,"height":775},{"@type":"BreadcrumbList","@id":"https:\/\/onloi.com\/urun\/akilli-yuzuk\/#breadcrumb","itemListElement":[{"@type":"ListItem","position":1,"name":"Anasayfa","item":"https:\/\/onloi.com\/"},{"@type":"ListItem","position":2,"name":"Ma\u011faza","item":"https:\/\/onloi.com\/magaza\/"},{"@type":"ListItem","position":3,"name":"Ak\u0131ll\u0131 Y\u00fcz\u00fck"}]},{"@type":"WebSite","@id":"https:\/\/onloi.com\/#website","url":"https:\/\/onloi.com\/","name":"Onloi","description":"Unlock Smart Living with Onloi","potentialAction":[{"@type":"SearchAction","target":{"@type":"EntryPoint","urlTemplate":"https:\/\/onloi.com\/?s={search_term_string}"},"query-input":{"@type":"PropertyValueSpecification","valueRequired":true,"valueName":"search_term_string"}}],"inLanguage":"en-US"}]}},"_links":{"self":[{"href":"https:\/\/onloi.com\/en\/wp-json\/wp\/v2\/product\/2693","targetHints":{"allow":["GET"]}}],"collection":[{"href":"https:\/\/onloi.com\/en\/wp-json\/wp\/v2\/product"}],"about":[{"href":"https:\/\/onloi.com\/en\/wp-json\/wp\/v2\/types\/product"}],"wp:featuredmedia":[{"embeddable":true,"href":"https:\/\/onloi.com\/en\/wp-json\/wp\/v2\/media\/2838"}],"wp:attachment":[{"href":"https:\/\/onloi.com\/en\/wp-json\/wp\/v2\/media?parent=2693"}],"wp:term":[{"taxonomy":"product_brand","embeddable":true,"href":"https:\/\/onloi.com\/en\/wp-json\/wp\/v2\/product_brand?post=2693"},{"taxonomy":"product_cat","embeddable":true,"href":"https:\/\/onloi.com\/en\/wp-json\/wp\/v2\/product_cat?post=2693"},{"taxonomy":"product_tag","embeddable":true,"href":"https:\/\/onloi.com\/en\/wp-json\/wp\/v2\/product_tag?post=2693"}],"curies":[{"name":"wp","href":"https:\/\/api.w.org\/{rel}","templated":true}]}}