{"id":2689,"date":"2025-12-05T17:13:23","date_gmt":"2025-12-05T14:13:23","guid":{"rendered":"https:\/\/onloi.com\/?post_type=product&#038;p=2689"},"modified":"2026-03-17T09:58:02","modified_gmt":"2026-03-17T06:58:02","slug":"batarya-yuz-tanimlamali-akilli-kilit-btr0320","status":"publish","type":"product","link":"https:\/\/onloi.com\/en\/product\/batarya-yuz-tanimlamali-akilli-kilit-btr0320\/","title":{"rendered":"Battery (Face Unlock Smart Lock)"},"content":{"rendered":"<p>&nbsp;<\/p>\n<h3 class=\"\">Technical Specifications<\/h3>\n<table class=\"spec-table\">\n<tbody>\n<tr>\n<th>Feature<\/th>\n<th>Description<\/th>\n<\/tr>\n<tr>\n<td>Compatible Products<\/td>\n<td>OK0320, OK0321<\/td>\n<\/tr>\n<tr>\n<td>Product Size<\/td>\n<td>59 x 101 x 17 mm<\/td>\n<\/tr>\n<\/tbody>\n<\/table>\n\n    <div class=\"xs_social_share_widget xs_share_url after_content \t\tmain_content  wslu-style-1 wslu-share-box-shaped wslu-fill-colored wslu-none wslu-share-horizontal wslu-theme-font-no wslu-main_content\">\n\n\t\t\n        <ul>\n\t\t\t        <\/ul>\n    <\/div>","protected":false},"excerpt":{"rendered":"<p>&nbsp;<\/p>\n<p>&nbsp;<\/p>\n<div class=\"content-wrapper\">\n<p>OK0320 and OK0321 Face Unlock Smart Locks have different batteries.<\/p>\n<p>You can order by selecting the product you have.<\/p>\n<p>Please contact for order and detailed information.<\/p>\n<\/div>","protected":false},"featured_media":2690,"template":"","meta":{"postBodyCss":"","postBodyMargin":[],"postBodyPadding":[],"postBodyBackground":{"backgroundType":"classic","gradient":""}},"product_brand":[],"product_cat":[26,46],"product_tag":[],"class_list":{"0":"post-2689","1":"product","2":"type-product","3":"status-publish","4":"has-post-thumbnail","6":"product_cat-onloi-akilli-teknoloji-urunleri","7":"product_cat-yardimci-urunler","9":"first","10":"instock","11":"shipping-taxable","12":"product-type-simple"},"yoast_head":"<!-- This site is optimized with the Yoast SEO plugin v26.6 - https:\/\/yoast.com\/wordpress\/plugins\/seo\/ -->\n<title>Ak\u0131ll\u0131 Kilit Bataryas\u0131 | Y\u00fcz Tan\u0131ma Uyumlu | ONLOI<\/title>\n<meta name=\"description\" content=\"Y\u00fcz tan\u0131mlamal\u0131 ak\u0131ll\u0131 kilit bataryas\u0131 ile Onloi sistemlerinizi kesintisiz \u00e7al\u0131\u015ft\u0131r\u0131n. Dayan\u0131kl\u0131 ve g\u00fcvenli enerji kayna\u011f\u0131.\" \/>\n<meta name=\"robots\" content=\"index, follow, max-snippet:-1, max-image-preview:large, max-video-preview:-1\" \/>\n<link rel=\"canonical\" href=\"https:\/\/onloi.com\/en\/product\/batarya-yuz-tanimlamali-akilli-kilit-btr0320\/\" \/>\n<meta property=\"og:locale\" content=\"en_US\" \/>\n<meta property=\"og:type\" content=\"article\" \/>\n<meta property=\"og:title\" content=\"Ak\u0131ll\u0131 Kilit Bataryas\u0131 | Y\u00fcz Tan\u0131ma Uyumlu | ONLOI\" \/>\n<meta property=\"og:description\" content=\"Y\u00fcz tan\u0131mlamal\u0131 ak\u0131ll\u0131 kilit bataryas\u0131 ile Onloi sistemlerinizi kesintisiz \u00e7al\u0131\u015ft\u0131r\u0131n. Dayan\u0131kl\u0131 ve g\u00fcvenli enerji kayna\u011f\u0131.\" \/>\n<meta property=\"og:url\" content=\"https:\/\/onloi.com\/en\/product\/batarya-yuz-tanimlamali-akilli-kilit-btr0320\/\" \/>\n<meta property=\"og:site_name\" content=\"Onloi\" \/>\n<meta property=\"article:modified_time\" content=\"2026-03-17T06:58:02+00:00\" \/>\n<meta property=\"og:image\" content=\"https:\/\/onloi.com\/wp-content\/uploads\/2025\/12\/Your-paragraph-text-23.png\" \/>\n\t<meta property=\"og:image:width\" content=\"2000\" \/>\n\t<meta property=\"og:image:height\" content=\"1600\" \/>\n\t<meta property=\"og:image:type\" content=\"image\/png\" \/>\n<meta name=\"twitter:card\" content=\"summary_large_image\" \/>\n<script type=\"application\/ld+json\" class=\"yoast-schema-graph\">{\"@context\":\"https:\/\/schema.org\",\"@graph\":[{\"@type\":\"WebPage\",\"@id\":\"https:\/\/onloi.com\/urun\/batarya-yuz-tanimlamali-akilli-kilit-btr0320\/\",\"url\":\"https:\/\/onloi.com\/urun\/batarya-yuz-tanimlamali-akilli-kilit-btr0320\/\",\"name\":\"Ak\u0131ll\u0131 Kilit Bataryas\u0131 | Y\u00fcz Tan\u0131ma Uyumlu | ONLOI\",\"isPartOf\":{\"@id\":\"https:\/\/onloi.com\/#website\"},\"primaryImageOfPage\":{\"@id\":\"https:\/\/onloi.com\/urun\/batarya-yuz-tanimlamali-akilli-kilit-btr0320\/#primaryimage\"},\"image\":{\"@id\":\"https:\/\/onloi.com\/urun\/batarya-yuz-tanimlamali-akilli-kilit-btr0320\/#primaryimage\"},\"thumbnailUrl\":\"https:\/\/onloi.com\/wp-content\/uploads\/2025\/12\/Your-paragraph-text-23.png\",\"datePublished\":\"2025-12-05T14:13:23+00:00\",\"dateModified\":\"2026-03-17T06:58:02+00:00\",\"description\":\"Y\u00fcz tan\u0131mlamal\u0131 ak\u0131ll\u0131 kilit bataryas\u0131 ile Onloi sistemlerinizi kesintisiz \u00e7al\u0131\u015ft\u0131r\u0131n. Dayan\u0131kl\u0131 ve g\u00fcvenli enerji kayna\u011f\u0131.\",\"breadcrumb\":{\"@id\":\"https:\/\/onloi.com\/urun\/batarya-yuz-tanimlamali-akilli-kilit-btr0320\/#breadcrumb\"},\"inLanguage\":\"en-US\",\"potentialAction\":[{\"@type\":\"ReadAction\",\"target\":[\"https:\/\/onloi.com\/urun\/batarya-yuz-tanimlamali-akilli-kilit-btr0320\/\"]}]},{\"@type\":\"ImageObject\",\"inLanguage\":\"en-US\",\"@id\":\"https:\/\/onloi.com\/urun\/batarya-yuz-tanimlamali-akilli-kilit-btr0320\/#primaryimage\",\"url\":\"https:\/\/onloi.com\/wp-content\/uploads\/2025\/12\/Your-paragraph-text-23.png\",\"contentUrl\":\"https:\/\/onloi.com\/wp-content\/uploads\/2025\/12\/Your-paragraph-text-23.png\",\"width\":2000,\"height\":1600},{\"@type\":\"BreadcrumbList\",\"@id\":\"https:\/\/onloi.com\/urun\/batarya-yuz-tanimlamali-akilli-kilit-btr0320\/#breadcrumb\",\"itemListElement\":[{\"@type\":\"ListItem\",\"position\":1,\"name\":\"Anasayfa\",\"item\":\"https:\/\/onloi.com\/\"},{\"@type\":\"ListItem\",\"position\":2,\"name\":\"Ma\u011faza\",\"item\":\"https:\/\/onloi.com\/magaza\/\"},{\"@type\":\"ListItem\",\"position\":3,\"name\":\"Batarya (Y\u00fcz Tan\u0131mlamal\u0131 Ak\u0131ll\u0131 Kilit)\"}]},{\"@type\":\"WebSite\",\"@id\":\"https:\/\/onloi.com\/#website\",\"url\":\"https:\/\/onloi.com\/\",\"name\":\"Onloi\",\"description\":\"Onloi ile Ak\u0131ll\u0131 Ya\u015fam\u0131n Kilidini A\u00e7\u0131n\",\"potentialAction\":[{\"@type\":\"SearchAction\",\"target\":{\"@type\":\"EntryPoint\",\"urlTemplate\":\"https:\/\/onloi.com\/?s={search_term_string}\"},\"query-input\":{\"@type\":\"PropertyValueSpecification\",\"valueRequired\":true,\"valueName\":\"search_term_string\"}}],\"inLanguage\":\"en-US\"}]}<\/script>\n<!-- \/ Yoast SEO plugin. -->","yoast_head_json":{"title":"Ak\u0131ll\u0131 Kilit Bataryas\u0131 | Y\u00fcz Tan\u0131ma Uyumlu | ONLOI","description":"Y\u00fcz tan\u0131mlamal\u0131 ak\u0131ll\u0131 kilit bataryas\u0131 ile Onloi sistemlerinizi kesintisiz \u00e7al\u0131\u015ft\u0131r\u0131n. Dayan\u0131kl\u0131 ve g\u00fcvenli enerji kayna\u011f\u0131.","robots":{"index":"index","follow":"follow","max-snippet":"max-snippet:-1","max-image-preview":"max-image-preview:large","max-video-preview":"max-video-preview:-1"},"canonical":"https:\/\/onloi.com\/en\/product\/batarya-yuz-tanimlamali-akilli-kilit-btr0320\/","og_locale":"en_US","og_type":"article","og_title":"Ak\u0131ll\u0131 Kilit Bataryas\u0131 | Y\u00fcz Tan\u0131ma Uyumlu | ONLOI","og_description":"Y\u00fcz tan\u0131mlamal\u0131 ak\u0131ll\u0131 kilit bataryas\u0131 ile Onloi sistemlerinizi kesintisiz \u00e7al\u0131\u015ft\u0131r\u0131n. Dayan\u0131kl\u0131 ve g\u00fcvenli enerji kayna\u011f\u0131.","og_url":"https:\/\/onloi.com\/en\/product\/batarya-yuz-tanimlamali-akilli-kilit-btr0320\/","og_site_name":"Onloi","article_modified_time":"2026-03-17T06:58:02+00:00","og_image":[{"width":2000,"height":1600,"url":"https:\/\/onloi.com\/wp-content\/uploads\/2025\/12\/Your-paragraph-text-23.png","type":"image\/png"}],"twitter_card":"summary_large_image","schema":{"@context":"https:\/\/schema.org","@graph":[{"@type":"WebPage","@id":"https:\/\/onloi.com\/urun\/batarya-yuz-tanimlamali-akilli-kilit-btr0320\/","url":"https:\/\/onloi.com\/urun\/batarya-yuz-tanimlamali-akilli-kilit-btr0320\/","name":"Ak\u0131ll\u0131 Kilit Bataryas\u0131 | Y\u00fcz Tan\u0131ma Uyumlu | ONLOI","isPartOf":{"@id":"https:\/\/onloi.com\/#website"},"primaryImageOfPage":{"@id":"https:\/\/onloi.com\/urun\/batarya-yuz-tanimlamali-akilli-kilit-btr0320\/#primaryimage"},"image":{"@id":"https:\/\/onloi.com\/urun\/batarya-yuz-tanimlamali-akilli-kilit-btr0320\/#primaryimage"},"thumbnailUrl":"https:\/\/onloi.com\/wp-content\/uploads\/2025\/12\/Your-paragraph-text-23.png","datePublished":"2025-12-05T14:13:23+00:00","dateModified":"2026-03-17T06:58:02+00:00","description":"Y\u00fcz tan\u0131mlamal\u0131 ak\u0131ll\u0131 kilit bataryas\u0131 ile Onloi sistemlerinizi kesintisiz \u00e7al\u0131\u015ft\u0131r\u0131n. Dayan\u0131kl\u0131 ve g\u00fcvenli enerji kayna\u011f\u0131.","breadcrumb":{"@id":"https:\/\/onloi.com\/urun\/batarya-yuz-tanimlamali-akilli-kilit-btr0320\/#breadcrumb"},"inLanguage":"en-US","potentialAction":[{"@type":"ReadAction","target":["https:\/\/onloi.com\/urun\/batarya-yuz-tanimlamali-akilli-kilit-btr0320\/"]}]},{"@type":"ImageObject","inLanguage":"en-US","@id":"https:\/\/onloi.com\/urun\/batarya-yuz-tanimlamali-akilli-kilit-btr0320\/#primaryimage","url":"https:\/\/onloi.com\/wp-content\/uploads\/2025\/12\/Your-paragraph-text-23.png","contentUrl":"https:\/\/onloi.com\/wp-content\/uploads\/2025\/12\/Your-paragraph-text-23.png","width":2000,"height":1600},{"@type":"BreadcrumbList","@id":"https:\/\/onloi.com\/urun\/batarya-yuz-tanimlamali-akilli-kilit-btr0320\/#breadcrumb","itemListElement":[{"@type":"ListItem","position":1,"name":"Anasayfa","item":"https:\/\/onloi.com\/"},{"@type":"ListItem","position":2,"name":"Ma\u011faza","item":"https:\/\/onloi.com\/magaza\/"},{"@type":"ListItem","position":3,"name":"Batarya (Y\u00fcz Tan\u0131mlamal\u0131 Ak\u0131ll\u0131 Kilit)"}]},{"@type":"WebSite","@id":"https:\/\/onloi.com\/#website","url":"https:\/\/onloi.com\/","name":"Onloi","description":"Unlock Smart Living with Onloi","potentialAction":[{"@type":"SearchAction","target":{"@type":"EntryPoint","urlTemplate":"https:\/\/onloi.com\/?s={search_term_string}"},"query-input":{"@type":"PropertyValueSpecification","valueRequired":true,"valueName":"search_term_string"}}],"inLanguage":"en-US"}]}},"_links":{"self":[{"href":"https:\/\/onloi.com\/en\/wp-json\/wp\/v2\/product\/2689","targetHints":{"allow":["GET"]}}],"collection":[{"href":"https:\/\/onloi.com\/en\/wp-json\/wp\/v2\/product"}],"about":[{"href":"https:\/\/onloi.com\/en\/wp-json\/wp\/v2\/types\/product"}],"wp:featuredmedia":[{"embeddable":true,"href":"https:\/\/onloi.com\/en\/wp-json\/wp\/v2\/media\/2690"}],"wp:attachment":[{"href":"https:\/\/onloi.com\/en\/wp-json\/wp\/v2\/media?parent=2689"}],"wp:term":[{"taxonomy":"product_brand","embeddable":true,"href":"https:\/\/onloi.com\/en\/wp-json\/wp\/v2\/product_brand?post=2689"},{"taxonomy":"product_cat","embeddable":true,"href":"https:\/\/onloi.com\/en\/wp-json\/wp\/v2\/product_cat?post=2689"},{"taxonomy":"product_tag","embeddable":true,"href":"https:\/\/onloi.com\/en\/wp-json\/wp\/v2\/product_tag?post=2689"}],"curies":[{"name":"wp","href":"https:\/\/api.w.org\/{rel}","templated":true}]}}