{"id":2681,"date":"2025-12-05T10:07:31","date_gmt":"2025-12-05T07:07:31","guid":{"rendered":"https:\/\/onloi.com\/?post_type=product&#038;p=2681"},"modified":"2026-02-20T15:38:38","modified_gmt":"2026-02-20T12:38:38","slug":"akilli-insan-tespit-sensoru-mobil-uygulamali-obg0613","status":"publish","type":"product","link":"https:\/\/onloi.com\/en\/product\/akilli-insan-tespit-sensoru-mobil-uygulamali-obg0613\/","title":{"rendered":"Human Detection Sensor (Mobile Applied)"},"content":{"rendered":"<h3 class=\"\"><\/h3>\n<table class=\"spec-table\">\n<tbody>\n<tr>\n<th>Feature<\/th>\n<th>Description<\/th>\n<\/tr>\n<tr>\n<td>Mobile Application<\/td>\n<td>Tuya Smart<\/td>\n<\/tr>\n<tr>\n<td>Operating Power<\/td>\n<td>DC5V Type-C<\/td>\n<\/tr>\n<tr>\n<td>Detection Angle<\/td>\n<td>120\u00b0<\/td>\n<\/tr>\n<tr>\n<td>Operating Temperature<\/td>\n<td>-10\u00b0C ~ 55\u00b0C<\/td>\n<\/tr>\n<tr>\n<td>Sensitivity<\/td>\n<td>Adjustable<\/td>\n<\/tr>\n<tr>\n<td>Radar Transmission Frequency<\/td>\n<td>5.8GHz<\/td>\n<\/tr>\n<tr>\n<td>Motion Detection Distance<\/td>\n<td>0-840cm<\/td>\n<\/tr>\n<tr>\n<td>Product Size<\/td>\n<td>60 x 60 x 15 mm<\/td>\n<\/tr>\n<tr>\n<td>Signal Type<\/td>\n<td>2.4G WIFI<\/td>\n<\/tr>\n<tr>\n<td>Guarantee<\/td>\n<td>2 Years<\/td>\n<\/tr>\n<\/tbody>\n<\/table>\n\n    <div class=\"xs_social_share_widget xs_share_url after_content \t\tmain_content  wslu-style-1 wslu-share-box-shaped wslu-fill-colored wslu-none wslu-share-horizontal wslu-theme-font-no wslu-main_content\">\n\n\t\t\n        <ul>\n\t\t\t        <\/ul>\n    <\/div>","protected":false},"excerpt":{"rendered":"<div class=\"product-short-description\">\n<h4 class=\"headline-uppercase\">Intelligent Sensing, Flawless Control<\/h4>\n<ul class=\"psd-features\">\n<li>High Sensitivity Detection: Detects presence at a distance of up to 0-6 meters with 5.8G radar technology.<\/li>\n<li>Micro Motion Detection: Detects not only walking, but even very small movements such as breathing, enabling true presence detection.<\/li>\n<li>Built-in Light (Illuminance) Sensor: It has a sensor that can measure the ambient light level from 0 to 3000 Lux. This allows you to set up advanced automation such as \"only turn on the light if the room is dark and someone is present\".<\/li>\n<li>Smart Linkage: Pair the sensor with other smart devices in your home (light bulbs, sirens, switches, etc.). For example, have the lights turn on automatically when you enter the room or set off an alarm if motion is detected while you are away.<\/li>\n<li>Flexible Installation Options: Mount on the ceiling or on the wall (side mount). Side mounting is particularly effective in reducing false alarms caused by small pets.<\/li>\n<li>Full Control: You can set sensitivity and distance limits for both motion and micro-motion detection via the \"Smart Life\" app.<\/li>\n<li>'Absence' Time Setting: You can set a delay between 30 and 180 seconds for the sensor to send an 'absence' notification when a person leaves the environment. This prevents the lights from turning off when you leave the room briefly and return.<\/li>\n<li>Wide Compatibility: Supports both Zigbee and 2.4G WiFi wireless protocols.<\/li>\n<\/ul>\n<\/div>","protected":false},"featured_media":3283,"template":"","meta":{"postBodyCss":"","postBodyMargin":[],"postBodyPadding":[],"postBodyBackground":{"backgroundType":"classic","gradient":""}},"product_brand":[],"product_cat":[26,42,41],"product_tag":[],"class_list":{"0":"post-2681","1":"product","2":"type-product","3":"status-publish","4":"has-post-thumbnail","6":"product_cat-onloi-akilli-teknoloji-urunleri","7":"product_cat-alarm-sistemleri","8":"product_cat-guvenlik-donanimlari","10":"first","11":"instock","12":"shipping-taxable","13":"product-type-simple"},"yoast_head":"<!-- This site is optimized with the Yoast SEO plugin v26.6 - https:\/\/yoast.com\/wordpress\/plugins\/seo\/ -->\n<title>\u0130nsan Tespit Sens\u00f6r\u00fc | Mobil Uygulamal\u0131 Ak\u0131ll\u0131 Sistem | ONLOI<\/title>\n<meta name=\"description\" content=\"Mobil uygulamal\u0131 insan tespit sens\u00f6r\u00fc ile Onloi ak\u0131ll\u0131 sistemlerini kontrol edin. H\u0131zl\u0131 ve g\u00fcvenli izleme sa\u011flay\u0131n.\" \/>\n<meta name=\"robots\" content=\"index, follow, max-snippet:-1, max-image-preview:large, max-video-preview:-1\" \/>\n<link rel=\"canonical\" href=\"https:\/\/onloi.com\/en\/product\/akilli-insan-tespit-sensoru-mobil-uygulamali-obg0613\/\" \/>\n<meta property=\"og:locale\" content=\"en_US\" \/>\n<meta property=\"og:type\" content=\"article\" \/>\n<meta property=\"og:title\" content=\"\u0130nsan Tespit Sens\u00f6r\u00fc | Mobil Uygulamal\u0131 Ak\u0131ll\u0131 Sistem | ONLOI\" \/>\n<meta property=\"og:description\" content=\"Mobil uygulamal\u0131 insan tespit sens\u00f6r\u00fc ile Onloi ak\u0131ll\u0131 sistemlerini kontrol edin. H\u0131zl\u0131 ve g\u00fcvenli izleme sa\u011flay\u0131n.\" \/>\n<meta property=\"og:url\" content=\"https:\/\/onloi.com\/en\/product\/akilli-insan-tespit-sensoru-mobil-uygulamali-obg0613\/\" \/>\n<meta property=\"og:site_name\" content=\"Onloi\" \/>\n<meta property=\"article:modified_time\" content=\"2026-02-20T12:38:38+00:00\" \/>\n<meta property=\"og:image\" content=\"https:\/\/onloi.com\/wp-content\/uploads\/2025\/12\/obg06133.png\" \/>\n\t<meta property=\"og:image:width\" content=\"1000\" \/>\n\t<meta property=\"og:image:height\" content=\"1000\" \/>\n\t<meta property=\"og:image:type\" content=\"image\/png\" \/>\n<meta name=\"twitter:card\" content=\"summary_large_image\" \/>\n<meta name=\"twitter:label1\" content=\"Est. reading time\" \/>\n\t<meta name=\"twitter:data1\" content=\"1 minute\" \/>\n<script type=\"application\/ld+json\" class=\"yoast-schema-graph\">{\"@context\":\"https:\/\/schema.org\",\"@graph\":[{\"@type\":\"WebPage\",\"@id\":\"https:\/\/onloi.com\/urun\/akilli-insan-tespit-sensoru-mobil-uygulamali-obg0613\/\",\"url\":\"https:\/\/onloi.com\/urun\/akilli-insan-tespit-sensoru-mobil-uygulamali-obg0613\/\",\"name\":\"\u0130nsan Tespit Sens\u00f6r\u00fc | Mobil Uygulamal\u0131 Ak\u0131ll\u0131 Sistem | ONLOI\",\"isPartOf\":{\"@id\":\"https:\/\/onloi.com\/#website\"},\"primaryImageOfPage\":{\"@id\":\"https:\/\/onloi.com\/urun\/akilli-insan-tespit-sensoru-mobil-uygulamali-obg0613\/#primaryimage\"},\"image\":{\"@id\":\"https:\/\/onloi.com\/urun\/akilli-insan-tespit-sensoru-mobil-uygulamali-obg0613\/#primaryimage\"},\"thumbnailUrl\":\"https:\/\/onloi.com\/wp-content\/uploads\/2025\/12\/obg06133.png\",\"datePublished\":\"2025-12-05T07:07:31+00:00\",\"dateModified\":\"2026-02-20T12:38:38+00:00\",\"description\":\"Mobil uygulamal\u0131 insan tespit sens\u00f6r\u00fc ile Onloi ak\u0131ll\u0131 sistemlerini kontrol edin. H\u0131zl\u0131 ve g\u00fcvenli izleme sa\u011flay\u0131n.\",\"breadcrumb\":{\"@id\":\"https:\/\/onloi.com\/urun\/akilli-insan-tespit-sensoru-mobil-uygulamali-obg0613\/#breadcrumb\"},\"inLanguage\":\"en-US\",\"potentialAction\":[{\"@type\":\"ReadAction\",\"target\":[\"https:\/\/onloi.com\/urun\/akilli-insan-tespit-sensoru-mobil-uygulamali-obg0613\/\"]}]},{\"@type\":\"ImageObject\",\"inLanguage\":\"en-US\",\"@id\":\"https:\/\/onloi.com\/urun\/akilli-insan-tespit-sensoru-mobil-uygulamali-obg0613\/#primaryimage\",\"url\":\"https:\/\/onloi.com\/wp-content\/uploads\/2025\/12\/obg06133.png\",\"contentUrl\":\"https:\/\/onloi.com\/wp-content\/uploads\/2025\/12\/obg06133.png\",\"width\":1000,\"height\":1000},{\"@type\":\"BreadcrumbList\",\"@id\":\"https:\/\/onloi.com\/urun\/akilli-insan-tespit-sensoru-mobil-uygulamali-obg0613\/#breadcrumb\",\"itemListElement\":[{\"@type\":\"ListItem\",\"position\":1,\"name\":\"Anasayfa\",\"item\":\"https:\/\/onloi.com\/\"},{\"@type\":\"ListItem\",\"position\":2,\"name\":\"Ma\u011faza\",\"item\":\"https:\/\/onloi.com\/magaza\/\"},{\"@type\":\"ListItem\",\"position\":3,\"name\":\"\u0130nsan Tespit Sens\u00f6r\u00fc (Mobil Uygulamal\u0131)\"}]},{\"@type\":\"WebSite\",\"@id\":\"https:\/\/onloi.com\/#website\",\"url\":\"https:\/\/onloi.com\/\",\"name\":\"Onloi\",\"description\":\"Onloi ile Ak\u0131ll\u0131 Ya\u015fam\u0131n Kilidini A\u00e7\u0131n\",\"potentialAction\":[{\"@type\":\"SearchAction\",\"target\":{\"@type\":\"EntryPoint\",\"urlTemplate\":\"https:\/\/onloi.com\/?s={search_term_string}\"},\"query-input\":{\"@type\":\"PropertyValueSpecification\",\"valueRequired\":true,\"valueName\":\"search_term_string\"}}],\"inLanguage\":\"en-US\"}]}<\/script>\n<!-- \/ Yoast SEO plugin. -->","yoast_head_json":{"title":"\u0130nsan Tespit Sens\u00f6r\u00fc | Mobil Uygulamal\u0131 Ak\u0131ll\u0131 Sistem | ONLOI","description":"Mobil uygulamal\u0131 insan tespit sens\u00f6r\u00fc ile Onloi ak\u0131ll\u0131 sistemlerini kontrol edin. H\u0131zl\u0131 ve g\u00fcvenli izleme sa\u011flay\u0131n.","robots":{"index":"index","follow":"follow","max-snippet":"max-snippet:-1","max-image-preview":"max-image-preview:large","max-video-preview":"max-video-preview:-1"},"canonical":"https:\/\/onloi.com\/en\/product\/akilli-insan-tespit-sensoru-mobil-uygulamali-obg0613\/","og_locale":"en_US","og_type":"article","og_title":"\u0130nsan Tespit Sens\u00f6r\u00fc | Mobil Uygulamal\u0131 Ak\u0131ll\u0131 Sistem | ONLOI","og_description":"Mobil uygulamal\u0131 insan tespit sens\u00f6r\u00fc ile Onloi ak\u0131ll\u0131 sistemlerini kontrol edin. H\u0131zl\u0131 ve g\u00fcvenli izleme sa\u011flay\u0131n.","og_url":"https:\/\/onloi.com\/en\/product\/akilli-insan-tespit-sensoru-mobil-uygulamali-obg0613\/","og_site_name":"Onloi","article_modified_time":"2026-02-20T12:38:38+00:00","og_image":[{"width":1000,"height":1000,"url":"https:\/\/onloi.com\/wp-content\/uploads\/2025\/12\/obg06133.png","type":"image\/png"}],"twitter_card":"summary_large_image","twitter_misc":{"Est. reading time":"1 minute"},"schema":{"@context":"https:\/\/schema.org","@graph":[{"@type":"WebPage","@id":"https:\/\/onloi.com\/urun\/akilli-insan-tespit-sensoru-mobil-uygulamali-obg0613\/","url":"https:\/\/onloi.com\/urun\/akilli-insan-tespit-sensoru-mobil-uygulamali-obg0613\/","name":"\u0130nsan Tespit Sens\u00f6r\u00fc | Mobil Uygulamal\u0131 Ak\u0131ll\u0131 Sistem | ONLOI","isPartOf":{"@id":"https:\/\/onloi.com\/#website"},"primaryImageOfPage":{"@id":"https:\/\/onloi.com\/urun\/akilli-insan-tespit-sensoru-mobil-uygulamali-obg0613\/#primaryimage"},"image":{"@id":"https:\/\/onloi.com\/urun\/akilli-insan-tespit-sensoru-mobil-uygulamali-obg0613\/#primaryimage"},"thumbnailUrl":"https:\/\/onloi.com\/wp-content\/uploads\/2025\/12\/obg06133.png","datePublished":"2025-12-05T07:07:31+00:00","dateModified":"2026-02-20T12:38:38+00:00","description":"Mobil uygulamal\u0131 insan tespit sens\u00f6r\u00fc ile Onloi ak\u0131ll\u0131 sistemlerini kontrol edin. H\u0131zl\u0131 ve g\u00fcvenli izleme sa\u011flay\u0131n.","breadcrumb":{"@id":"https:\/\/onloi.com\/urun\/akilli-insan-tespit-sensoru-mobil-uygulamali-obg0613\/#breadcrumb"},"inLanguage":"en-US","potentialAction":[{"@type":"ReadAction","target":["https:\/\/onloi.com\/urun\/akilli-insan-tespit-sensoru-mobil-uygulamali-obg0613\/"]}]},{"@type":"ImageObject","inLanguage":"en-US","@id":"https:\/\/onloi.com\/urun\/akilli-insan-tespit-sensoru-mobil-uygulamali-obg0613\/#primaryimage","url":"https:\/\/onloi.com\/wp-content\/uploads\/2025\/12\/obg06133.png","contentUrl":"https:\/\/onloi.com\/wp-content\/uploads\/2025\/12\/obg06133.png","width":1000,"height":1000},{"@type":"BreadcrumbList","@id":"https:\/\/onloi.com\/urun\/akilli-insan-tespit-sensoru-mobil-uygulamali-obg0613\/#breadcrumb","itemListElement":[{"@type":"ListItem","position":1,"name":"Anasayfa","item":"https:\/\/onloi.com\/"},{"@type":"ListItem","position":2,"name":"Ma\u011faza","item":"https:\/\/onloi.com\/magaza\/"},{"@type":"ListItem","position":3,"name":"\u0130nsan Tespit Sens\u00f6r\u00fc (Mobil Uygulamal\u0131)"}]},{"@type":"WebSite","@id":"https:\/\/onloi.com\/#website","url":"https:\/\/onloi.com\/","name":"Onloi","description":"Unlock Smart Living with Onloi","potentialAction":[{"@type":"SearchAction","target":{"@type":"EntryPoint","urlTemplate":"https:\/\/onloi.com\/?s={search_term_string}"},"query-input":{"@type":"PropertyValueSpecification","valueRequired":true,"valueName":"search_term_string"}}],"inLanguage":"en-US"}]}},"_links":{"self":[{"href":"https:\/\/onloi.com\/en\/wp-json\/wp\/v2\/product\/2681","targetHints":{"allow":["GET"]}}],"collection":[{"href":"https:\/\/onloi.com\/en\/wp-json\/wp\/v2\/product"}],"about":[{"href":"https:\/\/onloi.com\/en\/wp-json\/wp\/v2\/types\/product"}],"wp:featuredmedia":[{"embeddable":true,"href":"https:\/\/onloi.com\/en\/wp-json\/wp\/v2\/media\/3283"}],"wp:attachment":[{"href":"https:\/\/onloi.com\/en\/wp-json\/wp\/v2\/media?parent=2681"}],"wp:term":[{"taxonomy":"product_brand","embeddable":true,"href":"https:\/\/onloi.com\/en\/wp-json\/wp\/v2\/product_brand?post=2681"},{"taxonomy":"product_cat","embeddable":true,"href":"https:\/\/onloi.com\/en\/wp-json\/wp\/v2\/product_cat?post=2681"},{"taxonomy":"product_tag","embeddable":true,"href":"https:\/\/onloi.com\/en\/wp-json\/wp\/v2\/product_tag?post=2681"}],"curies":[{"name":"wp","href":"https:\/\/api.w.org\/{rel}","templated":true}]}}