{"id":74,"date":"2018-08-10T08:09:30","date_gmt":"2018-08-10T05:09:30","guid":{"rendered":"https:\/\/onloi.medicomyazilim.com\/index.php\/services\/"},"modified":"2026-04-10T11:50:09","modified_gmt":"2026-04-10T08:50:09","slug":"yazilimlarimiz","status":"publish","type":"page","link":"https:\/\/onloi.com\/en\/yazilimlarimiz\/","title":{"rendered":"Our Software"},"content":{"rendered":"<div data-elementor-type=\"wp-post\" data-elementor-id=\"74\" class=\"elementor elementor-74\">\n\t\t\t\t<div class=\"elementor-element elementor-element-51a3b87b e-flex e-con-boxed e-con e-parent\" data-id=\"51a3b87b\" data-element_type=\"container\" data-settings=\"{&quot;background_background&quot;:&quot;classic&quot;}\">\n\t\t\t\t\t<div class=\"e-con-inner\">\n\t\t\t\t<div class=\"elementor-element elementor-element-32b54a3f elementor-widget elementor-widget-heading\" data-id=\"32b54a3f\" data-element_type=\"widget\" data-widget_type=\"heading.default\">\n\t\t\t\t<div class=\"elementor-widget-container\">\n\t\t\t\t\t<h2 class=\"elementor-heading-title elementor-size-default\">Our Software<\/h2>\t\t\t\t<\/div>\n\t\t\t\t<\/div>\n\t\t\t\t<div class=\"elementor-element elementor-element-4c02401a elementor-icon-list--layout-inline elementor-list-item-link-full_width elementor-widget elementor-widget-icon-list\" data-id=\"4c02401a\" data-element_type=\"widget\" data-widget_type=\"icon-list.default\">\n\t\t\t\t<div class=\"elementor-widget-container\">\n\t\t\t\t\t\t\t<ul class=\"elementor-icon-list-items elementor-inline-items\">\n\t\t\t\t\t\t\t<li class=\"elementor-icon-list-item elementor-inline-item\">\n\t\t\t\t\t\t\t\t\t\t\t<a href=\"#\">\n\n\t\t\t\t\t\t\t\t\t\t\t<span class=\"elementor-icon-list-text\">Home Page<\/span>\n\t\t\t\t\t\t\t\t\t\t\t<\/a>\n\t\t\t\t\t\t\t\t\t<\/li>\n\t\t\t\t\t\t\t\t<li class=\"elementor-icon-list-item elementor-inline-item\">\n\t\t\t\t\t\t\t\t\t\t\t<a href=\"#\">\n\n\t\t\t\t\t\t\t\t\t\t\t\t<span class=\"elementor-icon-list-icon\">\n\t\t\t\t\t\t\t<i aria-hidden=\"true\" class=\"fas fa-arrow-right\"><\/i>\t\t\t\t\t\t<\/span>\n\t\t\t\t\t\t\t\t\t\t<span class=\"elementor-icon-list-text\">Our Software<\/span>\n\t\t\t\t\t\t\t\t\t\t\t<\/a>\n\t\t\t\t\t\t\t\t\t<\/li>\n\t\t\t\t\t\t<\/ul>\n\t\t\t\t\t\t<\/div>\n\t\t\t\t<\/div>\n\t\t\t\t\t<\/div>\n\t\t\t\t<\/div>\n\t\t<div class=\"elementor-element elementor-element-e797a66 e-con-full e-flex e-con e-parent\" data-id=\"e797a66\" data-element_type=\"container\">\n\t\t\t\t<div class=\"elementor-element elementor-element-e04140f elementor-widget elementor-widget-html\" data-id=\"e04140f\" data-element_type=\"widget\" data-widget_type=\"html.default\">\n\t\t\t\t<div class=\"elementor-widget-container\">\n\t\t\t\t\t<!DOCTYPE html>\r\n<html lang=\"tr\">\r\n<head>\r\n  <meta charset=\"UTF-8\">\r\n  <meta name=\"viewport\" content=\"width=device-width, initial-scale=1.0\">\r\n  <title>OLX Yaz\u0131l\u0131mlar\u0131<\/title>\r\n  <link rel=\"stylesheet\" href=\"https:\/\/cdnjs.cloudflare.com\/ajax\/libs\/font-awesome\/6.4.0\/css\/all.min.css\">\r\n  <style>\r\n    * { margin: 0; padding: 0; box-sizing: border-box; }\r\n    body { font-family: -apple-system, BlinkMacSystemFont, \"Segoe UI\", Roboto, \"Helvetica Neue\", Arial, sans-serif; background: #F7F9F6; }\r\n    \r\n    :root {\r\n      --green: #79BE20;\r\n      --navy: #24135F;\r\n      --ink: #0f1421;\r\n      --muted: #667085;\r\n      --card: #fff;\r\n      --bg: #F7F9F6;\r\n      --sidebar-bg: #ffffff;\r\n      --border: #E6EDE2;\r\n      --ring: rgba(121,190,32,.22);\r\n      --radius: 18px;\r\n      --shadow: 0 8px 24px rgba(0,0,0,.06);\r\n    }\r\n\r\n    a { text-decoration: none !important; }\r\n\r\n    \/* Layout *\/\r\n    .layout-onloi { display: grid; grid-template-columns: 280px 1fr; min-height: 100vh; }\r\n\r\n    \/* Sidebar *\/\r\n    .sidebar-onloi { \r\n      background: var(--sidebar-bg); \r\n      border-right: 1px solid var(--border); \r\n      position: sticky; \r\n      top: 0; \r\n      height: 100vh; \r\n      overflow-y: auto; \r\n      box-shadow: 2px 0 10px rgba(0,0,0,.05);\r\n      z-index: 100;\r\n    }\r\n    .sidebar-header-onloi { padding: 30px 24px; border-bottom: 1px solid var(--border); }\r\n    .logo-onloi { font-size: 28px; font-weight: 600; color: var(--navy); display: flex; align-items: center; gap: 12px; }\r\n    .sidebar-nav-onloi { padding: 20px 0; }\r\n    .nav-section-onloi { margin-bottom: 30px; }\r\n    .nav-title-onloi { padding: 0 24px; font-size: 14px; font-weight: 500; color: var(--muted); text-transform: uppercase; margin-bottom: 12px; }\r\n    .nav-item-onloi { \r\n      display: block; \r\n      padding: 12px 24px; \r\n      color: var(--ink); \r\n      border-left: 3px solid transparent; \r\n      font-weight: 500; \r\n      transition: .2s; \r\n      position: relative;\r\n      cursor: pointer;\r\n    }\r\n    .nav-item-onloi i { margin-right: 8px; }\r\n    .nav-item-onloi:hover { background: rgba(121,190,32,.08); border-left-color: var(--green); color: var(--navy); }\r\n    .nav-item-onloi.active { background: rgba(121,190,32,.12); border-left-color: var(--green); color: var(--navy); font-weight: 600; }\r\n    .nav-item-onloi .count-onloi { \r\n      position: absolute; \r\n      right: 24px; \r\n      top: 50%; \r\n      transform: translateY(-50%); \r\n      background: var(--green); \r\n      color: white; \r\n      font-size: 11px; \r\n      padding: 2px 6px; \r\n      border-radius: 10px; \r\n      font-weight: 600; \r\n    }\r\n\r\n    \/* Mobile Toggle *\/\r\n    .mobile-toggle-onloi { \r\n      display: none;\r\n      width: 100%;\r\n      background: var(--green);\r\n      color: white;\r\n      border: none;\r\n      padding: 16px 20px;\r\n      cursor: pointer;\r\n      font-size: 16px;\r\n      font-weight: 600;\r\n      box-shadow: 0 2px 8px rgba(0,0,0,.1);\r\n      margin-bottom: 20px;\r\n      border-radius: 12px;\r\n      text-align: left;\r\n    }\r\n    .mobile-toggle-onloi i {\r\n      margin-right: 10px;\r\n    }\r\n\r\n    \/* Overlay for mobile *\/\r\n    .sidebar-overlay-onloi {\r\n      display: none;\r\n      position: fixed;\r\n      top: 0;\r\n      left: 0;\r\n      right: 0;\r\n      bottom: 0;\r\n      background: rgba(0,0,0,.5);\r\n      z-index: 99;\r\n    }\r\n\r\n    \/* Main *\/\r\n    .main-content-onloi { padding: 40px; overflow-y: auto; }\r\n    .content-header-onloi { margin-bottom: 40px; }\r\n    .page-title-onloi { font-size: clamp(32px, 4vw, 48px); font-weight: 600; color: var(--navy); margin-bottom: 12px; }\r\n    .page-subtitle-onloi { font-size: 18px; color: var(--muted); max-width: 600px; }\r\n\r\n    .tab-content-onloi { display: none; }\r\n    .tab-content-onloi.active { display: block; animation: fadeIn .3s ease; }\r\n    @keyframes fadeIn { from { opacity: 0; transform: translateY(10px);} to { opacity: 1; transform: translateY(0);} }\r\n\r\n    \/* Cards *\/\r\n    .software-grid-onloi { display: grid; gap: 24px; margin-bottom: 60px; }\r\n    .software-card-onloi { \r\n      background: var(--card); \r\n      border: 1px solid var(--border); \r\n      border-radius: var(--radius); \r\n      padding: 32px; \r\n      box-shadow: var(--shadow); \r\n      display: grid; \r\n      grid-template-columns: 1fr 300px; \r\n      gap: 32px; \r\n      align-items: center; \r\n      transition: all .3s; \r\n    }\r\n    .software-card-onloi:hover { transform: translateY(-2px); box-shadow: 0 16px 40px rgba(0,0,0,.1); }\r\n    .software-info-onloi h2 { font-size: 28px; color: var(--navy); margin-bottom: 16px; font-weight: 700; }\r\n    .software-info-onloi p { color: var(--muted); margin-bottom: 24px; font-size: 16px; line-height: 1.6; }\r\n    .software-actions-onloi { display: flex; flex-wrap: wrap; gap: 12px; align-items: center; }\r\n    .btn-primary-onloi { \r\n      background: var(--green); \r\n      color: white; \r\n      padding: 14px 24px; \r\n      border-radius: 12px; \r\n      font-weight: 700; \r\n      box-shadow: 0 10px 24px var(--ring); \r\n      transition: .2s; \r\n      display: inline-flex; \r\n      align-items: center; \r\n      gap: 8px;\r\n      cursor: pointer;\r\n    }\r\n    .btn-primary-onloi:hover { transform: translateY(-1px); box-shadow: 0 14px 30px var(--ring); }\r\n    .software-image-onloi { border-radius: 12px; overflow: hidden; background: #f8f9fa; border: 1px solid var(--border); }\r\n    .software-image-onloi img { width: 100%; height: 200px; object-fit: cover; display: block; }\r\n\r\n    \/* Mobile App Section *\/\r\n    .mobile-section-onloi { \r\n      background: linear-gradient(135deg, var(--navy), #2d1b72); \r\n      border-radius: 24px; \r\n      padding: 60px; \r\n      text-align: center; \r\n      color: #fff; \r\n      position: relative; \r\n      overflow: hidden; \r\n      margin-top: 60px; \r\n    }\r\n    .mobile-section-onloi::before { \r\n      content: \"\"; \r\n      position: absolute; \r\n      top: -50%; \r\n      left: -50%; \r\n      width: 200%; \r\n      height: 200%; \r\n      background: radial-gradient(circle, rgba(121,190,32,0.1) 0%, transparent 70%); \r\n      animation: rotate 20s linear infinite; \r\n    }\r\n    @keyframes rotate { from { transform: rotate(0deg);} to { transform: rotate(360deg);} }\r\n    .mobile-content-onloi { position: relative; z-index: 2; }\r\n    .mobile-section-onloi h2 { font-size: clamp(32px, 4vw, 48px); font-weight: 800; margin-bottom: 16px; }\r\n    .mobile-section-onloi p { font-size: 18px; opacity: .9; margin-bottom: 40px; max-width: 500px; margin-left: auto; margin-right: auto; }\r\n    .store-buttons-onloi { display: flex; justify-content: center; gap: 24px; flex-wrap: wrap; }\r\n    .store-btn-onloi { \r\n      display: block; \r\n      border-radius: 16px; \r\n      overflow: hidden; \r\n      box-shadow: 0 10px 30px rgba(0,0,0,0.3); \r\n      transition: .3s; \r\n    }\r\n    .store-btn-onloi:hover { transform: translateY(-4px) scale(1.05); }\r\n    .store-btn-onloi img { height: 60px; display: block; }\r\n\r\n    \/* Responsive *\/\r\n    @media (max-width: 1200px) { \r\n      .software-card-onloi { grid-template-columns: 1fr; text-align: center; } \r\n      .mobile-section-onloi { padding: 40px 30px; } \r\n    }\r\n    \r\n    @media (max-width: 768px) {\r\n      .layout-onloi { grid-template-columns: 1fr; }\r\n      \r\n      .sidebar-onloi { \r\n        position: fixed; \r\n        top: 0; \r\n        left: -280px; \r\n        width: 280px; \r\n        z-index: 1000; \r\n        transition: left .3s ease;\r\n        height: 100vh;\r\n      }\r\n      \r\n      .sidebar-onloi.open { left: 0; }\r\n      \r\n      .sidebar-overlay-onloi.show { display: block; }\r\n      \r\n      .mobile-toggle-onloi { display: block; }\r\n      \r\n      .main-content-onloi { \r\n        padding: 20px; \r\n        grid-column: 1; \r\n      }\r\n      \r\n      .store-buttons-onloi { flex-direction: column; align-items: center; }\r\n      \r\n      .page-title-onloi { font-size: 28px; }\r\n      .page-subtitle-onloi { font-size: 16px; }\r\n    }\r\n  <\/style>\r\n<\/head>\r\n<body>\r\n  <div class=\"layout-onloi\">\r\n    <!-- Sidebar Overlay -->\r\n    <div class=\"sidebar-overlay-onloi\" onclick=\"toggleSidebar()\"><\/div>\r\n\r\n    <!-- Sidebar -->\r\n    <aside class=\"sidebar-onloi\" id=\"sidebar\">\r\n      <div class=\"sidebar-header-onloi\">\r\n        <a href=\"#\" class=\"logo-onloi\"><i class=\"fa-solid fa-cubes\"><\/i>Onloi<\/a>\r\n      <\/div>\r\n      <nav class=\"sidebar-nav-onloi\">\r\n        <div class=\"nav-section-onloi\">\r\n          <div class=\"nav-title-onloi\">Software Categories<\/div>\r\n          <a href=\"#\" class=\"nav-item-onloi active\" data-tab=\"otel-yazilimlari\">\r\n            <i class=\"fa-solid fa-hotel\"><\/i> Hotel Software \r\n            <span class=\"count-onloi\">2<\/span>\r\n          <\/a>\r\n\r\n        <\/div>\r\n        <div class=\"nav-section-onloi\">\r\n          <div class=\"nav-title-onloi\">Support<\/div>\r\n          <a href=\"#\" class=\"nav-item-onloi\"><i class=\"fa-solid fa-book\"><\/i> Documentation<\/a>\r\n          <a href=\"\/en\/iletisim\/\" class=\"nav-item-onloi\"><i class=\"fa-solid fa-envelope\"><\/i> Contact<\/a>\r\n          <a href=\"\/en\/teknik-destek\/\" class=\"nav-item-onloi\"><i class=\"fa-solid fa-tools\"><\/i> Technical Support<\/a>\r\n        <\/div>\r\n      <\/nav>\r\n    <\/aside>\r\n\r\n    <!-- Main Content -->\r\n    <main class=\"main-content-onloi\">\r\n      <!-- Mobile Toggle Button -->\r\n      <button class=\"mobile-toggle-onloi\" onclick=\"toggleSidebar()\">\r\n        <i class=\"fa-solid fa-bars\"><\/i> Categories\r\n      <\/button>\r\n\r\n      <header class=\"content-header-onloi\">\r\n        <h1 class=\"page-title-onloi\" id=\"main-title\">Hotel Software<\/h1>\r\n        <p class=\"page-subtitle-onloi\" id=\"main-subtitle\">Professional software solutions developed for hotel management.<\/p>\r\n      <\/header>\r\n\r\n      <!-- Otel Yaz\u0131l\u0131mlar\u0131 -->\r\n      <div id=\"otel-yazilimlari\" class=\"tab-content-onloi active\">\r\n        <div class=\"software-grid-onloi\">\r\n          <article class=\"software-card-onloi\">\r\n            <div class=\"software-info-onloi\">\r\n              <h2>Hotel Door Lock Control Software<\/h2>\r\n              <p>Secure hotel room access with room card management, logging, time limits and offline\/online scenarios.<\/p>\r\n              <div class=\"software-actions-onloi\">\r\n               <a class=\"btn-primary-onloi\"\r\n   href=\"https:\/\/onloi.com\/wp-content\/uploads\/2025\/12\/onloi-otel-kapi-kilidi-kontrol-yazilimi-135327-6.zip\"\r\n   download>\r\n   <i class=\"fa-solid fa-download\"><\/i> Download Latest Version\r\n<\/a>\r\n              <\/div>\r\n            <\/div>\r\n            <div class=\"software-image-onloi\">\r\n              <img decoding=\"async\" src=\"\/wp-content\/uploads\/2025\/09\/yazilimlarimiz.jpg\" alt=\"Otel Kilidi\">\r\n            <\/div>\r\n          <\/article>\r\n\r\n         \r\n        <\/div>\r\n      <\/div>\r\n\r\n\r\n\r\n      \r\n\r\n  \r\n      <!-- Mobile Section -->\r\n      <section class=\"mobile-section-onloi\">\r\n        <div class=\"mobile-content-onloi\">\r\n          <h2><i class=\"fa-solid fa-mobile-screen-button\"><\/i> Download OnloiAPP<\/h2>\r\n          <p>You can also use our software on your mobile device. Download our app optimized for iOS and Android.<\/p>\r\n          <div class=\"store-buttons-onloi\">\r\n            <a class=\"store-btn-onloi\" href=\"https:\/\/apps.apple.com\/us\/app\/onloi\/id6753281842\">\r\n              <img decoding=\"async\" src=\"\/wp-content\/uploads\/2025\/08\/app-store-2048x628.png\" alt=\"App Store\">\r\n            <\/a>\r\n            <a class=\"store-btn-onloi\" href=\"https:\/\/play.google.com\/store\/apps\/details?id=com.onloi.app\">\r\n              <img decoding=\"async\" src=\"\/wp-content\/uploads\/2025\/08\/Google-Play-2048x692.png\" alt=\"Google Play\">\r\n            <\/a>\r\n          <\/div>\r\n        <\/div>\r\n      <\/section>\r\n    <\/main>\r\n  <\/div>\r\n\r\n  <script>\r\n    const tabData = {\r\n      'otel-yazilimlari': { \r\n        title: 'Otel Yaz\u0131l\u0131mlar\u0131', \r\n        subtitle: 'Otel y\u00f6netimi i\u00e7in geli\u015ftirilmi\u015f profesyonel yaz\u0131l\u0131m \u00e7\u00f6z\u00fcmleri.' \r\n      },\r\n      \r\n    };\r\n\r\n    function toggleSidebar() {\r\n      const sidebar = document.getElementById('sidebar');\r\n      const overlay = document.querySelector('.sidebar-overlay-onloi');\r\n      sidebar.classList.toggle('open');\r\n      overlay.classList.toggle('show');\r\n    }\r\n\r\n    document.querySelectorAll('.nav-item-onloi[data-tab]').forEach(item => {\r\n      item.addEventListener('click', function(e) {\r\n        e.preventDefault();\r\n        const tabId = this.getAttribute('data-tab');\r\n        \r\n        \/\/ Update nav items\r\n        document.querySelectorAll('.nav-item-onloi').forEach(nav => nav.classList.remove('active'));\r\n        this.classList.add('active');\r\n        \r\n        \/\/ Update tab contents\r\n        document.querySelectorAll('.tab-content-onloi').forEach(tab => tab.classList.remove('active'));\r\n        document.getElementById(tabId).classList.add('active');\r\n        \r\n        \/\/ Update title and subtitle\r\n        if (tabData[tabId]) {\r\n          document.getElementById('main-title').textContent = tabData[tabId].title;\r\n          document.getElementById('main-subtitle').textContent = tabData[tabId].subtitle;\r\n        }\r\n        \r\n        \/\/ Close sidebar on mobile after selection\r\n        if (window.innerWidth <= 768) {\r\n          toggleSidebar();\r\n        }\r\n      });\r\n    });\r\n\r\n    \/\/ Close sidebar when clicking overlay\r\n    document.querySelector('.sidebar-overlay-onloi').addEventListener('click', function() {\r\n      toggleSidebar();\r\n    });\r\n  <\/script>\r\n<\/body>\r\n<\/html>\t\t\t\t<\/div>\n\t\t\t\t<\/div>\n\t\t\t\t<\/div>\n\t\t\t\t<\/div>\n\t\t\n    <div class=\"xs_social_share_widget xs_share_url after_content \t\tmain_content  wslu-style-1 wslu-share-box-shaped wslu-fill-colored wslu-none wslu-share-horizontal wslu-theme-font-no wslu-main_content\">\n\n\t\t\n        <ul>\n\t\t\t        <\/ul>\n    <\/div>","protected":false},"excerpt":{"rendered":"<p>Yaz\u0131l\u0131mlar\u0131m\u0131z Ana Sayfa Yaz\u0131l\u0131mlar\u0131m\u0131z &nbsp; Onloi Yaz\u0131l\u0131m Kategorileri Otel Yaz\u0131l\u0131mlar\u0131 2 Destek Dok\u00fcmantasyon \u0130leti\u015fim Teknik Destek Kategoriler Otel Yaz\u0131l\u0131mlar\u0131 Otel y\u00f6netimi i\u00e7in geli\u015ftirilmi\u015f profesyonel yaz\u0131l\u0131m \u00e7\u00f6z\u00fcmleri. Otel Kap\u0131 Kilidi Kontrol Yaz\u0131l\u0131m\u0131 Oda kart y\u00f6netimi, loglama, zaman k\u0131s\u0131tlar\u0131 ve \u00e7evrimd\u0131\u015f\u0131\/\u00e7evrimi\u00e7i senaryolar ile g\u00fcvenli otel oda eri\u015fimi. Son S\u00fcr\u00fcm\u00fc \u0130ndir OnloiAPP&#8217;i \u0130ndir Yaz\u0131l\u0131mlar\u0131m\u0131z\u0131 mobil cihaz\u0131n\u0131zda da kullanabilirsiniz. [&hellip;]<\/p>","protected":false},"author":1,"featured_media":0,"parent":0,"menu_order":0,"comment_status":"closed","ping_status":"closed","template":"elementor_theme","meta":{"postBodyCss":"","postBodyMargin":[],"postBodyPadding":[],"postBodyBackground":{"backgroundType":"classic","gradient":""},"footnotes":""},"class_list":["post-74","page","type-page","status-publish","hentry"],"yoast_head":"<!-- This site is optimized with the Yoast SEO plugin v26.6 - https:\/\/yoast.com\/wordpress\/plugins\/seo\/ -->\n<title>Ak\u0131ll\u0131 Kilit Y\u00f6netim Yaz\u0131l\u0131m\u0131 ve Mobil Uygulama | Onloi<\/title>\n<meta name=\"description\" content=\"Onloi yaz\u0131l\u0131mlar\u0131n\u0131 ke\u015ffedin. Mobil uygulama ve IoT \u00e7\u00f6z\u00fcmleri ile g\u00fcvenli\u011fi kolayca y\u00f6netin.\" \/>\n<meta name=\"robots\" content=\"index, follow, max-snippet:-1, max-image-preview:large, max-video-preview:-1\" \/>\n<link rel=\"canonical\" href=\"https:\/\/onloi.com\/en\/yazilimlarimiz\/\" \/>\n<meta property=\"og:locale\" content=\"en_US\" \/>\n<meta property=\"og:type\" content=\"article\" \/>\n<meta property=\"og:title\" content=\"Ak\u0131ll\u0131 Kilit Y\u00f6netim Yaz\u0131l\u0131m\u0131 ve Mobil Uygulama | Onloi\" \/>\n<meta property=\"og:description\" content=\"Onloi yaz\u0131l\u0131mlar\u0131n\u0131 ke\u015ffedin. Mobil uygulama ve IoT \u00e7\u00f6z\u00fcmleri ile g\u00fcvenli\u011fi kolayca y\u00f6netin.\" \/>\n<meta property=\"og:url\" content=\"https:\/\/onloi.com\/en\/yazilimlarimiz\/\" \/>\n<meta property=\"og:site_name\" content=\"Onloi\" \/>\n<meta property=\"article:modified_time\" content=\"2026-04-10T08:50:09+00:00\" \/>\n<meta name=\"twitter:card\" content=\"summary_large_image\" \/>\n<meta name=\"twitter:label1\" content=\"Est. reading time\" \/>\n\t<meta name=\"twitter:data1\" content=\"1 minute\" \/>\n<script type=\"application\/ld+json\" class=\"yoast-schema-graph\">{\"@context\":\"https:\/\/schema.org\",\"@graph\":[{\"@type\":\"WebPage\",\"@id\":\"https:\/\/onloi.com\/yazilimlarimiz\/\",\"url\":\"https:\/\/onloi.com\/yazilimlarimiz\/\",\"name\":\"Ak\u0131ll\u0131 Kilit Y\u00f6netim Yaz\u0131l\u0131m\u0131 ve Mobil Uygulama | Onloi\",\"isPartOf\":{\"@id\":\"https:\/\/onloi.com\/#website\"},\"datePublished\":\"2018-08-10T05:09:30+00:00\",\"dateModified\":\"2026-04-10T08:50:09+00:00\",\"description\":\"Onloi yaz\u0131l\u0131mlar\u0131n\u0131 ke\u015ffedin. Mobil uygulama ve IoT \u00e7\u00f6z\u00fcmleri ile g\u00fcvenli\u011fi kolayca y\u00f6netin.\",\"breadcrumb\":{\"@id\":\"https:\/\/onloi.com\/yazilimlarimiz\/#breadcrumb\"},\"inLanguage\":\"en-US\",\"potentialAction\":[{\"@type\":\"ReadAction\",\"target\":[\"https:\/\/onloi.com\/yazilimlarimiz\/\"]}]},{\"@type\":\"BreadcrumbList\",\"@id\":\"https:\/\/onloi.com\/yazilimlarimiz\/#breadcrumb\",\"itemListElement\":[{\"@type\":\"ListItem\",\"position\":1,\"name\":\"Anasayfa\",\"item\":\"https:\/\/onloi.com\/\"},{\"@type\":\"ListItem\",\"position\":2,\"name\":\"Yaz\u0131l\u0131mlar\u0131m\u0131z\"}]},{\"@type\":\"WebSite\",\"@id\":\"https:\/\/onloi.com\/#website\",\"url\":\"https:\/\/onloi.com\/\",\"name\":\"Onloi\",\"description\":\"Onloi ile Ak\u0131ll\u0131 Ya\u015fam\u0131n Kilidini A\u00e7\u0131n\",\"potentialAction\":[{\"@type\":\"SearchAction\",\"target\":{\"@type\":\"EntryPoint\",\"urlTemplate\":\"https:\/\/onloi.com\/?s={search_term_string}\"},\"query-input\":{\"@type\":\"PropertyValueSpecification\",\"valueRequired\":true,\"valueName\":\"search_term_string\"}}],\"inLanguage\":\"en-US\"}]}<\/script>\n<!-- \/ Yoast SEO plugin. -->","yoast_head_json":{"title":"Ak\u0131ll\u0131 Kilit Y\u00f6netim Yaz\u0131l\u0131m\u0131 ve Mobil Uygulama | Onloi","description":"Onloi yaz\u0131l\u0131mlar\u0131n\u0131 ke\u015ffedin. Mobil uygulama ve IoT \u00e7\u00f6z\u00fcmleri ile g\u00fcvenli\u011fi kolayca y\u00f6netin.","robots":{"index":"index","follow":"follow","max-snippet":"max-snippet:-1","max-image-preview":"max-image-preview:large","max-video-preview":"max-video-preview:-1"},"canonical":"https:\/\/onloi.com\/en\/yazilimlarimiz\/","og_locale":"en_US","og_type":"article","og_title":"Ak\u0131ll\u0131 Kilit Y\u00f6netim Yaz\u0131l\u0131m\u0131 ve Mobil Uygulama | Onloi","og_description":"Onloi yaz\u0131l\u0131mlar\u0131n\u0131 ke\u015ffedin. Mobil uygulama ve IoT \u00e7\u00f6z\u00fcmleri ile g\u00fcvenli\u011fi kolayca y\u00f6netin.","og_url":"https:\/\/onloi.com\/en\/yazilimlarimiz\/","og_site_name":"Onloi","article_modified_time":"2026-04-10T08:50:09+00:00","twitter_card":"summary_large_image","twitter_misc":{"Est. reading time":"1 minute"},"schema":{"@context":"https:\/\/schema.org","@graph":[{"@type":"WebPage","@id":"https:\/\/onloi.com\/yazilimlarimiz\/","url":"https:\/\/onloi.com\/yazilimlarimiz\/","name":"Ak\u0131ll\u0131 Kilit Y\u00f6netim Yaz\u0131l\u0131m\u0131 ve Mobil Uygulama | Onloi","isPartOf":{"@id":"https:\/\/onloi.com\/#website"},"datePublished":"2018-08-10T05:09:30+00:00","dateModified":"2026-04-10T08:50:09+00:00","description":"Onloi yaz\u0131l\u0131mlar\u0131n\u0131 ke\u015ffedin. Mobil uygulama ve IoT \u00e7\u00f6z\u00fcmleri ile g\u00fcvenli\u011fi kolayca y\u00f6netin.","breadcrumb":{"@id":"https:\/\/onloi.com\/yazilimlarimiz\/#breadcrumb"},"inLanguage":"en-US","potentialAction":[{"@type":"ReadAction","target":["https:\/\/onloi.com\/yazilimlarimiz\/"]}]},{"@type":"BreadcrumbList","@id":"https:\/\/onloi.com\/yazilimlarimiz\/#breadcrumb","itemListElement":[{"@type":"ListItem","position":1,"name":"Anasayfa","item":"https:\/\/onloi.com\/"},{"@type":"ListItem","position":2,"name":"Yaz\u0131l\u0131mlar\u0131m\u0131z"}]},{"@type":"WebSite","@id":"https:\/\/onloi.com\/#website","url":"https:\/\/onloi.com\/","name":"Onloi","description":"Unlock Smart Living with Onloi","potentialAction":[{"@type":"SearchAction","target":{"@type":"EntryPoint","urlTemplate":"https:\/\/onloi.com\/?s={search_term_string}"},"query-input":{"@type":"PropertyValueSpecification","valueRequired":true,"valueName":"search_term_string"}}],"inLanguage":"en-US"}]}},"_links":{"self":[{"href":"https:\/\/onloi.com\/en\/wp-json\/wp\/v2\/pages\/74","targetHints":{"allow":["GET"]}}],"collection":[{"href":"https:\/\/onloi.com\/en\/wp-json\/wp\/v2\/pages"}],"about":[{"href":"https:\/\/onloi.com\/en\/wp-json\/wp\/v2\/types\/page"}],"author":[{"embeddable":true,"href":"https:\/\/onloi.com\/en\/wp-json\/wp\/v2\/users\/1"}],"replies":[{"embeddable":true,"href":"https:\/\/onloi.com\/en\/wp-json\/wp\/v2\/comments?post=74"}],"version-history":[{"count":17,"href":"https:\/\/onloi.com\/en\/wp-json\/wp\/v2\/pages\/74\/revisions"}],"predecessor-version":[{"id":3401,"href":"https:\/\/onloi.com\/en\/wp-json\/wp\/v2\/pages\/74\/revisions\/3401"}],"wp:attachment":[{"href":"https:\/\/onloi.com\/en\/wp-json\/wp\/v2\/media?parent=74"}],"curies":[{"name":"wp","href":"https:\/\/api.w.org\/{rel}","templated":true}]}}