{"id":73,"date":"2018-08-10T08:09:41","date_gmt":"2018-08-10T05:09:41","guid":{"rendered":"https:\/\/onloi.medicomyazilim.com\/index.php\/showcase\/"},"modified":"2026-04-08T12:42:53","modified_gmt":"2026-04-08T09:42:53","slug":"urunlerimiz","status":"publish","type":"page","link":"https:\/\/onloi.com\/en\/urunlerimiz\/","title":{"rendered":"Our Products"},"content":{"rendered":"<div data-elementor-type=\"wp-post\" data-elementor-id=\"73\" class=\"elementor elementor-73\">\n\t\t\t\t<div class=\"elementor-element elementor-element-2c44e34b e-flex e-con-boxed e-con e-parent\" data-id=\"2c44e34b\" data-element_type=\"container\" data-settings=\"{&quot;background_background&quot;:&quot;classic&quot;}\">\n\t\t\t\t\t<div class=\"e-con-inner\">\n\t\t\t\t<div class=\"elementor-element elementor-element-64679ea8 elementor-widget elementor-widget-heading\" data-id=\"64679ea8\" data-element_type=\"widget\" data-widget_type=\"heading.default\">\n\t\t\t\t<div class=\"elementor-widget-container\">\n\t\t\t\t\t<h2 class=\"elementor-heading-title elementor-size-default\">Our Products<\/h2>\t\t\t\t<\/div>\n\t\t\t\t<\/div>\n\t\t\t\t<div class=\"elementor-element elementor-element-113b5fd0 elementor-icon-list--layout-inline elementor-list-item-link-full_width elementor-widget elementor-widget-icon-list\" data-id=\"113b5fd0\" data-element_type=\"widget\" data-widget_type=\"icon-list.default\">\n\t\t\t\t<div class=\"elementor-widget-container\">\n\t\t\t\t\t\t\t<ul class=\"elementor-icon-list-items elementor-inline-items\">\n\t\t\t\t\t\t\t<li class=\"elementor-icon-list-item elementor-inline-item\">\n\t\t\t\t\t\t\t\t\t\t\t<a href=\"#\">\n\n\t\t\t\t\t\t\t\t\t\t\t<span class=\"elementor-icon-list-text\">Home Page<\/span>\n\t\t\t\t\t\t\t\t\t\t\t<\/a>\n\t\t\t\t\t\t\t\t\t<\/li>\n\t\t\t\t\t\t\t\t<li class=\"elementor-icon-list-item elementor-inline-item\">\n\t\t\t\t\t\t\t\t\t\t\t<a href=\"#\">\n\n\t\t\t\t\t\t\t\t\t\t\t\t<span class=\"elementor-icon-list-icon\">\n\t\t\t\t\t\t\t<i aria-hidden=\"true\" class=\"fas fa-arrow-right\"><\/i>\t\t\t\t\t\t<\/span>\n\t\t\t\t\t\t\t\t\t\t<span class=\"elementor-icon-list-text\">Our Products<\/span>\n\t\t\t\t\t\t\t\t\t\t\t<\/a>\n\t\t\t\t\t\t\t\t\t<\/li>\n\t\t\t\t\t\t<\/ul>\n\t\t\t\t\t\t<\/div>\n\t\t\t\t<\/div>\n\t\t\t\t\t<\/div>\n\t\t\t\t<\/div>\n\t\t<div class=\"elementor-element elementor-element-254801ef e-flex e-con-boxed e-con e-parent\" data-id=\"254801ef\" data-element_type=\"container\">\n\t\t\t\t\t<div class=\"e-con-inner\">\n\t\t\t\t<div class=\"elementor-element elementor-element-49fd46ad elementor-widget__width-initial animated-slow elementor-invisible elementor-widget elementor-widget-heading\" data-id=\"49fd46ad\" data-element_type=\"widget\" data-settings=\"{&quot;_animation&quot;:&quot;fadeInUp&quot;}\" data-widget_type=\"heading.default\">\n\t\t\t\t<div class=\"elementor-widget-container\">\n\t\t\t\t\t<h2 class=\"elementor-heading-title elementor-size-default\">Our Products<\/h2>\t\t\t\t<\/div>\n\t\t\t\t<\/div>\n\t\t<div class=\"elementor-element elementor-element-6f5178e2 e-con-full e-flex e-con e-child\" data-id=\"6f5178e2\" data-element_type=\"container\">\n\t\t<div class=\"elementor-element elementor-element-6b54e685 e-con-full e-flex e-con e-child\" data-id=\"6b54e685\" data-element_type=\"container\">\n\t\t\t\t<div class=\"elementor-element elementor-element-5b41027c ekit-image-accordion-vertical ekit-image-accordion-hover elementor-widget elementor-widget-elementskit-image-accordion\" data-id=\"5b41027c\" data-element_type=\"widget\" data-widget_type=\"elementskit-image-accordion.default\">\n\t\t\t\t<div class=\"elementor-widget-container\">\n\t\t\t\t\t<div class=\"ekit-wid-con\" >\t\t<div class=\"ekit-image-accordion elementskit-image-accordion-wraper\">\n\t\t\t                <input type=\"radio\" name=\"ekit_ia_5b41027c\" id=\"ekit_ia_5b41027c_0\" class=\"elementskit-single-image-accordion--input\" checked=\"checked\" hidden>\n                <label for=\"ekit_ia_5b41027c_0\" class=\"elementskit-single-image-accordion ekit-image-accordion-item\" style=\"background-image: url(https:\/\/onloi.com\/wp-content\/uploads\/2026\/01\/onloi-urunler.png)\" data-link=\"{&quot;url&quot;:&quot;\\\/urun-kategori\\\/akilli-kapi-kilitleri\\\/&quot;,&quot;is_external&quot;:&quot;&quot;,&quot;nofollow&quot;:&quot;&quot;,&quot;custom_attributes&quot;:&quot;&quot;}\" data-behavior=\"hover\" data-active=\"yes\">\n                    <span class=\"elementskit-accordion-content\">\n\t\t\t\t\t\t\t\t\t\t\t\t\t<span class=\"elementskit-icon-wraper ekit-image-accordion-actions\">\n\t\t\t\t\t\t\t\t\t\t\t\t\t\t\t\t\t\t\t\t\t\t\t<a href=\"\/en\/product-category\/akilli-kapi-kilitleri\/\" role=\"link\" aria-label=\"button-link\" class=\"icon-outline circle\">\n\t\t\t\t\t\t\t\t\t<i aria-hidden=\"true\" class=\"icon icon-right-arrow\"><\/i>\t\t\t\t\t\t\t\t\t<\/a>\n\t\t\t\t\t\t\t\t\t\t\t\t\t\t\t<\/span>\n\t\t\t\t\t\t\t\t\t\t\t\t\t\t<span class=\"elementskit-accordion-title-wraper\">\n\t\t\t\t\t\t\t\t<span class=\"elementskit-accordion-title\">\n\t\t\t\t\t\t\t\t\n\t\t\t\t\t\t\t\tSmart Door Locks\n\t\t\t\t\t\t\t\t\t\t\t\t\t\t\t\t<\/span>\n\t\t\t\t\t\t\t<\/span>\n\t\t\t\t\t\t\t\t\t\t\t\t\t\t<span class=\"elementskit-btn-wraper\">\n\t\t\t\t\t\t\t\t<a class=\"ekit-image-accordion--btn elementskit-btn whitespace--normal\" href=\"\/en\/product-category\/akilli-kapi-kilitleri\/\">\n\t\t\t\t\t\t\t\t\tReview\t\t\t\t\t\t\t\t<\/a>\n\t\t\t\t\t\t\t<\/span>\n\t\t\t\t\t\t                    <\/span>\n                <\/label>\n                    <\/div>\n    <\/div>\t\t\t\t<\/div>\n\t\t\t\t<\/div>\n\t\t\t\t<\/div>\n\t\t<div class=\"elementor-element elementor-element-47524b18 e-con-full e-flex e-con e-child\" data-id=\"47524b18\" data-element_type=\"container\">\n\t\t\t\t<div class=\"elementor-element elementor-element-25d13415 ekit-image-accordion-vertical ekit-image-accordion-hover elementor-widget elementor-widget-elementskit-image-accordion\" data-id=\"25d13415\" data-element_type=\"widget\" data-widget_type=\"elementskit-image-accordion.default\">\n\t\t\t\t<div class=\"elementor-widget-container\">\n\t\t\t\t\t<div class=\"ekit-wid-con\" >\t\t<div class=\"ekit-image-accordion elementskit-image-accordion-wraper\">\n\t\t\t                <input type=\"radio\" name=\"ekit_ia_25d13415\" id=\"ekit_ia_25d13415_0\" class=\"elementskit-single-image-accordion--input\" checked=\"checked\" hidden>\n                <label for=\"ekit_ia_25d13415_0\" class=\"elementskit-single-image-accordion ekit-image-accordion-item\" style=\"background-image: url(https:\/\/onloi.com\/wp-content\/uploads\/2026\/01\/onloi-urunler2.png)\" data-link=\"{&quot;url&quot;:&quot;\\\/urun-kategori\\\/elektronik-dolap-kilitleri\\\/&quot;,&quot;is_external&quot;:&quot;&quot;,&quot;nofollow&quot;:&quot;&quot;,&quot;custom_attributes&quot;:&quot;&quot;}\" data-behavior=\"hover\" data-active=\"yes\">\n                    <span class=\"elementskit-accordion-content\">\n\t\t\t\t\t\t\t\t\t\t\t\t\t<span class=\"elementskit-icon-wraper ekit-image-accordion-actions\">\n\t\t\t\t\t\t\t\t\t\t\t\t\t\t\t\t\t\t\t\t\t\t\t<a href=\"\/en\/product-category\/elektronik-dolap-kilitleri\/\" role=\"link\" aria-label=\"button-link\" class=\"icon-outline circle\">\n\t\t\t\t\t\t\t\t\t<i aria-hidden=\"true\" class=\"icon icon-right-arrow\"><\/i>\t\t\t\t\t\t\t\t\t<\/a>\n\t\t\t\t\t\t\t\t\t\t\t\t\t\t\t<\/span>\n\t\t\t\t\t\t\t\t\t\t\t\t\t\t<span class=\"elementskit-accordion-title-wraper\">\n\t\t\t\t\t\t\t\t<span class=\"elementskit-accordion-title\">\n\t\t\t\t\t\t\t\t\n\t\t\t\t\t\t\t\tElectronic Cabinet Locks\n\t\t\t\t\t\t\t\t\t\t\t\t\t\t\t\t<\/span>\n\t\t\t\t\t\t\t<\/span>\n\t\t\t\t\t\t\t\t\t\t\t\t\t\t<span class=\"elementskit-btn-wraper\">\n\t\t\t\t\t\t\t\t<a class=\"ekit-image-accordion--btn elementskit-btn whitespace--normal\" href=\"\/en\/product-category\/elektronik-dolap-kilitleri\/\">\n\t\t\t\t\t\t\t\t\tReview\t\t\t\t\t\t\t\t<\/a>\n\t\t\t\t\t\t\t<\/span>\n\t\t\t\t\t\t                    <\/span>\n                <\/label>\n                    <\/div>\n    <\/div>\t\t\t\t<\/div>\n\t\t\t\t<\/div>\n\t\t\t\t<\/div>\n\t\t<div class=\"elementor-element elementor-element-1edba0a0 e-con-full e-flex e-con e-child\" data-id=\"1edba0a0\" data-element_type=\"container\">\n\t\t\t\t<div class=\"elementor-element elementor-element-3c30b703 ekit-image-accordion-vertical ekit-image-accordion-hover elementor-widget elementor-widget-elementskit-image-accordion\" data-id=\"3c30b703\" data-element_type=\"widget\" data-widget_type=\"elementskit-image-accordion.default\">\n\t\t\t\t<div class=\"elementor-widget-container\">\n\t\t\t\t\t<div class=\"ekit-wid-con\" >\t\t<div class=\"ekit-image-accordion elementskit-image-accordion-wraper\">\n\t\t\t                <input type=\"radio\" name=\"ekit_ia_3c30b703\" id=\"ekit_ia_3c30b703_0\" class=\"elementskit-single-image-accordion--input\" checked=\"checked\" hidden>\n                <label for=\"ekit_ia_3c30b703_0\" class=\"elementskit-single-image-accordion ekit-image-accordion-item\" style=\"background-image: url(https:\/\/onloi.com\/wp-content\/uploads\/2026\/01\/onloi-urunler4.png)\" data-link=\"{&quot;url&quot;:&quot;https:\\\/\\\/onloi.com\\\/urun-kategori\\\/erisim-cihazlari\\\/&quot;,&quot;is_external&quot;:&quot;&quot;,&quot;nofollow&quot;:&quot;&quot;,&quot;custom_attributes&quot;:&quot;&quot;}\" data-behavior=\"hover\" data-active=\"yes\">\n                    <span class=\"elementskit-accordion-content\">\n\t\t\t\t\t\t\t\t\t\t\t\t\t<span class=\"elementskit-icon-wraper ekit-image-accordion-actions\">\n\t\t\t\t\t\t\t\t\t\t\t\t\t\t\t\t\t\t\t\t\t\t\t<a href=\"https:\/\/onloi.com\/en\/product-category\/erisim-cihazlari\/\" role=\"link\" aria-label=\"button-link\" class=\"icon-outline circle\">\n\t\t\t\t\t\t\t\t\t<i aria-hidden=\"true\" class=\"icon icon-right-arrow\"><\/i>\t\t\t\t\t\t\t\t\t<\/a>\n\t\t\t\t\t\t\t\t\t\t\t\t\t\t\t<\/span>\n\t\t\t\t\t\t\t\t\t\t\t\t\t\t<span class=\"elementskit-accordion-title-wraper\">\n\t\t\t\t\t\t\t\t<span class=\"elementskit-accordion-title\">\n\t\t\t\t\t\t\t\t\n\t\t\t\t\t\t\t\tAccess Control Devices\n\t\t\t\t\t\t\t\t\t\t\t\t\t\t\t\t<\/span>\n\t\t\t\t\t\t\t<\/span>\n\t\t\t\t\t\t\t\t\t\t\t\t\t\t<span class=\"elementskit-btn-wraper\">\n\t\t\t\t\t\t\t\t<a class=\"ekit-image-accordion--btn elementskit-btn whitespace--normal\" href=\"https:\/\/onloi.com\/en\/product-category\/erisim-cihazlari\/\">\n\t\t\t\t\t\t\t\t\tReview\t\t\t\t\t\t\t\t<\/a>\n\t\t\t\t\t\t\t<\/span>\n\t\t\t\t\t\t                    <\/span>\n                <\/label>\n                    <\/div>\n    <\/div>\t\t\t\t<\/div>\n\t\t\t\t<\/div>\n\t\t\t\t<\/div>\n\t\t<div class=\"elementor-element elementor-element-61fd13c7 e-con-full e-flex e-con e-child\" data-id=\"61fd13c7\" data-element_type=\"container\">\n\t\t\t\t<div class=\"elementor-element elementor-element-128f006a ekit-image-accordion-vertical ekit-image-accordion-hover elementor-widget elementor-widget-elementskit-image-accordion\" data-id=\"128f006a\" data-element_type=\"widget\" data-widget_type=\"elementskit-image-accordion.default\">\n\t\t\t\t<div class=\"elementor-widget-container\">\n\t\t\t\t\t<div class=\"ekit-wid-con\" >\t\t<div class=\"ekit-image-accordion elementskit-image-accordion-wraper\">\n\t\t\t                <input type=\"radio\" name=\"ekit_ia_128f006a\" id=\"ekit_ia_128f006a_0\" class=\"elementskit-single-image-accordion--input\" checked=\"checked\" hidden>\n                <label for=\"ekit_ia_128f006a_0\" class=\"elementskit-single-image-accordion ekit-image-accordion-item\" style=\"background-image: url(https:\/\/onloi.com\/wp-content\/uploads\/2026\/01\/onloi-urunler3.png)\" data-link=\"{&quot;url&quot;:&quot;\\\/urun-kategori\\\/guvenlik-donanimlari\\\/&quot;,&quot;is_external&quot;:&quot;&quot;,&quot;nofollow&quot;:&quot;&quot;,&quot;custom_attributes&quot;:&quot;&quot;}\" data-behavior=\"hover\" data-active=\"yes\">\n                    <span class=\"elementskit-accordion-content\">\n\t\t\t\t\t\t\t\t\t\t\t\t\t<span class=\"elementskit-icon-wraper ekit-image-accordion-actions\">\n\t\t\t\t\t\t\t\t\t\t\t\t\t\t\t\t\t\t\t\t\t\t\t<a href=\"\/en\/product-category\/guvenlik-donanimlari\/\" role=\"link\" aria-label=\"button-link\" class=\"icon-outline circle\">\n\t\t\t\t\t\t\t\t\t<i aria-hidden=\"true\" class=\"icon icon-right-arrow\"><\/i>\t\t\t\t\t\t\t\t\t<\/a>\n\t\t\t\t\t\t\t\t\t\t\t\t\t\t\t<\/span>\n\t\t\t\t\t\t\t\t\t\t\t\t\t\t<span class=\"elementskit-accordion-title-wraper\">\n\t\t\t\t\t\t\t\t<span class=\"elementskit-accordion-title\">\n\t\t\t\t\t\t\t\t\n\t\t\t\t\t\t\t\tSafety Equipment\n\t\t\t\t\t\t\t\t\t\t\t\t\t\t\t\t<\/span>\n\t\t\t\t\t\t\t<\/span>\n\t\t\t\t\t\t\t\t\t\t\t\t\t\t<span class=\"elementskit-btn-wraper\">\n\t\t\t\t\t\t\t\t<a class=\"ekit-image-accordion--btn elementskit-btn whitespace--normal\" href=\"\/en\/product-category\/guvenlik-donanimlari\/\">\n\t\t\t\t\t\t\t\t\tReview\t\t\t\t\t\t\t\t<\/a>\n\t\t\t\t\t\t\t<\/span>\n\t\t\t\t\t\t                    <\/span>\n                <\/label>\n                    <\/div>\n    <\/div>\t\t\t\t<\/div>\n\t\t\t\t<\/div>\n\t\t\t\t<\/div>\n\t\t\t\t<\/div>\n\t\t\t\t\t<\/div>\n\t\t\t\t<\/div>\n\t\t\t\t<\/div>\n\t\t\n    <div class=\"xs_social_share_widget xs_share_url after_content \t\tmain_content  wslu-style-1 wslu-share-box-shaped wslu-fill-colored wslu-none wslu-share-horizontal wslu-theme-font-no wslu-main_content\">\n\n\t\t\n        <ul>\n\t\t\t        <\/ul>\n    <\/div>","protected":false},"excerpt":{"rendered":"<p>Our Products Home Products Our Products Our Products Smart Door Locks Review Electronic Cabinet Locks Review Access Control Devices Review Security Hardware Review<\/p>","protected":false},"author":1,"featured_media":0,"parent":0,"menu_order":0,"comment_status":"closed","ping_status":"closed","template":"","meta":{"postBodyCss":"","postBodyMargin":[],"postBodyPadding":[],"postBodyBackground":{"backgroundType":"classic","gradient":""},"footnotes":""},"class_list":["post-73","page","type-page","status-publish","hentry"],"yoast_head":"<!-- This site is optimized with the Yoast SEO plugin v26.6 - https:\/\/yoast.com\/wordpress\/plugins\/seo\/ -->\n<title>Ak\u0131ll\u0131 Kilit ve Eri\u015fim Kontrol \u00dcr\u00fcnleri | Onloi<\/title>\n<meta name=\"description\" content=\"Onloi \u00fcr\u00fcnlerini ke\u015ffedin. Ak\u0131ll\u0131 kilit ve g\u00fcvenlik sistemlerinde yenilik\u00e7i \u00e7\u00f6z\u00fcmleri inceleyin.\" \/>\n<meta name=\"robots\" content=\"index, follow, max-snippet:-1, max-image-preview:large, max-video-preview:-1\" \/>\n<link rel=\"canonical\" href=\"https:\/\/onloi.com\/en\/urunlerimiz\/\" \/>\n<meta property=\"og:locale\" content=\"en_US\" \/>\n<meta property=\"og:type\" content=\"article\" \/>\n<meta property=\"og:title\" content=\"Ak\u0131ll\u0131 Kilit ve Eri\u015fim Kontrol \u00dcr\u00fcnleri | Onloi\" \/>\n<meta property=\"og:description\" content=\"Onloi \u00fcr\u00fcnlerini ke\u015ffedin. Ak\u0131ll\u0131 kilit ve g\u00fcvenlik sistemlerinde yenilik\u00e7i \u00e7\u00f6z\u00fcmleri inceleyin.\" \/>\n<meta property=\"og:url\" content=\"https:\/\/onloi.com\/en\/urunlerimiz\/\" \/>\n<meta property=\"og:site_name\" content=\"Onloi\" \/>\n<meta property=\"article:modified_time\" content=\"2026-04-08T09:42:53+00:00\" \/>\n<meta name=\"twitter:card\" content=\"summary_large_image\" \/>\n<meta name=\"twitter:label1\" content=\"Est. reading time\" \/>\n\t<meta name=\"twitter:data1\" content=\"1 minute\" \/>\n<script type=\"application\/ld+json\" class=\"yoast-schema-graph\">{\"@context\":\"https:\/\/schema.org\",\"@graph\":[{\"@type\":\"WebPage\",\"@id\":\"https:\/\/onloi.com\/urunlerimiz\/\",\"url\":\"https:\/\/onloi.com\/urunlerimiz\/\",\"name\":\"Ak\u0131ll\u0131 Kilit ve Eri\u015fim Kontrol \u00dcr\u00fcnleri | Onloi\",\"isPartOf\":{\"@id\":\"https:\/\/onloi.com\/#website\"},\"datePublished\":\"2018-08-10T05:09:41+00:00\",\"dateModified\":\"2026-04-08T09:42:53+00:00\",\"description\":\"Onloi \u00fcr\u00fcnlerini ke\u015ffedin. Ak\u0131ll\u0131 kilit ve g\u00fcvenlik sistemlerinde yenilik\u00e7i \u00e7\u00f6z\u00fcmleri inceleyin.\",\"breadcrumb\":{\"@id\":\"https:\/\/onloi.com\/urunlerimiz\/#breadcrumb\"},\"inLanguage\":\"en-US\",\"potentialAction\":[{\"@type\":\"ReadAction\",\"target\":[\"https:\/\/onloi.com\/urunlerimiz\/\"]}]},{\"@type\":\"BreadcrumbList\",\"@id\":\"https:\/\/onloi.com\/urunlerimiz\/#breadcrumb\",\"itemListElement\":[{\"@type\":\"ListItem\",\"position\":1,\"name\":\"Anasayfa\",\"item\":\"https:\/\/onloi.com\/\"},{\"@type\":\"ListItem\",\"position\":2,\"name\":\"\u00dcr\u00fcnlerimiz\"}]},{\"@type\":\"WebSite\",\"@id\":\"https:\/\/onloi.com\/#website\",\"url\":\"https:\/\/onloi.com\/\",\"name\":\"Onloi\",\"description\":\"Onloi ile Ak\u0131ll\u0131 Ya\u015fam\u0131n Kilidini A\u00e7\u0131n\",\"potentialAction\":[{\"@type\":\"SearchAction\",\"target\":{\"@type\":\"EntryPoint\",\"urlTemplate\":\"https:\/\/onloi.com\/?s={search_term_string}\"},\"query-input\":{\"@type\":\"PropertyValueSpecification\",\"valueRequired\":true,\"valueName\":\"search_term_string\"}}],\"inLanguage\":\"en-US\"}]}<\/script>\n<!-- \/ Yoast SEO plugin. -->","yoast_head_json":{"title":"Ak\u0131ll\u0131 Kilit ve Eri\u015fim Kontrol \u00dcr\u00fcnleri | Onloi","description":"Onloi \u00fcr\u00fcnlerini ke\u015ffedin. Ak\u0131ll\u0131 kilit ve g\u00fcvenlik sistemlerinde yenilik\u00e7i \u00e7\u00f6z\u00fcmleri inceleyin.","robots":{"index":"index","follow":"follow","max-snippet":"max-snippet:-1","max-image-preview":"max-image-preview:large","max-video-preview":"max-video-preview:-1"},"canonical":"https:\/\/onloi.com\/en\/urunlerimiz\/","og_locale":"en_US","og_type":"article","og_title":"Ak\u0131ll\u0131 Kilit ve Eri\u015fim Kontrol \u00dcr\u00fcnleri | Onloi","og_description":"Onloi \u00fcr\u00fcnlerini ke\u015ffedin. Ak\u0131ll\u0131 kilit ve g\u00fcvenlik sistemlerinde yenilik\u00e7i \u00e7\u00f6z\u00fcmleri inceleyin.","og_url":"https:\/\/onloi.com\/en\/urunlerimiz\/","og_site_name":"Onloi","article_modified_time":"2026-04-08T09:42:53+00:00","twitter_card":"summary_large_image","twitter_misc":{"Est. reading time":"1 minute"},"schema":{"@context":"https:\/\/schema.org","@graph":[{"@type":"WebPage","@id":"https:\/\/onloi.com\/urunlerimiz\/","url":"https:\/\/onloi.com\/urunlerimiz\/","name":"Ak\u0131ll\u0131 Kilit ve Eri\u015fim Kontrol \u00dcr\u00fcnleri | Onloi","isPartOf":{"@id":"https:\/\/onloi.com\/#website"},"datePublished":"2018-08-10T05:09:41+00:00","dateModified":"2026-04-08T09:42:53+00:00","description":"Onloi \u00fcr\u00fcnlerini ke\u015ffedin. Ak\u0131ll\u0131 kilit ve g\u00fcvenlik sistemlerinde yenilik\u00e7i \u00e7\u00f6z\u00fcmleri inceleyin.","breadcrumb":{"@id":"https:\/\/onloi.com\/urunlerimiz\/#breadcrumb"},"inLanguage":"en-US","potentialAction":[{"@type":"ReadAction","target":["https:\/\/onloi.com\/urunlerimiz\/"]}]},{"@type":"BreadcrumbList","@id":"https:\/\/onloi.com\/urunlerimiz\/#breadcrumb","itemListElement":[{"@type":"ListItem","position":1,"name":"Anasayfa","item":"https:\/\/onloi.com\/"},{"@type":"ListItem","position":2,"name":"\u00dcr\u00fcnlerimiz"}]},{"@type":"WebSite","@id":"https:\/\/onloi.com\/#website","url":"https:\/\/onloi.com\/","name":"Onloi","description":"Unlock Smart Living with Onloi","potentialAction":[{"@type":"SearchAction","target":{"@type":"EntryPoint","urlTemplate":"https:\/\/onloi.com\/?s={search_term_string}"},"query-input":{"@type":"PropertyValueSpecification","valueRequired":true,"valueName":"search_term_string"}}],"inLanguage":"en-US"}]}},"_links":{"self":[{"href":"https:\/\/onloi.com\/en\/wp-json\/wp\/v2\/pages\/73","targetHints":{"allow":["GET"]}}],"collection":[{"href":"https:\/\/onloi.com\/en\/wp-json\/wp\/v2\/pages"}],"about":[{"href":"https:\/\/onloi.com\/en\/wp-json\/wp\/v2\/types\/page"}],"author":[{"embeddable":true,"href":"https:\/\/onloi.com\/en\/wp-json\/wp\/v2\/users\/1"}],"replies":[{"embeddable":true,"href":"https:\/\/onloi.com\/en\/wp-json\/wp\/v2\/comments?post=73"}],"version-history":[{"count":29,"href":"https:\/\/onloi.com\/en\/wp-json\/wp\/v2\/pages\/73\/revisions"}],"predecessor-version":[{"id":3402,"href":"https:\/\/onloi.com\/en\/wp-json\/wp\/v2\/pages\/73\/revisions\/3402"}],"wp:attachment":[{"href":"https:\/\/onloi.com\/en\/wp-json\/wp\/v2\/media?parent=73"}],"curies":[{"name":"wp","href":"https:\/\/api.w.org\/{rel}","templated":true}]}}