{"id":553,"date":"2025-08-22T11:05:55","date_gmt":"2025-08-22T08:05:55","guid":{"rendered":"https:\/\/onloi.medicomyazilim.com\/hesabim\/"},"modified":"2025-08-22T11:05:55","modified_gmt":"2025-08-22T08:05:55","slug":"hesabim","status":"publish","type":"page","link":"https:\/\/onloi.com\/en\/hesabim\/","title":{"rendered":"My Account"},"content":{"rendered":"<div class=\"woocommerce\"><\/div>\n\n    <div class=\"xs_social_share_widget xs_share_url after_content \t\tmain_content  wslu-style-1 wslu-share-box-shaped wslu-fill-colored wslu-none wslu-share-horizontal wslu-theme-font-no wslu-main_content\">\n\n\t\t\n        <ul>\n\t\t\t        <\/ul>\n    <\/div>","protected":false},"excerpt":{"rendered":"","protected":false},"author":1,"featured_media":0,"parent":0,"menu_order":0,"comment_status":"closed","ping_status":"closed","template":"","meta":{"postBodyCss":"","postBodyMargin":[],"postBodyPadding":[],"postBodyBackground":{"backgroundType":"classic","gradient":""},"footnotes":""},"class_list":["post-553","page","type-page","status-publish","hentry"],"yoast_head":"<!-- This site is optimized with the Yoast SEO plugin v26.6 - https:\/\/yoast.com\/wordpress\/plugins\/seo\/ -->\n<title>Hesab\u0131m | Onloi<\/title>\n<meta name=\"description\" content=\"Hesab\u0131n\u0131za giri\u015f yaparak sipari\u015flerinizi y\u00f6netin, adres bilgilerinizi g\u00fcncelleyin ve Onloi hizmetlerinden kolayca faydalan\u0131n.\" \/>\n<meta name=\"robots\" content=\"index, follow, max-snippet:-1, max-image-preview:large, max-video-preview:-1\" \/>\n<link rel=\"canonical\" href=\"https:\/\/onloi.com\/en\/hesabim\/\" \/>\n<meta property=\"og:locale\" content=\"en_US\" \/>\n<meta property=\"og:type\" content=\"article\" \/>\n<meta property=\"og:title\" content=\"Hesab\u0131m | Onloi\" \/>\n<meta property=\"og:description\" content=\"Hesab\u0131n\u0131za giri\u015f yaparak sipari\u015flerinizi y\u00f6netin, adres bilgilerinizi g\u00fcncelleyin ve Onloi hizmetlerinden kolayca faydalan\u0131n.\" \/>\n<meta property=\"og:url\" content=\"https:\/\/onloi.com\/en\/hesabim\/\" \/>\n<meta property=\"og:site_name\" content=\"Onloi\" \/>\n<meta name=\"twitter:card\" content=\"summary_large_image\" \/>\n<script type=\"application\/ld+json\" class=\"yoast-schema-graph\">{\"@context\":\"https:\/\/schema.org\",\"@graph\":[{\"@type\":\"WebPage\",\"@id\":\"https:\/\/onloi.com\/hesabim\/\",\"url\":\"https:\/\/onloi.com\/hesabim\/\",\"name\":\"Hesab\u0131m | Onloi\",\"isPartOf\":{\"@id\":\"https:\/\/onloi.com\/#website\"},\"datePublished\":\"2025-08-22T08:05:55+00:00\",\"description\":\"Hesab\u0131n\u0131za giri\u015f yaparak sipari\u015flerinizi y\u00f6netin, adres bilgilerinizi g\u00fcncelleyin ve Onloi hizmetlerinden kolayca faydalan\u0131n.\",\"breadcrumb\":{\"@id\":\"https:\/\/onloi.com\/hesabim\/#breadcrumb\"},\"inLanguage\":\"en-US\",\"potentialAction\":[{\"@type\":\"ReadAction\",\"target\":[\"https:\/\/onloi.com\/hesabim\/\"]}]},{\"@type\":\"BreadcrumbList\",\"@id\":\"https:\/\/onloi.com\/hesabim\/#breadcrumb\",\"itemListElement\":[{\"@type\":\"ListItem\",\"position\":1,\"name\":\"Anasayfa\",\"item\":\"https:\/\/onloi.com\/\"},{\"@type\":\"ListItem\",\"position\":2,\"name\":\"Hesab\u0131m\"}]},{\"@type\":\"WebSite\",\"@id\":\"https:\/\/onloi.com\/#website\",\"url\":\"https:\/\/onloi.com\/\",\"name\":\"Onloi\",\"description\":\"Onloi ile Ak\u0131ll\u0131 Ya\u015fam\u0131n Kilidini A\u00e7\u0131n\",\"potentialAction\":[{\"@type\":\"SearchAction\",\"target\":{\"@type\":\"EntryPoint\",\"urlTemplate\":\"https:\/\/onloi.com\/?s={search_term_string}\"},\"query-input\":{\"@type\":\"PropertyValueSpecification\",\"valueRequired\":true,\"valueName\":\"search_term_string\"}}],\"inLanguage\":\"en-US\"}]}<\/script>\n<!-- \/ Yoast SEO plugin. -->","yoast_head_json":{"title":"Hesab\u0131m | Onloi","description":"Hesab\u0131n\u0131za giri\u015f yaparak sipari\u015flerinizi y\u00f6netin, adres bilgilerinizi g\u00fcncelleyin ve Onloi hizmetlerinden kolayca faydalan\u0131n.","robots":{"index":"index","follow":"follow","max-snippet":"max-snippet:-1","max-image-preview":"max-image-preview:large","max-video-preview":"max-video-preview:-1"},"canonical":"https:\/\/onloi.com\/en\/hesabim\/","og_locale":"en_US","og_type":"article","og_title":"Hesab\u0131m | Onloi","og_description":"Hesab\u0131n\u0131za giri\u015f yaparak sipari\u015flerinizi y\u00f6netin, adres bilgilerinizi g\u00fcncelleyin ve Onloi hizmetlerinden kolayca faydalan\u0131n.","og_url":"https:\/\/onloi.com\/en\/hesabim\/","og_site_name":"Onloi","twitter_card":"summary_large_image","schema":{"@context":"https:\/\/schema.org","@graph":[{"@type":"WebPage","@id":"https:\/\/onloi.com\/hesabim\/","url":"https:\/\/onloi.com\/hesabim\/","name":"Hesab\u0131m | Onloi","isPartOf":{"@id":"https:\/\/onloi.com\/#website"},"datePublished":"2025-08-22T08:05:55+00:00","description":"Hesab\u0131n\u0131za giri\u015f yaparak sipari\u015flerinizi y\u00f6netin, adres bilgilerinizi g\u00fcncelleyin ve Onloi hizmetlerinden kolayca faydalan\u0131n.","breadcrumb":{"@id":"https:\/\/onloi.com\/hesabim\/#breadcrumb"},"inLanguage":"en-US","potentialAction":[{"@type":"ReadAction","target":["https:\/\/onloi.com\/hesabim\/"]}]},{"@type":"BreadcrumbList","@id":"https:\/\/onloi.com\/hesabim\/#breadcrumb","itemListElement":[{"@type":"ListItem","position":1,"name":"Anasayfa","item":"https:\/\/onloi.com\/"},{"@type":"ListItem","position":2,"name":"Hesab\u0131m"}]},{"@type":"WebSite","@id":"https:\/\/onloi.com\/#website","url":"https:\/\/onloi.com\/","name":"Onloi","description":"Unlock Smart Living with Onloi","potentialAction":[{"@type":"SearchAction","target":{"@type":"EntryPoint","urlTemplate":"https:\/\/onloi.com\/?s={search_term_string}"},"query-input":{"@type":"PropertyValueSpecification","valueRequired":true,"valueName":"search_term_string"}}],"inLanguage":"en-US"}]}},"_links":{"self":[{"href":"https:\/\/onloi.com\/en\/wp-json\/wp\/v2\/pages\/553","targetHints":{"allow":["GET"]}}],"collection":[{"href":"https:\/\/onloi.com\/en\/wp-json\/wp\/v2\/pages"}],"about":[{"href":"https:\/\/onloi.com\/en\/wp-json\/wp\/v2\/types\/page"}],"author":[{"embeddable":true,"href":"https:\/\/onloi.com\/en\/wp-json\/wp\/v2\/users\/1"}],"replies":[{"embeddable":true,"href":"https:\/\/onloi.com\/en\/wp-json\/wp\/v2\/comments?post=553"}],"version-history":[{"count":0,"href":"https:\/\/onloi.com\/en\/wp-json\/wp\/v2\/pages\/553\/revisions"}],"wp:attachment":[{"href":"https:\/\/onloi.com\/en\/wp-json\/wp\/v2\/media?parent=553"}],"curies":[{"name":"wp","href":"https:\/\/api.w.org\/{rel}","templated":true}]}}