{"id":551,"date":"2025-08-22T11:05:55","date_gmt":"2025-08-22T08:05:55","guid":{"rendered":"https:\/\/onloi.medicomyazilim.com\/sepet\/"},"modified":"2026-04-08T12:27:17","modified_gmt":"2026-04-08T09:27:17","slug":"sepet","status":"publish","type":"page","link":"https:\/\/onloi.com\/en\/sepet\/","title":{"rendered":"Sepetim"},"content":{"rendered":"<div data-block-name=\"woocommerce\/cart\" class=\"wp-block-woocommerce-cart alignwide is-loading\">\r\n<div data-block-name=\"woocommerce\/filled-cart-block\" class=\"wp-block-woocommerce-filled-cart-block\">\r\n<div data-block-name=\"woocommerce\/cart-items-block\" class=\"wp-block-woocommerce-cart-items-block\">\r\n<div data-block-name=\"woocommerce\/cart-line-items-block\" class=\"wp-block-woocommerce-cart-line-items-block\">\u00a0<\/div>\r\n\r\n\r\n\r\n<div data-block-name=\"woocommerce\/cart-cross-sells-block\" class=\"wp-block-woocommerce-cart-cross-sells-block\">\r\n<h2 class=\"wp-block-heading has-large-font-size\">You may be interested in...<\/h2>\r\n\r\n\r\n\r\n<div data-block-name=\"woocommerce\/cart-cross-sells-products-block\" class=\"wp-block-woocommerce-cart-cross-sells-products-block\">\u00a0<\/div>\r\n<\/div>\r\n<\/div>\r\n\r\n\r\n\r\n<div data-block-name=\"woocommerce\/cart-totals-block\" class=\"wp-block-woocommerce-cart-totals-block\">\r\n<div data-block-name=\"woocommerce\/cart-order-summary-block\" class=\"wp-block-woocommerce-cart-order-summary-block\">\r\n<div data-block-name=\"woocommerce\/cart-order-summary-heading-block\" class=\"wp-block-woocommerce-cart-order-summary-heading-block\">\u00a0<\/div>\r\n\r\n\r\n\r\n<div data-block-name=\"woocommerce\/cart-order-summary-coupon-form-block\" class=\"wp-block-woocommerce-cart-order-summary-coupon-form-block\">\u00a0<\/div>\r\n\r\n\r\n\r\n\r\n\r\n\r\n\r\n\r\n\r\n\r\n\r\n\r\n\r\n\r\n\r\n\r\n\r\n\r\n\r\n<div data-block-name=\"woocommerce\/cart-order-summary-totals-block\" class=\"wp-block-woocommerce-cart-order-summary-totals-block\">\n<div data-block-name=\"woocommerce\/cart-order-summary-subtotal-block\" class=\"wp-block-woocommerce-cart-order-summary-subtotal-block\">\u00a0<\/div>\n<div data-block-name=\"woocommerce\/cart-order-summary-discount-block\" class=\"wp-block-woocommerce-cart-order-summary-discount-block\">\u00a0<\/div>\n<div data-block-name=\"woocommerce\/cart-order-summary-fee-block\" class=\"wp-block-woocommerce-cart-order-summary-fee-block\">\u00a0<\/div>\n<div data-block-name=\"woocommerce\/cart-order-summary-shipping-block\" class=\"wp-block-woocommerce-cart-order-summary-shipping-block\">\u00a0<\/div>\n<div data-block-name=\"woocommerce\/cart-order-summary-taxes-block\" class=\"wp-block-woocommerce-cart-order-summary-taxes-block\">\u00a0<\/div><\/div>\r\n<\/div>\r\n\r\n\r\n\r\n<div data-block-name=\"woocommerce\/cart-express-payment-block\" class=\"wp-block-woocommerce-cart-express-payment-block\">\u00a0<\/div>\r\n\r\n\r\n\r\n<div data-block-name=\"woocommerce\/proceed-to-checkout-block\" class=\"wp-block-woocommerce-proceed-to-checkout-block\">\u00a0<\/div>\r\n\r\n\r\n\r\n<div data-block-name=\"woocommerce\/cart-accepted-payment-methods-block\" class=\"wp-block-woocommerce-cart-accepted-payment-methods-block\">\u00a0<\/div>\r\n<\/div>\r\n<\/div>\r\n\r\n\r\n\r\n<div data-block-name=\"woocommerce\/empty-cart-block\" class=\"wp-block-woocommerce-empty-cart-block\">\r\n<h2 class=\"wp-block-heading has-text-align-center with-empty-cart-icon wc-block-cart__empty-cart__title\">Your cart is currently empty!<\/h2>\r\n\r\n\r\n<hr class=\"wp-block-separator has-alpha-channel-opacity is-style-dots\" \/>\r\n\r\n\r\n<h2 class=\"wp-block-heading has-text-align-center\">New in store<\/h2>\r\n\r\n\r\n<div data-block-name=\"woocommerce\/product-new\" data-columns=\"4\" data-rows=\"1\" class=\"wc-block-grid wp-block-product-new wp-block-woocommerce-product-new wc-block-product-new has-4-columns\"><ul class=\"wc-block-grid__products\"><li class=\"wc-block-grid__product\">\n\t\t\t\t<a href=\"https:\/\/onloi.com\/en\/product\/mobil-uygulama-kontrollu-tek-port-role\/\" class=\"wc-block-grid__product-link\">\n\t\t\t\t\t\n\t\t\t\t\t<div class=\"wc-block-grid__product-image\"><img fetchpriority=\"high\" decoding=\"async\" width=\"300\" height=\"240\" src=\"https:\/\/onloi.com\/wp-content\/uploads\/2025\/12\/Your-paragraph-text-34-300x240.png\" class=\"attachment-woocommerce_thumbnail size-woocommerce_thumbnail\" alt=\"Mobil Uygulama Kontroll\u00fc Tek Port R\u00f6le\" srcset=\"https:\/\/onloi.com\/wp-content\/uploads\/2025\/12\/Your-paragraph-text-34-300x240.png 300w, https:\/\/onloi.com\/wp-content\/uploads\/2025\/12\/Your-paragraph-text-34-1536x1229.png 1536w, https:\/\/onloi.com\/wp-content\/uploads\/2025\/12\/Your-paragraph-text-34-15x12.png 15w, https:\/\/onloi.com\/wp-content\/uploads\/2025\/12\/Your-paragraph-text-34-600x480.png 600w, https:\/\/onloi.com\/wp-content\/uploads\/2025\/12\/Your-paragraph-text-34.png 2000w\" sizes=\"(max-width: 300px) 100vw, 300px\" \/><\/div>\n\t\t\t\t\t<div class=\"wc-block-grid__product-title\">Mobile App Controlled Single Port Relay<\/div>\n\t\t\t\t<\/a>\n\t\t\t\t<div class=\"wc-block-grid__product-price price\"><\/div>\n\t\t\t\t\n\t\t\t\t<div class=\"wp-block-button wc-block-grid__product-add-to-cart\"><a href=\"https:\/\/onloi.com\/en\/product\/mobil-uygulama-kontrollu-tek-port-role\/\" aria-label=\"Read more about \u201cMobil Uygulama Kontroll\u00fc Tek Port R\u00f6le\u201d\" data-quantity=\"1\" data-product_id=\"2839\" data-product_sku=\"\" data-price=\"0\" rel=\"nofollow\" class=\"wp-block-button__link  add_to_cart_button\" data-no-translation=\"\" data-trp-gettext=\"\" data-no-translation-aria-label=\"\">Read more<\/a><\/div>\n\t\t\t<\/li><li class=\"wc-block-grid__product\">\n\t\t\t\t<a href=\"https:\/\/onloi.com\/en\/product\/mifare-bileklik\/\" class=\"wc-block-grid__product-link\">\n\t\t\t\t\t\n\t\t\t\t\t<div class=\"wc-block-grid__product-image\"><img decoding=\"async\" width=\"300\" height=\"240\" src=\"https:\/\/onloi.com\/wp-content\/uploads\/2025\/12\/Your-paragraph-text-32-300x240.png\" class=\"attachment-woocommerce_thumbnail size-woocommerce_thumbnail\" alt=\"Mifare Bileklik\" srcset=\"https:\/\/onloi.com\/wp-content\/uploads\/2025\/12\/Your-paragraph-text-32-300x240.png 300w, https:\/\/onloi.com\/wp-content\/uploads\/2025\/12\/Your-paragraph-text-32-1536x1229.png 1536w, https:\/\/onloi.com\/wp-content\/uploads\/2025\/12\/Your-paragraph-text-32-15x12.png 15w, https:\/\/onloi.com\/wp-content\/uploads\/2025\/12\/Your-paragraph-text-32-600x480.png 600w, https:\/\/onloi.com\/wp-content\/uploads\/2025\/12\/Your-paragraph-text-32.png 2000w\" sizes=\"(max-width: 300px) 100vw, 300px\" \/><\/div>\n\t\t\t\t\t<div class=\"wc-block-grid__product-title\">Mifare Wristband<\/div>\n\t\t\t\t<\/a>\n\t\t\t\t<div class=\"wc-block-grid__product-price price\"><\/div>\n\t\t\t\t\n\t\t\t\t<div class=\"wp-block-button wc-block-grid__product-add-to-cart\"><a href=\"https:\/\/onloi.com\/en\/product\/mifare-bileklik\/\" aria-label=\"Read more about \u201cMifare Bileklik\u201d\" data-quantity=\"1\" data-product_id=\"2831\" data-product_sku=\"\" data-price=\"0\" rel=\"nofollow\" class=\"wp-block-button__link  add_to_cart_button\" data-no-translation=\"\" data-trp-gettext=\"\" data-no-translation-aria-label=\"\">Read more<\/a><\/div>\n\t\t\t<\/li><li class=\"wc-block-grid__product\">\n\t\t\t\t<a href=\"https:\/\/onloi.com\/en\/product\/uhf-rfid-otopark-hgs-anteni\/\" class=\"wc-block-grid__product-link\">\n\t\t\t\t\t\n\t\t\t\t\t<div class=\"wc-block-grid__product-image\"><img decoding=\"async\" width=\"300\" height=\"300\" src=\"https:\/\/onloi.com\/wp-content\/uploads\/2025\/12\/MTY2NGNhMGY3ZTZkOWE-300x300.jpg\" class=\"attachment-woocommerce_thumbnail size-woocommerce_thumbnail\" alt=\"UHF RFID Otopark HGS Anteni\" srcset=\"https:\/\/onloi.com\/wp-content\/uploads\/2025\/12\/MTY2NGNhMGY3ZTZkOWE-300x300.jpg 300w, https:\/\/onloi.com\/wp-content\/uploads\/2025\/12\/MTY2NGNhMGY3ZTZkOWE-150x150.jpg 150w, https:\/\/onloi.com\/wp-content\/uploads\/2025\/12\/MTY2NGNhMGY3ZTZkOWE-12x12.jpg 12w, https:\/\/onloi.com\/wp-content\/uploads\/2025\/12\/MTY2NGNhMGY3ZTZkOWE-600x600.jpg 600w, https:\/\/onloi.com\/wp-content\/uploads\/2025\/12\/MTY2NGNhMGY3ZTZkOWE-100x100.jpg 100w, https:\/\/onloi.com\/wp-content\/uploads\/2025\/12\/MTY2NGNhMGY3ZTZkOWE.jpg 700w\" sizes=\"(max-width: 300px) 100vw, 300px\" \/><\/div>\n\t\t\t\t\t<div class=\"wc-block-grid__product-title\">UHF RFID Parking Lot HGS Antenna<\/div>\n\t\t\t\t<\/a>\n\t\t\t\t<div class=\"wc-block-grid__product-price price\"><\/div>\n\t\t\t\t\n\t\t\t\t<div class=\"wp-block-button wc-block-grid__product-add-to-cart\"><a href=\"https:\/\/onloi.com\/en\/product\/uhf-rfid-otopark-hgs-anteni\/\" aria-label=\"Read more about \u201cUHF RFID Otopark HGS Anteni\u201d\" data-quantity=\"1\" data-product_id=\"2826\" data-product_sku=\"\" data-price=\"0\" rel=\"nofollow\" class=\"wp-block-button__link  add_to_cart_button\" data-no-translation=\"\" data-trp-gettext=\"\" data-no-translation-aria-label=\"\">Read more<\/a><\/div>\n\t\t\t<\/li><li class=\"wc-block-grid__product\">\n\t\t\t\t<a href=\"https:\/\/onloi.com\/en\/product\/mifare-damla-kart\/\" class=\"wc-block-grid__product-link\">\n\t\t\t\t\t\n\t\t\t\t\t<div class=\"wc-block-grid__product-image\"><img loading=\"lazy\" decoding=\"async\" width=\"300\" height=\"300\" src=\"https:\/\/onloi.com\/wp-content\/uploads\/2025\/12\/ASMA-KILIT-3-300x300.png\" class=\"attachment-woocommerce_thumbnail size-woocommerce_thumbnail\" alt=\"Mifare Damla Kart\" srcset=\"https:\/\/onloi.com\/wp-content\/uploads\/2025\/12\/ASMA-KILIT-3-300x300.png 300w, https:\/\/onloi.com\/wp-content\/uploads\/2025\/12\/ASMA-KILIT-3-1024x1024.png 1024w, https:\/\/onloi.com\/wp-content\/uploads\/2025\/12\/ASMA-KILIT-3-150x150.png 150w, https:\/\/onloi.com\/wp-content\/uploads\/2025\/12\/ASMA-KILIT-3-768x768.png 768w, https:\/\/onloi.com\/wp-content\/uploads\/2025\/12\/ASMA-KILIT-3-1536x1536.png 1536w, https:\/\/onloi.com\/wp-content\/uploads\/2025\/12\/ASMA-KILIT-3-12x12.png 12w, https:\/\/onloi.com\/wp-content\/uploads\/2025\/12\/ASMA-KILIT-3-600x600.png 600w, https:\/\/onloi.com\/wp-content\/uploads\/2025\/12\/ASMA-KILIT-3-100x100.png 100w, https:\/\/onloi.com\/wp-content\/uploads\/2025\/12\/ASMA-KILIT-3.png 2000w\" sizes=\"(max-width: 300px) 100vw, 300px\" \/><\/div>\n\t\t\t\t\t<div class=\"wc-block-grid__product-title\">Mifare Drop Card<\/div>\n\t\t\t\t<\/a>\n\t\t\t\t<div class=\"wc-block-grid__product-price price\"><\/div>\n\t\t\t\t\n\t\t\t\t<div class=\"wp-block-button wc-block-grid__product-add-to-cart\"><a href=\"https:\/\/onloi.com\/en\/product\/mifare-damla-kart\/\" aria-label=\"Read more about \u201cMifare Damla Kart\u201d\" data-quantity=\"1\" data-product_id=\"2813\" data-product_sku=\"\" data-price=\"0\" rel=\"nofollow\" class=\"wp-block-button__link  add_to_cart_button\" data-no-translation=\"\" data-trp-gettext=\"\" data-no-translation-aria-label=\"\">Read more<\/a><\/div>\n\t\t\t<\/li><\/ul><\/div><\/div>\r\n<\/div>\r\n\n    <div class=\"xs_social_share_widget xs_share_url after_content \t\tmain_content  wslu-style-1 wslu-share-box-shaped wslu-fill-colored wslu-none wslu-share-horizontal wslu-theme-font-no wslu-main_content\">\n\n\t\t\n        <ul>\n\t\t\t        <\/ul>\n    <\/div>","protected":false},"excerpt":{"rendered":"","protected":false},"author":1,"featured_media":0,"parent":0,"menu_order":0,"comment_status":"closed","ping_status":"closed","template":"","meta":{"postBodyCss":"","postBodyMargin":[],"postBodyPadding":[],"postBodyBackground":{"backgroundType":"classic","gradient":""},"footnotes":""},"class_list":["post-551","page","type-page","status-publish","hentry"],"yoast_head":"<!-- This site is optimized with the Yoast SEO plugin v26.6 - https:\/\/yoast.com\/wordpress\/plugins\/seo\/ -->\n<title>Sepetim | Onloi<\/title>\n<meta name=\"description\" content=\"Onloi al\u0131\u015fveri\u015f sepetinizi y\u00f6netin. \u00dcr\u00fcnleri ekleyin, \u00e7\u0131kar\u0131n ve g\u00fcvenli \u015fekilde \u00f6deme ad\u0131m\u0131na ge\u00e7in.\" \/>\n<meta name=\"robots\" content=\"index, follow, max-snippet:-1, max-image-preview:large, max-video-preview:-1\" \/>\n<link rel=\"canonical\" href=\"https:\/\/onloi.com\/en\/sepet\/\" \/>\n<meta property=\"og:locale\" content=\"en_US\" \/>\n<meta property=\"og:type\" content=\"article\" \/>\n<meta property=\"og:title\" content=\"Sepetim | Onloi\" \/>\n<meta property=\"og:description\" content=\"Onloi al\u0131\u015fveri\u015f sepetinizi y\u00f6netin. \u00dcr\u00fcnleri ekleyin, \u00e7\u0131kar\u0131n ve g\u00fcvenli \u015fekilde \u00f6deme ad\u0131m\u0131na ge\u00e7in.\" \/>\n<meta property=\"og:url\" content=\"https:\/\/onloi.com\/en\/sepet\/\" \/>\n<meta property=\"og:site_name\" content=\"Onloi\" \/>\n<meta property=\"article:modified_time\" content=\"2026-04-08T09:27:17+00:00\" \/>\n<meta name=\"twitter:card\" content=\"summary_large_image\" \/>\n<meta name=\"twitter:label1\" content=\"Est. reading time\" \/>\n\t<meta name=\"twitter:data1\" content=\"1 minute\" \/>\n<script type=\"application\/ld+json\" class=\"yoast-schema-graph\">{\"@context\":\"https:\/\/schema.org\",\"@graph\":[{\"@type\":\"WebPage\",\"@id\":\"https:\/\/onloi.com\/sepet\/\",\"url\":\"https:\/\/onloi.com\/sepet\/\",\"name\":\"Sepetim | Onloi\",\"isPartOf\":{\"@id\":\"https:\/\/onloi.com\/#website\"},\"datePublished\":\"2025-08-22T08:05:55+00:00\",\"dateModified\":\"2026-04-08T09:27:17+00:00\",\"description\":\"Onloi al\u0131\u015fveri\u015f sepetinizi y\u00f6netin. \u00dcr\u00fcnleri ekleyin, \u00e7\u0131kar\u0131n ve g\u00fcvenli \u015fekilde \u00f6deme ad\u0131m\u0131na ge\u00e7in.\",\"breadcrumb\":{\"@id\":\"https:\/\/onloi.com\/sepet\/#breadcrumb\"},\"inLanguage\":\"en-US\",\"potentialAction\":[{\"@type\":\"ReadAction\",\"target\":[\"https:\/\/onloi.com\/sepet\/\"]}]},{\"@type\":\"BreadcrumbList\",\"@id\":\"https:\/\/onloi.com\/sepet\/#breadcrumb\",\"itemListElement\":[{\"@type\":\"ListItem\",\"position\":1,\"name\":\"Anasayfa\",\"item\":\"https:\/\/onloi.com\/\"},{\"@type\":\"ListItem\",\"position\":2,\"name\":\"Sepetim\"}]},{\"@type\":\"WebSite\",\"@id\":\"https:\/\/onloi.com\/#website\",\"url\":\"https:\/\/onloi.com\/\",\"name\":\"Onloi\",\"description\":\"Onloi ile Ak\u0131ll\u0131 Ya\u015fam\u0131n Kilidini A\u00e7\u0131n\",\"potentialAction\":[{\"@type\":\"SearchAction\",\"target\":{\"@type\":\"EntryPoint\",\"urlTemplate\":\"https:\/\/onloi.com\/?s={search_term_string}\"},\"query-input\":{\"@type\":\"PropertyValueSpecification\",\"valueRequired\":true,\"valueName\":\"search_term_string\"}}],\"inLanguage\":\"en-US\"}]}<\/script>\n<!-- \/ Yoast SEO plugin. -->","yoast_head_json":{"title":"Sepetim | Onloi","description":"Onloi al\u0131\u015fveri\u015f sepetinizi y\u00f6netin. \u00dcr\u00fcnleri ekleyin, \u00e7\u0131kar\u0131n ve g\u00fcvenli \u015fekilde \u00f6deme ad\u0131m\u0131na ge\u00e7in.","robots":{"index":"index","follow":"follow","max-snippet":"max-snippet:-1","max-image-preview":"max-image-preview:large","max-video-preview":"max-video-preview:-1"},"canonical":"https:\/\/onloi.com\/en\/sepet\/","og_locale":"en_US","og_type":"article","og_title":"Sepetim | Onloi","og_description":"Onloi al\u0131\u015fveri\u015f sepetinizi y\u00f6netin. \u00dcr\u00fcnleri ekleyin, \u00e7\u0131kar\u0131n ve g\u00fcvenli \u015fekilde \u00f6deme ad\u0131m\u0131na ge\u00e7in.","og_url":"https:\/\/onloi.com\/en\/sepet\/","og_site_name":"Onloi","article_modified_time":"2026-04-08T09:27:17+00:00","twitter_card":"summary_large_image","twitter_misc":{"Est. reading time":"1 minute"},"schema":{"@context":"https:\/\/schema.org","@graph":[{"@type":"WebPage","@id":"https:\/\/onloi.com\/sepet\/","url":"https:\/\/onloi.com\/sepet\/","name":"Sepetim | Onloi","isPartOf":{"@id":"https:\/\/onloi.com\/#website"},"datePublished":"2025-08-22T08:05:55+00:00","dateModified":"2026-04-08T09:27:17+00:00","description":"Onloi al\u0131\u015fveri\u015f sepetinizi y\u00f6netin. \u00dcr\u00fcnleri ekleyin, \u00e7\u0131kar\u0131n ve g\u00fcvenli \u015fekilde \u00f6deme ad\u0131m\u0131na ge\u00e7in.","breadcrumb":{"@id":"https:\/\/onloi.com\/sepet\/#breadcrumb"},"inLanguage":"en-US","potentialAction":[{"@type":"ReadAction","target":["https:\/\/onloi.com\/sepet\/"]}]},{"@type":"BreadcrumbList","@id":"https:\/\/onloi.com\/sepet\/#breadcrumb","itemListElement":[{"@type":"ListItem","position":1,"name":"Anasayfa","item":"https:\/\/onloi.com\/"},{"@type":"ListItem","position":2,"name":"Sepetim"}]},{"@type":"WebSite","@id":"https:\/\/onloi.com\/#website","url":"https:\/\/onloi.com\/","name":"Onloi","description":"Unlock Smart Living with Onloi","potentialAction":[{"@type":"SearchAction","target":{"@type":"EntryPoint","urlTemplate":"https:\/\/onloi.com\/?s={search_term_string}"},"query-input":{"@type":"PropertyValueSpecification","valueRequired":true,"valueName":"search_term_string"}}],"inLanguage":"en-US"}]}},"_links":{"self":[{"href":"https:\/\/onloi.com\/en\/wp-json\/wp\/v2\/pages\/551","targetHints":{"allow":["GET"]}}],"collection":[{"href":"https:\/\/onloi.com\/en\/wp-json\/wp\/v2\/pages"}],"about":[{"href":"https:\/\/onloi.com\/en\/wp-json\/wp\/v2\/types\/page"}],"author":[{"embeddable":true,"href":"https:\/\/onloi.com\/en\/wp-json\/wp\/v2\/users\/1"}],"replies":[{"embeddable":true,"href":"https:\/\/onloi.com\/en\/wp-json\/wp\/v2\/comments?post=551"}],"version-history":[{"count":1,"href":"https:\/\/onloi.com\/en\/wp-json\/wp\/v2\/pages\/551\/revisions"}],"predecessor-version":[{"id":3395,"href":"https:\/\/onloi.com\/en\/wp-json\/wp\/v2\/pages\/551\/revisions\/3395"}],"wp:attachment":[{"href":"https:\/\/onloi.com\/en\/wp-json\/wp\/v2\/media?parent=551"}],"curies":[{"name":"wp","href":"https:\/\/api.w.org\/{rel}","templated":true}]}}