{"id":325,"date":"2025-08-11T12:43:30","date_gmt":"2025-08-11T09:43:30","guid":{"rendered":"https:\/\/onloi.medicomyazilim.com\/?page_id=325"},"modified":"2026-04-10T11:13:31","modified_gmt":"2026-04-10T08:13:31","slug":"grup-sirketlerimiz","status":"publish","type":"page","link":"https:\/\/onloi.com\/en\/grup-sirketlerimiz\/","title":{"rendered":"Onloi Group Companies"},"content":{"rendered":"<div data-elementor-type=\"wp-page\" data-elementor-id=\"325\" class=\"elementor elementor-325\">\n\t\t\t\t<div class=\"elementor-element elementor-element-48742b5a e-flex e-con-boxed e-con e-parent\" data-id=\"48742b5a\" data-element_type=\"container\" data-settings=\"{&quot;background_background&quot;:&quot;classic&quot;}\">\n\t\t\t\t\t<div class=\"e-con-inner\">\n\t\t\t\t<div class=\"elementor-element elementor-element-5393f4a2 elementor-widget elementor-widget-heading\" data-id=\"5393f4a2\" data-element_type=\"widget\" data-widget_type=\"heading.default\">\n\t\t\t\t<div class=\"elementor-widget-container\">\n\t\t\t\t\t<h2 class=\"elementor-heading-title elementor-size-default\">Our Group Companies<\/h2>\t\t\t\t<\/div>\n\t\t\t\t<\/div>\n\t\t\t\t<div class=\"elementor-element elementor-element-304e9844 elementor-icon-list--layout-inline elementor-list-item-link-full_width elementor-widget elementor-widget-icon-list\" data-id=\"304e9844\" data-element_type=\"widget\" data-widget_type=\"icon-list.default\">\n\t\t\t\t<div class=\"elementor-widget-container\">\n\t\t\t\t\t\t\t<ul class=\"elementor-icon-list-items elementor-inline-items\">\n\t\t\t\t\t\t\t<li class=\"elementor-icon-list-item elementor-inline-item\">\n\t\t\t\t\t\t\t\t\t\t\t<a href=\"#\">\n\n\t\t\t\t\t\t\t\t\t\t\t<span class=\"elementor-icon-list-text\">Home Page<\/span>\n\t\t\t\t\t\t\t\t\t\t\t<\/a>\n\t\t\t\t\t\t\t\t\t<\/li>\n\t\t\t\t\t\t\t\t<li class=\"elementor-icon-list-item elementor-inline-item\">\n\t\t\t\t\t\t\t\t\t\t\t<a href=\"#\">\n\n\t\t\t\t\t\t\t\t\t\t\t\t<span class=\"elementor-icon-list-icon\">\n\t\t\t\t\t\t\t<i aria-hidden=\"true\" class=\"fas fa-arrow-right\"><\/i>\t\t\t\t\t\t<\/span>\n\t\t\t\t\t\t\t\t\t\t<span class=\"elementor-icon-list-text\">Our Group Companies<\/span>\n\t\t\t\t\t\t\t\t\t\t\t<\/a>\n\t\t\t\t\t\t\t\t\t<\/li>\n\t\t\t\t\t\t<\/ul>\n\t\t\t\t\t\t<\/div>\n\t\t\t\t<\/div>\n\t\t\t\t\t<\/div>\n\t\t\t\t<\/div>\n\t\t<div class=\"elementor-element elementor-element-b95cbce e-con-full e-flex e-con e-parent\" data-id=\"b95cbce\" data-element_type=\"container\">\n\t\t\t\t<div class=\"elementor-element elementor-element-e54fca3 elementor-widget elementor-widget-html\" data-id=\"e54fca3\" data-element_type=\"widget\" data-widget_type=\"html.default\">\n\t\t\t\t<div class=\"elementor-widget-container\">\n\t\t\t\t\t<!-- Baharo\u011flu Technology Group \u2013 Grup \u015eirketlerimiz (Full width \/ Responsive) -->\r\n<section class=\"baharoglu-group\">\r\n  <style>\r\n    .baharoglu-group{\r\n      border-radius:20px;\r\n      --brand:#79BE20;    \/* Onloi ye\u015fili *\/\r\n      --deep:#24135F;     \/* Onloi laciverti *\/\r\n      --ink:#101820;\r\n      --muted:#666;\r\n      --card:#ffffff;\r\n      --bg:#f7f9fc;\r\n      --pill:#eef6eb;     \/* ye\u015fil tonlu arka plan *\/\r\n      color:var(--ink);\r\n      background:var(--bg);\r\n      position:relative;\r\n      overflow:hidden;\r\n      width:100%;\r\n    }\r\n\r\n    \/* hafif arka plan par\u00e7ac\u0131klar\u0131 *\/\r\n    .baharoglu-group .particles{\r\n      position:absolute; inset:0; z-index:0; pointer-events:none;\r\n      background:\r\n        radial-gradient(6px 6px at 10% 20%, rgba(121,190,32,.18), transparent 60%),\r\n        radial-gradient(5px 5px at 80% 30%, rgba(36,19,95,.15), transparent 60%),\r\n        radial-gradient(4px 4px at 30% 70%, rgba(121,190,32,.12), transparent 60%),\r\n        radial-gradient(7px 7px at 60% 80%, rgba(36,19,95,.10), transparent 60%);\r\n      animation:group-drift 18s ease-in-out infinite alternate;\r\n    }\r\n    @keyframes group-drift{\r\n      0%{background-position:0% 0%, 100% 20%, 40% 80%, 60% 100%}\r\n      100%{background-position:5% 3%, 95% 25%, 43% 78%, 57% 97%}\r\n    }\r\n\r\n    \/* tam geni\u015flik + geni\u015f i\u00e7 kenarl\u0131klar *\/\r\n    .baharoglu-group .container{\r\n      width:100%;\r\n      max-width:1600px;\r\n      margin:0 auto;\r\n      padding:64px clamp(16px,4vw,48px);\r\n      position:relative;\r\n      z-index:1;\r\n    }\r\n\r\n    .group-header{ \r\n      text-align:center; \r\n      margin-top:170px; \r\n      margin-bottom:44px; \r\n    }\r\n    @media (max-width:640px){\r\n      .group-header{ margin-top:40px; }\r\n    }\r\n\r\n    .group-header img{ max-width:160px; margin:0 auto 16px; display:block }\r\n    .group-title{ font-size:clamp(26px,3vw,36px); font-weight:800; color:var(--deep); margin:0 0 10px }\r\n    .group-sub{ color:var(--muted); font-size:clamp(14px,1.5vw,16px); margin:0 auto; max-width:900px }\r\n\r\n    \/* responsive grid *\/\r\n    .cards{\r\n      display:grid; gap:28px;\r\n      grid-template-columns: repeat(auto-fit, minmax(min(100%, 320px), 1fr));\r\n      align-items:stretch;\r\n    }\r\n\r\n   .card {\r\n  background: var(--card);\r\n  border-radius: 18px;\r\n  padding: 26px 22px;\r\n  box-shadow: 0 10px 28px rgba(16,24,32,.08);\r\n  display: flex;\r\n  flex-direction: column;\r\n  justify-content: space-between; \/* i\u00e7erikleri dikeyde dengeler *\/\r\n  align-items: center;            \/* t\u00fcm i\u00e7eri\u011fi yatayda ortalar *\/\r\n  min-height: 100%;\r\n  border: 1px solid rgba(0,0,0,.04);\r\n  transition: .25s;\r\n  text-align: center;             \/* ba\u015fl\u0131k, a\u00e7\u0131klama, buton ortalans\u0131n *\/\r\n}\r\n    .card:hover{ transform:translateY(-5px); box-shadow:0 14px 34px rgba(36,19,95,.12); }\r\n    .card h2 {\r\n  font-size: clamp(18px,2vw,22px);\r\n  color: var(--deep);\r\n  margin: 10px 0;\r\n}\r\n    .logo{ display:block; margin:0 auto 14px; max-width:140px; height:auto }\r\n    .desc {\r\n  color: #444;\r\n  font-size: 14px;\r\n  line-height: 1.6;\r\n  margin: 0 0 14px;\r\n  flex-grow: 1;                   \/* a\u00e7\u0131klama alan\u0131 esner *\/\r\n  display: flex;\r\n  align-items: center;            \/* dikey ortalama *\/\r\n  justify-content: center;\r\n  text-align: center;\r\n}\r\n\r\n    .pills{ display:flex; flex-wrap:wrap; gap:8px; justify-content:center; margin:0 0 14px }\r\n    .pill{\r\n      padding:6px 10px; font-size:12px; border-radius:999px;\r\n      background:var(--pill); color:var(--deep); border:1px solid rgba(121,190,32,.25)\r\n    }\r\n\r\n    .links{ margin-top:auto; display:flex; justify-content:center; gap:12px; flex-wrap:wrap }\r\n    .btn{\r\n      display:inline-block; padding:10px 16px; font-size:14px;\r\n      border-radius:10px; text-decoration:none; transition: all .25s ease;\r\n      border:1px solid transparent;\r\n    }\r\n    .btn-primary{ background:var(--brand); color:#fff }\r\n    .btn-primary:hover{ background:var(--deep) }\r\n    .btn-secondary{ background:#fff; color:var(--deep); border-color:rgba(36,19,95,.2) }\r\n    .btn-secondary:hover{ border-color:rgba(36,19,95,.5) }\r\n\r\n    .footer-cta{ margin-top:42px; text-align:center; color:var(--muted); font-size:14px }\r\n    .footer-cta b{ color:var(--deep) }\r\n\r\n    @media (max-width:640px){\r\n      .baharoglu-group .container{ padding:44px 16px }\r\n      .logo{ max-width:120px }\r\n      .links .btn{ flex:1 1 auto; text-align:center }\r\n    }\r\n\r\n    @media (prefers-reduced-motion:reduce){\r\n      .baharoglu-group .particles{ animation:none }\r\n      .btn{ transition:none }\r\n    }\r\n  <\/style>\r\n\r\n  <div class=\"particles\" aria-hidden=\"true\"><\/div>\r\n\r\n  <div class=\"container\">\r\n    <section class=\"cards\" aria-label=\"Group Companies\">\r\n      <!-- Barfas -->\r\n      <article class=\"card\">\r\n        <img decoding=\"async\" class=\"logo\" src=\"\/wp-content\/uploads\/2025\/08\/Barfaslogo.png\" alt=\"Barfas Otomasyon ve Yaz\u0131l\u0131m Logo\">\r\n        <h2 style=\"margin-top:35px;\">Barfas - Automation &amp; Software<\/h2>\r\n        <p class=\"desc\">\r\n          RFID-based tracking, production and inventory management, access control systems and innovative solutions in industrial automation.\r\n        <\/p>\r\n        <div class=\"links\">\r\n          <a class=\"btn btn-primary\" href=\"https:\/\/barfas.com\" target=\"_blank\" rel=\"noopener\">Detailed Information<\/a>\r\n        <\/div>\r\n      <\/article>\r\n\r\n      <!-- ElektroEnt -->\r\n      <article class=\"card\">\r\n        <img decoding=\"async\" class=\"logo\" src=\"\/wp-content\/uploads\/2025\/08\/Elektroentlogo.png\" alt=\"ElektroEnt Logo\">\r\n        <h2 style=\"margin-top:80px;\">ElektroEnt - Embedded Software &amp; PCB<\/h2>\r\n        <p class=\"desc\">\r\n          Reliable R&amp;D support for engineers with electronic product development, PCB manufacturing, prototyping and embedded system solutions.\r\n        <\/p>\r\n        <div class=\"links\">\r\n          <a class=\"btn btn-primary\" href=\"https:\/\/elektroent.com\" target=\"_blank\" rel=\"noopener\">Detailed Information<\/a>\r\n        <\/div>\r\n      <\/article>\r\n\r\n      <!-- Onloi -->\r\n      <article class=\"card\">\r\n        <img decoding=\"async\" class=\"logo\" src=\"\/wp-content\/uploads\/2025\/08\/Onloi-Logo.png\" alt=\"Onloi Logo\">\r\n        <h2 style=\"margin-top:55px;\">Onloi - Smart Lock &amp; Access Technologies<\/h2>\r\n        <p class=\"desc\">\r\n          IoT-based secure access solutions for home and office doors, cabinets, turnstiles and barrier systems.\r\n        <\/p>\r\n        <div class=\"links\">\r\n          <a class=\"btn btn-primary\" href=\"https:\/\/onloi.com\/en\/\" target=\"_blank\" rel=\"noopener\">Detailed Information<\/a>\r\n        <\/div>\r\n      <\/article>\r\n    <\/section>\r\n\r\n    <header class=\"group-header\">\r\n      <img decoding=\"async\" src=\"\/wp-content\/uploads\/2025\/08\/Baharoglu-Tech-logo.png\" alt=\"Baharo\u011flu Technology Group Logo\">\r\n      <h2 class=\"group-title\">Baharoglu Technology Group<\/h2>\r\n      <p class=\"group-sub\">\r\n        With Barfas, ElektroEnt and Onloi brands; we offer automation, electronic R&amp;D and smart IoT solutions under one roof.\r\n      <\/p>\r\n    <\/header>\r\n\r\n    <p class=\"footer-cta\">\r\n      <b>Baharoglu<\/b>brings together the synergy of Barfas - ElektroEnt - Onloi in a single strategy:\r\n      Seamless technology experience from design to production, from field to cloud.\r\n    <\/p>\r\n    <div class=\"links\">\r\n          <a class=\"btn btn-primary\" href=\"https:\/\/baharoglu.tech\" target=\"_blank\" rel=\"noopener\">Detailed Information<\/a>\r\n        <\/div>\r\n  <\/div>\r\n<\/section>\r\n\t\t\t\t<\/div>\n\t\t\t\t<\/div>\n\t\t\t\t<\/div>\n\t\t\t\t<\/div>\n\t\t\n    <div class=\"xs_social_share_widget xs_share_url after_content \t\tmain_content  wslu-style-1 wslu-share-box-shaped wslu-fill-colored wslu-none wslu-share-horizontal wslu-theme-font-no wslu-main_content\">\n\n\t\t\n        <ul>\n\t\t\t        <\/ul>\n    <\/div>","protected":false},"excerpt":{"rendered":"<p>Grup \u015eirketlerimiz Ana Sayfa Grup \u015eirketlerimiz Barfas \u2013 Otomasyon &amp; Yaz\u0131l\u0131m RFID tabanl\u0131 takip, \u00fcretim ve stok y\u00f6netimi, ge\u00e7i\u015f kontrol sistemleri ile end\u00fcstriyel otomasyonda yenilik\u00e7i \u00e7\u00f6z\u00fcmler. Detayl\u0131 Bilgi ElektroEnt \u2013 G\u00f6m\u00fcl\u00fc Yaz\u0131l\u0131m &amp; PCB Elektronik \u00fcr\u00fcn geli\u015ftirme, PCB \u00fcretimi, prototipleme ve g\u00f6m\u00fcl\u00fc sistem \u00e7\u00f6z\u00fcmleri ile m\u00fchendisler i\u00e7in g\u00fcvenilir Ar-Ge deste\u011fi. Detayl\u0131 Bilgi Onloi \u2013 Ak\u0131ll\u0131 [&hellip;]<\/p>","protected":false},"author":1,"featured_media":0,"parent":0,"menu_order":0,"comment_status":"closed","ping_status":"closed","template":"elementor_theme","meta":{"postBodyCss":"","postBodyMargin":[],"postBodyPadding":[],"postBodyBackground":{"backgroundType":"classic","gradient":""},"footnotes":""},"class_list":["post-325","page","type-page","status-publish","hentry"],"yoast_head":"<!-- This site is optimized with the Yoast SEO plugin v26.6 - https:\/\/yoast.com\/wordpress\/plugins\/seo\/ -->\n<title>Onloi Grup \u015eirketleri \u2013 Eri\u015fim Teknolojileri | Onloi<\/title>\n<meta name=\"description\" content=\"Onloi grup \u015firketlerini ke\u015ffedin. Teknoloji ve g\u00fcvenlik alan\u0131nda faaliyet g\u00f6steren markalar\u0131m\u0131z hakk\u0131nda detayl\u0131 bilgi edinin.\" \/>\n<meta name=\"robots\" content=\"index, follow, max-snippet:-1, max-image-preview:large, max-video-preview:-1\" \/>\n<link rel=\"canonical\" href=\"https:\/\/onloi.com\/en\/grup-sirketlerimiz\/\" \/>\n<meta property=\"og:locale\" content=\"en_US\" \/>\n<meta property=\"og:type\" content=\"article\" \/>\n<meta property=\"og:title\" content=\"Onloi Grup \u015eirketleri \u2013 Eri\u015fim Teknolojileri | Onloi\" \/>\n<meta property=\"og:description\" content=\"Onloi grup \u015firketlerini ke\u015ffedin. Teknoloji ve g\u00fcvenlik alan\u0131nda faaliyet g\u00f6steren markalar\u0131m\u0131z hakk\u0131nda detayl\u0131 bilgi edinin.\" \/>\n<meta property=\"og:url\" content=\"https:\/\/onloi.com\/en\/grup-sirketlerimiz\/\" \/>\n<meta property=\"og:site_name\" content=\"Onloi\" \/>\n<meta property=\"article:modified_time\" content=\"2026-04-10T08:13:31+00:00\" \/>\n<meta name=\"twitter:card\" content=\"summary_large_image\" \/>\n<meta name=\"twitter:label1\" content=\"Est. reading time\" \/>\n\t<meta name=\"twitter:data1\" content=\"2 minutes\" \/>\n<script type=\"application\/ld+json\" class=\"yoast-schema-graph\">{\"@context\":\"https:\/\/schema.org\",\"@graph\":[{\"@type\":\"WebPage\",\"@id\":\"https:\/\/onloi.com\/grup-sirketlerimiz\/\",\"url\":\"https:\/\/onloi.com\/grup-sirketlerimiz\/\",\"name\":\"Onloi Grup \u015eirketleri \u2013 Eri\u015fim Teknolojileri | Onloi\",\"isPartOf\":{\"@id\":\"https:\/\/onloi.com\/#website\"},\"datePublished\":\"2025-08-11T09:43:30+00:00\",\"dateModified\":\"2026-04-10T08:13:31+00:00\",\"description\":\"Onloi grup \u015firketlerini ke\u015ffedin. Teknoloji ve g\u00fcvenlik alan\u0131nda faaliyet g\u00f6steren markalar\u0131m\u0131z hakk\u0131nda detayl\u0131 bilgi edinin.\",\"breadcrumb\":{\"@id\":\"https:\/\/onloi.com\/grup-sirketlerimiz\/#breadcrumb\"},\"inLanguage\":\"en-US\",\"potentialAction\":[{\"@type\":\"ReadAction\",\"target\":[\"https:\/\/onloi.com\/grup-sirketlerimiz\/\"]}]},{\"@type\":\"BreadcrumbList\",\"@id\":\"https:\/\/onloi.com\/grup-sirketlerimiz\/#breadcrumb\",\"itemListElement\":[{\"@type\":\"ListItem\",\"position\":1,\"name\":\"Anasayfa\",\"item\":\"https:\/\/onloi.com\/\"},{\"@type\":\"ListItem\",\"position\":2,\"name\":\"Onloi Grup \u015eirketleri\"}]},{\"@type\":\"WebSite\",\"@id\":\"https:\/\/onloi.com\/#website\",\"url\":\"https:\/\/onloi.com\/\",\"name\":\"Onloi\",\"description\":\"Onloi ile Ak\u0131ll\u0131 Ya\u015fam\u0131n Kilidini A\u00e7\u0131n\",\"potentialAction\":[{\"@type\":\"SearchAction\",\"target\":{\"@type\":\"EntryPoint\",\"urlTemplate\":\"https:\/\/onloi.com\/?s={search_term_string}\"},\"query-input\":{\"@type\":\"PropertyValueSpecification\",\"valueRequired\":true,\"valueName\":\"search_term_string\"}}],\"inLanguage\":\"en-US\"}]}<\/script>\n<!-- \/ Yoast SEO plugin. -->","yoast_head_json":{"title":"Onloi Grup \u015eirketleri \u2013 Eri\u015fim Teknolojileri | Onloi","description":"Onloi grup \u015firketlerini ke\u015ffedin. Teknoloji ve g\u00fcvenlik alan\u0131nda faaliyet g\u00f6steren markalar\u0131m\u0131z hakk\u0131nda detayl\u0131 bilgi edinin.","robots":{"index":"index","follow":"follow","max-snippet":"max-snippet:-1","max-image-preview":"max-image-preview:large","max-video-preview":"max-video-preview:-1"},"canonical":"https:\/\/onloi.com\/en\/grup-sirketlerimiz\/","og_locale":"en_US","og_type":"article","og_title":"Onloi Grup \u015eirketleri \u2013 Eri\u015fim Teknolojileri | Onloi","og_description":"Onloi grup \u015firketlerini ke\u015ffedin. Teknoloji ve g\u00fcvenlik alan\u0131nda faaliyet g\u00f6steren markalar\u0131m\u0131z hakk\u0131nda detayl\u0131 bilgi edinin.","og_url":"https:\/\/onloi.com\/en\/grup-sirketlerimiz\/","og_site_name":"Onloi","article_modified_time":"2026-04-10T08:13:31+00:00","twitter_card":"summary_large_image","twitter_misc":{"Est. reading time":"2 minutes"},"schema":{"@context":"https:\/\/schema.org","@graph":[{"@type":"WebPage","@id":"https:\/\/onloi.com\/grup-sirketlerimiz\/","url":"https:\/\/onloi.com\/grup-sirketlerimiz\/","name":"Onloi Grup \u015eirketleri \u2013 Eri\u015fim Teknolojileri | Onloi","isPartOf":{"@id":"https:\/\/onloi.com\/#website"},"datePublished":"2025-08-11T09:43:30+00:00","dateModified":"2026-04-10T08:13:31+00:00","description":"Onloi grup \u015firketlerini ke\u015ffedin. Teknoloji ve g\u00fcvenlik alan\u0131nda faaliyet g\u00f6steren markalar\u0131m\u0131z hakk\u0131nda detayl\u0131 bilgi edinin.","breadcrumb":{"@id":"https:\/\/onloi.com\/grup-sirketlerimiz\/#breadcrumb"},"inLanguage":"en-US","potentialAction":[{"@type":"ReadAction","target":["https:\/\/onloi.com\/grup-sirketlerimiz\/"]}]},{"@type":"BreadcrumbList","@id":"https:\/\/onloi.com\/grup-sirketlerimiz\/#breadcrumb","itemListElement":[{"@type":"ListItem","position":1,"name":"Anasayfa","item":"https:\/\/onloi.com\/"},{"@type":"ListItem","position":2,"name":"Onloi Grup \u015eirketleri"}]},{"@type":"WebSite","@id":"https:\/\/onloi.com\/#website","url":"https:\/\/onloi.com\/","name":"Onloi","description":"Unlock Smart Living with Onloi","potentialAction":[{"@type":"SearchAction","target":{"@type":"EntryPoint","urlTemplate":"https:\/\/onloi.com\/?s={search_term_string}"},"query-input":{"@type":"PropertyValueSpecification","valueRequired":true,"valueName":"search_term_string"}}],"inLanguage":"en-US"}]}},"_links":{"self":[{"href":"https:\/\/onloi.com\/en\/wp-json\/wp\/v2\/pages\/325","targetHints":{"allow":["GET"]}}],"collection":[{"href":"https:\/\/onloi.com\/en\/wp-json\/wp\/v2\/pages"}],"about":[{"href":"https:\/\/onloi.com\/en\/wp-json\/wp\/v2\/types\/page"}],"author":[{"embeddable":true,"href":"https:\/\/onloi.com\/en\/wp-json\/wp\/v2\/users\/1"}],"replies":[{"embeddable":true,"href":"https:\/\/onloi.com\/en\/wp-json\/wp\/v2\/comments?post=325"}],"version-history":[{"count":4,"href":"https:\/\/onloi.com\/en\/wp-json\/wp\/v2\/pages\/325\/revisions"}],"predecessor-version":[{"id":3388,"href":"https:\/\/onloi.com\/en\/wp-json\/wp\/v2\/pages\/325\/revisions\/3388"}],"wp:attachment":[{"href":"https:\/\/onloi.com\/en\/wp-json\/wp\/v2\/media?parent=325"}],"curies":[{"name":"wp","href":"https:\/\/api.w.org\/{rel}","templated":true}]}}