{"id":1451,"date":"2025-10-01T12:25:18","date_gmt":"2025-10-01T09:25:18","guid":{"rendered":"https:\/\/onloi.com\/?page_id=1451"},"modified":"2026-04-08T11:17:43","modified_gmt":"2026-04-08T08:17:43","slug":"b2b-giris-ekrani","status":"publish","type":"page","link":"https:\/\/onloi.com\/en\/b2b-giris-ekrani\/","title":{"rendered":"Reseller Portal - B2B Login"},"content":{"rendered":"<div data-elementor-type=\"wp-page\" data-elementor-id=\"1451\" class=\"elementor elementor-1451\">\n\t\t\t\t<div class=\"elementor-element elementor-element-5edbdb3 e-con-full e-flex e-con e-parent\" data-id=\"5edbdb3\" data-element_type=\"container\">\n\t\t\t\t<div class=\"elementor-element elementor-element-feeea5e elementor-widget elementor-widget-html\" data-id=\"feeea5e\" data-element_type=\"widget\" data-widget_type=\"html.default\">\n\t\t\t\t<div class=\"elementor-widget-container\">\n\t\t\t\t\t<!-- B2B LOGIN ONLOI - WordPress'e Shortcode ile eklenebilir -->\r\n<!-- Kullan\u0131m: [onloi_b2b_login] -->\r\n\r\n<style>\r\n\r\n    .onloi-b2b-wrapper * {\r\n        margin: 0;\r\n        padding: 0;\r\n        box-sizing: border-box;\r\n    }\r\n\r\n    .onloi-b2b-wrapper {\r\n        font-family: 'Segoe UI', Tahoma, Geneva, Verdana, sans-serif;\r\n        background: linear-gradient(135deg, #1a0f3d 0%, #2d1b69 100%);\r\n        min-height: 100vh;\r\n        display: flex;\r\n        align-items: center;\r\n        justify-content: center;\r\n        padding: 20px;\r\n    }\r\n\r\n    .onloi-b2b-login-container {\r\n        background: white;\r\n        border-radius: 20px;\r\n        box-shadow: 0 20px 60px rgba(0, 0, 0, 0.3);\r\n        overflow: hidden;\r\n        width: 100%;\r\n        max-width: 450px;\r\n        animation: onloi-b2b-slideUp 0.5s ease-out;\r\n    }\r\n\r\n    @keyframes onloi-b2b-slideUp {\r\n        from {\r\n            opacity: 0;\r\n            transform: translateY(30px);\r\n        }\r\n        to {\r\n            opacity: 1;\r\n            transform: translateY(0);\r\n        }\r\n    }\r\n\r\n    .onloi-b2b-login-header {\r\n        background: linear-gradient(135deg, #2d1b69 0%, #1a0f3d 100%);\r\n        padding: 40px 30px;\r\n        text-align: center;\r\n        color: white;\r\n    }\r\n\r\n    .onloi-b2b-logo {\r\n        margin-bottom: 20px;\r\n    }\r\n\r\n    .onloi-b2b-logo-circle {\r\n        display: inline-block;\r\n        width: 50px;\r\n        height: 50px;\r\n        background: white;\r\n        border-radius: 50%;\r\n        position: relative;\r\n        margin-bottom: 15px;\r\n    }\r\n\r\n    .onloi-b2b-logo-circle::before {\r\n        content: '!';\r\n        position: absolute;\r\n        top: 50%;\r\n        left: 50%;\r\n        transform: translate(-50%, -50%);\r\n        font-size: 32px;\r\n        font-weight: bold;\r\n        color: #2d1b69;\r\n    }\r\n\r\n    .onloi-b2b-logo-text {\r\n        font-size: 36px;\r\n        font-weight: 300;\r\n        letter-spacing: 2px;\r\n    }\r\n\r\n    .onloi-b2b-logo-text .onloi-b2b-on {\r\n        color: white;\r\n    }\r\n\r\n    .onloi-b2b-logo-text .onloi-b2b-loi {\r\n        color: #7dd321;\r\n    }\r\n\r\n    .onloi-b2b-login-header h2 {\r\n        font-size: 24px;\r\n        font-weight: 400;\r\n        margin-top: 10px;\r\n        opacity: 0.95;\r\n    }\r\n\r\n    .onloi-b2b-login-body {\r\n        padding: 40px 30px;\r\n    }\r\n\r\n    .onloi-b2b-form-group {\r\n        margin-bottom: 25px;\r\n    }\r\n\r\n    .onloi-b2b-form-group label {\r\n        display: block;\r\n        margin-bottom: 8px;\r\n        color: #333;\r\n        font-weight: 500;\r\n        font-size: 14px;\r\n    }\r\n\r\n    .onloi-b2b-input-wrapper {\r\n        position: relative;\r\n    }\r\n\r\n    .onloi-b2b-form-group input {\r\n        width: 100%;\r\n        padding: 14px 16px;\r\n        border: 2px solid #e0e0e0;\r\n        border-radius: 10px;\r\n        font-size: 15px;\r\n        transition: all 0.3s ease;\r\n        background: #f8f9fa;\r\n    }\r\n\r\n    .onloi-b2b-form-group input:focus {\r\n        outline: none;\r\n        border-color: #7dd321;\r\n        background: white;\r\n        box-shadow: 0 0 0 4px rgba(125, 211, 33, 0.1);\r\n    }\r\n\r\n    .onloi-b2b-remember-forgot {\r\n        display: flex;\r\n        justify-content: space-between;\r\n        align-items: center;\r\n        margin-bottom: 25px;\r\n        font-size: 14px;\r\n    }\r\n\r\n    .onloi-b2b-remember-me {\r\n        display: flex;\r\n        align-items: center;\r\n        gap: 8px;\r\n    }\r\n\r\n    .onloi-b2b-remember-me input[type=\"checkbox\"] {\r\n        width: 18px;\r\n        height: 18px;\r\n        cursor: pointer;\r\n        accent-color: #7dd321;\r\n    }\r\n\r\n    .onloi-b2b-remember-me label {\r\n        cursor: pointer;\r\n        color: #666;\r\n    }\r\n\r\n    .onloi-b2b-forgot-password {\r\n        color: #2d1b69;\r\n        text-decoration: none;\r\n        font-weight: 500;\r\n        transition: color 0.3s ease;\r\n    }\r\n\r\n    .onloi-b2b-forgot-password:hover {\r\n        color: #7dd321;\r\n    }\r\n\r\n    .onloi-b2b-login-button {\r\n        width: 100%;\r\n        padding: 16px;\r\n        background: linear-gradient(135deg, #7dd321 0%, #6bc01a 100%);\r\n        color: white;\r\n        border: none;\r\n        border-radius: 10px;\r\n        font-size: 16px;\r\n        font-weight: 600;\r\n        cursor: pointer;\r\n        transition: all 0.3s ease;\r\n        box-shadow: 0 4px 15px rgba(125, 211, 33, 0.3);\r\n    }\r\n    .href-buton {\r\n        width: 100%;\r\n        padding: 12px;\r\n        background: linear-gradient(135deg, #1a0f3d 0%, #2d1b69 100%);\r\n        color: white;\r\n        border: none;\r\n        border-radius: 10px;\r\n        font-size: 16px;\r\n        font-weight: 600;\r\n        cursor: pointer;\r\n        transition: all 0.3s ease;\r\n        box-shadow: 0 4px 15px rgba(125, 211, 33, 0.3);\r\n        margin-top: 15px;\r\n    }\r\n     .onloi-b2b-login-button:hover {\r\n        transform: translateY(-2px);\r\n        box-shadow: 0 6px 20px rgba(125, 211, 33, 0.4);\r\n    }\r\n\r\n     .href-buton:hover {\r\n        transform: translateY(-2px);\r\n        box-shadow: 0 6px 20px rgba(125, 211, 33, 0.4);\r\n    }\r\n\r\n    .onloi-b2b-login-button:active {\r\n        transform: translateY(0);\r\n    }\r\n\r\n    .onloi-b2b-login-footer {\r\n        text-align: center;\r\n        margin-top: 30px;\r\n        padding-top: 25px;\r\n        border-top: 1px solid #e0e0e0;\r\n    }\r\n\r\n    .onloi-b2b-login-footer p {\r\n        color: #666;\r\n        font-size: 14px;\r\n    }\r\n\r\n    .onloi-b2b-login-footer a {\r\n        \r\n        text-decoration: none;\r\n        font-weight: 600;\r\n        transition: color 0.3s ease;\r\n    }\r\n\r\n    .onloi-b2b-login-footer a:hover {\r\n        color: #7dd321;\r\n    }\r\n\r\n    .onloi-b2b-error-message {\r\n        background: #fee;\r\n        color: #c33;\r\n        padding: 12px;\r\n        border-radius: 8px;\r\n        margin-bottom: 20px;\r\n        font-size: 14px;\r\n        display: none;\r\n        border-left: 4px solid #c33;\r\n    }\r\n\r\n    .onloi-b2b-error-message.onloi-b2b-show {\r\n        display: block;\r\n    }\r\n\r\n    @media (max-width: 480px) {\r\n        .onloi-b2b-login-container {\r\n            max-width: 100%;\r\n        }\r\n\r\n        .onloi-b2b-login-header {\r\n            padding: 30px 20px;\r\n        }\r\n\r\n        .onloi-b2b-login-body {\r\n            padding: 30px 20px;\r\n        }\r\n\r\n        .onloi-b2b-logo-text {\r\n            font-size: 28px;\r\n        }\r\n    }\r\n    .bayilik-link {\r\n  display: inline-block;\r\n  font-weight: 600;\r\n  font-size: 16px;\r\n  color: #24135F; \/* kurumsal lacivert ton, senin renk paletine g\u00f6re *\/\r\n  text-decoration: none;\r\n  padding: 8px 0;\r\n  transition: color 0.2s ease;\r\n}\r\n.bayilik-link:hover {\r\n  color: #79BE20; \/* hoverda ye\u015fil ton *\/\r\n  text-decoration: underline;\r\n}\r\n<\/style>\r\n\r\n<div class=\"onloi-b2b-wrapper\">\r\n    <div class=\"onloi-b2b-login-container\">\r\n        <div class=\"onloi-b2b-login-header\">\r\n            <div class=\"onloi-b2b-logo\">\r\n                <div class=\"onloi-b2b-logo-circle\"><\/div>\r\n                <div class=\"onloi-b2b-logo-text\">\r\n                    <span class=\"onloi-b2b-on\">On<\/span><span class=\"onloi-b2b-loi\">loi<\/span>\r\n                <\/div>\r\n            <\/div>\r\n            <h2>B2B Login<\/h2>\r\n        <\/div>\r\n\r\n        <div class=\"onloi-b2b-login-body\">\r\n            <div class=\"onloi-b2b-error-message\" id=\"onloiB2bErrorMessage\">\r\n                Username or password incorrect!\r\n            <\/div>\r\n\r\n            <form id=\"onloiB2bLoginForm\" action=\"\" method=\"post\" data-trp-original-action=\"\">\r\n                <div class=\"onloi-b2b-form-group\">\r\n                    <label for=\"onloiB2bUsername\">Username \/ Email<\/label>\r\n                    <div class=\"onloi-b2b-input-wrapper\">\r\n                        <input \r\n                            type=\"text\" \r\n                            id=\"onloiB2bUsername\" \r\n                            name=\"log\" \r\n                            placeholder=\"Enter your username\"\r\n                            required\r\n>\r\n                    <\/div>\r\n                <\/div>\r\n\r\n                <div class=\"onloi-b2b-form-group\">\r\n                    <label for=\"onloiB2bPassword\">Password<\/label>\r\n                    <div class=\"onloi-b2b-input-wrapper\">\r\n                        <input \r\n                            type=\"password\" \r\n                            id=\"onloiB2bPassword\" \r\n                            name=\"pwd\" \r\n                            placeholder=\"Enter your password\"\r\n                            required\r\n>\r\n                    <\/div>\r\n                <\/div>\r\n\r\n                <div class=\"onloi-b2b-remember-forgot\">\r\n                    <div class=\"onloi-b2b-remember-me\">\r\n                        <input type=\"checkbox\" id=\"onloiB2bRemember\" name=\"rememberme\" value=\"forever\">\r\n                        <label for=\"onloiB2bRemember\">Remember Me<\/label>\r\n                    <\/div>\r\n                    <a href=\"#\" class=\"onloi-b2b-forgot-password\">Forgot Password<\/a>\r\n                <\/div>\r\n\r\n                <input type=\"hidden\" name=\"redirect_to\" value=\"\">\r\n                <input type=\"hidden\" name=\"testcookie\" value=\"\">\r\n\r\n                <button type=\"submit\" class=\"onloi-b2b-login-button\" style=\"margin-bottom:20px;\">\r\n                    Sign in\r\n                <\/button>\r\n              <a href=\"#popmake-2151\" class=\"bayilik-link\">Send Franchise Request<\/a>\r\n            <input type=\"hidden\" name=\"trp-form-language\" value=\"en\"\/><\/form>\r\n\r\n            <div class=\"onloi-b2b-login-footer\">\r\n                <p>Don't have an account yet? <a href=\"\/en\/<\/?php echo esc_url(home_url('\/kayit-ol')); ?>\">Register Now<\/a><\/p>\r\n            <\/div>\r\n        <\/div>\r\n    <\/div>\r\n<\/div>\r\n\r\n<script>\r\n(function() {\r\n    'use strict';\r\n    \r\n    const form = document.getElementById('onloiB2bLoginForm');\r\n    const errorMessage = document.getElementById('onloiB2bErrorMessage');\r\n\r\n    if (form) {\r\n        form.addEventListener('submit', function(e) {\r\n            const username = document.getElementById('onloiB2bUsername').value;\r\n            const password = document.getElementById('onloiB2bPassword').value;\r\n\r\n            if (!username || !password) {\r\n                e.preventDefault();\r\n                errorMessage.classList.add('onloi-b2b-show');\r\n                errorMessage.textContent = 'L\u00fctfen t\u00fcm alanlar\u0131 doldurun!';\r\n            }\r\n        });\r\n    }\r\n\r\n    \/\/ URL'de hata parametresi varsa g\u00f6ster\r\n    const urlParams = new URLSearchParams(window.location.search);\r\n    if (urlParams.get('login') === 'failed' || urlParams.get('loggedout') === 'true') {\r\n        if (errorMessage) {\r\n            errorMessage.classList.add('onloi-b2b-show');\r\n            if (urlParams.get('loggedout') === 'true') {\r\n                errorMessage.style.background = '#d4edda';\r\n                errorMessage.style.color = '#155724';\r\n                errorMessage.style.borderColor = '#28a745';\r\n                errorMessage.textContent = 'Ba\u015far\u0131yla \u00e7\u0131k\u0131\u015f yapt\u0131n\u0131z.';\r\n            }\r\n        }\r\n    }\r\n})();\r\n<\/script>\t\t\t\t<\/div>\n\t\t\t\t<\/div>\n\t\t\t\t<\/div>\n\t\t\t\t<\/div>\n\t\t\n    <div class=\"xs_social_share_widget xs_share_url after_content \t\tmain_content  wslu-style-1 wslu-share-box-shaped wslu-fill-colored wslu-none wslu-share-horizontal wslu-theme-font-no wslu-main_content\">\n\n\t\t\n        <ul>\n\t\t\t        <\/ul>\n    <\/div>","protected":false},"excerpt":{"rendered":"<p>Onloi B2B Giri\u015f Kullan\u0131c\u0131 ad\u0131 veya \u015fifre hatal\u0131! Kullan\u0131c\u0131 Ad\u0131 \/ E-posta \u015eifre Beni Hat\u0131rla \u015eifremi Unuttum Giri\u015f Yap Bayilik Talebi G\u00f6nder Hen\u00fcz hesab\u0131n\u0131z yok mu? Kay\u0131t Olun<\/p>","protected":false},"author":1,"featured_media":0,"parent":0,"menu_order":0,"comment_status":"closed","ping_status":"closed","template":"","meta":{"postBodyCss":"","postBodyMargin":[],"postBodyPadding":[],"postBodyBackground":{"backgroundType":"classic","gradient":""},"footnotes":""},"class_list":["post-1451","page","type-page","status-publish","hentry"],"yoast_head":"<!-- This site is optimized with the Yoast SEO plugin v26.6 - https:\/\/yoast.com\/wordpress\/plugins\/seo\/ -->\n<title>B2B Bayi Giri\u015f Ekran\u0131 | Onloi<\/title>\n<meta name=\"description\" content=\"B2B giri\u015f paneli ile bayi ve i\u015f ortaklar\u0131na \u00f6zel fiyat, stok ve sipari\u015f y\u00f6netimini h\u0131zl\u0131 ve g\u00fcvenli \u015fekilde ger\u00e7ekle\u015ftirin.\" \/>\n<meta name=\"robots\" content=\"index, follow, max-snippet:-1, max-image-preview:large, max-video-preview:-1\" \/>\n<link rel=\"canonical\" href=\"https:\/\/onloi.com\/en\/b2b-giris-ekrani\/\" \/>\n<meta property=\"og:locale\" content=\"en_US\" \/>\n<meta property=\"og:type\" content=\"article\" \/>\n<meta property=\"og:title\" content=\"B2B Bayi Giri\u015f Ekran\u0131 | Onloi\" \/>\n<meta property=\"og:description\" content=\"B2B giri\u015f paneli ile bayi ve i\u015f ortaklar\u0131na \u00f6zel fiyat, stok ve sipari\u015f y\u00f6netimini h\u0131zl\u0131 ve g\u00fcvenli \u015fekilde ger\u00e7ekle\u015ftirin.\" \/>\n<meta property=\"og:url\" content=\"https:\/\/onloi.com\/en\/b2b-giris-ekrani\/\" \/>\n<meta property=\"og:site_name\" content=\"Onloi\" \/>\n<meta property=\"article:modified_time\" content=\"2026-04-08T08:17:43+00:00\" \/>\n<meta name=\"twitter:card\" content=\"summary_large_image\" \/>\n<meta name=\"twitter:label1\" content=\"Est. reading time\" \/>\n\t<meta name=\"twitter:data1\" content=\"1 minute\" \/>\n<script type=\"application\/ld+json\" class=\"yoast-schema-graph\">{\"@context\":\"https:\/\/schema.org\",\"@graph\":[{\"@type\":\"WebPage\",\"@id\":\"https:\/\/onloi.com\/b2b-giris-ekrani\/\",\"url\":\"https:\/\/onloi.com\/b2b-giris-ekrani\/\",\"name\":\"B2B Bayi Giri\u015f Ekran\u0131 | Onloi\",\"isPartOf\":{\"@id\":\"https:\/\/onloi.com\/#website\"},\"datePublished\":\"2025-10-01T09:25:18+00:00\",\"dateModified\":\"2026-04-08T08:17:43+00:00\",\"description\":\"B2B giri\u015f paneli ile bayi ve i\u015f ortaklar\u0131na \u00f6zel fiyat, stok ve sipari\u015f y\u00f6netimini h\u0131zl\u0131 ve g\u00fcvenli \u015fekilde ger\u00e7ekle\u015ftirin.\",\"breadcrumb\":{\"@id\":\"https:\/\/onloi.com\/b2b-giris-ekrani\/#breadcrumb\"},\"inLanguage\":\"en-US\",\"potentialAction\":[{\"@type\":\"ReadAction\",\"target\":[\"https:\/\/onloi.com\/b2b-giris-ekrani\/\"]}]},{\"@type\":\"BreadcrumbList\",\"@id\":\"https:\/\/onloi.com\/b2b-giris-ekrani\/#breadcrumb\",\"itemListElement\":[{\"@type\":\"ListItem\",\"position\":1,\"name\":\"Anasayfa\",\"item\":\"https:\/\/onloi.com\/\"},{\"@type\":\"ListItem\",\"position\":2,\"name\":\"Bayi Portal\u0131 \u2013 B2B Giri\u015f\"}]},{\"@type\":\"WebSite\",\"@id\":\"https:\/\/onloi.com\/#website\",\"url\":\"https:\/\/onloi.com\/\",\"name\":\"Onloi\",\"description\":\"Onloi ile Ak\u0131ll\u0131 Ya\u015fam\u0131n Kilidini A\u00e7\u0131n\",\"potentialAction\":[{\"@type\":\"SearchAction\",\"target\":{\"@type\":\"EntryPoint\",\"urlTemplate\":\"https:\/\/onloi.com\/?s={search_term_string}\"},\"query-input\":{\"@type\":\"PropertyValueSpecification\",\"valueRequired\":true,\"valueName\":\"search_term_string\"}}],\"inLanguage\":\"en-US\"}]}<\/script>\n<!-- \/ Yoast SEO plugin. -->","yoast_head_json":{"title":"B2B Bayi Giri\u015f Ekran\u0131 | Onloi","description":"B2B giri\u015f paneli ile bayi ve i\u015f ortaklar\u0131na \u00f6zel fiyat, stok ve sipari\u015f y\u00f6netimini h\u0131zl\u0131 ve g\u00fcvenli \u015fekilde ger\u00e7ekle\u015ftirin.","robots":{"index":"index","follow":"follow","max-snippet":"max-snippet:-1","max-image-preview":"max-image-preview:large","max-video-preview":"max-video-preview:-1"},"canonical":"https:\/\/onloi.com\/en\/b2b-giris-ekrani\/","og_locale":"en_US","og_type":"article","og_title":"B2B Bayi Giri\u015f Ekran\u0131 | Onloi","og_description":"B2B giri\u015f paneli ile bayi ve i\u015f ortaklar\u0131na \u00f6zel fiyat, stok ve sipari\u015f y\u00f6netimini h\u0131zl\u0131 ve g\u00fcvenli \u015fekilde ger\u00e7ekle\u015ftirin.","og_url":"https:\/\/onloi.com\/en\/b2b-giris-ekrani\/","og_site_name":"Onloi","article_modified_time":"2026-04-08T08:17:43+00:00","twitter_card":"summary_large_image","twitter_misc":{"Est. reading time":"1 minute"},"schema":{"@context":"https:\/\/schema.org","@graph":[{"@type":"WebPage","@id":"https:\/\/onloi.com\/b2b-giris-ekrani\/","url":"https:\/\/onloi.com\/b2b-giris-ekrani\/","name":"B2B Bayi Giri\u015f Ekran\u0131 | Onloi","isPartOf":{"@id":"https:\/\/onloi.com\/#website"},"datePublished":"2025-10-01T09:25:18+00:00","dateModified":"2026-04-08T08:17:43+00:00","description":"B2B giri\u015f paneli ile bayi ve i\u015f ortaklar\u0131na \u00f6zel fiyat, stok ve sipari\u015f y\u00f6netimini h\u0131zl\u0131 ve g\u00fcvenli \u015fekilde ger\u00e7ekle\u015ftirin.","breadcrumb":{"@id":"https:\/\/onloi.com\/b2b-giris-ekrani\/#breadcrumb"},"inLanguage":"en-US","potentialAction":[{"@type":"ReadAction","target":["https:\/\/onloi.com\/b2b-giris-ekrani\/"]}]},{"@type":"BreadcrumbList","@id":"https:\/\/onloi.com\/b2b-giris-ekrani\/#breadcrumb","itemListElement":[{"@type":"ListItem","position":1,"name":"Anasayfa","item":"https:\/\/onloi.com\/"},{"@type":"ListItem","position":2,"name":"Bayi Portal\u0131 \u2013 B2B Giri\u015f"}]},{"@type":"WebSite","@id":"https:\/\/onloi.com\/#website","url":"https:\/\/onloi.com\/","name":"Onloi","description":"Unlock Smart Living with Onloi","potentialAction":[{"@type":"SearchAction","target":{"@type":"EntryPoint","urlTemplate":"https:\/\/onloi.com\/?s={search_term_string}"},"query-input":{"@type":"PropertyValueSpecification","valueRequired":true,"valueName":"search_term_string"}}],"inLanguage":"en-US"}]}},"_links":{"self":[{"href":"https:\/\/onloi.com\/en\/wp-json\/wp\/v2\/pages\/1451","targetHints":{"allow":["GET"]}}],"collection":[{"href":"https:\/\/onloi.com\/en\/wp-json\/wp\/v2\/pages"}],"about":[{"href":"https:\/\/onloi.com\/en\/wp-json\/wp\/v2\/types\/page"}],"author":[{"embeddable":true,"href":"https:\/\/onloi.com\/en\/wp-json\/wp\/v2\/users\/1"}],"replies":[{"embeddable":true,"href":"https:\/\/onloi.com\/en\/wp-json\/wp\/v2\/comments?post=1451"}],"version-history":[{"count":5,"href":"https:\/\/onloi.com\/en\/wp-json\/wp\/v2\/pages\/1451\/revisions"}],"predecessor-version":[{"id":3384,"href":"https:\/\/onloi.com\/en\/wp-json\/wp\/v2\/pages\/1451\/revisions\/3384"}],"wp:attachment":[{"href":"https:\/\/onloi.com\/en\/wp-json\/wp\/v2\/media?parent=1451"}],"curies":[{"name":"wp","href":"https:\/\/api.w.org\/{rel}","templated":true}]}}